{"id":987,"date":"2021-05-11T13:07:25","date_gmt":"2021-05-11T13:07:25","guid":{"rendered":"http:\/\/www.vadaszboltcsorna.hu\/?post_type=product&#038;p=987"},"modified":"2022-04-11T09:53:13","modified_gmt":"2022-04-11T09:53:13","slug":"cz-75-sp-01-shadow-maroklofegyver","status":"publish","type":"product","link":"https:\/\/www.vadaszboltcsorna.hu\/index.php\/termek\/cz-75-sp-01-shadow-maroklofegyver\/","title":{"rendered":"CZ 75 SP &#8211; 01 Shadow marokl\u0151fegyver"},"content":{"rendered":"<h2><strong>CZ 75 SP &#8211; 01 Shadow marokl\u0151fegyver<\/strong><\/h2>\n<p>&nbsp;<\/p>\n<h4>Az \u00faj, CZ 75 SP-01 geren\u00e1ri\u00f3s pisztoly a fegyveres er\u0151k, a hadsereg \u00e9s a rend\u0151rs\u00e9g megjegyz\u00e9sei, tan\u00e1csai alapj\u00e1n k\u00e9sz\u00fclt. A pisztoly kerete lehet\u0151v\u00e9 teszi a magasabb markol\u00e1st. F\u00e9nygy\u0171jt\u0151 sz\u00e1llal \u00e9s a taktikai ir\u00e1nyz\u00e9kkal ell\u00e1tva az egyszer\u0171bb, gyorsabb \u00e9s pontosabb c\u00e9lz\u00e1shoz. A pisztolyok ezen \u00faj gener\u00e1ci\u00f3ja alkalmas szolg\u00e1lati c\u00e9lokra, de\u00a0 \u00f6nv\u00e9delemre\u00a0 \u00e9s sportl\u00f6v\u00e9szetre is. \u00a0A csomag 3 t\u00e1rat tartalmaz.<\/h4>\n<h4><\/h4>\n<h4>A\u00a0pisztoly konstrukci\u00f3ja a\u00a0CZ 75-b\u0151l indul ki.<\/h4>\n<h4>&#8211; magas \u00e9lettartam, pontoss\u00e1g \u00e9s megb\u00edzhat\u00f3s\u00e1g neh\u00e9z k\u00f6r\u00fclm\u00e9nyek k\u00f6z\u00f6tt is<\/h4>\n<h4>&#8211; MIL-STD-1913 rov\u00e1tk\u00e1k a\u00a0laser vagy a\u00a0l\u00e1mpa feler\u0151s\u00edt\u00e9s\u00e9hez<\/h4>\n<h4>&#8211; magas stabilit\u00e1s a\u00a0gyors l\u00f6v\u00e9sekn\u00e9l<\/h4>\n<h4>&#8211; a hornyolt markolat a\u00a0k\u00e9nyelmes fog\u00e1st biztos\u00edtja<\/h4>\n<h4>&#8211; a\u00a0t\u00e1r kapacit\u00e1sa 18 l\u0151szerre lett n\u00f6velve, de lehets\u00e9ges a hagyom\u00e1nyos CZ t\u00e1rak haszn\u00e1lata is<\/h4>\n<h4>&#8211; + olaj, CD \u00e9s koffer<\/h4>\n<h4><\/h4>\n<h4>Param\u00e9terek:<\/h4>\n<h4>Kaliber: 9 mm Luger<\/h4>\n<h4>A\u00a0t\u00e1r kapacit\u00e1sa: 18<\/h4>\n<h4>Teljes hossz: 207 mm<\/h4>\n<h4>A\u00a0cs\u0151 hossza: 114 mm<\/h4>\n<h4>Magass\u00e1g: 147 mm<\/h4>\n<h4>Sz\u00e9less\u00e9g: 37 mm<\/h4>\n<h4>S\u00faly: 1180 g<\/h4>\n<h4>A le\u00edr\u00e1sban szerepl\u0151 adatok t\u00e1j\u00e9koztat\u00f3 jelleg\u0171ek, t\u00edpusonk\u00e9nt v\u00e1ltozhat!<br \/>\n<strong>Aktu\u00e1lis \u00e1rakr\u00f3l \u00e9s egy\u00e9b inform\u00e1ci\u00f3kr\u00f3l k\u00e9rj\u00fck \u00e9rdekl\u0151dj\u00f6n!<\/strong><\/h4>\n<h4><strong>A fegyvert\u00f6rv\u00e9ny \u00e9rtelm\u00e9ben, fegyvert, l\u0151szert kiz\u00e1r\u00f3lag szem\u00e9lyesen,az \u00fczletben fegyvertart\u00e1si enged\u00e9ly birtok\u00e1ban lehet v\u00e1s\u00e1rolni!<\/strong><br \/>\n<strong>A webshopban megrendelt fegyverek \u00e9s l\u0151szerek NEM ker\u00fclnek kisz\u00e1ll\u00edt\u00e1sra!\u00a0 Tov\u00e1bbi inform\u00e1ci\u00f3\u00e9rt l\u00e1togasson el boltunkba!<\/strong><\/h4>\n<h4>Az \u00e1rak t\u00e1j\u00e9koztat\u00f3 jelleg\u0171ek nem min\u0151s\u00fcl hivatalos aj\u00e1nlat t\u00e9telnek!<br \/>\nAz \u00e1rv\u00e1ltoz\u00e1s jog\u00e1t fenntartjuk!<\/h4>\n<h4><\/h4>\n<div class=\"parameters-list\">\n<div class=\"selection pr-action\">\n<div class=\"error-visual\"><\/div>\n<\/div>\n<div class=\"selection pr-action\">\n<div class=\"error-visual\"><\/div>\n<\/div>\n<div class=\"selection pr-action\"><\/div>\n<\/div>\n<p>&nbsp;<\/p>\n","protected":false},"excerpt":{"rendered":"<p>https:\/\/www.youtube.com\/watch?v=NIDjdRj1xM8<\/p>\n","protected":false},"featured_media":988,"comment_status":"open","ping_status":"closed","template":"","meta":{"_et_pb_use_builder":"","_et_pb_old_content":"","_et_gb_content_width":"","om_disable_all_campaigns":false},"product_brand":[],"product_cat":[21,518,16,23],"product_tag":[361,187,359,360],"class_list":{"0":"post-987","1":"product","2":"type-product","3":"status-publish","4":"has-post-thumbnail","6":"product_cat-uj","7":"product_cat-9x19-mm","8":"product_cat-fegyver","9":"product_cat-pisztoly","10":"product_tag-9-mm","11":"product_tag-cz","12":"product_tag-cz-75-sp-01-shadow-maroklofegyver","13":"product_tag-pisztoly","15":"first","16":"instock","17":"taxable","18":"shipping-taxable","19":"product-type-simple"},"_links":{"self":[{"href":"https:\/\/www.vadaszboltcsorna.hu\/index.php\/wp-json\/wp\/v2\/product\/987","targetHints":{"allow":["GET"]}}],"collection":[{"href":"https:\/\/www.vadaszboltcsorna.hu\/index.php\/wp-json\/wp\/v2\/product"}],"about":[{"href":"https:\/\/www.vadaszboltcsorna.hu\/index.php\/wp-json\/wp\/v2\/types\/product"}],"replies":[{"embeddable":true,"href":"https:\/\/www.vadaszboltcsorna.hu\/index.php\/wp-json\/wp\/v2\/comments?post=987"}],"wp:featuredmedia":[{"embeddable":true,"href":"https:\/\/www.vadaszboltcsorna.hu\/index.php\/wp-json\/wp\/v2\/media\/988"}],"wp:attachment":[{"href":"https:\/\/www.vadaszboltcsorna.hu\/index.php\/wp-json\/wp\/v2\/media?parent=987"}],"wp:term":[{"taxonomy":"product_brand","embeddable":true,"href":"https:\/\/www.vadaszboltcsorna.hu\/index.php\/wp-json\/wp\/v2\/product_brand?post=987"},{"taxonomy":"product_cat","embeddable":true,"href":"https:\/\/www.vadaszboltcsorna.hu\/index.php\/wp-json\/wp\/v2\/product_cat?post=987"},{"taxonomy":"product_tag","embeddable":true,"href":"https:\/\/www.vadaszboltcsorna.hu\/index.php\/wp-json\/wp\/v2\/product_tag?post=987"}],"curies":[{"name":"wp","href":"https:\/\/api.w.org\/{rel}","templated":true}]}}