{"id":92,"date":"2021-04-13T07:37:38","date_gmt":"2021-04-13T07:37:38","guid":{"rendered":"http:\/\/www.vadaszboltcsorna.hu\/?post_type=product&#038;p=92"},"modified":"2026-05-07T20:21:25","modified_gmt":"2026-05-07T20:21:25","slug":"browning-b-525-game-one","status":"publish","type":"product","link":"https:\/\/www.vadaszboltcsorna.hu\/index.php\/termek\/browning-b-525-game-one\/","title":{"rendered":"Browning B-525 Game One 12M"},"content":{"rendered":"<h2>Browning B-525 Game One<\/h2>\n<h3><strong>Le\u00edr\u00e1s: <\/strong><\/h3>\n<h3>-12\/76 s\u00f6r\u00e9tes fegyver 76 cm cs\u0151vel<\/h3>\n<h3><em><strong>-Jobb \u00e9s balkezes kivitelben k\u00e9szleten!<\/strong><\/em><\/h3>\n<h3>&#8211; A B525 Game One ide\u00e1lis partner\u00fcnk lesz a vad\u00e1szatainkhoz .<\/h3>\n<h3>Caliber: 12-76<br \/>\nCs\u0151: Back Bored, 760mm<br \/>\nChokes : 4 Invectors + : 1\/4, 1\/2, 3\/4 &amp; full<br \/>\nBarrel finish : Blued<br \/>\nTokr\u00e9sz: Steel<\/h3>\n<h3>Browning B525 Game I. s\u00f6r\u00e9tes puska &#8211; <span class=\"tlid-translation translation\" lang=\"hu\"><span title=\"\">A B525 Game One ide\u00e1lis partner\u00fcnk lesz a vad\u00e1szatainkhoz .<\/span> <span title=\"\">Nagyon kedvez\u0151 \u00e1rban, ez az alapmodell a Browning\u00ae over-and-under vad\u00e1szati fegyverv\u00e1laszt\u00e9k\u00e1ban.<\/span> <span class=\"\" title=\"\">A fegyver tokja ( baszkul) egyetlen kov\u00e1csolt ac\u00e9lb\u00f3l k\u00e9sz\u00fclt, k\u00f6nny\u0171 cs\u00f6veivel Invector-Plus choke-al ide\u00e1lis vad\u00e1szt\u00e1rsunk lesz az \u00f6sszes vad\u00e1szatunk alkalm\u00e1val.<\/span><\/span><\/h3>\n<h3><em><strong>AZ AKCI\u00d3S \u00c1R A K\u00c9SZLET EREJ\u00c9IG \u00c9RV\u00c9NYES!<\/strong><\/em><\/h3>\n<h3>Kaliberekr\u0151l,aktu\u00e1lis \u00e1rr\u00f3l \u00e9s egy\u00e9b inform\u00e1ci\u00f3kr\u00f3l k\u00e9rj\u00fck \u00e9rdekl\u0151dj\u00f6n!<\/h3>\n<h3><strong>A fegyvert\u00f6rv\u00e9ny \u00e9rtelm\u00e9ben, fegyvert, l\u0151szert kiz\u00e1r\u00f3lag szem\u00e9lyesen,az \u00fczletben fegyvertart\u00e1si enged\u00e9ly birtok\u00e1ban lehet v\u00e1s\u00e1rolni!<\/strong><\/h3>\n<h3>Az \u00e1rak t\u00e1j\u00e9koztat\u00f3 jelleg\u0171ek!Az \u00e1rv\u00e1ltoz\u00e1s jog\u00e1t fenntartjuk!<\/h3>\n<h3><\/h3>\n<p>&nbsp;<\/p>\n","protected":false},"excerpt":{"rendered":"<p>https:\/\/www.youtube.com\/watch?v=_bPZ1aMKl00<\/p>\n","protected":false},"featured_media":5349,"comment_status":"open","ping_status":"closed","template":"","meta":{"_et_pb_use_builder":"","_et_pb_old_content":"","_et_gb_content_width":"","om_disable_all_campaigns":false},"product_brand":[],"product_cat":[21,26,16,24,18],"product_tag":[99,98,96,41,97,49],"class_list":{"0":"post-92","1":"product","2":"type-product","3":"status-publish","4":"has-post-thumbnail","6":"product_cat-uj","7":"product_cat-browning","8":"product_cat-fegyver","9":"product_cat-marka","10":"product_cat-soretes-fegyver","11":"product_tag-bock","12":"product_tag-browning","13":"product_tag-browning-b-525-game-one","14":"product_tag-soretes","15":"product_tag-soretes-vadaszfegyver","16":"product_tag-vadaszpuska","18":"first","19":"instock","20":"sale","21":"taxable","22":"shipping-taxable","23":"purchasable","24":"product-type-simple"},"_links":{"self":[{"href":"https:\/\/www.vadaszboltcsorna.hu\/index.php\/wp-json\/wp\/v2\/product\/92","targetHints":{"allow":["GET"]}}],"collection":[{"href":"https:\/\/www.vadaszboltcsorna.hu\/index.php\/wp-json\/wp\/v2\/product"}],"about":[{"href":"https:\/\/www.vadaszboltcsorna.hu\/index.php\/wp-json\/wp\/v2\/types\/product"}],"replies":[{"embeddable":true,"href":"https:\/\/www.vadaszboltcsorna.hu\/index.php\/wp-json\/wp\/v2\/comments?post=92"}],"wp:featuredmedia":[{"embeddable":true,"href":"https:\/\/www.vadaszboltcsorna.hu\/index.php\/wp-json\/wp\/v2\/media\/5349"}],"wp:attachment":[{"href":"https:\/\/www.vadaszboltcsorna.hu\/index.php\/wp-json\/wp\/v2\/media?parent=92"}],"wp:term":[{"taxonomy":"product_brand","embeddable":true,"href":"https:\/\/www.vadaszboltcsorna.hu\/index.php\/wp-json\/wp\/v2\/product_brand?post=92"},{"taxonomy":"product_cat","embeddable":true,"href":"https:\/\/www.vadaszboltcsorna.hu\/index.php\/wp-json\/wp\/v2\/product_cat?post=92"},{"taxonomy":"product_tag","embeddable":true,"href":"https:\/\/www.vadaszboltcsorna.hu\/index.php\/wp-json\/wp\/v2\/product_tag?post=92"}],"curies":[{"name":"wp","href":"https:\/\/api.w.org\/{rel}","templated":true}]}}