{"id":8820,"date":"2026-03-17T12:59:55","date_gmt":"2026-03-17T12:59:55","guid":{"rendered":"https:\/\/www.vadaszboltcsorna.hu\/?post_type=product&#038;p=8820"},"modified":"2026-03-22T04:39:07","modified_gmt":"2026-03-22T04:39:07","slug":"46435-declan-kotott-polar-kardigan","status":"publish","type":"product","link":"https:\/\/www.vadaszboltcsorna.hu\/index.php\/termek\/46435-declan-kotott-polar-kardigan\/","title":{"rendered":"46435 Declan k\u00f6t\u00f6tt pol\u00e1r kardig\u00e1n"},"content":{"rendered":"<h1><strong>46435 Declan k\u00f6t\u00f6tt pol\u00e1r kardig\u00e1n<\/strong><\/h1>\n<p>&nbsp;<\/p>\n<h3><strong>Le\u00edr\u00e1s:<\/strong><\/h3>\n<h3>K\u00f6t\u00f6tt pol\u00e1r kardig\u00e1n<br \/>\nnyakr\u00e9szen cipz\u00e1ras bet\u00e9ttel<br \/>\nbolyhosod\u00e1s-mentes<br \/>\ndivatos, k\u00f6nny\u0171 viselet<br \/>\nbarna sz\u00ednben \u00e9s z\u00f6ld sz\u00ednben.<\/h3>\n","protected":false},"excerpt":{"rendered":"<p>46435 Declan k\u00f6t\u00f6tt pol\u00e1r kardig\u00e1n &nbsp; Le\u00edr\u00e1s: K\u00f6t\u00f6tt pol\u00e1r kardig\u00e1n nyakr\u00e9szen cipz\u00e1ras bet\u00e9ttel bolyhosod\u00e1s-mentes divatos, k\u00f6nny\u0171 viselet barna sz\u00ednben \u00e9s z\u00f6ld sz\u00ednben.<\/p>\n","protected":false},"featured_media":8821,"comment_status":"open","ping_status":"closed","template":"","meta":{"_et_pb_use_builder":"","_et_pb_old_content":"","_et_gb_content_width":"","om_disable_all_campaigns":false},"product_brand":[],"product_cat":[596,21,159],"product_tag":[1964],"class_list":{"0":"post-8820","1":"product","2":"type-product","3":"status-publish","4":"has-post-thumbnail","6":"product_cat-pulover","7":"product_cat-uj","8":"product_cat-vadasz-ruhazat","9":"product_tag-46435-declan-kotott-polar-kardigan","11":"first","12":"instock","13":"sale","14":"taxable","15":"shipping-taxable","16":"purchasable","17":"product-type-variable"},"_links":{"self":[{"href":"https:\/\/www.vadaszboltcsorna.hu\/index.php\/wp-json\/wp\/v2\/product\/8820","targetHints":{"allow":["GET"]}}],"collection":[{"href":"https:\/\/www.vadaszboltcsorna.hu\/index.php\/wp-json\/wp\/v2\/product"}],"about":[{"href":"https:\/\/www.vadaszboltcsorna.hu\/index.php\/wp-json\/wp\/v2\/types\/product"}],"replies":[{"embeddable":true,"href":"https:\/\/www.vadaszboltcsorna.hu\/index.php\/wp-json\/wp\/v2\/comments?post=8820"}],"wp:featuredmedia":[{"embeddable":true,"href":"https:\/\/www.vadaszboltcsorna.hu\/index.php\/wp-json\/wp\/v2\/media\/8821"}],"wp:attachment":[{"href":"https:\/\/www.vadaszboltcsorna.hu\/index.php\/wp-json\/wp\/v2\/media?parent=8820"}],"wp:term":[{"taxonomy":"product_brand","embeddable":true,"href":"https:\/\/www.vadaszboltcsorna.hu\/index.php\/wp-json\/wp\/v2\/product_brand?post=8820"},{"taxonomy":"product_cat","embeddable":true,"href":"https:\/\/www.vadaszboltcsorna.hu\/index.php\/wp-json\/wp\/v2\/product_cat?post=8820"},{"taxonomy":"product_tag","embeddable":true,"href":"https:\/\/www.vadaszboltcsorna.hu\/index.php\/wp-json\/wp\/v2\/product_tag?post=8820"}],"curies":[{"name":"wp","href":"https:\/\/api.w.org\/{rel}","templated":true}]}}