{"id":8783,"date":"2026-03-10T08:16:56","date_gmt":"2026-03-10T08:16:56","guid":{"rendered":"https:\/\/www.vadaszboltcsorna.hu\/?post_type=product&#038;p=8783"},"modified":"2026-03-30T04:58:52","modified_gmt":"2026-03-30T04:58:52","slug":"foxpro-prowler-elektromos-hivo-magyar-nagy-hangcsomag","status":"publish","type":"product","link":"https:\/\/www.vadaszboltcsorna.hu\/index.php\/termek\/foxpro-prowler-elektromos-hivo-magyar-nagy-hangcsomag\/","title":{"rendered":"Foxpro Prowler elektromos h\u00edv\u00f3+ magyar nagy hangcsomag"},"content":{"rendered":"<h3><strong>Foxpro Prowler elektromos h\u00edv\u00f3+ magyar nagy hangcsomag<\/strong><\/h3>\n<h4><\/h4>\n<h4><b>Term\u00e9k le\u00edr\u00e1s<\/b><\/h4>\n<h4 class=\"termek-leiras\">A Foxpro PROWLER elektromos h\u00edv\u00f3 2023 egyik leg\u00fajabb fejleszt\u00e9se a Foxpronak., mely t\u00f6k\u00e9letes v\u00e1laszt\u00e1s lehet a ragadoz\u00f3vad\u00e1szoknak. A rendszerbe 175 db el\u0151re telep\u00edtett hang van, amelyhez tov\u00e1bbi t\u00f6bb sz\u00e1z ingyenes hangot lehet let\u00f6lteni. A k\u00e9sz\u00fcl\u00e9k \u00f6sszesen 300 db hangot tud elt\u00e1rolni. K\u00f6nny\u0171 kialak\u00edt\u00e1s strapab\u00edr\u00f3 ABS bor\u00edt\u00e1ssal. Egyetlen hangsz\u00f3r\u00f3ja krist\u00e1lytiszta hangot biztos\u00edt nagy hanger\u0151n is. Jackdug\u00f3 seg\u00edts\u00e9g\u00e9vel tov\u00e1bbi hangsz\u00f3r\u00f3kat is lehet r\u00e1 csatlakoztatni. Ut\u00f3bbi seg\u00edts\u00e9g\u00e9vel a Prowler-hez olyan tov\u00e1bbi eszk\u00f6z\u00f6ket is lehet csatlakoztatni, mint a FoxJack 5 h\u00edv\u00f3. Az eszk\u00f6z egy tov\u00e1bbfejleszett t\u00e1vir\u00e1ny\u00edt\u00f3val rendelkezik, amit m\u00e9g keszty\u0171ben is k\u00f6nnyen lehet m\u0171k\u00f6dtetni.<\/p>\n<p>Jellemz\u0151k:<br \/>\n175 el\u0151re telep\u00edtett hang (ingyenes tov\u00e1bbi t\u00f6bb sz\u00e1z)<br \/>\n300 hangt\u00e1rol\u00e1si lehet\u0151s\u00e9g<br \/>\nMagas teljes\u00edtm\u00e9ny\u0171 \u00e9s min\u0151s\u00e9g\u0171 hangsz\u00f3r\u00f3<br \/>\nK\u00fcls\u0151 Jack csatlakoz\u00f3<br \/>\n4 AA elemmel m\u0171k\u00f6dik<br \/>\nUSB porton kereszt\u00fcl programozhat\u00f3<\/h4>\n<h4><strong>A hangcsomag tartalma:\u00a0<\/strong><\/h4>\n<h4><b>Term\u00e9k le\u00edr\u00e1s<\/b><\/h4>\n<h4 class=\"termek-leiras\">Hangh\u00edv\u00f3 programoz\u00e1s, Eur\u00f3p\u00e1ban honos ragadoz\u00f3 \u00e9s v\u00edzivad vad\u00e1szathoz haszn\u00e1lhat\u00f3 hangokkal.<\/p>\n<p>A csomag 200db hangot tartalmaz:<br \/>\n&#8211; Sak\u00e1l<br \/>\n&#8211; B\u00e1r\u00e1ny<br \/>\n&#8211; Ny\u00fal<br \/>\n&#8211; \u0150z (gida, suta, bak)<br \/>\n&#8211; R\u00f3ka<br \/>\n&#8211; Csirke<br \/>\n&#8211; Sz\u00e1rnyas d\u00favadak (Dolm\u00e1nyos varj\u00fa, Szarka, Szajk\u00f3)<br \/>\n&#8211; Lib\u00e1k (Vet\u00e9si l\u00fad, Ny\u00e1ri l\u00fad, Lilik, Kanadai l\u00fad, N\u00edlusi l\u00fad)<br \/>\n&#8211; T\u0151k\u00e9s r\u00e9ce<br \/>\n&#8211; G\u00edmszarvas<br \/>\n&#8211; D\u00e1mszarvas<br \/>\n&#8211; Sz\u0151rm\u00e9s d\u00favadak (Borz, Nyest, Meny\u00e9t)<br \/>\n&#8211; R\u00e1gcs\u00e1l\u00f3k (eg\u00e9r, patk\u00e1ny)<br \/>\n&#8211; Vaddiszn\u00f3<br \/>\n&#8211; Szalonka<br \/>\n&#8211; F\u00fcrj<\/h4>\n<div><\/div>\n<div>\n<p><iframe loading=\"lazy\" title=\"FOXPRO Prowler Overview\" width=\"1080\" height=\"608\" src=\"https:\/\/www.youtube.com\/embed\/knSDc8U3ops?feature=oembed\"  allow=\"accelerometer; autoplay; clipboard-write; encrypted-media; gyroscope; picture-in-picture; web-share\" referrerpolicy=\"strict-origin-when-cross-origin\" allowfullscreen><\/iframe><\/p>\n<\/div>\n<div><\/div>\n<div><\/div>\n","protected":false},"excerpt":{"rendered":"<p>Foxpro Prowler elektromos h\u00edv\u00f3+ magyar nagy hangcsomag Term\u00e9k le\u00edr\u00e1s A Foxpro PROWLER elektromos h\u00edv\u00f3 2023 egyik leg\u00fajabb fejleszt\u00e9se a Foxpronak., mely t\u00f6k\u00e9letes v\u00e1laszt\u00e1s lehet a ragadoz\u00f3vad\u00e1szoknak. A rendszerbe 175 db el\u0151re telep\u00edtett hang van, amelyhez tov\u00e1bbi t\u00f6bb sz\u00e1z ingyenes hangot lehet let\u00f6lteni. A k\u00e9sz\u00fcl\u00e9k \u00f6sszesen 300 db hangot tud elt\u00e1rolni. K\u00f6nny\u0171 kialak\u00edt\u00e1s strapab\u00edr\u00f3 ABS bor\u00edt\u00e1ssal. [&hellip;]<\/p>\n","protected":false},"featured_media":8787,"comment_status":"open","ping_status":"closed","template":"","meta":{"_et_pb_use_builder":"","_et_pb_old_content":"","_et_gb_content_width":"","om_disable_all_campaigns":false},"product_brand":[],"product_cat":[21,1758,1759],"product_tag":[1962,1963],"class_list":{"0":"post-8783","1":"product","2":"type-product","3":"status-publish","4":"has-post-thumbnail","6":"product_cat-uj","7":"product_cat-vadhivo","8":"product_cat-vadhivo-vadeteto","9":"product_tag-foxpro-prowler-elektromos-hivo-magyar-nagy-hangcsomag","10":"product_tag-ragadozohivo","12":"first","13":"instock","14":"taxable","15":"shipping-taxable","16":"purchasable","17":"product-type-simple"},"_links":{"self":[{"href":"https:\/\/www.vadaszboltcsorna.hu\/index.php\/wp-json\/wp\/v2\/product\/8783","targetHints":{"allow":["GET"]}}],"collection":[{"href":"https:\/\/www.vadaszboltcsorna.hu\/index.php\/wp-json\/wp\/v2\/product"}],"about":[{"href":"https:\/\/www.vadaszboltcsorna.hu\/index.php\/wp-json\/wp\/v2\/types\/product"}],"replies":[{"embeddable":true,"href":"https:\/\/www.vadaszboltcsorna.hu\/index.php\/wp-json\/wp\/v2\/comments?post=8783"}],"wp:featuredmedia":[{"embeddable":true,"href":"https:\/\/www.vadaszboltcsorna.hu\/index.php\/wp-json\/wp\/v2\/media\/8787"}],"wp:attachment":[{"href":"https:\/\/www.vadaszboltcsorna.hu\/index.php\/wp-json\/wp\/v2\/media?parent=8783"}],"wp:term":[{"taxonomy":"product_brand","embeddable":true,"href":"https:\/\/www.vadaszboltcsorna.hu\/index.php\/wp-json\/wp\/v2\/product_brand?post=8783"},{"taxonomy":"product_cat","embeddable":true,"href":"https:\/\/www.vadaszboltcsorna.hu\/index.php\/wp-json\/wp\/v2\/product_cat?post=8783"},{"taxonomy":"product_tag","embeddable":true,"href":"https:\/\/www.vadaszboltcsorna.hu\/index.php\/wp-json\/wp\/v2\/product_tag?post=8783"}],"curies":[{"name":"wp","href":"https:\/\/api.w.org\/{rel}","templated":true}]}}