{"id":8777,"date":"2026-03-09T10:30:53","date_gmt":"2026-03-09T10:30:53","guid":{"rendered":"https:\/\/www.vadaszboltcsorna.hu\/?post_type=product&#038;p=8777"},"modified":"2026-03-23T07:35:37","modified_gmt":"2026-03-23T07:35:37","slug":"browning-x-bolt-sf-composite-golyos-puska-stalon-xs108-max-hangtompito","status":"publish","type":"product","link":"https:\/\/www.vadaszboltcsorna.hu\/index.php\/termek\/browning-x-bolt-sf-composite-golyos-puska-stalon-xs108-max-hangtompito\/","title":{"rendered":"Browning X-Bolt SF Composite goly\u00f3s puska + Stalon XS108 MAX hangtomp\u00edt\u00f3"},"content":{"rendered":"<h2 style=\"text-align: center;\"><strong>Browning X-Bolt SF Compo<\/strong><strong>site goly\u00f3s puska + Stalon XS108 MAX hangtomp\u00edt\u00f3<\/strong><\/h2>\n<h4 id=\"productDescription\" class=\"description biggerText\">Browning X-Bolt SF Composite goly\u00f3s puska<br \/>\nKaliber: .308 Win.<\/p>\n<p>Stalon XS108 MAX hangtomp\u00edt\u00f3<\/p>\n<p>Komplett vad\u00e1szcsomag most jelent\u0151s kedvezm\u00e9nnyel!<\/p>\n<p>764.000 Ft helyett<br \/>\nMost: 690.000 Ft<\/p>\n<p>\u2714 pr\u00e9mium Browning min\u0151s\u00e9g<br \/>\n\u2714 \u00e1ll\u00edthat\u00f3 pofad\u00e9k<br \/>\n\u2714 kompakt Stalon hangtomp\u00edt\u00f3<\/p>\n<p><strong>Limit\u00e1lt aj\u00e1nlat \u2013 a k\u00e9szlet erej\u00e9ig!<\/strong><\/p>\n<p>A fegyvert\u00f6rv\u00e9ny \u00e9rtelm\u00e9ben, fegyvert, l\u0151szert kiz\u00e1r\u00f3lag szem\u00e9lyesen,az \u00fczletben fegyvertart\u00e1si enged\u00e9ly birtok\u00e1ban lehet v\u00e1s\u00e1rolni!<br \/>\nA webshopban megrendelt fegyverek \u00e9s l\u0151szerek NEM ker\u00fclnek kisz\u00e1ll\u00edt\u00e1sra! Tov\u00e1bbi inform\u00e1ci\u00f3\u00e9rt l\u00e1togasson el boltunkba!<\/h4>\n<div class=\"wrapper bot-border\"><\/div>\n","protected":false},"excerpt":{"rendered":"<p>Browning X-Bolt SF Composite goly\u00f3s puska + Stalon XS108 MAX hangtomp\u00edt\u00f3 Browning X-Bolt SF Composite goly\u00f3s puska Kaliber: .308 Win. Stalon XS108 MAX hangtomp\u00edt\u00f3 Komplett vad\u00e1szcsomag most jelent\u0151s kedvezm\u00e9nnyel! 764.000 Ft helyett Most: 690.000 Ft \u2714 pr\u00e9mium Browning min\u0151s\u00e9g \u2714 \u00e1ll\u00edthat\u00f3 pofad\u00e9k \u2714 kompakt Stalon hangtomp\u00edt\u00f3 Limit\u00e1lt aj\u00e1nlat \u2013 a k\u00e9szlet erej\u00e9ig! A fegyvert\u00f6rv\u00e9ny \u00e9rtelm\u00e9ben, [&hellip;]<\/p>\n","protected":false},"featured_media":8778,"comment_status":"open","ping_status":"closed","template":"","meta":{"_et_pb_use_builder":"","_et_pb_old_content":"","_et_gb_content_width":"","om_disable_all_campaigns":false},"product_brand":[],"product_cat":[16,17,21],"product_tag":[1961],"class_list":{"0":"post-8777","1":"product","2":"type-product","3":"status-publish","4":"has-post-thumbnail","6":"product_cat-fegyver","7":"product_cat-golyos-fegyver","8":"product_cat-uj","9":"product_tag-browning-x-bolt-sf-composite-golyos-puska-stalon-xs108-max-hangtompito","11":"first","12":"instock","13":"sale","14":"taxable","15":"shipping-taxable","16":"purchasable","17":"product-type-simple"},"_links":{"self":[{"href":"https:\/\/www.vadaszboltcsorna.hu\/index.php\/wp-json\/wp\/v2\/product\/8777","targetHints":{"allow":["GET"]}}],"collection":[{"href":"https:\/\/www.vadaszboltcsorna.hu\/index.php\/wp-json\/wp\/v2\/product"}],"about":[{"href":"https:\/\/www.vadaszboltcsorna.hu\/index.php\/wp-json\/wp\/v2\/types\/product"}],"replies":[{"embeddable":true,"href":"https:\/\/www.vadaszboltcsorna.hu\/index.php\/wp-json\/wp\/v2\/comments?post=8777"}],"wp:featuredmedia":[{"embeddable":true,"href":"https:\/\/www.vadaszboltcsorna.hu\/index.php\/wp-json\/wp\/v2\/media\/8778"}],"wp:attachment":[{"href":"https:\/\/www.vadaszboltcsorna.hu\/index.php\/wp-json\/wp\/v2\/media?parent=8777"}],"wp:term":[{"taxonomy":"product_brand","embeddable":true,"href":"https:\/\/www.vadaszboltcsorna.hu\/index.php\/wp-json\/wp\/v2\/product_brand?post=8777"},{"taxonomy":"product_cat","embeddable":true,"href":"https:\/\/www.vadaszboltcsorna.hu\/index.php\/wp-json\/wp\/v2\/product_cat?post=8777"},{"taxonomy":"product_tag","embeddable":true,"href":"https:\/\/www.vadaszboltcsorna.hu\/index.php\/wp-json\/wp\/v2\/product_tag?post=8777"}],"curies":[{"name":"wp","href":"https:\/\/api.w.org\/{rel}","templated":true}]}}