{"id":8770,"date":"2026-03-09T10:03:39","date_gmt":"2026-03-09T10:03:39","guid":{"rendered":"https:\/\/www.vadaszboltcsorna.hu\/?post_type=product&#038;p=8770"},"modified":"2026-03-16T16:44:03","modified_gmt":"2026-03-16T16:44:03","slug":"browning-x-bolt-2-nordic-eclipse-adjustable-threaded-stalon-xs1","status":"publish","type":"product","link":"https:\/\/www.vadaszboltcsorna.hu\/index.php\/termek\/browning-x-bolt-2-nordic-eclipse-adjustable-threaded-stalon-xs1\/","title":{"rendered":"Browning X-Bolt 2 Nordic Eclipse Adjustable Threaded+ Stalon XS1"},"content":{"rendered":"<h2 style=\"text-align: center;\"><strong>Browning X-Bolt 2 Nordic Eclipse Adjustable Threaded goly\u00f3s fegyver+ Stalon XS1 hangtomp\u00edt\u00f3<\/strong><\/h2>\n<p>&nbsp;<\/p>\n<h4 id=\"productDescription\" class=\"description biggerText\">A Stalon XS108 MAX egy teleszk\u00f3pos kialak\u00edt\u00e1s\u00fa hangtomp\u00edt\u00f3, amely kiv\u00e1l\u00f3 v\u00e1laszt\u00e1s a legt\u00f6bb kaliber\u0171 fegyverhez, a .222-t\u0151l eg\u00e9szen a .45-\u00f6s kaliberig. Kompakt m\u00e9rete \u00e9s k\u00f6nny\u0171 s\u00falya miatt ide\u00e1lis hajt\u00f3vad\u00e1szatokhoz \u00e9s cserkel\u00e9shez.<\/p>\n<p><strong>Technikai param\u00e9terek:<\/strong><\/p>\n<p>Hangcs\u00f6kkent\u00e9s: -27 dBc (.308 kalibern\u00e9l)<br \/>\nTeljes hossz: 196,5 mm<br \/>\nEl\u0151reny\u00fal\u00e1s a cs\u0151t\u0151l: 108 mm<br \/>\nCs\u0151 feletti hossz: 81,5 mm (cs\u0151t\u00e1masz n\u00e9lk\u00fcl), 88,5 mm (cs\u0151t\u00e1masszal)<br \/>\nS\u00faly: 284 g<br \/>\n\u00c1tm\u00e9r\u0151: 49 mm<br \/>\nMaxim\u00e1lis cs\u0151\u00e1tm\u00e9r\u0151: 22,5 mm<br \/>\nSz\u00edn: Matt fekete, arany sz\u00edn\u0171 gy\u0171r\u0171vel a k\u00f6zep\u00e9n<br \/>\nK\u00fcls\u0151 anyag: Kiv\u00e1l\u00f3 min\u0151s\u00e9g\u0171 elox\u00e1lt alum\u00ednium<br \/>\nBels\u0151 anyagok:<br \/>\nTerel\u0151lapok: elox\u00e1lt alum\u00ednium<br \/>\nEls\u0151 terel\u0151lemez: rozsdamentes ac\u00e9l<br \/>\nMenet: tit\u00e1n<\/p>\n<p>A Browning X-Bolt 2 Nordic Eclipse Adjustable Threaded egy kiv\u00e1l\u00f3 min\u0151s\u00e9g\u0171, egyes\u00edtett mechanik\u00e1val rendelkez\u0151 ism\u00e9tl\u0151puska, melyet a leg\u00fajabb technol\u00f3giai fejleszt\u00e9sek \u00e9s a hagyom\u00e1nyos elegancia jellemeznek. Kifejezetten azok sz\u00e1m\u00e1ra k\u00e9sz\u00fclt, akik \u00e9rt\u00e9kelik a precizit\u00e1st \u00e9s a testreszabhat\u00f3s\u00e1got a vad\u00e1szat \u00e9s a sportl\u00f6v\u00e9szet sor\u00e1n.<\/p>\n<p><strong>F\u0151bb jellemz\u0151k:<\/strong><\/p>\n<p>Shaft: Az Eclipse t\u00edpus\u00fa, olajjal kezelt, Grade 2-es di\u00f3fa egyt\u00e1bl\u00e1s puskatusa biztos\u00edtja a k\u00e9nyelmet \u00e9s a stabil fog\u00e1st. A h\u00fcvelykujjal ell\u00e1tott ny\u00edl\u00e1s n\u00f6veli a markolat biztons\u00e1g\u00e1t, m\u00edg a magass\u00e1gban \u00e1ll\u00edthat\u00f3 pofad\u00e9k lehet\u0151v\u00e9 teszi az optim\u00e1lis c\u00e9lz\u00e1st.<\/p>\n<p>Mechanika: A DLX t\u00edpus\u00fa ravasz 800 g \u00e9s 1,3 kg k\u00f6z\u00f6tti tartom\u00e1nyban \u00e1ll\u00edthat\u00f3, biztos\u00edtva a tiszta \u00e9s pontos els\u00fct\u00e9st. A dupla \u00e1gyaz\u00e1s\u00fa rendszer \u00e9s a szabadon leng\u0151 cs\u0151 maxim\u00e1lis pontoss\u00e1got garant\u00e1lnak.<\/p>\n<p>Cs\u0151: A 47 cm vagy 51 cm hossz\u00fas\u00e1g\u00fa cs\u0151 (a kalibert\u0151l f\u00fcgg\u0151en) M14x1-es menettel rendelkezik, amely lehet\u0151v\u00e9 teszi hangtomp\u00edt\u00f3 vagy sz\u00e1jf\u00e9kez\u0151 felszerel\u00e9s\u00e9t an\u00e9lk\u00fcl, hogy a fegyver man\u0151verezhet\u0151s\u00e9ge cs\u00f6kkenne.<\/p>\n<p>M\u0171szaki adatok:<\/p>\n<p>Kaliber: .30-06 Springfield<\/p>\n<p>T\u00e1rkapacit\u00e1s: 4+1<\/p>\n<p>S\u00faly: K\u00f6r\u00fclbel\u00fcl 3,5 kg<\/p>\n<p>Teljes hossz: Kb. 97 cm<\/p>\n<p>L\u00f6v\u00e9sir\u00e1ny: Jobbkezes<\/p>\n<p><strong>Az \u00e1r a k\u00e9t term\u00e9ket tartalmazza!<\/strong><\/p>\n<p>\u26a0 Fontos tudnival\u00f3k:<br \/>\n\u2714 Fegyver \u00e9s l\u0151szer v\u00e1s\u00e1rl\u00e1sa kiz\u00e1r\u00f3lag szem\u00e9lyesen, fegyvertart\u00e1si enged\u00e9llyel lehets\u00e9ges!<br \/>\n\u2714 A webshopban megrendelt fegyvereket \u00e9s l\u0151szereket nem sz\u00e1ll\u00edtjuk h\u00e1zhoz!<br \/>\n\u2714 Az \u00e1rak t\u00e1j\u00e9koztat\u00f3 jelleg\u0171ek, v\u00e1ltozhatnak!<\/h4>\n<div class=\"wrapper bot-border\"><\/div>\n","protected":false},"excerpt":{"rendered":"<p>Browning X-Bolt 2 Nordic Eclipse Adjustable Threaded goly\u00f3s fegyver+ Stalon XS1 hangtomp\u00edt\u00f3 &nbsp; A Stalon XS108 MAX egy teleszk\u00f3pos kialak\u00edt\u00e1s\u00fa hangtomp\u00edt\u00f3, amely kiv\u00e1l\u00f3 v\u00e1laszt\u00e1s a legt\u00f6bb kaliber\u0171 fegyverhez, a .222-t\u0151l eg\u00e9szen a .45-\u00f6s kaliberig. Kompakt m\u00e9rete \u00e9s k\u00f6nny\u0171 s\u00falya miatt ide\u00e1lis hajt\u00f3vad\u00e1szatokhoz \u00e9s cserkel\u00e9shez. Technikai param\u00e9terek: Hangcs\u00f6kkent\u00e9s: -27 dBc (.308 kalibern\u00e9l) Teljes hossz: 196,5 mm [&hellip;]<\/p>\n","protected":false},"featured_media":8771,"comment_status":"open","ping_status":"closed","template":"","meta":{"_et_pb_use_builder":"","_et_pb_old_content":"","_et_gb_content_width":"","om_disable_all_campaigns":false},"product_brand":[],"product_cat":[16,17,21],"product_tag":[1958],"class_list":{"0":"post-8770","1":"product","2":"type-product","3":"status-publish","4":"has-post-thumbnail","6":"product_cat-fegyver","7":"product_cat-golyos-fegyver","8":"product_cat-uj","9":"product_tag-browning-x-bolt-2-nordic-eclipse-adjustable-threaded-stalon-xs1","11":"first","12":"instock","13":"sale","14":"taxable","15":"shipping-taxable","16":"purchasable","17":"product-type-simple"},"_links":{"self":[{"href":"https:\/\/www.vadaszboltcsorna.hu\/index.php\/wp-json\/wp\/v2\/product\/8770","targetHints":{"allow":["GET"]}}],"collection":[{"href":"https:\/\/www.vadaszboltcsorna.hu\/index.php\/wp-json\/wp\/v2\/product"}],"about":[{"href":"https:\/\/www.vadaszboltcsorna.hu\/index.php\/wp-json\/wp\/v2\/types\/product"}],"replies":[{"embeddable":true,"href":"https:\/\/www.vadaszboltcsorna.hu\/index.php\/wp-json\/wp\/v2\/comments?post=8770"}],"wp:featuredmedia":[{"embeddable":true,"href":"https:\/\/www.vadaszboltcsorna.hu\/index.php\/wp-json\/wp\/v2\/media\/8771"}],"wp:attachment":[{"href":"https:\/\/www.vadaszboltcsorna.hu\/index.php\/wp-json\/wp\/v2\/media?parent=8770"}],"wp:term":[{"taxonomy":"product_brand","embeddable":true,"href":"https:\/\/www.vadaszboltcsorna.hu\/index.php\/wp-json\/wp\/v2\/product_brand?post=8770"},{"taxonomy":"product_cat","embeddable":true,"href":"https:\/\/www.vadaszboltcsorna.hu\/index.php\/wp-json\/wp\/v2\/product_cat?post=8770"},{"taxonomy":"product_tag","embeddable":true,"href":"https:\/\/www.vadaszboltcsorna.hu\/index.php\/wp-json\/wp\/v2\/product_tag?post=8770"}],"curies":[{"name":"wp","href":"https:\/\/api.w.org\/{rel}","templated":true}]}}