{"id":8744,"date":"2026-02-24T12:29:12","date_gmt":"2026-02-24T12:29:12","guid":{"rendered":"https:\/\/www.vadaszboltcsorna.hu\/?post_type=product&#038;p=8744"},"modified":"2026-02-24T12:29:13","modified_gmt":"2026-02-24T12:29:13","slug":"winchester-xpr-3-toltenyes-30-06-270-tar","status":"publish","type":"product","link":"https:\/\/www.vadaszboltcsorna.hu\/index.php\/termek\/winchester-xpr-3-toltenyes-30-06-270-tar\/","title":{"rendered":"Winchester XPR 3 t\u00f6lt\u00e9nyes .30-06 .270 t\u00e1r"},"content":{"rendered":"<h1 class=\"productView-title classyunicodedone\"><span dir=\"auto\">Winchester XPR 3 t\u00f6lt\u00e9nyes .30-06 .270 t\u00e1r<\/span><\/h1>\n<p>&nbsp;<\/p>\n<h4><span dir=\"auto\">Ez a gy\u00e1ri 3 t\u00f6lt\u00e9nyes t\u00e1r a Winchester XPR Long Action pusk\u00e1hoz .30-06 \u00e9s .270 kaliberben.<\/span><\/h4>\n<h4><span dir=\"auto\">Strapab\u00edr\u00f3, fekete \u00fcvegsz\u00e1llal er\u0151s\u00edtett polimerb\u0151l k\u00e9sz\u00fclt.<\/span><\/h4>\n<h4><span dir=\"auto\">\u00a0cikksz\u00e1mok: U3575117AA \u00e9s 112098800<\/span><\/h4>\n<h4><\/h4>\n<dl class=\"productView-info\">\n<dt class=\"productView-info-name\">\n<h4><span dir=\"auto\">M\u00e1rka: Winchester<\/span><\/h4>\n<\/dt>\n<dt>\n<h4>S\u00faly : 46 gr.<\/h4>\n<\/dt>\n<dt>\n<h4>Kaliber: 30-06 ,\u00a0 270<\/h4>\n<\/dt>\n<dt>\n<h4>Kapacit\u00e1s: 3<\/h4>\n<\/dt>\n<dt>\n<h4>Modell illeszked\u00e9se: Winchester XPR<\/h4>\n<\/dt>\n<dt>\n<h4>Anyag: Polimer<\/h4>\n<\/dt>\n<dt>\n<h4>Sz\u00edn: Fekete<\/h4>\n<\/dt>\n<\/dl>\n","protected":false},"excerpt":{"rendered":"<p>Winchester XPR 3 t\u00f6lt\u00e9nyes .30-06 .270 t\u00e1r &nbsp; Ez a gy\u00e1ri 3 t\u00f6lt\u00e9nyes t\u00e1r a Winchester XPR Long Action pusk\u00e1hoz .30-06 \u00e9s .270 kaliberben. Strapab\u00edr\u00f3, fekete \u00fcvegsz\u00e1llal er\u0151s\u00edtett polimerb\u0151l k\u00e9sz\u00fclt. \u00a0cikksz\u00e1mok: U3575117AA \u00e9s 112098800 M\u00e1rka: Winchester S\u00faly : 46 gr. Kaliber: 30-06 ,\u00a0 270 Kapacit\u00e1s: 3 Modell illeszked\u00e9se: Winchester XPR Anyag: Polimer Sz\u00edn: Fekete<\/p>\n","protected":false},"featured_media":8740,"comment_status":"open","ping_status":"closed","template":"","meta":{"_et_pb_use_builder":"","_et_pb_old_content":"","_et_gb_content_width":"","om_disable_all_campaigns":false},"product_brand":[],"product_cat":[486,1942,21],"product_tag":[1953],"class_list":{"0":"post-8744","1":"product","2":"type-product","3":"status-publish","4":"has-post-thumbnail","6":"product_cat-fegyverkiegeszitok","7":"product_cat-tar","8":"product_cat-uj","9":"product_tag-winchester-xpr-3-toltenyes-30-06-270-tar","11":"first","12":"instock","13":"taxable","14":"shipping-taxable","15":"purchasable","16":"product-type-simple"},"_links":{"self":[{"href":"https:\/\/www.vadaszboltcsorna.hu\/index.php\/wp-json\/wp\/v2\/product\/8744","targetHints":{"allow":["GET"]}}],"collection":[{"href":"https:\/\/www.vadaszboltcsorna.hu\/index.php\/wp-json\/wp\/v2\/product"}],"about":[{"href":"https:\/\/www.vadaszboltcsorna.hu\/index.php\/wp-json\/wp\/v2\/types\/product"}],"replies":[{"embeddable":true,"href":"https:\/\/www.vadaszboltcsorna.hu\/index.php\/wp-json\/wp\/v2\/comments?post=8744"}],"wp:featuredmedia":[{"embeddable":true,"href":"https:\/\/www.vadaszboltcsorna.hu\/index.php\/wp-json\/wp\/v2\/media\/8740"}],"wp:attachment":[{"href":"https:\/\/www.vadaszboltcsorna.hu\/index.php\/wp-json\/wp\/v2\/media?parent=8744"}],"wp:term":[{"taxonomy":"product_brand","embeddable":true,"href":"https:\/\/www.vadaszboltcsorna.hu\/index.php\/wp-json\/wp\/v2\/product_brand?post=8744"},{"taxonomy":"product_cat","embeddable":true,"href":"https:\/\/www.vadaszboltcsorna.hu\/index.php\/wp-json\/wp\/v2\/product_cat?post=8744"},{"taxonomy":"product_tag","embeddable":true,"href":"https:\/\/www.vadaszboltcsorna.hu\/index.php\/wp-json\/wp\/v2\/product_tag?post=8744"}],"curies":[{"name":"wp","href":"https:\/\/api.w.org\/{rel}","templated":true}]}}