{"id":8734,"date":"2026-02-24T11:21:41","date_gmt":"2026-02-24T11:21:41","guid":{"rendered":"https:\/\/www.vadaszboltcsorna.hu\/?post_type=product&#038;p=8734"},"modified":"2026-02-25T18:41:49","modified_gmt":"2026-02-25T18:41:49","slug":"browning-a-bolt-puskatar-308-win","status":"publish","type":"product","link":"https:\/\/www.vadaszboltcsorna.hu\/index.php\/termek\/browning-a-bolt-puskatar-308-win\/","title":{"rendered":"Browning A-Bolt puskat\u00e1r .308 Win."},"content":{"rendered":"<h3><strong>Browning A-Bolt puskat\u00e1r .308 Win.<\/strong><\/h3>\n<p>&nbsp;<\/p>\n<ul>\n<li>\n<h4><strong><span dir=\"auto\">M\u00e1rka:\u00a0<\/span><\/strong><span dir=\"auto\">Browning<\/span><\/h4>\n<\/li>\n<li>\n<h4><strong><span dir=\"auto\">Kaliber: .308 Win.<\/span><\/strong><\/h4>\n<\/li>\n<li>\n<h4><strong><span dir=\"auto\"><span dir=\"auto\">Fel\u00fclet\/Sz\u00edn:\u00a0<\/span><\/span><\/strong><span dir=\"auto\"><span dir=\"auto\">Matt k\u00e9k<\/span><\/span><\/h4>\n<\/li>\n<li>\n<h4><strong><span dir=\"auto\"><span dir=\"auto\">L\u0151fegyver t\u00edpusa:\u00a0<\/span><\/span><\/strong><span dir=\"auto\"><span dir=\"auto\">Puska<\/span><\/span><\/h4>\n<\/li>\n<li>\n<h4><strong><span dir=\"auto\"><span dir=\"auto\">T\u00e1rkapacit\u00e1s:\u00a0<\/span><\/span><\/strong><span dir=\"auto\"><span dir=\"auto\">3,4<\/span><\/span><\/h4>\n<\/li>\n<li>\n<h4><strong><span dir=\"auto\"><span dir=\"auto\">Anyag:\u00a0<\/span><\/span><\/strong><span dir=\"auto\"><span dir=\"auto\">Ac\u00e9l<\/span><\/span><\/h4>\n<\/li>\n<li>\n<h4><strong><span dir=\"auto\"><span dir=\"auto\">Modellek illeszked\u00e9se:\u00a0<\/span><\/span><\/strong><span dir=\"auto\"><span dir=\"auto\">Browning A-Bolt, Browning A-Bolt II, Browning BBR<\/span><\/span><\/h4>\n<\/li>\n<\/ul>\n","protected":false},"excerpt":{"rendered":"<p>Browning A-Bolt puskat\u00e1r .308 Win. &nbsp; M\u00e1rka:\u00a0Browning Kaliber: .308 Win. Fel\u00fclet\/Sz\u00edn:\u00a0Matt k\u00e9k L\u0151fegyver t\u00edpusa:\u00a0Puska T\u00e1rkapacit\u00e1s:\u00a03,4 Anyag:\u00a0Ac\u00e9l Modellek illeszked\u00e9se:\u00a0Browning A-Bolt, Browning A-Bolt II, Browning BBR<\/p>\n","protected":false},"featured_media":8736,"comment_status":"open","ping_status":"closed","template":"","meta":{"_et_pb_use_builder":"","_et_pb_old_content":"","_et_gb_content_width":"","om_disable_all_campaigns":false},"product_brand":[],"product_cat":[486,1942,21],"product_tag":[],"class_list":{"0":"post-8734","1":"product","2":"type-product","3":"status-publish","4":"has-post-thumbnail","6":"product_cat-fegyverkiegeszitok","7":"product_cat-tar","8":"product_cat-uj","10":"first","11":"instock","12":"taxable","13":"shipping-taxable","14":"purchasable","15":"product-type-simple"},"_links":{"self":[{"href":"https:\/\/www.vadaszboltcsorna.hu\/index.php\/wp-json\/wp\/v2\/product\/8734","targetHints":{"allow":["GET"]}}],"collection":[{"href":"https:\/\/www.vadaszboltcsorna.hu\/index.php\/wp-json\/wp\/v2\/product"}],"about":[{"href":"https:\/\/www.vadaszboltcsorna.hu\/index.php\/wp-json\/wp\/v2\/types\/product"}],"replies":[{"embeddable":true,"href":"https:\/\/www.vadaszboltcsorna.hu\/index.php\/wp-json\/wp\/v2\/comments?post=8734"}],"wp:featuredmedia":[{"embeddable":true,"href":"https:\/\/www.vadaszboltcsorna.hu\/index.php\/wp-json\/wp\/v2\/media\/8736"}],"wp:attachment":[{"href":"https:\/\/www.vadaszboltcsorna.hu\/index.php\/wp-json\/wp\/v2\/media?parent=8734"}],"wp:term":[{"taxonomy":"product_brand","embeddable":true,"href":"https:\/\/www.vadaszboltcsorna.hu\/index.php\/wp-json\/wp\/v2\/product_brand?post=8734"},{"taxonomy":"product_cat","embeddable":true,"href":"https:\/\/www.vadaszboltcsorna.hu\/index.php\/wp-json\/wp\/v2\/product_cat?post=8734"},{"taxonomy":"product_tag","embeddable":true,"href":"https:\/\/www.vadaszboltcsorna.hu\/index.php\/wp-json\/wp\/v2\/product_tag?post=8734"}],"curies":[{"name":"wp","href":"https:\/\/api.w.org\/{rel}","templated":true}]}}