{"id":8663,"date":"2026-01-14T13:40:02","date_gmt":"2026-01-14T13:40:02","guid":{"rendered":"https:\/\/www.vadaszboltcsorna.hu\/?post_type=product&#038;p=8663"},"modified":"2026-02-08T00:01:13","modified_gmt":"2026-02-08T00:01:13","slug":"hikmicro-habrok-4k-2-0-he25l-multi-spektrum-binokular-4k-optikaval-termallal-es-lrf-fel","status":"publish","type":"product","link":"https:\/\/www.vadaszboltcsorna.hu\/index.php\/termek\/hikmicro-habrok-4k-2-0-he25l-multi-spektrum-binokular-4k-optikaval-termallal-es-lrf-fel\/","title":{"rendered":"HIKMICRO HABROK 4K 2.0 HE25L \u2013 Multi-spektrum binokul\u00e1r 4K optik\u00e1val, term\u00e1llal \u00e9s LRF-fel"},"content":{"rendered":"<h1 data-start=\"252\" data-end=\"348\"><strong data-start=\"254\" data-end=\"348\">HIKMICRO HABROK 4K 2.0 HE25L \u2013 Multi-spektrum binokul\u00e1r 4K optik\u00e1val, term\u00e1llal \u00e9s LRF-fel<\/strong><\/h1>\n<p data-start=\"350\" data-end=\"812\">A <strong data-start=\"352\" data-end=\"384\">HIKMICRO HABROK 4K 2.0 HE25L<\/strong> egy \u00faj gener\u00e1ci\u00f3s, professzion\u00e1lis <strong data-start=\"420\" data-end=\"448\">multi-spektrum binokul\u00e1r<\/strong>, amely egyetlen k\u00e9sz\u00fcl\u00e9kben egyes\u00edti a <strong data-start=\"488\" data-end=\"537\">4K UHD nappali \u00e9s \u00e9jjeli optikai megfigyel\u00e9st<\/strong>, a <strong data-start=\"541\" data-end=\"572\">nagy \u00e9rz\u00e9kenys\u00e9g\u0171 h\u0151kamer\u00e1t<\/strong>, az <strong data-start=\"577\" data-end=\"597\">IR megvil\u00e1g\u00edt\u00e1st<\/strong> \u00e9s a <strong data-start=\"603\" data-end=\"644\">be\u00e9p\u00edtett l\u00e9zeres t\u00e1vols\u00e1gm\u00e9r\u0151t (LRF)<\/strong>.<br data-start=\"645\" data-end=\"648\" \/>Ez a kombin\u00e1ci\u00f3 pontosan azt ny\u00fajtja, amire terepen sz\u00fcks\u00e9g van: <strong data-start=\"713\" data-end=\"812\">gyors \u00e9szlel\u00e9s, biztos azonos\u00edt\u00e1s \u00e9s magabiztos d\u00f6nt\u00e9shozatal \u2013 b\u00e1rmilyen f\u00e9nyviszonyok k\u00f6z\u00f6tt.<\/strong><\/p>\n<hr data-start=\"814\" data-end=\"817\" \/>\n<h2 data-start=\"819\" data-end=\"862\"><strong data-start=\"822\" data-end=\"862\">Mi\u00e9rt \u00f3ri\u00e1si el\u0151ny a multi-spektrum?<\/strong><\/h2>\n<p data-start=\"864\" data-end=\"1011\">A legt\u00f6bb felhaszn\u00e1l\u00f3 vagy h\u0151kamer\u00e1t, vagy \u00e9jjell\u00e1t\u00f3t haszn\u00e1l \u2013 a HABROK azonban <strong data-start=\"945\" data-end=\"978\">mindkett\u0151t egyszerre adja meg<\/strong>, r\u00e1ad\u00e1sul egyetlen binokul\u00e1rban:<\/p>\n<div class=\"TyagGW_tableContainer\">\n<div class=\"group TyagGW_tableWrapper flex flex-col-reverse w-fit\" tabindex=\"-1\">\n<table class=\"w-fit min-w-(--thread-content-width)\" style=\"height: 112px;\" width=\"1054\" data-start=\"1013\" data-end=\"1340\">\n<thead data-start=\"1013\" data-end=\"1054\">\n<tr data-start=\"1013\" data-end=\"1054\">\n<th style=\"width: 602.971px;\" data-start=\"1013\" data-end=\"1031\" data-col-size=\"md\">Term\u00e1l csatorna<\/th>\n<th style=\"width: 437.227px;\" data-start=\"1031\" data-end=\"1054\" data-col-size=\"sm\">4K optikai csatorna<\/th>\n<\/tr>\n<\/thead>\n<tbody data-start=\"1094\" data-end=\"1340\">\n<tr data-start=\"1094\" data-end=\"1198\">\n<td style=\"width: 602.971px;\" data-start=\"1094\" data-end=\"1155\" data-col-size=\"md\">Azonnal \u201ekidobja\u201d az \u00e9l\u0151l\u00e9nyeket, j\u00e1rm\u0171veket, h\u0151forr\u00e1sokat<\/td>\n<td style=\"width: 437.227px;\" data-col-size=\"sm\" data-start=\"1155\" data-end=\"1198\">R\u00e9szletgazdag k\u00e9pet ad az azonos\u00edt\u00e1shoz<\/td>\n<\/tr>\n<tr data-start=\"1199\" data-end=\"1286\">\n<td style=\"width: 602.971px;\" data-start=\"1199\" data-end=\"1242\" data-col-size=\"md\">K\u00f6dban, p\u00e1r\u00e1ban, n\u00f6v\u00e9nyzetben is m\u0171k\u00f6dik<\/td>\n<td style=\"width: 437.227px;\" data-col-size=\"sm\" data-start=\"1242\" data-end=\"1286\">L\u00e1tszanak az alakok, mozg\u00e1sok, r\u00e9szletek<\/td>\n<\/tr>\n<tr data-start=\"1287\" data-end=\"1340\">\n<td style=\"width: 602.971px;\" data-start=\"1287\" data-end=\"1315\" data-col-size=\"md\">Gyors p\u00e1szt\u00e1z\u00e1sra ide\u00e1lis<\/td>\n<td style=\"width: 437.227px;\" data-col-size=\"sm\" data-start=\"1315\" data-end=\"1340\">Pontos beazonos\u00edt\u00e1sra<\/td>\n<\/tr>\n<\/tbody>\n<\/table>\n<\/div>\n<\/div>\n<p data-start=\"1342\" data-end=\"1365\">Ez a p\u00e1ros\u00edt\u00e1s ide\u00e1lis:<\/p>\n<ul data-start=\"1366\" data-end=\"1513\">\n<li data-start=\"1366\" data-end=\"1401\">\n<p data-start=\"1368\" data-end=\"1401\">vad- \u00e9s term\u00e9szetmegfigyel\u00e9shez<\/p>\n<\/li>\n<li data-start=\"1402\" data-end=\"1419\">\n<p data-start=\"1404\" data-end=\"1419\">madar\u00e1szathoz<\/p>\n<\/li>\n<li data-start=\"1420\" data-end=\"1441\">\n<p data-start=\"1422\" data-end=\"1441\">keres\u00e9s-ment\u00e9shez<\/p>\n<\/li>\n<li data-start=\"1442\" data-end=\"1477\">\n<p data-start=\"1444\" data-end=\"1477\">kik\u00f6t\u0151i, tengeri megfigyel\u00e9shez<\/p>\n<\/li>\n<li data-start=\"1478\" data-end=\"1513\">\n<p data-start=\"1480\" data-end=\"1513\">biztons\u00e1gtechnikai feladatokhoz<\/p>\n<\/li>\n<\/ul>\n<p data-start=\"1515\" data-end=\"1558\">Nappal, sz\u00fcrk\u00fcletben \u00e9s teljes s\u00f6t\u00e9tben is.<\/p>\n<hr data-start=\"1560\" data-end=\"1563\" \/>\n<h2 data-start=\"1565\" data-end=\"1621\"><strong data-start=\"1568\" data-end=\"1621\">4K UHD optikai csatorna \u2013 amikor a r\u00e9szlet sz\u00e1m\u00edt<\/strong><\/h2>\n<p data-start=\"1623\" data-end=\"1796\">A HABROK 4K 2.0 egy <strong data-start=\"1643\" data-end=\"1682\">3840\u00d72160 pixeles UHD CMOS szenzort<\/strong> haszn\u00e1l, amelyet egy <strong data-start=\"1704\" data-end=\"1727\">60 mm F2.2 objekt\u00edv<\/strong> szolg\u00e1l ki. Ez kiv\u00e9teles r\u00e9szletgazdags\u00e1got ad nappal \u00e9s \u00e9jszaka is.<\/p>\n<p data-start=\"1798\" data-end=\"1815\"><strong data-start=\"1798\" data-end=\"1815\">F\u0151 jellemz\u0151k:<\/strong><\/p>\n<ul data-start=\"1816\" data-end=\"1929\">\n<li data-start=\"1816\" data-end=\"1844\">\n<p data-start=\"1818\" data-end=\"1844\"><strong data-start=\"1818\" data-end=\"1831\">Nagy\u00edt\u00e1s:<\/strong> 5,5\u00d7 \u2013 22\u00d7<\/p>\n<\/li>\n<li data-start=\"1845\" data-end=\"1877\">\n<p data-start=\"1847\" data-end=\"1877\"><strong data-start=\"1847\" data-end=\"1860\">L\u00e1t\u00f3mez\u0151:<\/strong> 12,8 m \/ 100 m<\/p>\n<\/li>\n<li data-start=\"1878\" data-end=\"1929\">\n<p data-start=\"1880\" data-end=\"1929\"><strong data-start=\"1880\" data-end=\"1916\">\u00c9jszakai megfigyel\u00e9si tartom\u00e1ny:<\/strong> ak\u00e1r 400 m<\/p>\n<\/li>\n<\/ul>\n<p data-start=\"1931\" data-end=\"2011\">Az \u00e9jjeli haszn\u00e1latot a <strong data-start=\"1955\" data-end=\"2002\">cser\u00e9lhet\u0151 850 nm \u00e9s 940 nm IR megvil\u00e1g\u00edt\u00f3k<\/strong> seg\u00edtik:<\/p>\n<ul data-start=\"2012\" data-end=\"2102\">\n<li data-start=\"2012\" data-end=\"2052\">\n<p data-start=\"2014\" data-end=\"2052\"><strong data-start=\"2014\" data-end=\"2025\">850 nm:<\/strong> er\u0151sebb, nagyobb hat\u00f3t\u00e1v<\/p>\n<\/li>\n<li data-start=\"2053\" data-end=\"2102\">\n<p data-start=\"2055\" data-end=\"2102\"><strong data-start=\"2055\" data-end=\"2066\">940 nm:<\/strong> diszkr\u00e9tebb, nehezebben \u00e9szrevehet\u0151<\/p>\n<\/li>\n<\/ul>\n<p data-start=\"2104\" data-end=\"2155\">\u00cdgy mindig a helyzethez igaz\u00edthatod a megfigyel\u00e9st.<\/p>\n<hr data-start=\"2157\" data-end=\"2160\" \/>\n<h2 data-start=\"2162\" data-end=\"2211\"><strong data-start=\"2165\" data-end=\"2211\">Term\u00e1l csatorna \u2013 a gyors \u00e9szlel\u00e9s mestere<\/strong><\/h2>\n<p data-start=\"2213\" data-end=\"2353\">A term\u00e1l oldal egy <strong data-start=\"2232\" data-end=\"2251\">256\u00d7192 pixeles<\/strong>, <strong data-start=\"2253\" data-end=\"2271\">sub-20 mK NETD<\/strong> \u00e9rz\u00e9kenys\u00e9g\u0171 szenzorra \u00e9p\u00fcl, ami ebben a kateg\u00f3ri\u00e1ban kimagasl\u00f3 h\u0151kontrasztot ad.<\/p>\n<p data-start=\"2355\" data-end=\"2378\"><strong data-start=\"2355\" data-end=\"2378\">Term\u00e1l param\u00e9terek:<\/strong><\/p>\n<ul data-start=\"2379\" data-end=\"2482\">\n<li data-start=\"2379\" data-end=\"2407\">\n<p data-start=\"2381\" data-end=\"2407\"><strong data-start=\"2381\" data-end=\"2394\">Objekt\u00edv:<\/strong> 25 mm F1.0<\/p>\n<\/li>\n<li data-start=\"2408\" data-end=\"2438\">\n<p data-start=\"2410\" data-end=\"2438\"><strong data-start=\"2410\" data-end=\"2423\">Nagy\u00edt\u00e1s:<\/strong> 4,3\u00d7 \u2013 17,2\u00d7<\/p>\n<\/li>\n<li data-start=\"2439\" data-end=\"2482\">\n<p data-start=\"2441\" data-end=\"2482\"><strong data-start=\"2441\" data-end=\"2466\">Detekt\u00e1l\u00e1si t\u00e1vols\u00e1g:<\/strong> ak\u00e1r <strong data-start=\"2472\" data-end=\"2482\">1200 m<\/strong><\/p>\n<\/li>\n<\/ul>\n<p data-start=\"2484\" data-end=\"2645\">A <strong data-start=\"2486\" data-end=\"2518\">HSIS Shutterless technol\u00f3gia<\/strong> megsz\u00fcnteti a hagyom\u00e1nyos term\u00e1l kamer\u00e1k zavar\u00f3 \u201emegfagy\u00e1sait\u201d, \u00edgy a k\u00e9p <strong data-start=\"2593\" data-end=\"2644\">folyamatos marad mozg\u00f3 c\u00e9lok k\u00f6vet\u00e9se k\u00f6zben is<\/strong>.<\/p>\n<hr data-start=\"2647\" data-end=\"2650\" \/>\n<h2 data-start=\"2652\" data-end=\"2714\"><strong data-start=\"2655\" data-end=\"2714\">Gyors kezel\u00e9s terepen \u2013 nem men\u00fcben, hanem a val\u00f3s\u00e1gban<\/strong><\/h2>\n<p data-start=\"2716\" data-end=\"2773\">A 2.0-\u00e1s verzi\u00f3 egyik legnagyobb el\u0151nye az <strong data-start=\"2759\" data-end=\"2772\">ergon\u00f3mia<\/strong>:<\/p>\n<ul data-start=\"2775\" data-end=\"2958\">\n<li data-start=\"2775\" data-end=\"2838\">\n<p data-start=\"2777\" data-end=\"2838\"><strong data-start=\"2777\" data-end=\"2799\">H\u00e1ts\u00f3 f\u00f3kuszt\u00e1rcsa<\/strong> \u2013 egy k\u00e9zzel is gyors, pontos f\u00f3kusz<\/p>\n<\/li>\n<li data-start=\"2839\" data-end=\"2908\">\n<p data-start=\"2841\" data-end=\"2908\"><strong data-start=\"2841\" data-end=\"2859\">H\u00e1ts\u00f3 v\u00e1lt\u00f3kar<\/strong> \u2013 azonnali v\u00e1lt\u00e1s term\u00e1l \u00e9s optikai m\u00f3d k\u00f6z\u00f6tt<\/p>\n<\/li>\n<li data-start=\"2909\" data-end=\"2958\">\n<p data-start=\"2911\" data-end=\"2958\"><strong data-start=\"2911\" data-end=\"2932\">\u00daj, robusztus h\u00e1z<\/strong> \u2013 terepre optimaliz\u00e1lva<\/p>\n<\/li>\n<\/ul>\n<p data-start=\"2960\" data-end=\"3019\">Ez azt jelenti, hogy nem gombokat keresel \u2013 hanem reag\u00e1lsz.<\/p>\n<hr data-start=\"3021\" data-end=\"3024\" \/>\n<h2 data-start=\"3026\" data-end=\"3074\"><strong data-start=\"3029\" data-end=\"3074\">Stabil, k\u00e9nyelmes k\u00e9p binokul\u00e1r \u00e9lm\u00e9nnyel<\/strong><\/h2>\n<p data-start=\"3076\" data-end=\"3201\">A kijelz\u0151 egy <strong data-start=\"3090\" data-end=\"3127\">0,49\u2033-os Full HD OLED (1920\u00d71080)<\/strong>, \u201esub-round\u201d kialak\u00edt\u00e1ssal, ami term\u00e9szetes, binokul\u00e1r-szer\u0171 l\u00e1tv\u00e1nyt ad.<\/p>\n<p data-start=\"3203\" data-end=\"3233\">A k\u00e9pmin\u0151s\u00e9get tov\u00e1bb jav\u00edtja:<\/p>\n<ul data-start=\"3234\" data-end=\"3318\">\n<li data-start=\"3234\" data-end=\"3274\">\n<p data-start=\"3236\" data-end=\"3274\"><strong data-start=\"3236\" data-end=\"3274\">EIS \u2013 elektronikus k\u00e9pstabiliz\u00e1l\u00e1s<\/strong><\/p>\n<\/li>\n<li data-start=\"3275\" data-end=\"3318\">\n<p data-start=\"3277\" data-end=\"3318\"><strong data-start=\"3277\" data-end=\"3289\">Zoom Pro<\/strong> \u2013 nagy\u00edt\u00e1sn\u00e1l is \u00e9lesebb k\u00e9p<\/p>\n<\/li>\n<\/ul>\n<hr data-start=\"3320\" data-end=\"3323\" \/>\n<h2 data-start=\"3325\" data-end=\"3368\"><strong data-start=\"3328\" data-end=\"3368\">Be\u00e9p\u00edtett l\u00e9zeres t\u00e1vols\u00e1gm\u00e9r\u0151 (LRF)<\/strong><\/h2>\n<p data-start=\"3370\" data-end=\"3456\">A HABROK HE25L modell egyik legnagyobb el\u0151nye a <strong data-start=\"3418\" data-end=\"3448\">10\u20131000 m-es be\u00e9p\u00edtett LRF<\/strong>, amely:<\/p>\n<ul data-start=\"3457\" data-end=\"3576\">\n<li data-start=\"3457\" data-end=\"3484\">\n<p data-start=\"3459\" data-end=\"3484\">pontos t\u00e1vols\u00e1gadatot ad,<\/p>\n<\/li>\n<li data-start=\"3485\" data-end=\"3514\">\n<p data-start=\"3487\" data-end=\"3514\">seg\u00edt a terep felm\u00e9r\u00e9s\u00e9ben,<\/p>\n<\/li>\n<li data-start=\"3515\" data-end=\"3576\">\n<p data-start=\"3517\" data-end=\"3576\">dokument\u00e1l\u00e1sn\u00e1l, keres\u00e9sn\u00e9l \u00e9s megfigyel\u00e9sn\u00e9l \u00f3ri\u00e1si plusz.<\/p>\n<\/li>\n<\/ul>\n<hr data-start=\"3578\" data-end=\"3581\" \/>\n<h2 data-start=\"3583\" data-end=\"3606\"><strong data-start=\"3586\" data-end=\"3606\">Terepre tervezve<\/strong><\/h2>\n<ul data-start=\"3608\" data-end=\"3770\">\n<li data-start=\"3608\" data-end=\"3636\">\n<p data-start=\"3610\" data-end=\"3636\"><strong data-start=\"3610\" data-end=\"3634\">Magn\u00e9zium\u00f6tv\u00f6zet h\u00e1z<\/strong><\/p>\n<\/li>\n<li data-start=\"3637\" data-end=\"3668\">\n<p data-start=\"3639\" data-end=\"3668\"><strong data-start=\"3639\" data-end=\"3666\">IP67 v\u00edz- \u00e9s por\u00e1ll\u00f3s\u00e1g<\/strong><\/p>\n<\/li>\n<li data-start=\"3669\" data-end=\"3689\">\n<p data-start=\"3671\" data-end=\"3689\"><strong data-start=\"3671\" data-end=\"3681\">T\u00f6meg:<\/strong> 895 g<\/p>\n<\/li>\n<li data-start=\"3690\" data-end=\"3724\">\n<p data-start=\"3692\" data-end=\"3724\"><strong data-start=\"3692\" data-end=\"3704\">\u00dczemid\u0151:<\/strong> t\u00f6bb mint 6,5 \u00f3ra<\/p>\n<\/li>\n<li data-start=\"3725\" data-end=\"3770\">\n<p data-start=\"3727\" data-end=\"3770\"><strong data-start=\"3727\" data-end=\"3742\">T\u00e1pell\u00e1t\u00e1s:<\/strong> 4\u00d7 18650 Li-ion akkumul\u00e1tor<\/p>\n<\/li>\n<\/ul>\n<p data-start=\"3772\" data-end=\"3816\">Ez nem vitrinbe val\u00f3 eszk\u00f6z \u2013 hanem munk\u00e1ra.<\/p>\n<hr data-start=\"3818\" data-end=\"3821\" \/>\n<h2 data-start=\"3823\" data-end=\"3844\"><strong data-start=\"3826\" data-end=\"3844\">Doboz tartalma<\/strong><\/h2>\n<p data-start=\"3846\" data-end=\"4041\">\u2714 HABROK 4K 2.0 HE25L binokul\u00e1r<br data-start=\"3877\" data-end=\"3880\" \/>\u2714 Nyakp\u00e1nt<br data-start=\"3890\" data-end=\"3893\" \/>\u2714 USB-C k\u00e1bel<br data-start=\"3906\" data-end=\"3909\" \/>\u2714 Tripod adapter<br data-start=\"3925\" data-end=\"3928\" \/>\u2714 4\u00d7 18650 akkumul\u00e1tor<br data-start=\"3950\" data-end=\"3953\" \/>\u2714 T\u00f6lt\u0151<br data-start=\"3960\" data-end=\"3963\" \/>\u2714 Gyorsind\u00edt\u00f3 \u00fatmutat\u00f3<br data-start=\"3985\" data-end=\"3988\" \/>\u2714 Tiszt\u00edt\u00f3kend\u0151<br data-start=\"4003\" data-end=\"4006\" \/>\u2714 850 nm \u00e9s 940 nm IR megvil\u00e1g\u00edt\u00f3<\/p>\n<hr data-start=\"4043\" data-end=\"4046\" \/>\n<h2 data-start=\"4048\" data-end=\"4064\"><strong data-start=\"4051\" data-end=\"4064\">\u00d6sszegz\u00e9s<\/strong><\/h2>\n<p data-start=\"4066\" data-end=\"4263\">A <strong data-start=\"4068\" data-end=\"4100\">HIKMICRO HABROK 4K 2.0 HE25L<\/strong> azoknak k\u00e9sz\u00fclt, akik <strong data-start=\"4123\" data-end=\"4154\">nem akarnak kompromisszumot<\/strong> k\u00f6tni:<br data-start=\"4161\" data-end=\"4164\" \/>egyszerre akarnak <strong data-start=\"4182\" data-end=\"4202\">gyorsan \u00e9szlelni<\/strong>, <strong data-start=\"4204\" data-end=\"4232\">pontos r\u00e9szleteket l\u00e1tni<\/strong> \u00e9s <strong data-start=\"4236\" data-end=\"4262\">m\u00e9rhet\u0151 adatokat kapni<\/strong>.<\/p>\n<p data-start=\"4265\" data-end=\"4373\">Ez nem egy \u201eh\u0151kamera\u201d \u00e9s nem egy \u201e\u00e9jjell\u00e1t\u00f3\u201d \u2013 hanem <strong data-start=\"4318\" data-end=\"4372\">egy komplett megfigyel\u0151rendszer binokul\u00e1r form\u00e1ban<\/strong>.<\/p>\n","protected":false},"excerpt":{"rendered":"<p>HIKMICRO HABROK 4K 2.0 HE25L \u2013 Multi-spektrum binokul\u00e1r 4K optik\u00e1val, term\u00e1llal \u00e9s LRF-fel A HIKMICRO HABROK 4K 2.0 HE25L egy \u00faj gener\u00e1ci\u00f3s, professzion\u00e1lis multi-spektrum binokul\u00e1r, amely egyetlen k\u00e9sz\u00fcl\u00e9kben egyes\u00edti a 4K UHD nappali \u00e9s \u00e9jjeli optikai megfigyel\u00e9st, a nagy \u00e9rz\u00e9kenys\u00e9g\u0171 h\u0151kamer\u00e1t, az IR megvil\u00e1g\u00edt\u00e1st \u00e9s a be\u00e9p\u00edtett l\u00e9zeres t\u00e1vols\u00e1gm\u00e9r\u0151t (LRF).Ez a kombin\u00e1ci\u00f3 pontosan azt ny\u00fajtja, [&hellip;]<\/p>\n","protected":false},"featured_media":8668,"comment_status":"open","ping_status":"closed","template":"","meta":{"_et_pb_use_builder":"","_et_pb_old_content":"","_et_gb_content_width":"","om_disable_all_campaigns":false},"product_brand":[],"product_cat":[447,448,21],"product_tag":[1938,1939],"class_list":{"0":"post-8663","1":"product","2":"type-product","3":"status-publish","4":"has-post-thumbnail","6":"product_cat-hokamera","7":"product_cat-kereso-hokamera","8":"product_cat-uj","9":"product_tag-hikmicro-habrok-4k-2-0-he25l-multi-spektrum-binokular-4k-optikaval","10":"product_tag-termallal-es-lrf-fel","12":"first","13":"instock","14":"taxable","15":"shipping-taxable","16":"purchasable","17":"product-type-simple"},"_links":{"self":[{"href":"https:\/\/www.vadaszboltcsorna.hu\/index.php\/wp-json\/wp\/v2\/product\/8663","targetHints":{"allow":["GET"]}}],"collection":[{"href":"https:\/\/www.vadaszboltcsorna.hu\/index.php\/wp-json\/wp\/v2\/product"}],"about":[{"href":"https:\/\/www.vadaszboltcsorna.hu\/index.php\/wp-json\/wp\/v2\/types\/product"}],"replies":[{"embeddable":true,"href":"https:\/\/www.vadaszboltcsorna.hu\/index.php\/wp-json\/wp\/v2\/comments?post=8663"}],"wp:featuredmedia":[{"embeddable":true,"href":"https:\/\/www.vadaszboltcsorna.hu\/index.php\/wp-json\/wp\/v2\/media\/8668"}],"wp:attachment":[{"href":"https:\/\/www.vadaszboltcsorna.hu\/index.php\/wp-json\/wp\/v2\/media?parent=8663"}],"wp:term":[{"taxonomy":"product_brand","embeddable":true,"href":"https:\/\/www.vadaszboltcsorna.hu\/index.php\/wp-json\/wp\/v2\/product_brand?post=8663"},{"taxonomy":"product_cat","embeddable":true,"href":"https:\/\/www.vadaszboltcsorna.hu\/index.php\/wp-json\/wp\/v2\/product_cat?post=8663"},{"taxonomy":"product_tag","embeddable":true,"href":"https:\/\/www.vadaszboltcsorna.hu\/index.php\/wp-json\/wp\/v2\/product_tag?post=8663"}],"curies":[{"name":"wp","href":"https:\/\/api.w.org\/{rel}","templated":true}]}}