{"id":8654,"date":"2026-01-13T13:14:24","date_gmt":"2026-01-13T13:14:24","guid":{"rendered":"https:\/\/www.vadaszboltcsorna.hu\/?post_type=product&#038;p=8654"},"modified":"2026-01-13T13:14:24","modified_gmt":"2026-01-13T13:14:24","slug":"victorinox-swiss-army-ranger-55-grip-onyx-black-zsebkes-fekete-cikkszam-0_9563_c31p","status":"publish","type":"product","link":"https:\/\/www.vadaszboltcsorna.hu\/index.php\/termek\/victorinox-swiss-army-ranger-55-grip-onyx-black-zsebkes-fekete-cikkszam-0_9563_c31p\/","title":{"rendered":"VICTORINOX Swiss Army Ranger 55 Grip Onyx Black zsebk\u00e9s, fekete Cikksz\u00e1m: 0_9563_C31P"},"content":{"rendered":"<h3>A\u00a0<strong data-start=\"76\" data-end=\"127\">VICTORINOX Swiss Army Ranger 55 Grip Onyx Black<\/strong>\u00a0egy pr\u00e9mium kateg\u00f3ri\u00e1s, sokoldal\u00fa zsebk\u00e9s, amelyet kifejezetten outdoor tev\u00e9kenys\u00e9gekhez, t\u00far\u00e1z\u00e1shoz \u00e9s mindennapi feladatokhoz terveztek.<\/h3>\n<h3>A\u00a0<strong data-start=\"269\" data-end=\"294\">reteszelhet\u0151 peng\u00e9vel<\/strong>\u00a0\u00e9s\u00a0<strong data-start=\"298\" data-end=\"315\">13 funkci\u00f3val<\/strong>\u00a0rendelkez\u0151 Ranger 55 Grip modell modern, matt fekete bevonat\u00e1val \u00e9s ergonomikus kialak\u00edt\u00e1s\u00e1val t\u0171nik ki. A sv\u00e1jci precizit\u00e1s \u00e9s a Victorinox h\u00edres megb\u00edzhat\u00f3s\u00e1ga garant\u00e1lja, hogy ez az eszk\u00f6z minden helyzetben meg\u00e1llja a hely\u00e9t.<\/h3>\n<h3 data-start=\"551\" data-end=\"581\"><strong data-start=\"555\" data-end=\"579\">JELLEMZ\u0150K \u00c9S EL\u0150NY\u00d6K<\/strong><\/h3>\n<ul>\n<li data-start=\"551\" data-end=\"581\">\n<h3><strong data-start=\"584\" data-end=\"606\">Onyx Black bevonat\u00a0<\/strong>&#8211;\u00a0Speci\u00e1lis matt fekete PVD bevonat, amely modern \u00e9s eleg\u00e1ns megjelen\u00e9st biztos\u00edt, mik\u00f6zben rendk\u00edv\u00fcl ellen\u00e1ll\u00f3 a kop\u00e1ssal szemben.<\/h3>\n<\/li>\n<li data-start=\"551\" data-end=\"581\">\n<h3><strong data-start=\"746\" data-end=\"777\">Ergonomikus markolatbet\u00e9tek\u00a0<\/strong>&#8211;\u00a0A markolat text\u00far\u00e1zott bet\u00e9tei biztos \u00e9s k\u00e9nyelmes fog\u00e1st ny\u00fajtanak, ak\u00e1r nedves k\u00f6rnyezetben is.<\/h3>\n<\/li>\n<li data-start=\"551\" data-end=\"581\">\n<h3><strong data-start=\"885\" data-end=\"912\">Reteszelhet\u0151 nagy penge\u00a0<\/strong>&#8211;\u00a0Biztons\u00e1gos \u00e9s stabil haszn\u00e1latot biztos\u00edt v\u00e1g\u00e1si feladatok sor\u00e1n.<\/h3>\n<\/li>\n<li data-start=\"551\" data-end=\"581\">\n<h3><strong data-start=\"989\" data-end=\"1013\">13 praktikus funkci\u00f3\u00a0<\/strong>&#8211;\u00a0Egy kompakt eszk\u00f6zben, amely b\u00e1rmilyen outdoor vagy mindennapi kih\u00edv\u00e1sra felk\u00e9sz\u00fclt.<\/h3>\n<\/li>\n<li data-start=\"551\" data-end=\"581\">\n<h3><strong data-start=\"1108\" data-end=\"1133\">Kiv\u00e1l\u00f3 sv\u00e1jci min\u0151s\u00e9g\u00a0<\/strong>&#8211;\u00a0Rozsdamentes ac\u00e9l szersz\u00e1mok, amelyek hossz\u00fa \u00e9lettartamot \u00e9s maxim\u00e1lis megb\u00edzhat\u00f3s\u00e1got garant\u00e1lnak.<\/h3>\n<\/li>\n<\/ul>\n<h3 data-start=\"1246\" data-end=\"1277\"><strong data-start=\"1250\" data-end=\"1275\">FUNKCI\u00d3K &#8211; 13 FUNKCI\u00d3<\/strong><\/h3>\n<ul>\n<li data-start=\"1246\" data-end=\"1277\">\n<h3><strong data-start=\"1281\" data-end=\"1310\">Nagy penge (reteszelhet\u0151)\u00a0<\/strong>&#8211;\u00a0Er\u0151s \u00e9s \u00e9les penge a biztons\u00e1gos \u00e9s hat\u00e9kony v\u00e1g\u00e1si feladatokhoz.<\/h3>\n<\/li>\n<li data-start=\"1246\" data-end=\"1277\">\n<h3><strong data-start=\"1388\" data-end=\"1404\">Konzervnyit\u00f3\u00a0<\/strong>&#8211;\u00a0Alapvet\u0151 eszk\u00f6z t\u00far\u00e1k \u00e9s szabadt\u00e9ri \u00e9tkez\u00e9sek sor\u00e1n.<\/h3>\n<\/li>\n<li data-start=\"1246\" data-end=\"1277\">\n<h3><strong data-start=\"1469\" data-end=\"1494\">Kis csavarh\u00faz\u00f3 (3 mm)\u00a0<\/strong>&#8211;\u00a0A konzervnyit\u00f3val kombin\u00e1lt, kisebb csavarok megh\u00faz\u00e1s\u00e1hoz.<\/h3>\n<\/li>\n<li data-start=\"1246\" data-end=\"1277\">\n<h3><strong data-start=\"1565\" data-end=\"1592\">S\u00f6rnyit\u00f3 (reteszelhet\u0151)\u00a0<\/strong>&#8211;\u00a0Italok gyors \u00e9s egyszer\u0171 nyit\u00e1s\u00e1hoz.<\/h3>\n<\/li>\n<li data-start=\"1246\" data-end=\"1277\">\n<h3><strong data-start=\"1641\" data-end=\"1667\">Nagy csavarh\u00faz\u00f3 (6 mm)\u00a0<\/strong>&#8211;\u00a0A s\u00f6rnyit\u00f3val kombin\u00e1lt, nagyobb csavaroz\u00e1si munk\u00e1khoz.<\/h3>\n<\/li>\n<li data-start=\"1246\" data-end=\"1277\">\n<h3><strong data-start=\"1735\" data-end=\"1765\">Huzalszigetel\u00e9s-elt\u00e1vol\u00edt\u00f3\u00a0<\/strong>&#8211;\u00a0Elektromos vezet\u00e9kek szigetel\u00e9s\u00e9nek elt\u00e1vol\u00edt\u00e1s\u00e1ra.<\/h3>\n<\/li>\n<li data-start=\"1246\" data-end=\"1277\">\n<h3><strong data-start=\"1829\" data-end=\"1841\">Dug\u00f3h\u00faz\u00f3\u00a0<\/strong>&#8211;\u00a0Praktikus eszk\u00f6z boros\u00fcvegek k\u00e9nyelmes \u00e9s eleg\u00e1ns nyit\u00e1s\u00e1ra.<\/h3>\n<\/li>\n<li data-start=\"1246\" data-end=\"1277\">\n<h3><strong data-start=\"1914\" data-end=\"1927\">Fa f\u0171r\u00e9sz\u00a0<\/strong>&#8211;\u00a0Ide\u00e1lis faanyagok v\u00e1g\u00e1s\u00e1ra, p\u00e9ld\u00e1ul \u00e1gak darabol\u00e1s\u00e1ra a term\u00e9szetben.<\/h3>\n<\/li>\n<li data-start=\"1246\" data-end=\"1277\">\n<h3><strong data-start=\"2009\" data-end=\"2034\">Lyukaszt\u00f3\/sz\u00far\u00f3eszk\u00f6z<\/strong>\u00a0&#8211;\u00a0Anyagok perfor\u00e1l\u00e1s\u00e1ra, p\u00e9ld\u00e1ul b\u0151r vagy textil eset\u00e9ben.<\/h3>\n<\/li>\n<li data-start=\"1246\" data-end=\"1277\">\n<h3><strong data-start=\"2200\" data-end=\"2211\">Csipesz\u00a0<\/strong>&#8211;\u00a0Prec\u00edzi\u00f3s munk\u00e1khoz, p\u00e9ld\u00e1ul sz\u00e1lk\u00e1k elt\u00e1vol\u00edt\u00e1s\u00e1ra.<\/h3>\n<\/li>\n<li data-start=\"1246\" data-end=\"1277\">\n<h3><strong data-start=\"2278\" data-end=\"2289\">Fogv\u00e1j\u00f3\u00a0<\/strong>&#8211;\u00a0Praktikus kieg\u00e9sz\u00edt\u0151 a mindennapokban.<\/h3>\n<\/li>\n<li data-start=\"1246\" data-end=\"1277\">\n<h3><strong data-start=\"2342\" data-end=\"2357\">Kulcszsin\u00f3r\u00a0<\/strong>&#8211;\u00a0K\u00f6nnyen r\u00f6gz\u00edthet\u0151 kulcscsom\u00f3ra vagy h\u00e1tizs\u00e1kra, hogy mindig k\u00e9zn\u00e9l legyen.<\/h3>\n<\/li>\n<\/ul>\n<h3 data-start=\"2446\" data-end=\"2477\"><strong data-start=\"2450\" data-end=\"2475\">FELHASZN\u00c1L\u00c1SI TER\u00dcLET<\/strong><\/h3>\n<ul>\n<li data-start=\"2446\" data-end=\"2477\">\n<h3><strong data-start=\"2480\" data-end=\"2511\">Szabadt\u00e9ri tev\u00e9kenys\u00e9gekhez\u00a0<\/strong>&#8211;\u00a0T\u00f6k\u00e9letes t\u00e1rs t\u00far\u00e1z\u00e1sokhoz, kempingez\u00e9sekhez, hegym\u00e1sz\u00e1shoz \u00e9s m\u00e1s outdoor kalandokhoz.<\/h3>\n<\/li>\n<li data-start=\"2446\" data-end=\"2477\">\n<h3><strong data-start=\"2610\" data-end=\"2636\">Mindennapi haszn\u00e1latra\u00a0<\/strong>&#8211;\u00a0Praktikus seg\u00edt\u0151t\u00e1rs otthoni, munkahelyi vagy \u00fatk\u00f6zbeni kisebb jav\u00edt\u00e1sokhoz \u00e9s feladatokhoz.<\/h3>\n<\/li>\n<li data-start=\"2446\" data-end=\"2477\">\n<h3><strong data-start=\"2739\" data-end=\"2753\">Aj\u00e1nd\u00e9knak\u00a0<\/strong>&#8211;\u00a0Az Onyx Black bevonat \u00e9s az ergonomikus kialak\u00edt\u00e1s miatt eleg\u00e1ns \u00e9s k\u00fcl\u00f6nleges aj\u00e1nd\u00e9k term\u00e9szetj\u00e1r\u00f3k, t\u00far\u00e1z\u00f3k vagy gy\u0171jt\u0151k sz\u00e1m\u00e1ra.<\/h3>\n<\/li>\n<\/ul>\n<h3 data-start=\"3144\" data-end=\"3176\"><strong data-start=\"3148\" data-end=\"3174\">KARBANTART\u00c1SI JAVASLAT<\/strong><\/h3>\n<ul>\n<li data-start=\"3144\" data-end=\"3176\">\n<h3><strong data-start=\"3179\" data-end=\"3192\">Tiszt\u00edt\u00e1s\u00a0<\/strong>&#8211;\u00a0Haszn\u00e1lat ut\u00e1n t\u00f6r\u00f6lje le a peng\u00e9t \u00e9s az eszk\u00f6z\u00f6ket puha, nedves ruh\u00e1val, majd alaposan sz\u00e1r\u00edtsa meg.<\/h3>\n<\/li>\n<li data-start=\"3144\" data-end=\"3176\">\n<h3><strong data-start=\"3304\" data-end=\"3314\">\u00c9lez\u00e9s\u00a0<\/strong>&#8211;\u00a0\u00c9lezze a peng\u00e9t Victorinox \u00e9lez\u0151vel, hogy mindig \u00e9les \u00e9s hat\u00e9kony maradjon.<\/h3>\n<\/li>\n<li data-start=\"3144\" data-end=\"3176\">\n<h3><strong data-start=\"3400\" data-end=\"3411\">T\u00e1rol\u00e1s\u00a0<\/strong>&#8211;\u00a0Tartsa sz\u00e1raz helyen, hogy meg\u0151rizze a k\u00e9s min\u0151s\u00e9g\u00e9t \u00e9s hossz\u00fa \u00e9lettartam\u00e1t.<\/h3>\n<\/li>\n<\/ul>\n<h3 data-start=\"3521\" data-end=\"3847\">A\u00a0<strong data-start=\"3523\" data-end=\"3590\">VICTORINOX Swiss Army Ranger 55 Grip Onyx Black zsebk\u00e9s, fekete<\/strong>\u00a0egy pr\u00e9mium min\u0151s\u00e9g\u0171, modern \u00e9s eleg\u00e1ns zsebk\u00e9s, amely ide\u00e1lis v\u00e1laszt\u00e1s outdoor tev\u00e9kenys\u00e9gekhez \u00e9s mindennapi haszn\u00e1latra. A 13 funkci\u00f3, az Onyx Black bevonat \u00e9s a sv\u00e1jci precizit\u00e1s garant\u00e1lja, hogy ez a zsebk\u00e9s minden helyzetben megb\u00edzhat\u00f3 t\u00e1rsa lesz.<\/h3>\n","protected":false},"excerpt":{"rendered":"<p>A\u00a0VICTORINOX Swiss Army Ranger 55 Grip Onyx Black\u00a0egy pr\u00e9mium kateg\u00f3ri\u00e1s, sokoldal\u00fa zsebk\u00e9s, amelyet kifejezetten outdoor tev\u00e9kenys\u00e9gekhez, t\u00far\u00e1z\u00e1shoz \u00e9s mindennapi feladatokhoz terveztek. A\u00a0reteszelhet\u0151 peng\u00e9vel\u00a0\u00e9s\u00a013 funkci\u00f3val\u00a0rendelkez\u0151 Ranger 55 Grip modell modern, matt fekete bevonat\u00e1val \u00e9s ergonomikus kialak\u00edt\u00e1s\u00e1val t\u0171nik ki. A sv\u00e1jci precizit\u00e1s \u00e9s a Victorinox h\u00edres megb\u00edzhat\u00f3s\u00e1ga garant\u00e1lja, hogy ez az eszk\u00f6z minden helyzetben meg\u00e1llja a hely\u00e9t. [&hellip;]<\/p>\n","protected":false},"featured_media":8657,"comment_status":"open","ping_status":"closed","template":"","meta":{"_et_pb_use_builder":"","_et_pb_old_content":"","_et_gb_content_width":"","om_disable_all_campaigns":false},"product_brand":[],"product_cat":[166,21,167],"product_tag":[1935,1934],"class_list":{"0":"post-8654","1":"product","2":"type-product","3":"status-publish","4":"has-post-thumbnail","6":"product_cat-kesek","7":"product_cat-uj","8":"product_cat-zsebkesek","9":"product_tag-fekete-cikkszam-0_9563_c31p","10":"product_tag-victorinox-swiss-army-ranger-55-grip-onyx-black-zsebkes","12":"first","13":"instock","14":"taxable","15":"shipping-taxable","16":"purchasable","17":"product-type-simple"},"_links":{"self":[{"href":"https:\/\/www.vadaszboltcsorna.hu\/index.php\/wp-json\/wp\/v2\/product\/8654","targetHints":{"allow":["GET"]}}],"collection":[{"href":"https:\/\/www.vadaszboltcsorna.hu\/index.php\/wp-json\/wp\/v2\/product"}],"about":[{"href":"https:\/\/www.vadaszboltcsorna.hu\/index.php\/wp-json\/wp\/v2\/types\/product"}],"replies":[{"embeddable":true,"href":"https:\/\/www.vadaszboltcsorna.hu\/index.php\/wp-json\/wp\/v2\/comments?post=8654"}],"wp:featuredmedia":[{"embeddable":true,"href":"https:\/\/www.vadaszboltcsorna.hu\/index.php\/wp-json\/wp\/v2\/media\/8657"}],"wp:attachment":[{"href":"https:\/\/www.vadaszboltcsorna.hu\/index.php\/wp-json\/wp\/v2\/media?parent=8654"}],"wp:term":[{"taxonomy":"product_brand","embeddable":true,"href":"https:\/\/www.vadaszboltcsorna.hu\/index.php\/wp-json\/wp\/v2\/product_brand?post=8654"},{"taxonomy":"product_cat","embeddable":true,"href":"https:\/\/www.vadaszboltcsorna.hu\/index.php\/wp-json\/wp\/v2\/product_cat?post=8654"},{"taxonomy":"product_tag","embeddable":true,"href":"https:\/\/www.vadaszboltcsorna.hu\/index.php\/wp-json\/wp\/v2\/product_tag?post=8654"}],"curies":[{"name":"wp","href":"https:\/\/api.w.org\/{rel}","templated":true}]}}