{"id":8645,"date":"2026-01-13T12:15:53","date_gmt":"2026-01-13T12:15:53","guid":{"rendered":"https:\/\/www.vadaszboltcsorna.hu\/?post_type=product&#038;p=8645"},"modified":"2026-01-13T12:20:07","modified_gmt":"2026-01-13T12:20:07","slug":"nebo-mycro-500-fejlampa-es-sapkalampa-500-lumen","status":"publish","type":"product","link":"https:\/\/www.vadaszboltcsorna.hu\/index.php\/termek\/nebo-mycro-500-fejlampa-es-sapkalampa-500-lumen\/","title":{"rendered":"Nebo Mycro 500+ fejl\u00e1mpa \u00e9s sapkal\u00e1mpa \u2013 500 lumen"},"content":{"rendered":"<h2 style=\"text-align: center;\"><strong>Nebo Mycro 500+ fejl\u00e1mpa \u00e9s sapkal\u00e1mpa \u2013 500 lumen<\/strong><\/h2>\n<p>&nbsp;<\/p>\n<p data-start=\"196\" data-end=\"593\">A <strong data-start=\"198\" data-end=\"217\">Nebo Mycro 500+<\/strong> egy rendk\u00edv\u00fcl kompakt, m\u00e9gis meglep\u0151en er\u0151s vil\u00e1g\u00edt\u00e1si megold\u00e1s, amely fejl\u00e1mpak\u00e9nt \u00e9s sapk\u00e1ra r\u00f6gz\u00edthet\u0151 l\u00e1mpak\u00e9nt is haszn\u00e1lhat\u00f3. Az 500 lumenes f\u00e9nyer\u0151, a szenzoros vez\u00e9rl\u00e9s \u00e9s a m\u00e1gneses t\u00f6lt\u00e9s kombin\u00e1ci\u00f3ja ide\u00e1liss\u00e1 teszi mindennapi haszn\u00e1latra, szabadt\u00e9ri tev\u00e9kenys\u00e9gekhez, szerel\u00e9shez, t\u00far\u00e1z\u00e1shoz, horg\u00e1szathoz, vad\u00e1szathoz vagy ak\u00e1r munkav\u00e9gz\u00e9shez s\u00f6t\u00e9t k\u00f6rnyezetben.<\/p>\n<hr data-start=\"595\" data-end=\"598\" \/>\n<h2 data-start=\"600\" data-end=\"653\">\ud83d\udd26 <strong data-start=\"606\" data-end=\"653\">Er\u0151, amit nem gondoln\u00e1l egy ekkora l\u00e1mp\u00e1b\u00f3l<\/strong><\/h2>\n<p data-start=\"655\" data-end=\"725\">A Mycro 500+ ak\u00e1r <strong data-start=\"673\" data-end=\"696\">500 lumen f\u00e9nyer\u0151re<\/strong> k\u00e9pes, amely b\u0151ven elegend\u0151:<\/p>\n<ul data-start=\"726\" data-end=\"854\">\n<li data-start=\"726\" data-end=\"749\">\n<p data-start=\"728\" data-end=\"749\">\u00e9jszakai t\u00far\u00e1z\u00e1shoz<\/p>\n<\/li>\n<li data-start=\"750\" data-end=\"771\">\n<p data-start=\"752\" data-end=\"771\">vadmegfigyel\u00e9shez<\/p>\n<\/li>\n<li data-start=\"772\" data-end=\"795\">\n<p data-start=\"774\" data-end=\"795\">szerel\u00e9si munk\u00e1khoz<\/p>\n<\/li>\n<li data-start=\"796\" data-end=\"812\">\n<p data-start=\"798\" data-end=\"812\">s\u00e1toroz\u00e1shoz<\/p>\n<\/li>\n<li data-start=\"813\" data-end=\"832\">\n<p data-start=\"815\" data-end=\"832\">ker\u00e9kp\u00e1roz\u00e1shoz<\/p>\n<\/li>\n<li data-start=\"833\" data-end=\"854\">\n<p data-start=\"835\" data-end=\"854\">\u00e1ramsz\u00fcnet eset\u00e9n<\/p>\n<\/li>\n<\/ul>\n<p data-start=\"856\" data-end=\"957\">A l\u00e1mpa f\u00f3kusz\u00e1lt, er\u0151s k\u00f6zponti f\u00e9nyt ad, mik\u00f6zben a k\u00f6rnyez\u0151 ter\u00fcletet is egyenletesen bevil\u00e1g\u00edtja.<\/p>\n<hr data-start=\"959\" data-end=\"962\" \/>\n<h2 data-start=\"964\" data-end=\"1012\">\u270b <strong data-start=\"969\" data-end=\"1012\">Mozdulattal vez\u00e9relhet\u0151 (Motion Sensor)<\/strong><\/h2>\n<p data-start=\"1014\" data-end=\"1128\">A be\u00e9p\u00edtett mozg\u00e1s\u00e9rz\u00e9kel\u0151 seg\u00edts\u00e9g\u00e9vel a l\u00e1mp\u00e1t <strong data-start=\"1063\" data-end=\"1081\">k\u00e9zmozdulattal<\/strong> is be- \u00e9s kikapcsolhatod \u2013 t\u00f6k\u00e9letes megold\u00e1s:<\/p>\n<ul data-start=\"1129\" data-end=\"1196\">\n<li data-start=\"1129\" data-end=\"1143\">\n<p data-start=\"1131\" data-end=\"1143\">keszty\u0171ben<\/p>\n<\/li>\n<li data-start=\"1144\" data-end=\"1161\">\n<p data-start=\"1146\" data-end=\"1161\">koszos k\u00e9zzel<\/p>\n<\/li>\n<li data-start=\"1162\" data-end=\"1196\">\n<p data-start=\"1164\" data-end=\"1196\">horg\u00e1szat vagy szerel\u00e9s k\u00f6zben<\/p>\n<\/li>\n<\/ul>\n<p data-start=\"1198\" data-end=\"1252\">Nem kell gombot keresg\u00e9lni \u2013 egy mozdulat, \u00e9s vil\u00e1g\u00edt.<\/p>\n<hr data-start=\"1254\" data-end=\"1257\" \/>\n<h2 data-start=\"1259\" data-end=\"1298\">\ud83c\udfa9 <strong data-start=\"1265\" data-end=\"1298\">Fejl\u00e1mpa \u00e9s sapkal\u00e1mpa egyben<\/strong><\/h2>\n<p data-start=\"1300\" data-end=\"1334\">A Mycro 500+ k\u00fcl\u00f6nlegess\u00e9ge, hogy:<\/p>\n<ul data-start=\"1335\" data-end=\"1444\">\n<li data-start=\"1335\" data-end=\"1387\">\n<p data-start=\"1337\" data-end=\"1387\">haszn\u00e1lhat\u00f3 <strong data-start=\"1349\" data-end=\"1387\">fejp\u00e1nttal klasszikus fejl\u00e1mpak\u00e9nt<\/strong><\/p>\n<\/li>\n<li data-start=\"1388\" data-end=\"1444\">\n<p data-start=\"1390\" data-end=\"1444\">vagy a mell\u00e9kelt klipsszel <strong data-start=\"1417\" data-end=\"1444\">sapkaellenz\u0151re r\u00f6gz\u00edtve<\/strong><\/p>\n<\/li>\n<\/ul>\n<p data-start=\"1446\" data-end=\"1551\">Ez k\u00fcl\u00f6n\u00f6sen hasznos vad\u00e1szoknak, t\u00far\u00e1z\u00f3knak \u00e9s munkav\u00e9gz\u00e9shez, ahol a hagyom\u00e1nyos fejl\u00e1mpa zavar\u00f3 lehet.<\/p>\n<hr data-start=\"1553\" data-end=\"1556\" \/>\n<h2 data-start=\"1558\" data-end=\"1610\">\ud83d\udd0b <strong data-start=\"1564\" data-end=\"1610\">USB-C m\u00e1gneses t\u00f6lt\u00e9s \u2013 gyors \u00e9s k\u00e9nyelmes<\/strong><\/h2>\n<p data-start=\"1612\" data-end=\"1643\">A be\u00e9p\u00edtett l\u00edtium akkumul\u00e1tor:<\/p>\n<ul data-start=\"1644\" data-end=\"1731\">\n<li data-start=\"1644\" data-end=\"1680\">\n<p data-start=\"1646\" data-end=\"1680\">m\u00e1gneses USB-C k\u00e1bellel t\u00f6lthet\u0151<\/p>\n<\/li>\n<li data-start=\"1681\" data-end=\"1709\">\n<p data-start=\"1683\" data-end=\"1709\">nem kell elemet cser\u00e9lni<\/p>\n<\/li>\n<li data-start=\"1710\" data-end=\"1731\">\n<p data-start=\"1712\" data-end=\"1731\">mindig k\u00e9szen \u00e1ll<\/p>\n<\/li>\n<\/ul>\n<p data-start=\"1733\" data-end=\"1801\">A t\u00f6lt\u0151port v\u00edz- \u00e9s porv\u00e9dett, \u00edgy k\u00fclt\u00e9ri haszn\u00e1latra is t\u00f6k\u00e9letes.<\/p>\n<hr data-start=\"1803\" data-end=\"1806\" \/>\n<h2 data-start=\"1808\" data-end=\"1842\">\ud83d\udca7 <strong data-start=\"1814\" data-end=\"1842\">Massz\u00edv, v\u00edz\u00e1ll\u00f3 kivitel<\/strong><\/h2>\n<p data-start=\"1844\" data-end=\"1882\">A Mycro 500+ id\u0151j\u00e1r\u00e1s\u00e1ll\u00f3 kialak\u00edt\u00e1s\u00fa:<\/p>\n<ul data-start=\"1883\" data-end=\"1953\">\n<li data-start=\"1883\" data-end=\"1893\">\n<p data-start=\"1885\" data-end=\"1893\">es\u0151ben<\/p>\n<\/li>\n<li data-start=\"1894\" data-end=\"1905\">\n<p data-start=\"1896\" data-end=\"1905\">p\u00e1r\u00e1ban<\/p>\n<\/li>\n<li data-start=\"1906\" data-end=\"1953\">\n<p data-start=\"1908\" data-end=\"1953\">poros k\u00f6rnyezetben<br data-start=\"1926\" data-end=\"1929\" \/>is megb\u00edzhat\u00f3an m\u0171k\u00f6dik.<\/p>\n<\/li>\n<\/ul>\n<hr data-start=\"1955\" data-end=\"1958\" \/>\n<h2 data-start=\"1960\" data-end=\"1984\">\ud83d\udcca <strong data-start=\"1966\" data-end=\"1984\">F\u0151bb jellemz\u0151k<\/strong><\/h2>\n<div class=\"TyagGW_tableContainer\">\n<div class=\"group TyagGW_tableWrapper flex flex-col-reverse w-fit\" tabindex=\"-1\">\n<table class=\"w-fit min-w-(--thread-content-width)\" data-start=\"1986\" data-end=\"2314\">\n<thead data-start=\"1986\" data-end=\"2009\">\n<tr data-start=\"1986\" data-end=\"2009\">\n<th data-start=\"1986\" data-end=\"2000\" data-col-size=\"sm\">Tulajdons\u00e1g<\/th>\n<th data-start=\"2000\" data-end=\"2009\" data-col-size=\"sm\">\u00c9rt\u00e9k<\/th>\n<\/tr>\n<\/thead>\n<tbody data-start=\"2032\" data-end=\"2314\">\n<tr data-start=\"2032\" data-end=\"2064\">\n<td data-start=\"2032\" data-end=\"2042\" data-col-size=\"sm\">F\u00e9nyer\u0151<\/td>\n<td data-col-size=\"sm\" data-start=\"2042\" data-end=\"2064\">max. <strong data-start=\"2049\" data-end=\"2062\">500 lumen<\/strong><\/td>\n<\/tr>\n<tr data-start=\"2065\" data-end=\"2107\">\n<td data-start=\"2065\" data-end=\"2077\" data-col-size=\"sm\">\u00dczemm\u00f3dok<\/td>\n<td data-col-size=\"sm\" data-start=\"2077\" data-end=\"2107\">t\u00f6bb fokozat + stroboszk\u00f3p<\/td>\n<\/tr>\n<tr data-start=\"2108\" data-end=\"2144\">\n<td data-start=\"2108\" data-end=\"2119\" data-col-size=\"sm\">Vez\u00e9rl\u00e9s<\/td>\n<td data-col-size=\"sm\" data-start=\"2119\" data-end=\"2144\">gomb + mozg\u00e1s\u00e9rz\u00e9kel\u0151<\/td>\n<\/tr>\n<tr data-start=\"2145\" data-end=\"2181\">\n<td data-start=\"2145\" data-end=\"2156\" data-col-size=\"sm\">R\u00f6gz\u00edt\u00e9s<\/td>\n<td data-col-size=\"sm\" data-start=\"2156\" data-end=\"2181\">fejp\u00e1nt + sapkaklipsz<\/td>\n<\/tr>\n<tr data-start=\"2182\" data-end=\"2209\">\n<td data-start=\"2182\" data-end=\"2191\" data-col-size=\"sm\">T\u00f6lt\u00e9s<\/td>\n<td data-col-size=\"sm\" data-start=\"2191\" data-end=\"2209\">m\u00e1gneses USB-C<\/td>\n<\/tr>\n<tr data-start=\"2210\" data-end=\"2244\">\n<td data-start=\"2210\" data-end=\"2224\" data-col-size=\"sm\">Akkumul\u00e1tor<\/td>\n<td data-col-size=\"sm\" data-start=\"2224\" data-end=\"2244\">be\u00e9p\u00edtett Li-ion<\/td>\n<\/tr>\n<tr data-start=\"2245\" data-end=\"2290\">\n<td data-start=\"2245\" data-end=\"2258\" data-col-size=\"sm\">V\u00edz\u00e1ll\u00f3s\u00e1g<\/td>\n<td data-col-size=\"sm\" data-start=\"2258\" data-end=\"2290\">k\u00fclt\u00e9ri haszn\u00e1latra alkalmas<\/td>\n<\/tr>\n<tr data-start=\"2291\" data-end=\"2314\">\n<td data-start=\"2291\" data-end=\"2299\" data-col-size=\"sm\">T\u00f6meg<\/td>\n<td data-col-size=\"sm\" data-start=\"2299\" data-end=\"2314\">ultrak\u00f6nny\u0171<\/td>\n<\/tr>\n<\/tbody>\n<\/table>\n<\/div>\n<\/div>\n<hr data-start=\"2316\" data-end=\"2319\" \/>\n<h2 data-start=\"2321\" data-end=\"2342\">\ud83c\udfaf Kinek aj\u00e1nljuk?<\/h2>\n<p data-start=\"2344\" data-end=\"2380\">A Nebo Mycro 500+ ide\u00e1lis v\u00e1laszt\u00e1s:<\/p>\n<ul data-start=\"2381\" data-end=\"2521\">\n<li data-start=\"2381\" data-end=\"2396\">\n<p data-start=\"2383\" data-end=\"2396\">vad\u00e1szoknak<\/p>\n<\/li>\n<li data-start=\"2397\" data-end=\"2411\">\n<p data-start=\"2399\" data-end=\"2411\">t\u00far\u00e1z\u00f3knak<\/p>\n<\/li>\n<li data-start=\"2412\" data-end=\"2428\">\n<p data-start=\"2414\" data-end=\"2428\">horg\u00e1szoknak<\/p>\n<\/li>\n<li data-start=\"2429\" data-end=\"2444\">\n<p data-start=\"2431\" data-end=\"2444\">szerel\u0151knek<\/p>\n<\/li>\n<li data-start=\"2445\" data-end=\"2463\">\n<p data-start=\"2447\" data-end=\"2463\">kempingez\u0151knek<\/p>\n<\/li>\n<li data-start=\"2464\" data-end=\"2492\">\n<p data-start=\"2466\" data-end=\"2492\">otthoni v\u00e9szvil\u00e1g\u00edt\u00e1snak<\/p>\n<\/li>\n<li data-start=\"2493\" data-end=\"2521\">\n<p data-start=\"2495\" data-end=\"2521\">aut\u00f3ba tartal\u00e9k l\u00e1mp\u00e1nak<\/p>\n<\/li>\n<\/ul>\n<hr data-start=\"2523\" data-end=\"2526\" \/>\n<h2 data-start=\"2528\" data-end=\"2570\">\ud83c\udfc6 Mi\u00e9rt jobb, mint az olcs\u00f3 fejl\u00e1mp\u00e1k?<\/h2>\n<p data-start=\"2572\" data-end=\"2711\">\u2714 Val\u00f3di 500 lumen<br data-start=\"2590\" data-end=\"2593\" \/>\u2714 Mozg\u00e1svez\u00e9rl\u00e9s<br data-start=\"2609\" data-end=\"2612\" \/>\u2714 USB-C m\u00e1gneses t\u00f6lt\u00e9s<br data-start=\"2635\" data-end=\"2638\" \/>\u2714 Pr\u00e9mium NEBO min\u0151s\u00e9g<br data-start=\"2660\" data-end=\"2663\" \/>\u2714 Sapk\u00e1ra is r\u00f6gz\u00edthet\u0151<br data-start=\"2686\" data-end=\"2689\" \/>\u2714 K\u00f6nny\u0171, m\u00e9gis er\u0151s<\/p>\n","protected":false},"excerpt":{"rendered":"<p>Nebo Mycro 500+ fejl\u00e1mpa \u00e9s sapkal\u00e1mpa \u2013 500 lumen &nbsp; A Nebo Mycro 500+ egy rendk\u00edv\u00fcl kompakt, m\u00e9gis meglep\u0151en er\u0151s vil\u00e1g\u00edt\u00e1si megold\u00e1s, amely fejl\u00e1mpak\u00e9nt \u00e9s sapk\u00e1ra r\u00f6gz\u00edthet\u0151 l\u00e1mpak\u00e9nt is haszn\u00e1lhat\u00f3. Az 500 lumenes f\u00e9nyer\u0151, a szenzoros vez\u00e9rl\u00e9s \u00e9s a m\u00e1gneses t\u00f6lt\u00e9s kombin\u00e1ci\u00f3ja ide\u00e1liss\u00e1 teszi mindennapi haszn\u00e1latra, szabadt\u00e9ri tev\u00e9kenys\u00e9gekhez, szerel\u00e9shez, t\u00far\u00e1z\u00e1shoz, horg\u00e1szathoz, vad\u00e1szathoz vagy ak\u00e1r munkav\u00e9gz\u00e9shez [&hellip;]<\/p>\n","protected":false},"featured_media":8649,"comment_status":"open","ping_status":"closed","template":"","meta":{"_et_pb_use_builder":"","_et_pb_old_content":"","_et_gb_content_width":"","om_disable_all_campaigns":false},"product_brand":[],"product_cat":[859,472,21],"product_tag":[1931],"class_list":{"0":"post-8645","1":"product","2":"type-product","3":"status-publish","4":"has-post-thumbnail","6":"product_cat-fejlampa","7":"product_cat-lampa","8":"product_cat-uj","9":"product_tag-nebo-mycro-500-fejlampa-es-sapkalampa-500-lumen","11":"first","12":"instock","13":"taxable","14":"shipping-taxable","15":"purchasable","16":"product-type-simple"},"_links":{"self":[{"href":"https:\/\/www.vadaszboltcsorna.hu\/index.php\/wp-json\/wp\/v2\/product\/8645","targetHints":{"allow":["GET"]}}],"collection":[{"href":"https:\/\/www.vadaszboltcsorna.hu\/index.php\/wp-json\/wp\/v2\/product"}],"about":[{"href":"https:\/\/www.vadaszboltcsorna.hu\/index.php\/wp-json\/wp\/v2\/types\/product"}],"replies":[{"embeddable":true,"href":"https:\/\/www.vadaszboltcsorna.hu\/index.php\/wp-json\/wp\/v2\/comments?post=8645"}],"wp:featuredmedia":[{"embeddable":true,"href":"https:\/\/www.vadaszboltcsorna.hu\/index.php\/wp-json\/wp\/v2\/media\/8649"}],"wp:attachment":[{"href":"https:\/\/www.vadaszboltcsorna.hu\/index.php\/wp-json\/wp\/v2\/media?parent=8645"}],"wp:term":[{"taxonomy":"product_brand","embeddable":true,"href":"https:\/\/www.vadaszboltcsorna.hu\/index.php\/wp-json\/wp\/v2\/product_brand?post=8645"},{"taxonomy":"product_cat","embeddable":true,"href":"https:\/\/www.vadaszboltcsorna.hu\/index.php\/wp-json\/wp\/v2\/product_cat?post=8645"},{"taxonomy":"product_tag","embeddable":true,"href":"https:\/\/www.vadaszboltcsorna.hu\/index.php\/wp-json\/wp\/v2\/product_tag?post=8645"}],"curies":[{"name":"wp","href":"https:\/\/api.w.org\/{rel}","templated":true}]}}