{"id":8599,"date":"2025-12-10T07:39:25","date_gmt":"2025-12-10T07:39:25","guid":{"rendered":"https:\/\/www.vadaszboltcsorna.hu\/?post_type=product&#038;p=8599"},"modified":"2025-12-10T07:44:59","modified_gmt":"2025-12-10T07:44:59","slug":"guide-ta450-hokamera-elotet","status":"publish","type":"product","link":"https:\/\/www.vadaszboltcsorna.hu\/index.php\/termek\/guide-ta450-hokamera-elotet\/","title":{"rendered":"GUIDE TA450 H\u0151kamera el\u0151t\u00e9t"},"content":{"rendered":"<h3 style=\"text-align: center;\"><strong>GUIDE TA450 H\u0151kamera el\u0151t\u00e9t<\/strong><\/h3>\n<p>&nbsp;<\/p>\n<p>A Guide c\u00e9g ezt az el\u0151t\u00e9tet sz\u00e9lesk\u00f6r\u0171 felhaszn\u00e1l\u00e1sra tervezte, \u00edgy nem kell agg\u00f3dnunk a sz\u00e9ls\u0151s\u00e9ges h\u0151m\u00e9rs\u00e9klet tartom\u00e1nyok \u00e9s a csapad\u00e9kos id\u0151szakok miatt sem.<br \/>\nFelszerel\u00e9se roppant egyszer\u0171 \u00e9s gyors. Nincs sz\u00fcks\u00e9g null\u00e1z\u00e1sra, \u00e9s a legt\u00f6bb (40-70 mm-ig) adapterrel kompatibilis.<\/p>\n<section class=\"elementor-section elementor-top-section elementor-element elementor-element-c3ed912 elementor-section-boxed elementor-section-height-default elementor-section-height-default\" data-id=\"c3ed912\" data-element_type=\"section\" data-settings=\"{&quot;jet_parallax_layout_list&quot;:[]}\">\n<div class=\"elementor-container elementor-column-gap-default\">\n<div class=\"elementor-column elementor-col-50 elementor-top-column elementor-element elementor-element-425e6fd\" data-id=\"425e6fd\" data-element_type=\"column\">\n<div class=\"elementor-widget-wrap elementor-element-populated\">\n<div class=\"elementor-element elementor-element-fbdd777 elementor-widget elementor-widget-heading\" data-id=\"fbdd777\" data-element_type=\"widget\" data-widget_type=\"heading.default\">\n<div class=\"elementor-widget-container\">\n<h3 class=\"elementor-heading-title elementor-size-default\">K\u00fcl\u00f6nleges optikai tervez\u00e9s a biztos c\u00e9lz\u00e1s\u00e9rt<\/h3>\n<\/div>\n<\/div>\n<div class=\"elementor-element elementor-element-89a5a5b elementor-widget elementor-widget-text-editor\" data-id=\"89a5a5b\" data-element_type=\"widget\" data-widget_type=\"text-editor.default\">\n<div class=\"elementor-widget-container\">\n<p>P\u00e1ratlan sz\u00f3rt f\u00e9ny anal\u00edzis \u00e9s feldolgoz\u00e1s technol\u00f3gia. Kiv\u00e1l\u00f3 min\u0151s\u00e9g\u0171 k\u00e9p \u00e9s szigor\u00fa min\u0151s\u00e9gi el\u0151\u00edr\u00e1sok biztos\u00edtj\u00e1k a pontos c\u00e9lz\u00e1st \u00e9s stabilit\u00e1st.<\/p>\n<\/div>\n<\/div>\n<\/div>\n<\/div>\n<\/div>\n<\/section>\n<section class=\"elementor-section elementor-top-section elementor-element elementor-element-9b4547d elementor-section-boxed elementor-section-height-default elementor-section-height-default\" data-id=\"9b4547d\" data-element_type=\"section\" data-settings=\"{&quot;jet_parallax_layout_list&quot;:[]}\">\n<div class=\"elementor-container elementor-column-gap-default\">\n<div class=\"elementor-column elementor-col-100 elementor-top-column elementor-element elementor-element-887be7a\" data-id=\"887be7a\" data-element_type=\"column\">\n<div class=\"elementor-widget-wrap elementor-element-populated\">\n<div class=\"elementor-element elementor-element-c7cbf1a elementor-widget elementor-widget-heading\" data-id=\"c7cbf1a\" data-element_type=\"widget\" data-widget_type=\"heading.default\">\n<div class=\"elementor-widget-container\">\n<h3 class=\"elementor-heading-title elementor-size-default\">Sz\u00ednes OLED kijelz\u0151<\/h3>\n<\/div>\n<\/div>\n<\/div>\n<\/div>\n<\/div>\n<\/section>\n<section class=\"elementor-section elementor-top-section elementor-element elementor-element-08a5468 elementor-section-boxed elementor-section-height-default elementor-section-height-default\" data-id=\"08a5468\" data-element_type=\"section\" data-settings=\"{&quot;background_background&quot;:&quot;classic&quot;,&quot;jet_parallax_layout_list&quot;:[]}\">\n<div class=\"elementor-container elementor-column-gap-default\">\n<div class=\"elementor-column elementor-col-100 elementor-top-column elementor-element elementor-element-3c06b3e\" data-id=\"3c06b3e\" data-element_type=\"column\">\n<div class=\"elementor-widget-wrap elementor-element-populated\">\n<div class=\"elementor-element elementor-element-7b0a15c elementor-widget elementor-widget-spacer\" data-id=\"7b0a15c\" data-element_type=\"widget\" data-widget_type=\"spacer.default\">\n<div class=\"elementor-widget-container\">\n<div class=\"elementor-spacer\">\n<div class=\"elementor-spacer-inner\"><\/div>\n<\/div>\n<\/div>\n<\/div>\n<\/div>\n<\/div>\n<\/div>\n<\/section>\n<section class=\"elementor-section elementor-top-section elementor-element elementor-element-9f8b973 elementor-section-boxed elementor-section-height-default elementor-section-height-default\" data-id=\"9f8b973\" data-element_type=\"section\" data-settings=\"{&quot;jet_parallax_layout_list&quot;:[]}\">\n<div class=\"elementor-container elementor-column-gap-default\">\n<div class=\"elementor-column elementor-col-50 elementor-top-column elementor-element elementor-element-c3c7d6d\" data-id=\"c3c7d6d\" data-element_type=\"column\">\n<div class=\"elementor-widget-wrap elementor-element-populated\">\n<div class=\"elementor-element elementor-element-9ddaa52 elementor-widget elementor-widget-text-editor\" data-id=\"9ddaa52\" data-element_type=\"widget\" data-widget_type=\"text-editor.default\">\n<div class=\"elementor-widget-container\">\n<p><strong>A sz\u00ednes 1024\u00d7768 felbont\u00e1s\u00fa<\/strong>\u00a00,39\u2033-os OLED kijelz\u0151 kiv\u00e1l\u00f3 k\u00e9pmin\u0151s\u00e9get garant\u00e1l megemelve a betekint\u00e9si komfortot \u00e9s kihangs\u00falyozva a legapr\u00f3bb r\u00e9szleteket is. 400\u00d7300 pixeles \u00e9rz\u00e9kel\u0151j\u00e9nek k\u00e9pe remek felbont\u00e1sban ker\u00fcl haszn\u00e1l\u00f3ja szeme el\u00e9. Az 50mm-es f\u00f3kuszt\u00e1vols\u00e1g\u00fa objekt\u00edv \u00e9s az 50Hz-es k\u00e9pfriss\u00edt\u00e9s folyamatos, \u00e9lvezhet\u0151 k\u00e9pet \u00e9s a sebess\u00e9g re\u00e1lis \u00e9rzet\u00e9t k\u00edn\u00e1lja.<\/p>\n<\/div>\n<\/div>\n<\/div>\n<\/div>\n<div class=\"elementor-column elementor-col-50 elementor-top-column elementor-element elementor-element-3fc312c\" data-id=\"3fc312c\" data-element_type=\"column\">\n<div class=\"elementor-widget-wrap elementor-element-populated\">\n<div class=\"elementor-element elementor-element-407f249 elementor-widget elementor-widget-text-editor\" data-id=\"407f249\" data-element_type=\"widget\" data-widget_type=\"text-editor.default\">\n<div class=\"elementor-widget-container\">\n<p><strong>A Guide h\u0151kamera<\/strong>\u00a0el\u0151t\u00e9t a manu\u00e1lis f\u00f3kusz lehet\u0151s\u00e9g\u00e9vel ker\u00fcl forgalomba. A kijelz\u0151n lehet\u0151s\u00e9g\u00fcnk van t\u00f6bbf\u00e9le k\u00e9pbe\u00e1ll\u00edt\u00e1sra, mint \u201eFekete kiemel\u00e9s, feh\u00e9r kiemel\u00e9s, v\u00f6r\u00f6s \u00e9s z\u00f6ld kiemel\u00e9s\u201d. Kalibr\u00e1l\u00e1sb\u00f3l is h\u00e1romf\u00e9le m\u00f3d k\u00f6z\u00fcl (automata, manu\u00e1lis, manu\u00e1lis kompenz\u00e1ci\u00f3s) v\u00e1laszthatunk. A kijelz\u0151 kontrasztja \u00e9s f\u00e9nyereje \u00e1ll\u00edthat\u00f3.<\/p>\n<\/div>\n<\/div>\n<section class=\"elementor-section elementor-top-section elementor-element elementor-element-76ffaa3 elementor-section-boxed elementor-section-height-default elementor-section-height-default\" data-id=\"76ffaa3\" data-element_type=\"section\" data-settings=\"{&quot;jet_parallax_layout_list&quot;:[]}\">\n<div class=\"elementor-container elementor-column-gap-default\">\n<div class=\"elementor-column elementor-col-50 elementor-top-column elementor-element elementor-element-f592b06\" data-id=\"f592b06\" data-element_type=\"column\">\n<div class=\"elementor-widget-wrap elementor-element-populated\">\n<div class=\"elementor-element elementor-element-96afb6d elementor-widget elementor-widget-heading\" data-id=\"96afb6d\" data-element_type=\"widget\" data-widget_type=\"heading.default\">\n<div class=\"elementor-widget-container\">\n<h3 class=\"elementor-heading-title elementor-size-default\">Egy k\u00e9sz\u00fcl\u00e9k k\u00e9tf\u00e9le felhaszn\u00e1l\u00e1sra<\/h3>\n<\/div>\n<\/div>\n<div class=\"elementor-element elementor-element-b61b5eb elementor-widget elementor-widget-text-editor\" data-id=\"b61b5eb\" data-element_type=\"widget\" data-widget_type=\"text-editor.default\">\n<div class=\"elementor-widget-container\">\n<p>Haszn\u00e1lja h\u0151kamer\u00e1j\u00e1t a gy\u00e1ri opcion\u00e1lis okul\u00e1r seg\u00edts\u00e9g\u00e9vel egykezes 2.5-szeres nagy\u00edt\u00e1s\u00fa keres\u0151 h\u0151kamerak\u00e9nt, vagy r\u00f6gz\u00edtse azt egy c\u00e9lt\u00e1vcs\u00f6v\u00f6n a megfelel\u0151 adapter seg\u00edts\u00e9g\u00e9vel, \u00edgy egyszerre k\u00e9tf\u00e9le felhaszn\u00e1l\u00e1sa v\u00e1lik lehet\u0151v\u00e9. A c\u00e9lt\u00e1vcs\u0151 frontlencse k\u00fcls\u0151 tubus\u00e1tm\u00e9r\u0151j\u00e9nek ismeret\u00e9ben a h\u0151kamera k\u00e9t term\u00e9k megv\u00e1s\u00e1rl\u00e1s\u00e1val v\u00e1lik azon r\u00f6gz\u00edthet\u0151v\u00e9<\/p>\n<\/div>\n<\/div>\n<\/div>\n<\/div>\n<div class=\"elementor-column elementor-col-50 elementor-top-column elementor-element elementor-element-2547f34\" data-id=\"2547f34\" data-element_type=\"column\" data-settings=\"{&quot;background_background&quot;:&quot;classic&quot;}\">\n<div class=\"elementor-widget-wrap\"><\/div>\n<\/div>\n<\/div>\n<\/section>\n<section class=\"elementor-section elementor-top-section elementor-element elementor-element-b7647cc elementor-section-boxed elementor-section-height-default elementor-section-height-default\" data-id=\"b7647cc\" data-element_type=\"section\" data-settings=\"{&quot;background_background&quot;:&quot;classic&quot;,&quot;jet_parallax_layout_list&quot;:[]}\">\n<div class=\"elementor-container elementor-column-gap-default\">\n<div class=\"elementor-column elementor-col-100 elementor-top-column elementor-element elementor-element-0134cc2\" data-id=\"0134cc2\" data-element_type=\"column\">\n<div class=\"elementor-widget-wrap elementor-element-populated\">\n<div class=\"elementor-element elementor-element-0729975 elementor-widget elementor-widget-spacer\" data-id=\"0729975\" data-element_type=\"widget\" data-widget_type=\"spacer.default\">\n<div class=\"elementor-widget-container\">\n<div class=\"elementor-spacer\">\n<div class=\"elementor-spacer-inner\"><\/div>\n<\/div>\n<\/div>\n<\/div>\n<\/div>\n<\/div>\n<\/div>\n<\/section>\n<section class=\"elementor-section elementor-top-section elementor-element elementor-element-b891bb7 elementor-section-boxed elementor-section-height-default elementor-section-height-default\" data-id=\"b891bb7\" data-element_type=\"section\" data-settings=\"{&quot;jet_parallax_layout_list&quot;:[]}\">\n<div class=\"elementor-container elementor-column-gap-default\">\n<div class=\"elementor-column elementor-col-50 elementor-top-column elementor-element elementor-element-ce53e57\" data-id=\"ce53e57\" data-element_type=\"column\">\n<div class=\"elementor-widget-wrap elementor-element-populated\">\n<div class=\"elementor-element elementor-element-9491f8a elementor-widget elementor-widget-heading\" data-id=\"9491f8a\" data-element_type=\"widget\" data-widget_type=\"heading.default\">\n<div class=\"elementor-widget-container\">\n<h3 class=\"elementor-heading-title elementor-size-default\">5 f\u00e9le jelenet \u00fczemm\u00f3d k\u00fcl\u00f6nf\u00e9le elv\u00e1r\u00e1sokhoz<\/h3>\n<\/div>\n<\/div>\n<div class=\"elementor-element elementor-element-183bba3 elementor-widget elementor-widget-text-editor\" data-id=\"183bba3\" data-element_type=\"widget\" data-widget_type=\"text-editor.default\">\n<div class=\"elementor-widget-container\">\n<p>V\u00e1ltson gyorsan az 5 k\u00fcl\u00f6nb\u00f6z\u0151 \u00fczemm\u00f3d k\u00f6z\u00f6tt (\u00e1ltal\u00e1nos \/ v\u00e1ros \/ erd\u0151 \/ h\u00f3 \/ sivatag) egy gombbal, a k\u00e9p azonnal a ter\u00fclet jellege szerinti legfontosabb r\u00e9szleteket emeli ki.<\/p>\n<\/div>\n<\/div>\n<\/div>\n<\/div>\n<div class=\"elementor-column elementor-col-50 elementor-top-column elementor-element elementor-element-5cea845\" data-id=\"5cea845\" data-element_type=\"column\">\n<div class=\"elementor-widget-wrap elementor-element-populated\">\n<div class=\"elementor-element elementor-element-d3c3cfc elementor-widget elementor-widget-heading\" data-id=\"d3c3cfc\" data-element_type=\"widget\" data-widget_type=\"heading.default\">\n<div class=\"elementor-widget-container\">\n<h3 class=\"elementor-heading-title elementor-size-default\">K\u00fcl\u00f6nb\u00f6z\u0151 sz\u00ednpalett\u00e1k a c\u00e9lpont megfelel\u0151 kiemel\u00e9s\u00e9hez<\/h3>\n<\/div>\n<\/div>\n<div class=\"elementor-element elementor-element-744d4bc elementor-widget elementor-widget-text-editor\" data-id=\"744d4bc\" data-element_type=\"widget\" data-widget_type=\"text-editor.default\">\n<div class=\"elementor-widget-container\">\n<p>4 f\u00e9le sz\u00ednpaletta seg\u00edti a megfigyel\u00e9st, \u00edgy mindig az \u00e1ltalunk legfontosabbnak tartott r\u00e9szleteket emelhetj\u00fck ki, illetve ez\u00e1ltal teljesen elt\u00e9r\u0151 mozg\u00e1s aktivit\u00e1sokat figyelhet\u00fcnk meg. Emellett a k\u00fcl\u00f6nb\u00f6z\u0151 id\u0151j\u00e1r\u00e1s k\u00f6r\u00fclm\u00e9nyek k\u00f6z\u00f6tt is nagy seg\u00edts\u00e9g a k\u00fcl\u00f6nb\u00f6z\u0151 h\u0151m\u00e9rs\u00e9klet\u0171 objektumok megk\u00fcl\u00f6nb\u00f6ztet\u00e9s\u00e9ben.<\/p>\n<\/div>\n<\/div>\n<\/div>\n<\/div>\n<\/div>\n<\/section>\n<section class=\"elementor-section elementor-top-section elementor-element elementor-element-c619e7a elementor-section-boxed elementor-section-height-default elementor-section-height-default\" data-id=\"c619e7a\" data-element_type=\"section\" data-settings=\"{&quot;jet_parallax_layout_list&quot;:[]}\">\n<div class=\"elementor-container elementor-column-gap-default\">\n<div class=\"elementor-column elementor-col-100 elementor-top-column elementor-element elementor-element-9151f82\" data-id=\"9151f82\" data-element_type=\"column\">\n<div class=\"elementor-widget-wrap elementor-element-populated\">\n<div class=\"elementor-element elementor-element-e6ab231 elementor-widget elementor-widget-heading\" data-id=\"e6ab231\" data-element_type=\"widget\" data-widget_type=\"heading.default\">\n<div class=\"elementor-widget-container\">\n<h3 class=\"elementor-heading-title elementor-size-default\">Jellemz\u0151k:<\/h3>\n<\/div>\n<\/div>\n<div class=\"elementor-element elementor-element-1cdd7d3 elementor-align-center elementor-icon-list--layout-traditional elementor-list-item-link-full_width elementor-widget elementor-widget-icon-list\" data-id=\"1cdd7d3\" data-element_type=\"widget\" data-widget_type=\"icon-list.default\">\n<div class=\"elementor-widget-container\">\n<ul class=\"elementor-icon-list-items\">\n<li class=\"elementor-icon-list-item\"><i class=\"fas fa-check\" aria-hidden=\"true\"><\/i><span class=\"elementor-icon-list-text\">400&#215;300 pixeles \u00e9rz\u00e9kel\u0151 felbont\u00e1s, 50 Hz-es k\u00e9pfriss\u00edt\u00e9ssel a folyamatos mozg\u00e1s \u00e9lm\u00e9ny\u00e9\u00e9rt<\/span><\/li>\n<li class=\"elementor-icon-list-item\"><i class=\"fas fa-check\" aria-hidden=\"true\"><\/i><span class=\"elementor-icon-list-text\">2-szeres \u00e9s 4-szeres digit\u00e1ls zoom<\/span><\/li>\n<li class=\"elementor-icon-list-item\"><i class=\"fas fa-check\" aria-hidden=\"true\"><\/i><span class=\"elementor-icon-list-text\">ak\u00e1r 3 \u00f3r\u00e1s elem \u00e9lettartam<\/span><\/li>\n<li class=\"elementor-icon-list-item\"><i class=\"fas fa-check\" aria-hidden=\"true\"><\/i><span class=\"elementor-icon-list-text\">be\u00e1ll\u00edthat\u00f3, hogy 5 perc ut\u00e1n a kijelz\u0151 kikapcsoljon, ez\u00e1ltal standby \u00fczemm\u00f3dba kapcsol az energiahat\u00e9konys\u00e1g \u00e9rdek\u00e9ben<\/span><\/li>\n<li class=\"elementor-icon-list-item\"><i class=\"fas fa-check\" aria-hidden=\"true\"><\/i><span class=\"elementor-icon-list-text\">anal\u00f3g vide\u00f3 kimenet<\/span><\/li>\n<li class=\"elementor-icon-list-item\"><i class=\"fas fa-check\" aria-hidden=\"true\"><\/i><span class=\"elementor-icon-list-text\">sz\u00ednes OLED kijelz\u0151 1024&#215;768 pixel felbont\u00e1sban<\/span><\/li>\n<li class=\"elementor-icon-list-item\"><i class=\"fas fa-check\" aria-hidden=\"true\"><\/i><span class=\"elementor-icon-list-text\">rendk\u00edv\u00fcl alacsony s\u00faly (&lt;450g)<\/span><\/li>\n<li class=\"elementor-icon-list-item\"><i class=\"fas fa-check\" aria-hidden=\"true\"><\/i><span class=\"elementor-icon-list-text\">NETD: &lt;=50mk@25\u00b0C<\/span><\/li>\n<\/ul>\n<\/div>\n<\/div>\n<\/div>\n<\/div>\n<\/div>\n<\/section>\n<\/div>\n<p><iframe loading=\"lazy\" title=\"Guide TA450 | Optics Trade Real Start up Time\" width=\"1080\" height=\"608\" src=\"https:\/\/www.youtube.com\/embed\/OONEXkkMBs8?feature=oembed\"  allow=\"accelerometer; autoplay; clipboard-write; encrypted-media; gyroscope; picture-in-picture; web-share\" referrerpolicy=\"strict-origin-when-cross-origin\" allowfullscreen><\/iframe><\/p>\n<div class=\"product-description\">\n<p>Nem csak a hardver, a szoftver is komoly:<\/p>\n<ul>\n<li><strong>4 sz\u00ednpaletta<\/strong>\u00a0(forr\u00f3 feh\u00e9r, forr\u00f3 fekete, v\u00f6r\u00f6s, z\u00f6ld) \u2013 mindig az a kontraszt ker\u00fcl<br \/>\nel\u0151t\u00e9rbe, ami az adott helyzetben a legt\u00f6bbet seg\u00edt.<\/li>\n<li><strong>5 k\u00fcl\u00f6nb\u00f6z\u0151 jelenetm\u00f3d<\/strong>\u00a0(alap, v\u00e1ros, erd\u0151, h\u00f3, sivatag), hogy a k\u00f6rnyezethez, h\u00e1tt\u00e9rhez<br \/>\nigaz\u00edtsd a k\u00e9pet.<\/li>\n<li><strong>Hot Point funkci\u00f3<\/strong>\u00a0\u2013 automatikusan kiemeli \u00e9s k\u00f6veti a k\u00e9p legmelegebb pontj\u00e1t, \u00edgy<br \/>\ngyorsabban \u00e9szreveszed a mozg\u00e1st, a c\u00e9lpontot.<\/li>\n<\/ul>\n<p>Emellett van egy terepen aranyat \u00e9r\u0151 r\u00e9szlet:<br \/>\n<strong>automatikus kijelz\u0151-kikapcsol\u00e1s<\/strong>, amely nem csak az akkuid\u0151t k\u00edm\u00e9li, de cs\u00f6kkenti annak<br \/>\nes\u00e9ly\u00e9t is, hogy a vil\u00e1g\u00edt\u00f3 kijelz\u0151 el\u00e1rulja a poz\u00edci\u00f3dat s\u00f6t\u00e9tben.<\/p>\n<p>\u00c9s ha maxim\u00e1lis k\u00e9nyelemre v\u00e1gysz: a TA450\u00a0<strong>opcion\u00e1lis Bluetooth t\u00e1vvez\u00e9rl\u0151vel<\/strong>\u00a0is haszn\u00e1lhat\u00f3,<br \/>\n\u00edgy a f\u0151bb funkci\u00f3kat a fegyverfog\u00e1st nem bontva, csendben, diszkr\u00e9ten vez\u00e9relheted.<\/p>\n<\/div>\n<p>&nbsp;<\/p>\n<div class=\"product-description\">\n<h2>Vad\u00e1szaton t\u00fal: \u0151rz\u00e9s, j\u00e1r\u0151r\u00f6z\u00e9s, kutat\u00e1s-ment\u00e9s<\/h2>\n<p>B\u00e1r a legt\u00f6bben a TA435-\u00f6t vad\u00e1szatra haszn\u00e1lj\u00e1k, a m\u0171szaki tud\u00e1sa messze t\u00falmutat ezen.<\/p>\n<ul>\n<li><strong>Vagyonv\u00e9delmi, objektum\u0151rz\u00e9si, ter\u00fclet-j\u00e1r\u0151r\u00f6z\u00e9si<\/strong>\u00a0feladatokra is kiv\u00e1l\u00f3.<\/li>\n<li><strong>Keres\u00e9sre \u00e9s ment\u00e9sre<\/strong>\u00a0\u2013 p\u00e9ld\u00e1ul elt\u0171nt szem\u00e9lyek, baleseti s\u00e9r\u00fcltek felkutat\u00e1s\u00e1ra neh\u00e9z<br \/>\nterepen, \u00e9jszaka, rossz l\u00e1t\u00e1si viszonyok k\u00f6z\u00f6tt.<\/li>\n<\/ul>\n<p>&nbsp;<\/p>\n<\/div>\n<\/div>\n<\/div>\n<\/section>\n<p>&nbsp;<\/p>\n","protected":false},"excerpt":{"rendered":"<p>GUIDE TA450 H\u0151kamera el\u0151t\u00e9t &nbsp; A Guide c\u00e9g ezt az el\u0151t\u00e9tet sz\u00e9lesk\u00f6r\u0171 felhaszn\u00e1l\u00e1sra tervezte, \u00edgy nem kell agg\u00f3dnunk a sz\u00e9ls\u0151s\u00e9ges h\u0151m\u00e9rs\u00e9klet tartom\u00e1nyok \u00e9s a csapad\u00e9kos id\u0151szakok miatt sem. Felszerel\u00e9se roppant egyszer\u0171 \u00e9s gyors. Nincs sz\u00fcks\u00e9g null\u00e1z\u00e1sra, \u00e9s a legt\u00f6bb (40-70 mm-ig) adapterrel kompatibilis. K\u00fcl\u00f6nleges optikai tervez\u00e9s a biztos c\u00e9lz\u00e1s\u00e9rt P\u00e1ratlan sz\u00f3rt f\u00e9ny anal\u00edzis \u00e9s feldolgoz\u00e1s [&hellip;]<\/p>\n","protected":false},"featured_media":8600,"comment_status":"open","ping_status":"closed","template":"","meta":{"_et_pb_use_builder":"","_et_pb_old_content":"","_et_gb_content_width":"","om_disable_all_campaigns":false},"product_brand":[],"product_cat":[447,526,21],"product_tag":[1120,1926,529],"class_list":{"0":"post-8599","1":"product","2":"type-product","3":"status-publish","4":"has-post-thumbnail","6":"product_cat-hokamera","7":"product_cat-hokamera-elotet","8":"product_cat-uj","9":"product_tag-akcio","10":"product_tag-guide-ta450-hokamera-elotet","11":"product_tag-hokamera-elotet","13":"first","14":"instock","15":"sale","16":"taxable","17":"shipping-taxable","18":"purchasable","19":"product-type-simple"},"_links":{"self":[{"href":"https:\/\/www.vadaszboltcsorna.hu\/index.php\/wp-json\/wp\/v2\/product\/8599","targetHints":{"allow":["GET"]}}],"collection":[{"href":"https:\/\/www.vadaszboltcsorna.hu\/index.php\/wp-json\/wp\/v2\/product"}],"about":[{"href":"https:\/\/www.vadaszboltcsorna.hu\/index.php\/wp-json\/wp\/v2\/types\/product"}],"replies":[{"embeddable":true,"href":"https:\/\/www.vadaszboltcsorna.hu\/index.php\/wp-json\/wp\/v2\/comments?post=8599"}],"wp:featuredmedia":[{"embeddable":true,"href":"https:\/\/www.vadaszboltcsorna.hu\/index.php\/wp-json\/wp\/v2\/media\/8600"}],"wp:attachment":[{"href":"https:\/\/www.vadaszboltcsorna.hu\/index.php\/wp-json\/wp\/v2\/media?parent=8599"}],"wp:term":[{"taxonomy":"product_brand","embeddable":true,"href":"https:\/\/www.vadaszboltcsorna.hu\/index.php\/wp-json\/wp\/v2\/product_brand?post=8599"},{"taxonomy":"product_cat","embeddable":true,"href":"https:\/\/www.vadaszboltcsorna.hu\/index.php\/wp-json\/wp\/v2\/product_cat?post=8599"},{"taxonomy":"product_tag","embeddable":true,"href":"https:\/\/www.vadaszboltcsorna.hu\/index.php\/wp-json\/wp\/v2\/product_tag?post=8599"}],"curies":[{"name":"wp","href":"https:\/\/api.w.org\/{rel}","templated":true}]}}