{"id":8566,"date":"2025-11-28T14:03:00","date_gmt":"2025-11-28T14:03:00","guid":{"rendered":"https:\/\/www.vadaszboltcsorna.hu\/?post_type=product&#038;p=8566"},"modified":"2025-11-28T14:03:00","modified_gmt":"2025-11-28T14:03:00","slug":"falcon-surtur-s1-635-l-kereso-hokamera","status":"publish","type":"product","link":"https:\/\/www.vadaszboltcsorna.hu\/index.php\/termek\/falcon-surtur-s1-635-l-kereso-hokamera\/","title":{"rendered":"Falcon Surtur S1-635 L keres\u0151 h\u0151kamera"},"content":{"rendered":"<h2 style=\"text-align: center;\"><strong>Falcon Surtur S1-635 L keres\u0151 h\u0151kamera<\/strong><\/h2>\n<p>&nbsp;<\/p>\n<h2 data-start=\"295\" data-end=\"366\"><strong>Falcon S1-635L \u2013 Profi h\u0151kamera \u00e9jjeli \u00e9s nappali haszn\u00e1latra<\/strong><\/h2>\n<p>&nbsp;<\/p>\n<h4 data-start=\"368\" data-end=\"593\"><em><strong>Fedezd fel a s\u00f6t\u00e9tben rejl\u0151 mozg\u00e1sokat \u00e9s alakokat prec\u00edzen \u2014 a Falcon S1 sorozat darabja olyan fejlett technol\u00f3gi\u00e1t k\u00edn\u00e1l, amivel a l\u00e1tott vil\u00e1g \u00faj dimenzi\u00f3t nyer. Ez a k\u00e9sz\u00fcl\u00e9k akkor is \u201cl\u00e1t\u201d, amikor a szem m\u00e1r semmit. \ud83c\udf19<\/strong><\/em><\/h4>\n<h4 data-start=\"595\" data-end=\"632\"><\/h4>\n<ul data-start=\"634\" data-end=\"1566\">\n<li data-start=\"634\" data-end=\"893\">\n<h4 data-start=\"636\" data-end=\"893\"><strong data-start=\"636\" data-end=\"674\">Kiv\u00e9teles v\u00e1ltoztat\u00e1s a \u201cl\u00e1t\u00e1sban\u201d<\/strong>: 640\u00d7512 felbont\u00e1s\u00fa \u00e9rz\u00e9kel\u0151j\u00e9vel a S1-es modell kiemelked\u0151en r\u00e9szletgazdag k\u00e9pet ad. A 25 vagy 35 mm-es objekt\u00edvvel kombin\u00e1lva ak\u00e1r t\u00e1volabbi c\u00e9lpontokat is k\u00f6nnyen \u00e9szlelhetsz.<\/h4>\n<\/li>\n<li data-start=\"894\" data-end=\"1152\">\n<h4 data-start=\"896\" data-end=\"1152\"><strong data-start=\"896\" data-end=\"933\">L\u00e1t\u00e1s a s\u00f6t\u00e9tben \u2013 ak\u00e1r 1000 m-ig<\/strong>: A k\u00e9sz\u00fcl\u00e9k LRF-funkci\u00f3 (l\u00e9zeres t\u00e1vols\u00e1gm\u00e9r\u00e9s) seg\u00edti, hogy pontosan l\u00e1sd, mennyi a c\u00e9lpont t\u00e1vols\u00e1ga \u2014 nagy el\u0151ny vad\u00e1szathoz, megfigyel\u00e9shez vagy \u00e9jszakai term\u00e9szetfot\u00f3z\u00e1shoz.<\/h4>\n<\/li>\n<li data-start=\"1153\" data-end=\"1359\">\n<h4 data-start=\"1155\" data-end=\"1359\"><strong data-start=\"1155\" data-end=\"1190\">Kompakt \u2013 m\u00e9gis professzion\u00e1lis<\/strong>: A S1 sorozat c\u00e9lja, hogy hordozhat\u00f3 legyen, \u00edgy erd\u0151ben, term\u00e9szetben vagy ak\u00e1r v\u00e1rosi k\u00f6rnyezetben is k\u00e9nyelmesen haszn\u00e1lhat\u00f3<\/h4>\n<\/li>\n<li data-start=\"1360\" data-end=\"1566\">\n<h4 data-start=\"1362\" data-end=\"1566\"><strong data-start=\"1362\" data-end=\"1385\">S\u00f6t\u00e9t = nem akad\u00e1ly<\/strong>: Ak\u00e1r teljes s\u00f6t\u00e9ts\u00e9gben is megb\u00edzhat\u00f3an m\u0171k\u00f6dik \u2014 ide\u00e1lis \u00e9jszakai vad\u00e1szathoz, \u00e9jjeli bej\u00e1r\u00e1shoz, megfigyel\u00e9shez vagy term\u00e9szetfot\u00f3z\u00e1shoz.<\/h4>\n<\/li>\n<\/ul>\n<h4 data-start=\"1568\" data-end=\"1589\"><strong data-start=\"1568\" data-end=\"1587\">Kinek aj\u00e1nlott?<\/strong><\/h4>\n<ul data-start=\"1590\" data-end=\"1956\">\n<li data-start=\"1590\" data-end=\"1727\">\n<h4 data-start=\"1592\" data-end=\"1727\">Term\u00e9szetfot\u00f3soknak, vad\u00e1szoknak vagy term\u00e9szetj\u00e1r\u00f3knak, akik megb\u00edzhat\u00f3, ak\u00e1r t\u00f6bb sz\u00e1z m\u00e9terre l\u00e9v\u0151 \u00e1llatok megfigyel\u00e9s\u00e9re v\u00e1gynak.<\/h4>\n<\/li>\n<li data-start=\"1728\" data-end=\"1847\">\n<h4 data-start=\"1730\" data-end=\"1847\">\u00c9jszakai megfigyel\u00e9shez, \u0151rz\u00e9shez\u2013\u0151rj\u00e1rathoz, ahol fontos a diszkr\u00e9t, de hat\u00e9kony l\u00e1t\u00e1s rossz f\u00e9nyviszonyok k\u00f6z\u00f6tt.<\/h4>\n<\/li>\n<li data-start=\"1848\" data-end=\"1956\">\n<h4 data-start=\"1850\" data-end=\"1956\">Mindenkinek, aki kompromisszummentes, min\u0151s\u00e9gi optik\u00e1ra v\u00e1gyik, amit k\u00f6nny\u0171 magaddal vinni \u00e9s haszn\u00e1lni.<\/h4>\n<\/li>\n<\/ul>\n<h4><\/h4>\n<p>&nbsp;<\/p>\n<p>&nbsp;<\/p>\n<p>&nbsp;<\/p>\n","protected":false},"excerpt":{"rendered":"<p>Falcon Surtur S1-635 L keres\u0151 h\u0151kamera &nbsp; Falcon S1-635L \u2013 Profi h\u0151kamera \u00e9jjeli \u00e9s nappali haszn\u00e1latra &nbsp; Fedezd fel a s\u00f6t\u00e9tben rejl\u0151 mozg\u00e1sokat \u00e9s alakokat prec\u00edzen \u2014 a Falcon S1 sorozat darabja olyan fejlett technol\u00f3gi\u00e1t k\u00edn\u00e1l, amivel a l\u00e1tott vil\u00e1g \u00faj dimenzi\u00f3t nyer. Ez a k\u00e9sz\u00fcl\u00e9k akkor is \u201cl\u00e1t\u201d, amikor a szem m\u00e1r semmit. \ud83c\udf19 [&hellip;]<\/p>\n","protected":false},"featured_media":8568,"comment_status":"open","ping_status":"closed","template":"","meta":{"_et_pb_use_builder":"","_et_pb_old_content":"","_et_gb_content_width":"","om_disable_all_campaigns":false},"product_brand":[],"product_cat":[21,447],"product_tag":[1924],"class_list":{"0":"post-8566","1":"product","2":"type-product","3":"status-publish","4":"has-post-thumbnail","6":"product_cat-uj","7":"product_cat-hokamera","8":"product_tag-falcon-surtur-s1-635-l-kereso-hokamera","10":"first","11":"instock","12":"sale","13":"taxable","14":"shipping-taxable","15":"purchasable","16":"product-type-simple"},"_links":{"self":[{"href":"https:\/\/www.vadaszboltcsorna.hu\/index.php\/wp-json\/wp\/v2\/product\/8566","targetHints":{"allow":["GET"]}}],"collection":[{"href":"https:\/\/www.vadaszboltcsorna.hu\/index.php\/wp-json\/wp\/v2\/product"}],"about":[{"href":"https:\/\/www.vadaszboltcsorna.hu\/index.php\/wp-json\/wp\/v2\/types\/product"}],"replies":[{"embeddable":true,"href":"https:\/\/www.vadaszboltcsorna.hu\/index.php\/wp-json\/wp\/v2\/comments?post=8566"}],"wp:featuredmedia":[{"embeddable":true,"href":"https:\/\/www.vadaszboltcsorna.hu\/index.php\/wp-json\/wp\/v2\/media\/8568"}],"wp:attachment":[{"href":"https:\/\/www.vadaszboltcsorna.hu\/index.php\/wp-json\/wp\/v2\/media?parent=8566"}],"wp:term":[{"taxonomy":"product_brand","embeddable":true,"href":"https:\/\/www.vadaszboltcsorna.hu\/index.php\/wp-json\/wp\/v2\/product_brand?post=8566"},{"taxonomy":"product_cat","embeddable":true,"href":"https:\/\/www.vadaszboltcsorna.hu\/index.php\/wp-json\/wp\/v2\/product_cat?post=8566"},{"taxonomy":"product_tag","embeddable":true,"href":"https:\/\/www.vadaszboltcsorna.hu\/index.php\/wp-json\/wp\/v2\/product_tag?post=8566"}],"curies":[{"name":"wp","href":"https:\/\/api.w.org\/{rel}","templated":true}]}}