{"id":8545,"date":"2025-11-18T12:41:57","date_gmt":"2025-11-18T12:41:57","guid":{"rendered":"https:\/\/www.vadaszboltcsorna.hu\/?post_type=product&#038;p=8545"},"modified":"2026-03-16T11:42:19","modified_gmt":"2026-03-16T11:42:19","slug":"casamoda-teli-kabat-554475200-336","status":"publish","type":"product","link":"https:\/\/www.vadaszboltcsorna.hu\/index.php\/termek\/casamoda-teli-kabat-554475200-336\/","title":{"rendered":"Casamoda t\u00e9li kab\u00e1t 554475200\/336"},"content":{"rendered":"<p data-start=\"279\" data-end=\"531\">Ez a modern, funkcion\u00e1lis kab\u00e1t t\u00f6k\u00e9letes v\u00e1laszt\u00e1s mindennapi viselethez \u00e9s szabadt\u00e9ri tev\u00e9kenys\u00e9gekhez egyar\u00e1nt. Wind- \u00e9s v\u00edzleperget\u0151 anyaga hat\u00e9kony v\u00e9delmet ny\u00fajt kedvez\u0151tlen id\u0151j\u00e1r\u00e1s eset\u00e9n, mik\u00f6zben k\u00f6nny\u0171, k\u00e9nyelmes \u00e9s rendk\u00edv\u00fcl rugalmas marad.<\/p>\n<p data-start=\"533\" data-end=\"762\">A Sorona\u00ae szigetel\u00e9snek k\u00f6sz\u00f6nhet\u0151en kellemes meleget biztos\u00edt an\u00e9lk\u00fcl, hogy neh\u00e9z vagy terjedelmes lenne. A klasszikus, letisztult design sokoldal\u00faan kombin\u00e1lhat\u00f3, \u00edgy a kab\u00e1t szinte b\u00e1rmely h\u00e9tk\u00f6znapi \u00f6lt\u00f6zetbe j\u00f3l illeszkedik.<\/p>\n<hr data-start=\"764\" data-end=\"767\" \/>\n<h2 data-start=\"769\" data-end=\"794\"><strong data-start=\"772\" data-end=\"794\">F\u0151bb tulajdons\u00e1gok<\/strong><\/h2>\n<ul data-start=\"795\" data-end=\"1178\">\n<li data-start=\"795\" data-end=\"873\">\n<p data-start=\"797\" data-end=\"873\"><strong data-start=\"797\" data-end=\"828\">Sz\u00e9l- \u00e9s v\u00edzleperget\u0151 anyag<\/strong> \u2013 v\u00e9delmet ad es\u0151, sz\u00e9l \u00e9s nedvess\u00e9g ellen<\/p>\n<\/li>\n<li data-start=\"874\" data-end=\"937\">\n<p data-start=\"876\" data-end=\"937\"><strong data-start=\"876\" data-end=\"894\">Sorona\u00ae t\u00f6ltet<\/strong> \u2013 k\u00f6nny\u0171, meleg, fenntarthat\u00f3 szigetel\u00e9s<\/p>\n<\/li>\n<li data-start=\"938\" data-end=\"996\">\n<p data-start=\"940\" data-end=\"996\"><strong data-start=\"940\" data-end=\"961\">\u00c1ll\u00edthat\u00f3 kapucni<\/strong> \u2013 szem\u00e9lyre szabhat\u00f3 illeszked\u00e9s<\/p>\n<\/li>\n<li data-start=\"997\" data-end=\"1060\">\n<p data-start=\"999\" data-end=\"1060\"><strong data-start=\"999\" data-end=\"1029\">Klasszikus, id\u0151t\u00e1ll\u00f3 fazon<\/strong> \u2013 minden st\u00edlushoz j\u00f3l illik<\/p>\n<\/li>\n<li data-start=\"1061\" data-end=\"1178\">\n<p data-start=\"1063\" data-end=\"1086\"><strong data-start=\"1063\" data-end=\"1084\">H\u00e1rom k\u00fcls\u0151 zseb:<\/strong><\/p>\n<ul data-start=\"1089\" data-end=\"1178\">\n<li data-start=\"1089\" data-end=\"1107\">\n<p data-start=\"1091\" data-end=\"1107\">k\u00e9t oldal zseb<\/p>\n<\/li>\n<li data-start=\"1110\" data-end=\"1178\">\n<p data-start=\"1112\" data-end=\"1178\">egy cipz\u00e1ras mellzseb \u2013 telefon, dokumentumok vagy kulcsok sz\u00e1m\u00e1ra<\/p>\n<\/li>\n<\/ul>\n<\/li>\n<\/ul>\n<hr data-start=\"1180\" data-end=\"1183\" \/>\n<h2 data-start=\"1185\" data-end=\"1207\"><strong data-start=\"1188\" data-end=\"1207\">Anyag\u00f6sszet\u00e9tel<\/strong><\/h2>\n<ul data-start=\"1208\" data-end=\"1316\">\n<li data-start=\"1208\" data-end=\"1230\">\n<p data-start=\"1210\" data-end=\"1230\"><strong data-start=\"1210\" data-end=\"1228\">95% poli\u00e9szter<\/strong><\/p>\n<\/li>\n<li data-start=\"1231\" data-end=\"1316\">\n<p data-start=\"1233\" data-end=\"1316\"><strong data-start=\"1233\" data-end=\"1248\">5% elaszt\u00e1n<\/strong><br data-start=\"1248\" data-end=\"1251\" \/>Rugalmas, k\u00f6nnyen kezelhet\u0151, gyorsan sz\u00e1rad\u00f3 \u00e9s tart\u00f3s alapanyag.<\/p>\n<\/li>\n<\/ul>\n<hr data-start=\"1318\" data-end=\"1321\" \/>\n<h2 data-start=\"1323\" data-end=\"1347\"><strong data-start=\"1326\" data-end=\"1347\">Kezel\u00e9si \u00fatmutat\u00f3<\/strong><\/h2>\n<ul data-start=\"1348\" data-end=\"1582\">\n<li data-start=\"1348\" data-end=\"1379\">\n<p data-start=\"1350\" data-end=\"1379\">\ud83c\udf21 <strong data-start=\"1353\" data-end=\"1377\">K\u00edm\u00e9l\u0151 mos\u00e1s 40\u00b0C-on<\/strong><\/p>\n<\/li>\n<li data-start=\"1380\" data-end=\"1403\">\n<p data-start=\"1382\" data-end=\"1403\">\ud83d\udeab <strong data-start=\"1385\" data-end=\"1401\">Ne feh\u00e9r\u00edtse<\/strong><\/p>\n<\/li>\n<li data-start=\"1404\" data-end=\"1442\">\n<p data-start=\"1406\" data-end=\"1442\">\ud83d\udd04 <strong data-start=\"1409\" data-end=\"1440\">K\u00edm\u00e9letes sz\u00e1r\u00edt\u00e1s aj\u00e1nlott<\/strong><\/p>\n<\/li>\n<li data-start=\"1443\" data-end=\"1467\">\n<p data-start=\"1445\" data-end=\"1467\">\ud83d\udeab <strong data-start=\"1448\" data-end=\"1465\">Nem vasalhat\u00f3<\/strong><\/p>\n<\/li>\n<li data-start=\"1468\" data-end=\"1523\">\n<p data-start=\"1470\" data-end=\"1523\">\ud83d\udeab <strong data-start=\"1473\" data-end=\"1521\">Nem vegytiszt\u00edthat\u00f3 (sz\u00e1raz tiszt\u00edt\u00e1s tilos)<\/strong><\/p>\n<\/li>\n<li data-start=\"1524\" data-end=\"1582\">\n<p data-start=\"1526\" data-end=\"1582\">\ud83d\udca7 <strong data-start=\"1529\" data-end=\"1582\">Professzion\u00e1lis nedves tiszt\u00edt\u00e1s \u2013 k\u00edm\u00e9l\u0151 program<\/strong><\/p>\n<\/li>\n<\/ul>\n<hr data-start=\"1584\" data-end=\"1587\" \/>\n<h2 data-start=\"1589\" data-end=\"1611\"><strong data-start=\"1592\" data-end=\"1611\">Kinek aj\u00e1nljuk?<\/strong><\/h2>\n<ul data-start=\"1612\" data-end=\"1831\">\n<li data-start=\"1612\" data-end=\"1645\">\n<p data-start=\"1614\" data-end=\"1645\">mindennapi v\u00e1rosi haszn\u00e1latra<\/p>\n<\/li>\n<li data-start=\"1646\" data-end=\"1682\">\n<p data-start=\"1648\" data-end=\"1682\">kir\u00e1ndul\u00f3knak, term\u00e9szetj\u00e1r\u00f3knak<\/p>\n<\/li>\n<li data-start=\"1683\" data-end=\"1712\">\n<p data-start=\"1685\" data-end=\"1712\">aut\u00f3hoz, munk\u00e1ba j\u00e1r\u00e1shoz<\/p>\n<\/li>\n<li data-start=\"1713\" data-end=\"1757\">\n<p data-start=\"1715\" data-end=\"1757\">h\u0171v\u00f6sebb, szeles \u0151szi-tavaszi id\u0151j\u00e1r\u00e1sra<\/p>\n<\/li>\n<li data-start=\"1758\" data-end=\"1831\">\n<p data-start=\"1760\" data-end=\"1831\">azoknak, akik k\u00f6nny\u0171, k\u00e9nyelmes, de m\u00e9gis v\u00e9delmet ad\u00f3 kab\u00e1tot keresnek<\/p>\n<\/li>\n<\/ul>\n","protected":false},"excerpt":{"rendered":"<p>Ez a modern, funkcion\u00e1lis kab\u00e1t t\u00f6k\u00e9letes v\u00e1laszt\u00e1s mindennapi viselethez \u00e9s szabadt\u00e9ri tev\u00e9kenys\u00e9gekhez egyar\u00e1nt. Wind- \u00e9s v\u00edzleperget\u0151 anyaga hat\u00e9kony v\u00e9delmet ny\u00fajt kedvez\u0151tlen id\u0151j\u00e1r\u00e1s eset\u00e9n, mik\u00f6zben k\u00f6nny\u0171, k\u00e9nyelmes \u00e9s rendk\u00edv\u00fcl rugalmas marad. A Sorona\u00ae szigetel\u00e9snek k\u00f6sz\u00f6nhet\u0151en kellemes meleget biztos\u00edt an\u00e9lk\u00fcl, hogy neh\u00e9z vagy terjedelmes lenne. A klasszikus, letisztult design sokoldal\u00faan kombin\u00e1lhat\u00f3, \u00edgy a kab\u00e1t szinte b\u00e1rmely h\u00e9tk\u00f6znapi [&hellip;]<\/p>\n","protected":false},"featured_media":8546,"comment_status":"open","ping_status":"closed","template":"","meta":{"_et_pb_use_builder":"","_et_pb_old_content":"","_et_gb_content_width":"","om_disable_all_campaigns":false},"product_brand":[],"product_cat":[21,553,159],"product_tag":[1922],"class_list":{"0":"post-8545","1":"product","2":"type-product","3":"status-publish","4":"has-post-thumbnail","6":"product_cat-uj","7":"product_cat-kabat","8":"product_cat-vadasz-ruhazat","9":"product_tag-casamoda-teli-kabat-554475200-336","11":"first","12":"instock","13":"sale","14":"taxable","15":"shipping-taxable","16":"purchasable","17":"product-type-variable"},"_links":{"self":[{"href":"https:\/\/www.vadaszboltcsorna.hu\/index.php\/wp-json\/wp\/v2\/product\/8545","targetHints":{"allow":["GET"]}}],"collection":[{"href":"https:\/\/www.vadaszboltcsorna.hu\/index.php\/wp-json\/wp\/v2\/product"}],"about":[{"href":"https:\/\/www.vadaszboltcsorna.hu\/index.php\/wp-json\/wp\/v2\/types\/product"}],"replies":[{"embeddable":true,"href":"https:\/\/www.vadaszboltcsorna.hu\/index.php\/wp-json\/wp\/v2\/comments?post=8545"}],"wp:featuredmedia":[{"embeddable":true,"href":"https:\/\/www.vadaszboltcsorna.hu\/index.php\/wp-json\/wp\/v2\/media\/8546"}],"wp:attachment":[{"href":"https:\/\/www.vadaszboltcsorna.hu\/index.php\/wp-json\/wp\/v2\/media?parent=8545"}],"wp:term":[{"taxonomy":"product_brand","embeddable":true,"href":"https:\/\/www.vadaszboltcsorna.hu\/index.php\/wp-json\/wp\/v2\/product_brand?post=8545"},{"taxonomy":"product_cat","embeddable":true,"href":"https:\/\/www.vadaszboltcsorna.hu\/index.php\/wp-json\/wp\/v2\/product_cat?post=8545"},{"taxonomy":"product_tag","embeddable":true,"href":"https:\/\/www.vadaszboltcsorna.hu\/index.php\/wp-json\/wp\/v2\/product_tag?post=8545"}],"curies":[{"name":"wp","href":"https:\/\/api.w.org\/{rel}","templated":true}]}}