{"id":8531,"date":"2025-11-11T08:34:40","date_gmt":"2025-11-11T08:34:40","guid":{"rendered":"https:\/\/www.vadaszboltcsorna.hu\/?post_type=product&#038;p=8531"},"modified":"2025-11-11T08:40:29","modified_gmt":"2025-11-11T08:40:29","slug":"lahoux-spotter-s-hokamera-kereso","status":"publish","type":"product","link":"https:\/\/www.vadaszboltcsorna.hu\/index.php\/termek\/lahoux-spotter-s-hokamera-kereso\/","title":{"rendered":"Lahoux Spotter S h\u0151kamera keres\u0151"},"content":{"rendered":"<h2 style=\"text-align: center;\"><strong>Lahoux Spotter S h\u0151kamera keres\u0151<\/strong><\/h2>\n<p>&nbsp;<\/p>\n<h2><span dir=\"auto\">Le\u00edr\u00e1s<\/span><\/h2>\n<p><span dir=\"auto\">Az \u00faj gy\u00f6ngyszem kezd\u0151knek. A Lahoux Spotter S az \u00faj bel\u00e9p\u0151 szint\u0171 modell\u00fcnk, nagyon j\u00f3 k\u00e9pekkel \u00e9s olyan opci\u00f3kkal, amelyek csak a dr\u00e1g\u00e1bb modellekben tal\u00e1lhat\u00f3k meg.<\/span><\/p>\n<p><span dir=\"auto\">Az ergonomikus kialak\u00edt\u00e1s a legt\u00f6bb k\u00e9zbe j\u00f3l illeszkedik, kompakt m\u00e9ret\u00e9nek k\u00f6sz\u00f6nhet\u0151en pedig zsebben is elf\u00e9r. A legmodernebb detektorral \u00e9s kateg\u00f3ri\u00e1j\u00e1ban legjobb k\u00e9pmin\u0151s\u00e9ggel a Lahoux Spotter S megb\u00edzhat\u00f3 partner, f\u0151k\u00e9nt erdei \u00e9s r\u00f6vid hat\u00f3t\u00e1vols\u00e1g\u00fa haszn\u00e1latra. A k\u00f6nny\u0171 s\u00faly hossz\u00fa megfigyel\u00e9si id\u0151t tesz lehet\u0151v\u00e9 f\u00e1radts\u00e1g n\u00e9lk\u00fcl. A csendes gombok, a gyors ind\u00edt\u00e1s \u00e9s a hossz\u00fa \u00fczemid\u0151 biztos\u00edtja, hogy semmir\u0151l se maradjon le.<\/span><\/p>\n<div>\n<h2><span dir=\"auto\">El\u0151ny\u00f6k<\/span><\/h2>\n<ul>\n<li><span dir=\"auto\">K\u00f6nnyen haszn\u00e1lhat\u00f3<\/span><\/li>\n<li><span dir=\"auto\">2 m\u00e1sodperces ind\u00edt\u00e1s<\/span><\/li>\n<li><span dir=\"auto\">K\u00f6nnyen cser\u00e9lhet\u0151 \u00e9s \u00fajrat\u00f6lthet\u0151 akkumul\u00e1tor<\/span><\/li>\n<li><span dir=\"auto\">Sz\u00e9les l\u00e1t\u00f3mez\u0151<\/span><\/li>\n<li><span dir=\"auto\">Wifi streaming a Lahoux alkalmaz\u00e1son kereszt\u00fcl<\/span><\/li>\n<li><span dir=\"auto\">Fot\u00f3- \u00e9s videofelv\u00e9tel<\/span><\/li>\n<li><span dir=\"auto\">Forr\u00f3 pontok k\u00f6vet\u00e9se<\/span><\/li>\n<li><span dir=\"auto\">M\u00f3dv\u00e1laszt\u00e1s<\/span><\/li>\n<li><span dir=\"auto\">T\u00f6bb k\u00e9pm\u00f3d<\/span><\/li>\n<\/ul>\n<div class=\"specs\">\n<div>\n<div>\n<div>\n<h3><span dir=\"auto\">Detektor<\/span><\/h3>\n<ul>\n<li><span dir=\"auto\">256\u00d7192<\/span><span dir=\"auto\">Felbont\u00e1s<\/span><\/li>\n<li><span dir=\"auto\">12 \u03bcm<\/span><span dir=\"auto\">Pixels\u0171r\u0171s\u00e9g<\/span><\/li>\n<li><span dir=\"auto\">8 \u03bcm\uff5e14 \u03bcm<\/span><span dir=\"auto\">Spektr\u00e1lis tartom\u00e1ny<\/span><\/li>\n<li><span dir=\"auto\">\u226450 mk<\/span><span dir=\"auto\">NETD<\/span><\/li>\n<li><span dir=\"auto\">50 Hz<\/span><span dir=\"auto\">K\u00e9pkockasebess\u00e9g<\/span><\/li>\n<\/ul>\n<\/div>\n<div>\n<h3><span dir=\"auto\">Optika<\/span><\/h3>\n<ul>\n<li><span dir=\"auto\">10 mm<\/span><span dir=\"auto\">Lencse<\/span><\/li>\n<li><span dir=\"auto\">F1.0<\/span><span dir=\"auto\">Relat\u00edv ny\u00edl\u00e1s<\/span><\/li>\n<li><span dir=\"auto\">17,5\u00b0\u00d713,1\u00b0<\/span><span dir=\"auto\">L\u00e1t\u00f3mez\u0151<\/span><\/li>\n<li><span dir=\"auto\">1,8-szoros optikai zoom. 2-szeres digit\u00e1lis zoom<\/span><span dir=\"auto\">Zoomol\u00e1s<\/span><\/li>\n<\/ul>\n<\/div>\n<div>\n<h3><span dir=\"auto\">Elektronika<\/span><\/h3>\n<ul>\n<li><span dir=\"auto\">1280 x 960 nagy felbont\u00e1s\u00fa FLCOS kijelz\u0151<\/span><span dir=\"auto\">Kijelz\u0151<\/span><\/li>\n<li><span dir=\"auto\">18650 cser\u00e9lhet\u0151 akkumul\u00e1tor<\/span><span dir=\"auto\">Akkumul\u00e1tor<\/span><\/li>\n<li><span dir=\"auto\">USB C t\u00edpus\u00fa csatlakoz\u00f3 (video kimenet)<\/span><span dir=\"auto\">Vide\u00f3 kimenet<\/span><\/li>\n<li><span dir=\"auto\">Vide\u00f3 Wifi-s \u00e1tvitele<\/span><span dir=\"auto\">Wifi<\/span><\/li>\n<li><span dir=\"auto\">fot\u00f3 \/ vide\u00f3<\/span><span dir=\"auto\">Felv\u00e9tel<\/span><\/li>\n<\/ul>\n<\/div>\n<div>\n<h3><span dir=\"auto\">\u00dczemeltet\u00e9si<\/span><\/h3>\n<ul>\n<li><span dir=\"auto\">130x40x70<\/span><span dir=\"auto\">M\u00e9retek<\/span><\/li>\n<li><span dir=\"auto\">320 gramm<\/span><span dir=\"auto\">S\u00faly<\/span><\/li>\n<li><span dir=\"auto\">IP66<\/span><span dir=\"auto\">Kapszul\u00e1z\u00e1s<\/span><\/li>\n<li><span dir=\"auto\">8 \u00f3ra \u00fczemid\u0151 25\u00b0C-on *, a haszn\u00e1lt 18650-es akkumul\u00e1tort\u00f3l f\u00fcgg\u0151en<\/span><span dir=\"auto\">Akkumul\u00e1tor \u00e9lettartama<\/span><\/li>\n<\/ul>\n<\/div>\n<\/div>\n<\/div>\n<\/div>\n<p class=\"footnote\"><span dir=\"auto\">*<\/span><span dir=\"auto\"> A felhaszn\u00e1l\u00e1si k\u00f6r\u00fclm\u00e9nyekt\u0151l f\u00fcgg\u0151en!<\/span><\/p>\n<\/div>\n<p>&nbsp;<\/p>\n<p>&nbsp;<\/p>\n<h3><strong>Term\u00e9kismertet\u0151 let\u00f6lt\u00e9se:\u00a0<\/strong><\/h3>\n<h4><a href=\"https:\/\/www.vadaszboltcsorna.hu\/wp-content\/uploads\/2025\/11\/Lahoux_Spotter_S_EN.pdf\">Lahoux_Spotter_S_EN<\/a><\/h4>\n<p>&nbsp;<\/p>\n","protected":false},"excerpt":{"rendered":"<p>Lahoux Spotter S h\u0151kamera keres\u0151 &nbsp; Le\u00edr\u00e1s Az \u00faj gy\u00f6ngyszem kezd\u0151knek. A Lahoux Spotter S az \u00faj bel\u00e9p\u0151 szint\u0171 modell\u00fcnk, nagyon j\u00f3 k\u00e9pekkel \u00e9s olyan opci\u00f3kkal, amelyek csak a dr\u00e1g\u00e1bb modellekben tal\u00e1lhat\u00f3k meg. Az ergonomikus kialak\u00edt\u00e1s a legt\u00f6bb k\u00e9zbe j\u00f3l illeszkedik, kompakt m\u00e9ret\u00e9nek k\u00f6sz\u00f6nhet\u0151en pedig zsebben is elf\u00e9r. A legmodernebb detektorral \u00e9s kateg\u00f3ri\u00e1j\u00e1ban legjobb k\u00e9pmin\u0151s\u00e9ggel [&hellip;]<\/p>\n","protected":false},"featured_media":8534,"comment_status":"open","ping_status":"closed","template":"","meta":{"_et_pb_use_builder":"","_et_pb_old_content":"","_et_gb_content_width":"","om_disable_all_campaigns":false},"product_brand":[],"product_cat":[21,447,448],"product_tag":[528,1921,632],"class_list":{"0":"post-8531","1":"product","2":"type-product","3":"status-publish","4":"has-post-thumbnail","6":"product_cat-uj","7":"product_cat-hokamera","8":"product_cat-kereso-hokamera","9":"product_tag-hokamera","10":"product_tag-lahoux-spotter-s","11":"product_tag-optika","13":"first","14":"instock","15":"sale","16":"taxable","17":"shipping-taxable","18":"purchasable","19":"product-type-simple"},"_links":{"self":[{"href":"https:\/\/www.vadaszboltcsorna.hu\/index.php\/wp-json\/wp\/v2\/product\/8531","targetHints":{"allow":["GET"]}}],"collection":[{"href":"https:\/\/www.vadaszboltcsorna.hu\/index.php\/wp-json\/wp\/v2\/product"}],"about":[{"href":"https:\/\/www.vadaszboltcsorna.hu\/index.php\/wp-json\/wp\/v2\/types\/product"}],"replies":[{"embeddable":true,"href":"https:\/\/www.vadaszboltcsorna.hu\/index.php\/wp-json\/wp\/v2\/comments?post=8531"}],"wp:featuredmedia":[{"embeddable":true,"href":"https:\/\/www.vadaszboltcsorna.hu\/index.php\/wp-json\/wp\/v2\/media\/8534"}],"wp:attachment":[{"href":"https:\/\/www.vadaszboltcsorna.hu\/index.php\/wp-json\/wp\/v2\/media?parent=8531"}],"wp:term":[{"taxonomy":"product_brand","embeddable":true,"href":"https:\/\/www.vadaszboltcsorna.hu\/index.php\/wp-json\/wp\/v2\/product_brand?post=8531"},{"taxonomy":"product_cat","embeddable":true,"href":"https:\/\/www.vadaszboltcsorna.hu\/index.php\/wp-json\/wp\/v2\/product_cat?post=8531"},{"taxonomy":"product_tag","embeddable":true,"href":"https:\/\/www.vadaszboltcsorna.hu\/index.php\/wp-json\/wp\/v2\/product_tag?post=8531"}],"curies":[{"name":"wp","href":"https:\/\/api.w.org\/{rel}","templated":true}]}}