{"id":853,"date":"2021-05-06T10:25:54","date_gmt":"2021-05-06T10:25:54","guid":{"rendered":"http:\/\/www.vadaszboltcsorna.hu\/?post_type=product&#038;p=853"},"modified":"2025-06-23T08:52:41","modified_gmt":"2025-06-23T08:52:41","slug":"winchester-power-max-bonded","status":"publish","type":"product","link":"https:\/\/www.vadaszboltcsorna.hu\/index.php\/termek\/winchester-power-max-bonded\/","title":{"rendered":"Winchester Power Max Bonded goly\u00f3s l\u0151szer (\u00e1lt.inform\u00e1ci\u00f3k)"},"content":{"rendered":"<h2>Winchester Power Max Bonded<\/h2>\n<h3>Goly\u00f3s l\u0151szer<\/h3>\n<p>&nbsp;<\/p>\n<h6 id=\"tw-target-text\" class=\"tw-data-text tw-text-large XcVN5d tw-ta\" dir=\"ltr\" data-placeholder=\"Ford\u00edt\u00e1s\"><span class=\"Y2IQFc\" lang=\"hu\">Optim\u00e1lis s\u00falymegtart\u00e1s A Power Max Bonded \u2122 magot kiz\u00e1r\u00f3lag a Winchester\u00ae fejlesztette ki \u00e9s t\u00f6lti be, \u00e9s h\u00e1rom kieg\u00e9sz\u00edt\u0151 technol\u00f3gi\u00e1t \u00f6tv\u00f6z. Mivel egym\u00e1shoz vannak k\u00f6tve, a mag \u00e9s a k\u00f6peny kit\u00f6r\u00e9s vagy sz\u00e9tv\u00e1l\u00e1s n\u00e9lk\u00fcl kit\u00e1gul. Az eredm\u00e9ny nagyon nagy s\u00falymegtart\u00e1s a maxim\u00e1lis energia\u00e1tad\u00e1s \u00e9rdek\u00e9ben, ami fantasztikus becsap\u00f3d\u00e1si energi\u00e1t, \u00e9s nagyon m\u00e9ly behatol\u00e1st biztos\u00edt. Nagy \u00e1tm\u00e9r\u0151je ellen\u00e9re a goly\u00f3 nem t\u00f6redezik, jelent\u0151s marad\u00e9k \u00fcreget hagyva a h\u00fas k\u00e1ros\u00edt\u00e1sa n\u00e9lk\u00fcl. A v\u00e9dett \u00fcreges pont t\u00f6k\u00e9letes \u00e1llapotban tartja a goly\u00f3 cs\u00facs\u00e1t a puska be- \u00e9s kit\u00e1raz\u00e1sakor, ami elengedhetetlen t\u00e9nyez\u0151 a kiemelked\u0151 pontoss\u00e1g biztos\u00edt\u00e1s\u00e1ban. V\u00e9g\u00fcl a k\u00f6penyt \u00fagy alak\u00edtott\u00e1k ki, hogy az egyes pontok vastags\u00e1ga optim\u00e1lis goly\u00f3t\u00e1gul\u00e1st biztos\u00edtson.<\/span><\/h6>\n<p>&nbsp;<\/p>\n<h6 class=\"tw-data-text tw-text-large XcVN5d tw-ta\" dir=\"ltr\" data-placeholder=\"Ford\u00edt\u00e1s\"><span class=\"Y2IQFc\" lang=\"hu\">\u2022 V\u00c9DETT HOLLOW POINT: optim\u00e1lis t\u00e1gul\u00e1s \u00e9s nagyobb pontoss\u00e1g.<\/span><\/h6>\n<h6 class=\"tw-data-text tw-text-large XcVN5d tw-ta\" dir=\"ltr\" data-placeholder=\"Ford\u00edt\u00e1s\"><span class=\"Y2IQFc\" lang=\"hu\">\u2022 BONDED LEAD CORE: nagyobb t\u00f6megmegtart\u00e1s a m\u00e9lyebb behatol\u00e1s \u00e9s a kiv\u00e1l\u00f3 becsap\u00f3d\u00e1s \u00e9rdek\u00e9ben.<\/span><\/h6>\n<h6 class=\"tw-data-text tw-text-large XcVN5d tw-ta\" dir=\"ltr\" data-placeholder=\"Ford\u00edt\u00e1s\"><span class=\"Y2IQFc\" lang=\"hu\">\u2022 CONTOURED JACKET: az optim\u00e1lis kib\u0151v\u00edt\u00e9shez b\u00e1rmilyen k\u00f6r\u00fclm\u00e9nyek k\u00f6z\u00f6tt (hat\u00f3t\u00e1vols\u00e1g, sebess\u00e9g, stb.).<\/span><\/h6>\n<p>&nbsp;<\/p>\n<h6><strong>Kaliberek:<\/strong><\/h6>\n<h6>.243Win<\/h6>\n<h6>.270Win<\/h6>\n<h6>.270WSM<\/h6>\n<h6>7 mm Rem.Mag<\/h6>\n<h6>7mm WSM<\/h6>\n<h6>.30-06 Sprg<\/h6>\n<h6>.308Win<\/h6>\n<h6>.30-30Win<\/h6>\n<h6>.300WSM<\/h6>\n<h6>.300WM<\/h6>\n<h6 style=\"text-align: center;\"><em>A le\u00edr\u00e1sban szerepl\u0151 adatok t\u00e1j\u00e9koztat\u00f3 jelleg\u0171ek, t\u00edpusonk\u00e9nt v\u00e1ltozhat!<\/em><br \/>\n<em>Kaliberekr\u0151l aktu\u00e1lis \u00e1rakr\u00f3l \u00e9s egy\u00e9b inform\u00e1ci\u00f3kr\u00f3l k\u00e9rj\u00fck \u00e9rdekl\u0151dj\u00f6n!<\/em><\/h6>\n<h6 style=\"text-align: center;\"><em><strong>A fegyvert\u00f6rv\u00e9ny \u00e9rtelm\u00e9ben, fegyvert, l\u0151szert kiz\u00e1r\u00f3lag szem\u00e9lyesen,az \u00fczletben fegyvertart\u00e1si enged\u00e9ly birtok\u00e1ban lehet v\u00e1s\u00e1rolni!<\/strong><\/em><br \/>\n<em><strong>A webshopban megrendelt fegyverek \u00e9s l\u0151szerek NEM ker\u00fclnek kisz\u00e1ll\u00edt\u00e1sra!\u00a0 Tov\u00e1bbi inform\u00e1ci\u00f3\u00e9rt l\u00e1togasson el boltunkba!<\/strong><\/em><\/h6>\n<h6 style=\"text-align: center;\"><em>Az \u00e1rak t\u00e1j\u00e9koztat\u00f3 jelleg\u0171ek nem min\u0151s\u00fcl hivatalos aj\u00e1nlat t\u00e9telnek!<\/em><br \/>\n<em>Az \u00e1rv\u00e1ltoz\u00e1s jog\u00e1t fenntartjuk!<\/em><\/h6>\n<h6 style=\"text-align: center;\"><\/h6>\n<p>&nbsp;<\/p>\n<p>&nbsp;<\/p>\n<p>&nbsp;<\/p>\n<p>&nbsp;<\/p>\n","protected":false},"excerpt":{"rendered":"<h2>Winchester Power Max Bonded<\/h2>\n<p>https:\/\/www.youtube.com\/watch?v=wjosPJjCM5Y<\/p>\n","protected":false},"featured_media":7210,"comment_status":"open","ping_status":"closed","template":"","meta":{"_et_pb_use_builder":"","_et_pb_old_content":"","_et_gb_content_width":"","om_disable_all_campaigns":false},"product_brand":[],"product_cat":[289,266,199,200,201,21,293],"product_tag":[48,205,273,70,115,297],"class_list":{"0":"post-853","1":"product","2":"type-product","3":"status-publish","4":"has-post-thumbnail","6":"product_cat-308-win","7":"product_cat-300-win-mag","8":"product_cat-golyos-loszerek","9":"product_cat-kaliber","10":"product_cat-marka-golyos-loszerek","11":"product_cat-uj","12":"product_cat-winchester-marka-golyos-loszerek","13":"product_tag-golyos-fegyver","14":"product_tag-golyos-loszer","15":"product_tag-vadasz-loszer","16":"product_tag-vadaszat","17":"product_tag-winchester","18":"product_tag-winchester-power-max-bonded","20":"first","21":"instock","22":"taxable","23":"shipping-taxable","24":"product-type-simple"},"_links":{"self":[{"href":"https:\/\/www.vadaszboltcsorna.hu\/index.php\/wp-json\/wp\/v2\/product\/853","targetHints":{"allow":["GET"]}}],"collection":[{"href":"https:\/\/www.vadaszboltcsorna.hu\/index.php\/wp-json\/wp\/v2\/product"}],"about":[{"href":"https:\/\/www.vadaszboltcsorna.hu\/index.php\/wp-json\/wp\/v2\/types\/product"}],"replies":[{"embeddable":true,"href":"https:\/\/www.vadaszboltcsorna.hu\/index.php\/wp-json\/wp\/v2\/comments?post=853"}],"wp:featuredmedia":[{"embeddable":true,"href":"https:\/\/www.vadaszboltcsorna.hu\/index.php\/wp-json\/wp\/v2\/media\/7210"}],"wp:attachment":[{"href":"https:\/\/www.vadaszboltcsorna.hu\/index.php\/wp-json\/wp\/v2\/media?parent=853"}],"wp:term":[{"taxonomy":"product_brand","embeddable":true,"href":"https:\/\/www.vadaszboltcsorna.hu\/index.php\/wp-json\/wp\/v2\/product_brand?post=853"},{"taxonomy":"product_cat","embeddable":true,"href":"https:\/\/www.vadaszboltcsorna.hu\/index.php\/wp-json\/wp\/v2\/product_cat?post=853"},{"taxonomy":"product_tag","embeddable":true,"href":"https:\/\/www.vadaszboltcsorna.hu\/index.php\/wp-json\/wp\/v2\/product_tag?post=853"}],"curies":[{"name":"wp","href":"https:\/\/api.w.org\/{rel}","templated":true}]}}