{"id":8485,"date":"2025-10-29T11:52:32","date_gmt":"2025-10-29T11:52:32","guid":{"rendered":"https:\/\/www.vadaszboltcsorna.hu\/?post_type=product&#038;p=8485"},"modified":"2025-10-29T11:52:32","modified_gmt":"2025-10-29T11:52:32","slug":"tom-collins-hosszu-ujju-ferfi-ing-410000-4264-56-zold","status":"publish","type":"product","link":"https:\/\/www.vadaszboltcsorna.hu\/index.php\/termek\/tom-collins-hosszu-ujju-ferfi-ing-410000-4264-56-zold\/","title":{"rendered":"Tom Collins hossz\u00fa ujj\u00fa f\u00e9rfi ing (410000-4264) 56 z\u00f6ld"},"content":{"rendered":"<h3 style=\"text-align: center;\"><strong>Tom Collins hossz\u00fa ujj\u00fa f\u00e9rfi ing (410000-4264) 56 z\u00f6ld<\/strong><\/h3>\n<p>&nbsp;<\/p>\n<h3>Norm\u00e1l szab\u00e1s\u00fa, hossz\u00fa ujj\u00fa f\u00e9rfi ing<br \/>\nFlanel,\u00a0 2 d\u00edsz\u00edt\u0151 folttal a v\u00e1ll\u00e1n. BT nyom\u00f3gombokkal.<\/h3>\n<p>&nbsp;<\/p>\n<h3>Anyag\u00f6sszet\u00e9tel: 100% pamut<\/h3>\n<h3>Tom Collins m\u00e1rka<\/h3>\n","protected":false},"excerpt":{"rendered":"<p>Tom Collins hossz\u00fa ujj\u00fa f\u00e9rfi ing (410000-4264) 56 z\u00f6ld &nbsp; Norm\u00e1l szab\u00e1s\u00fa, hossz\u00fa ujj\u00fa f\u00e9rfi ing Flanel,\u00a0 2 d\u00edsz\u00edt\u0151 folttal a v\u00e1ll\u00e1n. BT nyom\u00f3gombokkal. &nbsp; Anyag\u00f6sszet\u00e9tel: 100% pamut Tom Collins m\u00e1rka<\/p>\n","protected":false},"featured_media":8486,"comment_status":"open","ping_status":"closed","template":"","meta":{"_et_pb_use_builder":"","_et_pb_old_content":"","_et_gb_content_width":"","om_disable_all_campaigns":false},"product_brand":[],"product_cat":[21,651,159],"product_tag":[1918],"class_list":{"0":"post-8485","1":"product","2":"type-product","3":"status-publish","4":"has-post-thumbnail","6":"product_cat-uj","7":"product_cat-ing","8":"product_cat-vadasz-ruhazat","9":"product_tag-tom-collins-hosszu-ujju-ferfi-ing-410000-4264-56-zold","11":"first","12":"instock","13":"sale","14":"taxable","15":"shipping-taxable","16":"purchasable","17":"product-type-variable"},"_links":{"self":[{"href":"https:\/\/www.vadaszboltcsorna.hu\/index.php\/wp-json\/wp\/v2\/product\/8485","targetHints":{"allow":["GET"]}}],"collection":[{"href":"https:\/\/www.vadaszboltcsorna.hu\/index.php\/wp-json\/wp\/v2\/product"}],"about":[{"href":"https:\/\/www.vadaszboltcsorna.hu\/index.php\/wp-json\/wp\/v2\/types\/product"}],"replies":[{"embeddable":true,"href":"https:\/\/www.vadaszboltcsorna.hu\/index.php\/wp-json\/wp\/v2\/comments?post=8485"}],"wp:featuredmedia":[{"embeddable":true,"href":"https:\/\/www.vadaszboltcsorna.hu\/index.php\/wp-json\/wp\/v2\/media\/8486"}],"wp:attachment":[{"href":"https:\/\/www.vadaszboltcsorna.hu\/index.php\/wp-json\/wp\/v2\/media?parent=8485"}],"wp:term":[{"taxonomy":"product_brand","embeddable":true,"href":"https:\/\/www.vadaszboltcsorna.hu\/index.php\/wp-json\/wp\/v2\/product_brand?post=8485"},{"taxonomy":"product_cat","embeddable":true,"href":"https:\/\/www.vadaszboltcsorna.hu\/index.php\/wp-json\/wp\/v2\/product_cat?post=8485"},{"taxonomy":"product_tag","embeddable":true,"href":"https:\/\/www.vadaszboltcsorna.hu\/index.php\/wp-json\/wp\/v2\/product_tag?post=8485"}],"curies":[{"name":"wp","href":"https:\/\/api.w.org\/{rel}","templated":true}]}}