{"id":8457,"date":"2025-10-21T08:33:45","date_gmt":"2025-10-21T08:33:45","guid":{"rendered":"https:\/\/www.vadaszboltcsorna.hu\/?post_type=product&#038;p=8457"},"modified":"2025-10-21T08:47:13","modified_gmt":"2025-10-21T08:47:13","slug":"browning-a-bolt-hunter-30-06-cal-golyos-vadaszfegyver","status":"publish","type":"product","link":"https:\/\/www.vadaszboltcsorna.hu\/index.php\/termek\/browning-a-bolt-hunter-30-06-cal-golyos-vadaszfegyver\/","title":{"rendered":"Browning A-Bolt Hunter .30-06 cal. goly\u00f3s vad\u00e1szfegyver"},"content":{"rendered":"<h3 style=\"text-align: center;\"><strong>Browning A-Bolt Hunter .30-06 cal. goly\u00f3s vad\u00e1szfegyver<\/strong><\/h3>\n<p>&nbsp;<\/p>\n<h4><strong data-start=\"425\" data-end=\"470\">Browning A-Bolt Hunter .30-06 Springfield<\/strong> \u2013 klasszikus, prec\u00edz \u00e9s id\u0151t\u00e1ll\u00f3 goly\u00f3s vad\u00e1szfegyver.<\/h4>\n<h4><br data-start=\"525\" data-end=\"528\" \/>Megb\u00edzhat\u00f3 z\u00e1rszerkezet, sima m\u0171k\u00f6d\u00e9s, remek pontoss\u00e1g \u00e9s eleg\u00e1ns di\u00f3fa tuska a Browning hagyom\u00e1nyos st\u00edlus\u00e1ban.<\/h4>\n<h4 data-start=\"698\" data-end=\"1113\">A <strong data-start=\"700\" data-end=\"733\">Browning A-Bolt Hunter .30-06<\/strong> a gy\u00e1rt\u00f3 egyik legend\u00e1s modellje, amely \u00e9vtizedek \u00f3ta a megb\u00edzhat\u00f3s\u00e1g \u00e9s pontoss\u00e1g szinonim\u00e1ja.<br data-start=\"829\" data-end=\"832\" \/>Az A-Bolt Hunter \u00f6tv\u00f6zi a klasszikus vad\u00e1szfegyverek eleganci\u00e1j\u00e1t a modern technikai megold\u00e1sokkal:<br data-start=\"931\" data-end=\"934\" \/>a rendk\u00edv\u00fcl prec\u00edz \u00a0rendszer biztons\u00e1gos \u00e9s gyors \u00fajrat\u00f6lt\u00e9st tesz lehet\u0151v\u00e9, m\u00edg a <strong data-start=\"1039\" data-end=\"1060\">szabadon \u00fasz\u00f3 cs\u0151<\/strong> biztos\u00edtja a kimagasl\u00f3 pontoss\u00e1got l\u00f6v\u00e9sr\u0151l l\u00f6v\u00e9sre.<\/h4>\n<h4 data-start=\"1115\" data-end=\"1393\">A <strong data-start=\"1117\" data-end=\"1132\">di\u00f3fa tusa<\/strong> gy\u00f6ny\u00f6r\u0171 erezet\u00e9vel, pol\u00edrozott fel\u00fclet\u00e9vel \u00e9s ergonomikus markolat\u00e1val nemcsak eszt\u00e9tikus, hanem rendk\u00edv\u00fcl k\u00e9nyelmes is.<br data-start=\"1254\" data-end=\"1257\" \/>Az <strong data-start=\"1260\" data-end=\"1289\">\u00e1ll\u00edthat\u00f3, tiszta els\u00fct\u00e9s<\/strong> \u00e9s az egyenletes z\u00e1rmozg\u00e1s kiv\u00e1l\u00f3 v\u00e1laszt\u00e1ss\u00e1 teszi a pusk\u00e1t mind vad\u00e1szathoz, mind sportl\u00f6v\u00e9szethez.<\/h4>\n<h4 data-start=\"1395\" data-end=\"1650\">A <strong data-start=\"1397\" data-end=\"1419\">.30-06 Springfield<\/strong> kaliber sokoldal\u00fa \u00e9s el\u00e9rhet\u0151 l\u0151szerrel dolgozik, \u00edgy ide\u00e1lis szarvasra, vaddiszn\u00f3ra \u00e9s m\u00e1s nagyvadra egyar\u00e1nt.<br data-start=\"1531\" data-end=\"1534\" \/>Ha klasszikus, hossz\u00fa t\u00e1von is megb\u00edzhat\u00f3 Browning pusk\u00e1t keresel \u2013 az <strong data-start=\"1605\" data-end=\"1622\">A-Bolt Hunter<\/strong> az egyik legjobb v\u00e1laszt\u00e1s.<\/h4>\n<p>&nbsp;<\/p>\n<p>&nbsp;<\/p>\n<hr data-start=\"1652\" data-end=\"1655\" \/>\n<h4 data-start=\"1657\" data-end=\"1704\">\ud83d\udd39 <strong data-start=\"1663\" data-end=\"1704\">M\u0171szaki adatok\u00a0<\/strong><\/h4>\n<div class=\"_tableContainer_1rjym_1\">\n<table class=\"w-fit min-w-(--thread-content-width)\" style=\"height: 275px; width: 482px;\" data-start=\"1706\" data-end=\"2350\">\n<thead data-start=\"1706\" data-end=\"1728\">\n<tr style=\"height: 17px;\" data-start=\"1706\" data-end=\"1728\">\n<th style=\"height: 17px; width: 110.075px;\" data-start=\"1706\" data-end=\"1720\" data-col-size=\"sm\">Tulajdons\u00e1g<\/th>\n<th style=\"height: 17px; width: 358.111px;\" data-start=\"1720\" data-end=\"1728\" data-col-size=\"md\">Adat<\/th>\n<\/tr>\n<\/thead>\n<tbody data-start=\"1753\" data-end=\"2350\">\n<tr style=\"height: 17px;\" data-start=\"1753\" data-end=\"1778\">\n<td style=\"height: 17px; width: 110.075px;\" data-start=\"1753\" data-end=\"1766\" data-col-size=\"sm\"><strong data-start=\"1755\" data-end=\"1765\">Gy\u00e1rt\u00f3<\/strong><\/td>\n<td style=\"height: 17px; width: 358.111px;\" data-col-size=\"md\" data-start=\"1766\" data-end=\"1778\">Browning<\/td>\n<\/tr>\n<tr style=\"height: 17px;\" data-start=\"1779\" data-end=\"1809\">\n<td style=\"height: 17px; width: 110.075px;\" data-start=\"1779\" data-end=\"1792\" data-col-size=\"sm\"><strong data-start=\"1781\" data-end=\"1791\">Modell<\/strong><\/td>\n<td style=\"height: 17px; width: 358.111px;\" data-col-size=\"md\" data-start=\"1792\" data-end=\"1809\">A-Bolt Hunter<\/td>\n<\/tr>\n<tr style=\"height: 17px;\" data-start=\"1810\" data-end=\"1846\">\n<td style=\"height: 17px; width: 110.075px;\" data-start=\"1810\" data-end=\"1824\" data-col-size=\"sm\"><strong data-start=\"1812\" data-end=\"1823\">Kaliber<\/strong><\/td>\n<td style=\"height: 17px; width: 358.111px;\" data-col-size=\"md\" data-start=\"1824\" data-end=\"1846\">.30-06 Springfield<\/td>\n<\/tr>\n<tr style=\"height: 37px;\" data-start=\"1847\" data-end=\"1903\">\n<td style=\"height: 37px; width: 110.075px;\" data-start=\"1847\" data-end=\"1866\" data-col-size=\"sm\"><\/td>\n<td style=\"height: 37px; width: 358.111px;\" data-col-size=\"md\" data-start=\"1866\" data-end=\"1903\"><\/td>\n<\/tr>\n<tr style=\"height: 17px;\" data-start=\"1904\" data-end=\"1973\">\n<td style=\"height: 17px; width: 110.075px;\" data-start=\"1904\" data-end=\"1918\" data-col-size=\"sm\"><\/td>\n<td style=\"height: 17px; width: 358.111px;\" data-col-size=\"md\" data-start=\"1918\" data-end=\"1973\"><\/td>\n<\/tr>\n<tr style=\"height: 17px;\" data-start=\"1974\" data-end=\"2020\">\n<td style=\"height: 17px; width: 110.075px;\" data-start=\"1974\" data-end=\"1993\" data-col-size=\"sm\"><strong data-start=\"1976\" data-end=\"1992\">T\u00e1rkapacit\u00e1s<\/strong><\/td>\n<td style=\"height: 17px; width: 358.111px;\" data-col-size=\"md\" data-start=\"1993\" data-end=\"2020\">4 l\u0151szer (kivehet\u0151 t\u00e1r)<\/td>\n<\/tr>\n<tr style=\"height: 17px;\" data-start=\"2021\" data-end=\"2056\">\n<td style=\"height: 17px; width: 110.075px;\" data-start=\"2021\" data-end=\"2036\" data-col-size=\"sm\"><strong data-start=\"2023\" data-end=\"2035\">Cs\u0151hossz<\/strong><\/td>\n<td style=\"height: 17px; width: 358.111px;\" data-col-size=\"md\" data-start=\"2036\" data-end=\"2056\">kb. 560 mm (22&#8243;)<\/td>\n<\/tr>\n<tr style=\"height: 17px;\" data-start=\"2057\" data-end=\"2091\">\n<td style=\"height: 17px; width: 110.075px;\" data-start=\"2057\" data-end=\"2076\" data-col-size=\"sm\"><strong data-start=\"2059\" data-end=\"2075\">Teljes hossz<\/strong><\/td>\n<td style=\"height: 17px; width: 358.111px;\" data-col-size=\"md\" data-start=\"2076\" data-end=\"2091\">kb. 1070 mm<\/td>\n<\/tr>\n<tr style=\"height: 17px;\" data-start=\"2092\" data-end=\"2118\">\n<td style=\"height: 17px; width: 110.075px;\" data-start=\"2092\" data-end=\"2104\" data-col-size=\"sm\"><strong data-start=\"2094\" data-end=\"2103\">T\u00f6meg<\/strong><\/td>\n<td style=\"height: 17px; width: 358.111px;\" data-col-size=\"md\" data-start=\"2104\" data-end=\"2118\">kb. 3,2 kg<\/td>\n<\/tr>\n<tr style=\"height: 17px;\" data-start=\"2119\" data-end=\"2169\">\n<td style=\"height: 17px; width: 110.075px;\" data-start=\"2119\" data-end=\"2129\" data-col-size=\"sm\"><strong data-start=\"2121\" data-end=\"2128\">Tus<\/strong><\/td>\n<td style=\"height: 17px; width: 358.111px;\" data-col-size=\"md\" data-start=\"2129\" data-end=\"2169\">Olajozott di\u00f3fa, Monte Carlo pofad\u00e9k<\/td>\n<\/tr>\n<tr style=\"height: 17px;\" data-start=\"2170\" data-end=\"2201\">\n<td style=\"height: 17px; width: 110.075px;\" data-start=\"2170\" data-end=\"2184\" data-col-size=\"sm\"><strong data-start=\"2172\" data-end=\"2183\">Fel\u00fclet<\/strong><\/td>\n<td style=\"height: 17px; width: 358.111px;\" data-col-size=\"md\" data-start=\"2184\" data-end=\"2201\">K\u00e9k\u00edtett ac\u00e9l<\/td>\n<\/tr>\n<tr style=\"height: 17px;\" data-start=\"2202\" data-end=\"2258\">\n<td style=\"height: 17px; width: 110.075px;\" data-start=\"2202\" data-end=\"2217\" data-col-size=\"sm\"><\/td>\n<td style=\"height: 17px; width: 358.111px;\" data-col-size=\"md\" data-start=\"2217\" data-end=\"2258\"><\/td>\n<\/tr>\n<tr style=\"height: 17px;\" data-start=\"2259\" data-end=\"2312\">\n<td style=\"height: 17px; width: 110.075px;\" data-start=\"2259\" data-end=\"2276\" data-col-size=\"sm\"><\/td>\n<td style=\"height: 17px; width: 358.111px;\" data-col-size=\"md\" data-start=\"2276\" data-end=\"2312\"><\/td>\n<\/tr>\n<tr style=\"height: 17px;\" data-start=\"2313\" data-end=\"2350\">\n<td style=\"height: 17px; width: 110.075px;\" data-start=\"2313\" data-end=\"2327\" data-col-size=\"sm\"><strong data-start=\"2315\" data-end=\"2326\">Gy\u00e1rt\u00e1s<\/strong><\/td>\n<td style=\"height: 17px; width: 358.111px;\" data-col-size=\"md\" data-start=\"2327\" data-end=\"2350\">Jap\u00e1n (Miroku gy\u00e1r)<\/td>\n<\/tr>\n<\/tbody>\n<\/table>\n<h4><\/h4>\n<h4 style=\"text-align: center;\"><strong>\u26a0\ufe0f <em data-start=\"3804\" data-end=\"4130\">Felh\u00edvjuk v\u00e1s\u00e1rl\u00f3ink figyelm\u00e9t, hogy l\u0151fegyver kiz\u00e1r\u00f3lag \u00e9rv\u00e9nyes fegyvertart\u00e1si enged\u00e9llyel, szem\u00e9lyes azonos\u00edt\u00e1s ut\u00e1n v\u00e1s\u00e1rolhat\u00f3.<br data-start=\"3937\" data-end=\"3940\" \/>Online rendel\u00e9s eset\u00e9n az el\u0151rendel\u00e9s r\u00f6gz\u00edthet\u0151, a t\u00e9nyleges \u00e1tv\u00e9tel kiz\u00e1r\u00f3lag enged\u00e9llyel rendelkez\u0151 fegyverboltban t\u00f6rt\u00e9nhet szem\u00e9lyesen!<br data-start=\"4068\" data-end=\"4071\" \/>Az oldalon szerepl\u0151 k\u00e9pek \u00e9s adatok t\u00e1j\u00e9koztat\u00f3 jelleg\u0171ek.<\/em><\/strong><\/h4>\n<\/div>\n","protected":false},"excerpt":{"rendered":"<p>Browning A-Bolt Hunter .30-06 cal. goly\u00f3s vad\u00e1szfegyver &nbsp; Browning A-Bolt Hunter .30-06 Springfield \u2013 klasszikus, prec\u00edz \u00e9s id\u0151t\u00e1ll\u00f3 goly\u00f3s vad\u00e1szfegyver. Megb\u00edzhat\u00f3 z\u00e1rszerkezet, sima m\u0171k\u00f6d\u00e9s, remek pontoss\u00e1g \u00e9s eleg\u00e1ns di\u00f3fa tuska a Browning hagyom\u00e1nyos st\u00edlus\u00e1ban. A Browning A-Bolt Hunter .30-06 a gy\u00e1rt\u00f3 egyik legend\u00e1s modellje, amely \u00e9vtizedek \u00f3ta a megb\u00edzhat\u00f3s\u00e1g \u00e9s pontoss\u00e1g szinonim\u00e1ja.Az A-Bolt Hunter \u00f6tv\u00f6zi [&hellip;]<\/p>\n","protected":false},"featured_media":8462,"comment_status":"open","ping_status":"closed","template":"","meta":{"_et_pb_use_builder":"","_et_pb_old_content":"","_et_gb_content_width":"","om_disable_all_campaigns":false},"product_brand":[],"product_cat":[21,16,17,1826],"product_tag":[1916],"class_list":{"0":"post-8457","1":"product","2":"type-product","3":"status-publish","4":"has-post-thumbnail","6":"product_cat-uj","7":"product_cat-fegyver","8":"product_cat-golyos-fegyver","9":"product_cat-uj-golyos-fegyver","10":"product_tag-browning-a-bolt-hunter-30-06-cal-golyos-vadaszfegyver","12":"first","13":"instock","14":"sale","15":"taxable","16":"shipping-taxable","17":"purchasable","18":"product-type-simple"},"_links":{"self":[{"href":"https:\/\/www.vadaszboltcsorna.hu\/index.php\/wp-json\/wp\/v2\/product\/8457","targetHints":{"allow":["GET"]}}],"collection":[{"href":"https:\/\/www.vadaszboltcsorna.hu\/index.php\/wp-json\/wp\/v2\/product"}],"about":[{"href":"https:\/\/www.vadaszboltcsorna.hu\/index.php\/wp-json\/wp\/v2\/types\/product"}],"replies":[{"embeddable":true,"href":"https:\/\/www.vadaszboltcsorna.hu\/index.php\/wp-json\/wp\/v2\/comments?post=8457"}],"wp:featuredmedia":[{"embeddable":true,"href":"https:\/\/www.vadaszboltcsorna.hu\/index.php\/wp-json\/wp\/v2\/media\/8462"}],"wp:attachment":[{"href":"https:\/\/www.vadaszboltcsorna.hu\/index.php\/wp-json\/wp\/v2\/media?parent=8457"}],"wp:term":[{"taxonomy":"product_brand","embeddable":true,"href":"https:\/\/www.vadaszboltcsorna.hu\/index.php\/wp-json\/wp\/v2\/product_brand?post=8457"},{"taxonomy":"product_cat","embeddable":true,"href":"https:\/\/www.vadaszboltcsorna.hu\/index.php\/wp-json\/wp\/v2\/product_cat?post=8457"},{"taxonomy":"product_tag","embeddable":true,"href":"https:\/\/www.vadaszboltcsorna.hu\/index.php\/wp-json\/wp\/v2\/product_tag?post=8457"}],"curies":[{"name":"wp","href":"https:\/\/api.w.org\/{rel}","templated":true}]}}