{"id":84,"date":"2021-04-12T12:03:24","date_gmt":"2021-04-12T12:03:24","guid":{"rendered":"http:\/\/www.vadaszboltcsorna.hu\/?post_type=product&#038;p=84"},"modified":"2025-05-27T12:56:21","modified_gmt":"2025-05-27T12:56:21","slug":"noblex-docter-ns-8-24x50-ed-spektiv","status":"publish","type":"product","link":"https:\/\/www.vadaszboltcsorna.hu\/index.php\/termek\/noblex-docter-ns-8-24x50-ed-spektiv\/","title":{"rendered":"NOBLEX Docter NS 8\u201324\u00d750 ED Spekt\u00edv"},"content":{"rendered":"<h1>NOBLEX Docter NS 8\u201324\u00d750 ED Spekt\u00edv<\/h1>\n<h3><strong>\u00a0<\/strong><\/h3>\n<h4>A NOBLEX bemutatja az \u00faj 8-24&#215;50 ED-t, ami egy k\u00f6nny\u0171 \u00e9s k\u00fcl\u00f6n\u00f6sen kompakt spekt\u00edv.\u00a0 Kiv\u00e1l\u00f3 k\u00eds\u00e9r\u0151\u00a0 vad\u00e1szathoz \u00e9s a sporthoz. K\u00f6nny\u0171 \u00e9s kompakt.<\/h4>\n<h4>Csup\u00e1n <strong>530 g a s\u00falya \u00e9s olyan hossz\u00fa, mint egy k\u00f6zepes m\u00e9ret\u0171 ban\u00e1n, <\/strong>ez\u00e9rt a mini spekt\u00edv v\u00e9szhelyzetben ak\u00e1r egy nagyobb kab\u00e1tzsebben is elf\u00e9r, tokkal egy\u00fctt.Az alacsony \u00e1r ellen\u00e9re a bevonatos lencs\u00e9k egy a peremeken is \u00e9les, sz\u00ednh\u0171 k\u00e9pet adnak. <strong>Ezen k\u00edv\u00fcl m\u00e9g fr\u00f6ccsen\u0151 v\u00edz ellen is v\u00e9dett a 8-24&#215;50 ED.<\/strong> Az okul\u00e1ron <strong>+\/- 6 dioptria kiegyenl\u00edt\u00e9sre van lehet\u0151s\u00e9g<\/strong> \u00e9s a szemt\u00e1vols\u00e1g is be\u00e1ll\u00edthat\u00f3 szem\u00fcvegesek sz\u00e1m\u00e1ra. A term\u00e9kre 5 \u00e9v garancia van.A NOBLEX spekt\u00edv nagy\u00edt\u00e1sa 8x \u00e9s 24x k\u00f6z\u00f6tt v\u00e1ltoztathat\u00f3.<\/h4>\n<h4>A NOBLEX okul\u00e1rj\u00e1n +\/- 6 dioptria kiegyenl\u00edt\u00e9sre van lehet\u0151s\u00e9g\u00fcnk.<\/h4>\n<h4>Teszten a lesen nagyon j\u00f3 benyom\u00e1st tett az apr\u00f3 NOBLEX &#8211; j\u00f3 f\u00e9nyviszonyokn\u00e1l \u00e9s a teljes\u00edtm\u00e9ny param\u00e9terek keretein bel\u00fcl.A NOBLEX spekt\u00edv egy 50 mm-es objekt\u00edvvel rendelkezik.<\/h4>\n<h4><\/h4>\n<h4>A NOBLEX spekt\u00edv m\u0171szaki adatai:<\/h4>\n<table border=\"0\" cellspacing=\"3\" cellpadding=\"0\">\n<thead>\n<tr>\n<td>\n<h4>Modell:<\/h4>\n<\/td>\n<td>\n<h4>NOBLEX 8 &#8211; 25 x 50 ED<\/h4>\n<\/td>\n<\/tr>\n<\/thead>\n<tbody>\n<tr>\n<td><\/td>\n<td><\/td>\n<\/tr>\n<tr>\n<td>\n<h4>Hossz\u00fas\u00e1g:<\/h4>\n<\/td>\n<td>\n<h4>192 mm tokkal<\/h4>\n<\/td>\n<\/tr>\n<tr>\n<td>\n<h4>Kil\u00e9p\u0151 pupilla:<\/h4>\n<\/td>\n<td>\n<h4>6,2 mm &#8211; 2,1 mm<\/h4>\n<\/td>\n<\/tr>\n<tr>\n<td>\n<h4>L\u00e1t\u00f3mez\u0151 (1000 m)<\/h4>\n<\/td>\n<td>\n<h4>42 &#8211; 88 m<\/h4>\n<\/td>\n<\/tr>\n<tr>\n<td>\n<h4>K\u00f6zeli be\u00e1ll\u00edt\u00e1s:<\/h4>\n<\/td>\n<td>\n<h4>1,5 m<\/h4>\n<\/td>\n<\/tr>\n<tr>\n<td>\n<h4>\u00c1llv\u00e1ny-adapter:<\/h4>\n<\/td>\n<td>\n<h4>1\/4&#8243;<\/h4>\n<\/td>\n<\/tr>\n<tr>\n<td>\n<h4>Okul\u00e1r menet:<\/h4>\n<\/td>\n<td>\n<h4>M36 x 0.75-6h, 6,5mm<\/h4>\n<\/td>\n<\/tr>\n<tr>\n<td>\n<h4>S\u00faly:<\/h4>\n<\/td>\n<td>\n<h4>530 g<\/h4>\n<\/td>\n<\/tr>\n<\/tbody>\n<\/table>\n<h4><\/h4>\n","protected":false},"excerpt":{"rendered":"<p>NOBLEX Docter NS 8\u201324\u00d750 ED Spekt\u00edv \u00a0 A NOBLEX bemutatja az \u00faj 8-24&#215;50 ED-t, ami egy k\u00f6nny\u0171 \u00e9s k\u00fcl\u00f6n\u00f6sen kompakt spekt\u00edv.\u00a0 Kiv\u00e1l\u00f3 k\u00eds\u00e9r\u0151\u00a0 vad\u00e1szathoz \u00e9s a sporthoz. K\u00f6nny\u0171 \u00e9s kompakt. Csup\u00e1n 530 g a s\u00falya \u00e9s olyan hossz\u00fa, mint egy k\u00f6zepes m\u00e9ret\u0171 ban\u00e1n, ez\u00e9rt a mini spekt\u00edv v\u00e9szhelyzetben ak\u00e1r egy nagyobb kab\u00e1tzsebben is elf\u00e9r, tokkal [&hellip;]<\/p>\n","protected":false},"featured_media":86,"comment_status":"open","ping_status":"closed","template":"","meta":{"_et_pb_use_builder":"","_et_pb_old_content":"","_et_gb_content_width":"","om_disable_all_campaigns":false},"product_brand":[],"product_cat":[81,89,21],"product_tag":[77,90,62,85,86],"class_list":{"0":"post-84","1":"product","2":"type-product","3":"status-publish","4":"has-post-thumbnail","6":"product_cat-spektiv","7":"product_cat-noblex-spektiv","8":"product_cat-uj","9":"product_tag-noblex","10":"product_tag-noblex-spektiv-ns-8-24x50","11":"product_tag-sportloveszet","12":"product_tag-vadaszfelszereles","13":"product_tag-vadaszoptika","15":"first","16":"instock","17":"sale","18":"taxable","19":"shipping-taxable","20":"purchasable","21":"product-type-simple"},"_links":{"self":[{"href":"https:\/\/www.vadaszboltcsorna.hu\/index.php\/wp-json\/wp\/v2\/product\/84","targetHints":{"allow":["GET"]}}],"collection":[{"href":"https:\/\/www.vadaszboltcsorna.hu\/index.php\/wp-json\/wp\/v2\/product"}],"about":[{"href":"https:\/\/www.vadaszboltcsorna.hu\/index.php\/wp-json\/wp\/v2\/types\/product"}],"replies":[{"embeddable":true,"href":"https:\/\/www.vadaszboltcsorna.hu\/index.php\/wp-json\/wp\/v2\/comments?post=84"}],"wp:featuredmedia":[{"embeddable":true,"href":"https:\/\/www.vadaszboltcsorna.hu\/index.php\/wp-json\/wp\/v2\/media\/86"}],"wp:attachment":[{"href":"https:\/\/www.vadaszboltcsorna.hu\/index.php\/wp-json\/wp\/v2\/media?parent=84"}],"wp:term":[{"taxonomy":"product_brand","embeddable":true,"href":"https:\/\/www.vadaszboltcsorna.hu\/index.php\/wp-json\/wp\/v2\/product_brand?post=84"},{"taxonomy":"product_cat","embeddable":true,"href":"https:\/\/www.vadaszboltcsorna.hu\/index.php\/wp-json\/wp\/v2\/product_cat?post=84"},{"taxonomy":"product_tag","embeddable":true,"href":"https:\/\/www.vadaszboltcsorna.hu\/index.php\/wp-json\/wp\/v2\/product_tag?post=84"}],"curies":[{"name":"wp","href":"https:\/\/api.w.org\/{rel}","templated":true}]}}