{"id":8389,"date":"2025-10-03T12:07:37","date_gmt":"2025-10-03T12:07:37","guid":{"rendered":"https:\/\/www.vadaszboltcsorna.hu\/?post_type=product&#038;p=8389"},"modified":"2025-10-03T12:09:47","modified_gmt":"2025-10-03T12:09:47","slug":"rp-outdoor-dzseki-bergen-tecnopile","status":"publish","type":"product","link":"https:\/\/www.vadaszboltcsorna.hu\/index.php\/termek\/rp-outdoor-dzseki-bergen-tecnopile\/","title":{"rendered":"RP OUTDOOR DZSEKI BERGEN TECNOPILE"},"content":{"rendered":"<h1 class=\"product-page-heading\"><span class=\"product-page-product-name\">RP OUTDOOR DZSEKI BERGEN TECNOPILE<\/span><\/h1>\n<p>3140020140008<\/p>\n<table class=\"product_parameters\">\n<tbody>\n<tr class=\"product-parameter-row product-short-description-row\">\n<td class=\"param-value product-short-description\" colspan=\"2\">Rendk\u00edv\u00fcl j\u00f3 h\u0151szigetel\u0151 tulajdons\u00e1g\u00fa pihe puha, k\u00f6nny\u0171 pol\u00e1r dzseki.<\/td>\n<\/tr>\n<\/tbody>\n<\/table>\n<p>Legmelegebb pol\u00e1r dzsekink, az olasz Pontetorto Tecnopile 300-as bipol\u00e1r anyag\u00e1b\u00f3l. Hossz\u00edtott h\u00e1t, ragl\u00e1n \u00faj, k\u00e9t cipz\u00e1ras als\u00f3 zseb, egy cipz\u00e1ras mellkas zseb, szuperer\u0151s interlock varratok\u00a0 jellemzik. \u00c1tmeneti id\u0151szakban \u00f6n\u00e1ll\u00f3 kab\u00e1tk\u00e9nt, t\u00e9len vastag h\u0151szigetel\u0151 r\u00e9tegk\u00e9nt aj\u00e1nljuk.<\/p>\n<table class=\"parameter_table\" style=\"width: 278px;\">\n<tbody>\n<tr class=\"odd\">\n<td style=\"width: 74.5048px;\"><strong>Cikksz\u00e1m<\/strong><\/td>\n<td style=\"width: 189.686px;\">314002<\/td>\n<\/tr>\n<tr class=\"even\">\n<td style=\"width: 74.5048px;\"><strong>M\u00e9retek<\/strong><\/td>\n<td style=\"width: 189.686px;\">XS, S, M, L, XL, XXL,<\/td>\n<\/tr>\n<tr class=\"odd\">\n<td style=\"width: 74.5048px;\"><strong>Sz\u00edn<\/strong><\/td>\n<td style=\"width: 189.686px;\">Alpin-z\u00f6ld<\/td>\n<\/tr>\n<tr class=\"even\">\n<td style=\"width: 74.5048px;\"><strong>Alapanyag<\/strong><\/td>\n<td style=\"width: 189.686px;\">Pontetorto Tecnopile<\/td>\n<\/tr>\n<tr class=\"odd\">\n<td style=\"width: 74.5048px;\"><strong>S\u00faly<\/strong><\/td>\n<td style=\"width: 189.686px;\">0,75 kg<\/td>\n<\/tr>\n<tr class=\"even\">\n<td style=\"width: 74.5048px;\"><strong>Garancia<\/strong><\/td>\n<td style=\"width: 189.686px;\">1 \u00e9v<\/td>\n<\/tr>\n<tr class=\"odd\">\n<td style=\"width: 74.5048px;\"><strong>Kateg\u00f3ria<\/strong><\/td>\n<td style=\"width: 189.686px;\">Trekking<\/td>\n<\/tr>\n<tr class=\"even\">\n<td style=\"width: 74.5048px;\"><strong>Gy\u00e1rt\u00e1s<\/strong><\/td>\n<td style=\"width: 189.686px;\">Magyarorsz\u00e1g<\/td>\n<\/tr>\n<\/tbody>\n<\/table>\n<div class=\"woocommerce\">\n<div id=\"reviews\" class=\"woocommerce-Reviews sprw-reviews sprw-list sprw-template-one\" data-template=\"template-one\" data-layout=\"list\" data-pagination_type=\"load_more\">\n<div id=\"comments\"><\/div>\n<\/div>\n<\/div>\n","protected":false},"excerpt":{"rendered":"<p>RP OUTDOOR DZSEKI BERGEN TECNOPILE 3140020140008 Rendk\u00edv\u00fcl j\u00f3 h\u0151szigetel\u0151 tulajdons\u00e1g\u00fa pihe puha, k\u00f6nny\u0171 pol\u00e1r dzseki. Legmelegebb pol\u00e1r dzsekink, az olasz Pontetorto Tecnopile 300-as bipol\u00e1r anyag\u00e1b\u00f3l. Hossz\u00edtott h\u00e1t, ragl\u00e1n \u00faj, k\u00e9t cipz\u00e1ras als\u00f3 zseb, egy cipz\u00e1ras mellkas zseb, szuperer\u0151s interlock varratok\u00a0 jellemzik. \u00c1tmeneti id\u0151szakban \u00f6n\u00e1ll\u00f3 kab\u00e1tk\u00e9nt, t\u00e9len vastag h\u0151szigetel\u0151 r\u00e9tegk\u00e9nt aj\u00e1nljuk. Cikksz\u00e1m 314002 M\u00e9retek XS, S, [&hellip;]<\/p>\n","protected":false},"featured_media":8390,"comment_status":"open","ping_status":"closed","template":"","meta":{"_et_pb_use_builder":"","_et_pb_old_content":"","_et_gb_content_width":"","om_disable_all_campaigns":false},"product_brand":[],"product_cat":[21,553,159],"product_tag":[1911],"class_list":{"0":"post-8389","1":"product","2":"type-product","3":"status-publish","4":"has-post-thumbnail","6":"product_cat-uj","7":"product_cat-kabat","8":"product_cat-vadasz-ruhazat","9":"product_tag-rp-outdoor-dzseki-bergen-tecnopile","11":"first","12":"instock","13":"taxable","14":"shipping-taxable","15":"purchasable","16":"product-type-variable"},"_links":{"self":[{"href":"https:\/\/www.vadaszboltcsorna.hu\/index.php\/wp-json\/wp\/v2\/product\/8389","targetHints":{"allow":["GET"]}}],"collection":[{"href":"https:\/\/www.vadaszboltcsorna.hu\/index.php\/wp-json\/wp\/v2\/product"}],"about":[{"href":"https:\/\/www.vadaszboltcsorna.hu\/index.php\/wp-json\/wp\/v2\/types\/product"}],"replies":[{"embeddable":true,"href":"https:\/\/www.vadaszboltcsorna.hu\/index.php\/wp-json\/wp\/v2\/comments?post=8389"}],"wp:featuredmedia":[{"embeddable":true,"href":"https:\/\/www.vadaszboltcsorna.hu\/index.php\/wp-json\/wp\/v2\/media\/8390"}],"wp:attachment":[{"href":"https:\/\/www.vadaszboltcsorna.hu\/index.php\/wp-json\/wp\/v2\/media?parent=8389"}],"wp:term":[{"taxonomy":"product_brand","embeddable":true,"href":"https:\/\/www.vadaszboltcsorna.hu\/index.php\/wp-json\/wp\/v2\/product_brand?post=8389"},{"taxonomy":"product_cat","embeddable":true,"href":"https:\/\/www.vadaszboltcsorna.hu\/index.php\/wp-json\/wp\/v2\/product_cat?post=8389"},{"taxonomy":"product_tag","embeddable":true,"href":"https:\/\/www.vadaszboltcsorna.hu\/index.php\/wp-json\/wp\/v2\/product_tag?post=8389"}],"curies":[{"name":"wp","href":"https:\/\/api.w.org\/{rel}","templated":true}]}}