{"id":8383,"date":"2025-10-02T10:54:10","date_gmt":"2025-10-02T10:54:10","guid":{"rendered":"https:\/\/www.vadaszboltcsorna.hu\/?post_type=product&#038;p=8383"},"modified":"2025-10-02T10:54:10","modified_gmt":"2025-10-02T10:54:10","slug":"fara-szerelheto-kameratarto","status":"publish","type":"product","link":"https:\/\/www.vadaszboltcsorna.hu\/index.php\/termek\/fara-szerelheto-kameratarto\/","title":{"rendered":"F\u00e1ra szerelhet\u0151 kameratart\u00f3"},"content":{"rendered":"<h1 class=\"page-head-title product-page-head-title\"><strong><span class=\"product-page-product-name\">F\u00e1ra szerelhet\u0151 kameratart\u00f3\u00a0<\/span><\/strong><\/h1>\n<p>&nbsp;<\/p>\n<table class=\"product-parameters table\" style=\"height: 93px;\" width=\"198\">\n<tbody>\n<tr class=\"product-parameter-row productsku-param-row\">\n<td class=\"param-label productsku-param\" style=\"width: 106.438px;\">Cikksz\u00e1m:<\/td>\n<td class=\"param-value productsku-param\" style=\"width: 77.7493px;\">204490<\/td>\n<\/tr>\n<tr class=\"product-parameter-row manufacturer-param-row\">\n<td class=\"param-label manufacturer-param\" style=\"width: 106.438px;\">Gy\u00e1rt\u00f3:<\/td>\n<td class=\"param-value manufacturer-param\" style=\"width: 77.7493px;\"><a href=\"https:\/\/silverkiss.hu\/cube-m-26\" target=\"_blank\" rel=\"noopener\">D\u00f6rr<\/a><\/td>\n<\/tr>\n<\/tbody>\n<\/table>\n","protected":false},"excerpt":{"rendered":"<p>F\u00e1ra szerelhet\u0151 kameratart\u00f3\u00a0 &nbsp; Cikksz\u00e1m: 204490 Gy\u00e1rt\u00f3: D\u00f6rr<\/p>\n","protected":false},"featured_media":8387,"comment_status":"open","ping_status":"closed","template":"","meta":{"_et_pb_use_builder":"","_et_pb_old_content":"","_et_gb_content_width":"","om_disable_all_campaigns":false},"product_brand":[],"product_cat":[21,1785,657],"product_tag":[1910],"class_list":{"0":"post-8383","1":"product","2":"type-product","3":"status-publish","4":"has-post-thumbnail","6":"product_cat-uj","7":"product_cat-vadkamera","8":"product_cat-vadriasztokvadkamera","9":"product_tag-fara-szerelheto-kameratarto","11":"first","12":"instock","13":"taxable","14":"shipping-taxable","15":"purchasable","16":"product-type-simple"},"_links":{"self":[{"href":"https:\/\/www.vadaszboltcsorna.hu\/index.php\/wp-json\/wp\/v2\/product\/8383","targetHints":{"allow":["GET"]}}],"collection":[{"href":"https:\/\/www.vadaszboltcsorna.hu\/index.php\/wp-json\/wp\/v2\/product"}],"about":[{"href":"https:\/\/www.vadaszboltcsorna.hu\/index.php\/wp-json\/wp\/v2\/types\/product"}],"replies":[{"embeddable":true,"href":"https:\/\/www.vadaszboltcsorna.hu\/index.php\/wp-json\/wp\/v2\/comments?post=8383"}],"wp:featuredmedia":[{"embeddable":true,"href":"https:\/\/www.vadaszboltcsorna.hu\/index.php\/wp-json\/wp\/v2\/media\/8387"}],"wp:attachment":[{"href":"https:\/\/www.vadaszboltcsorna.hu\/index.php\/wp-json\/wp\/v2\/media?parent=8383"}],"wp:term":[{"taxonomy":"product_brand","embeddable":true,"href":"https:\/\/www.vadaszboltcsorna.hu\/index.php\/wp-json\/wp\/v2\/product_brand?post=8383"},{"taxonomy":"product_cat","embeddable":true,"href":"https:\/\/www.vadaszboltcsorna.hu\/index.php\/wp-json\/wp\/v2\/product_cat?post=8383"},{"taxonomy":"product_tag","embeddable":true,"href":"https:\/\/www.vadaszboltcsorna.hu\/index.php\/wp-json\/wp\/v2\/product_tag?post=8383"}],"curies":[{"name":"wp","href":"https:\/\/api.w.org\/{rel}","templated":true}]}}