{"id":8375,"date":"2025-10-02T10:10:14","date_gmt":"2025-10-02T10:10:14","guid":{"rendered":"https:\/\/www.vadaszboltcsorna.hu\/?post_type=product&#038;p=8375"},"modified":"2025-10-02T10:15:12","modified_gmt":"2025-10-02T10:15:12","slug":"dorr-ujratoltheto-litium-ion-akkumulator-4-db","status":"publish","type":"product","link":"https:\/\/www.vadaszboltcsorna.hu\/index.php\/termek\/dorr-ujratoltheto-litium-ion-akkumulator-4-db\/","title":{"rendered":"D\u00d6RR \u00dajrat\u00f6lthet\u0151 L\u00edtium-Ion Akkumul\u00e1tor \u2013 4 db"},"content":{"rendered":"<h1 class=\"page-head-title product-page-head-title\"><strong><span class=\"product-page-product-name\">D\u00d6RR \u00dajrat\u00f6lthet\u0151 L\u00edtium-Ion Akkumul\u00e1tor \u2013 4 db<\/span><\/strong><\/h1>\n<p>&nbsp;<\/p>\n<p>Megb\u00edzhat\u00f3 energiaforr\u00e1s minden helyzetre.<br \/>\nA D\u00d6RR 18650 l\u00edtium-ion akkumul\u00e1torok ide\u00e1lis megold\u00e1st k\u00edn\u00e1lnak mindazoknak, akik stabil, hossz\u00fa \u00e9lettartam\u00fa \u00e9s biztons\u00e1gos \u00e1ramell\u00e1t\u00e1st keresnek a h\u00e9tk\u00f6znapi eszk\u00f6z\u00f6kh\u00f6z \u00e9s k\u00fclt\u00e9ri felszerel\u00e9sekhez.<\/p>\n<p><strong>F\u0151bb jellemz\u0151k:<\/strong><br \/>\n&#8211; Magas kapacit\u00e1s \u2013 3000 mAh (11,1 Wh), 3,7 V fesz\u00fclts\u00e9g<br \/>\n&#8211; Intelligens v\u00e9delem \u2013 be\u00e9p\u00edtett \u00e1ramk\u00f6r t\u00falt\u00f6lt\u00e9s, m\u00e9lykis\u00fcl\u00e9s, t\u00falterhel\u00e9s \u00e9s r\u00f6vidz\u00e1rlat ellen<br \/>\n&#8211; Tart\u00f3s \u00e9s megb\u00edzhat\u00f3 \u2013 alacsony \u00f6nkis\u00fcl\u00e9s, hossz\u00fa \u00e9lettartam<br \/>\n&#8211; Sz\u00e9les h\u0151m\u00e9rs\u00e9kleti tartom\u00e1nyban haszn\u00e1lhat\u00f3 \u2013 m\u0171k\u00f6d\u00e9s: -20 \u00b0C-t\u00f3l +60 \u00b0C-ig<br \/>\n&#8211; 4 darabos kiszerel\u00e9s \u2013 ide\u00e1lis k\u00e9szletekhez vagy t\u00f6bb eszk\u00f6zh\u00f6z<\/p>\n<p><strong>Alkalmaz\u00e1si ter\u00fcletek:<\/strong><br \/>\nIde\u00e1lis zsebl\u00e1mp\u00e1khoz, akci\u00f3kamer\u00e1khoz, nyomk\u00f6vet\u0151kh\u00f6z (pl. D\u00d6RR SnapShot Cloud 4G Pro RC), valamint m\u00e1s 18650-es kompatibilis eszk\u00f6z\u00f6kh\u00f6z.<br \/>\nT\u00f6k\u00e9letes v\u00e1laszt\u00e1s otthonra, munk\u00e1hoz vagy szabadt\u00e9ri kalandokhoz.<\/p>\n<p><strong>Aj\u00e1nlott tartoz\u00e9k:<\/strong><br \/>\nD\u00d6RR USB akkumul\u00e1tort\u00f6lt\u0151 \u2013 kompatibilis 1\u20134 db 18650\/18500\/18350\/14650\/16650\/16340\/14500\/10440 t\u00edpus\u00fa akkuval.<\/p>\n","protected":false},"excerpt":{"rendered":"<p>D\u00d6RR \u00dajrat\u00f6lthet\u0151 L\u00edtium-Ion Akkumul\u00e1tor \u2013 4 db &nbsp; Megb\u00edzhat\u00f3 energiaforr\u00e1s minden helyzetre. A D\u00d6RR 18650 l\u00edtium-ion akkumul\u00e1torok ide\u00e1lis megold\u00e1st k\u00edn\u00e1lnak mindazoknak, akik stabil, hossz\u00fa \u00e9lettartam\u00fa \u00e9s biztons\u00e1gos \u00e1ramell\u00e1t\u00e1st keresnek a h\u00e9tk\u00f6znapi eszk\u00f6z\u00f6kh\u00f6z \u00e9s k\u00fclt\u00e9ri felszerel\u00e9sekhez. F\u0151bb jellemz\u0151k: &#8211; Magas kapacit\u00e1s \u2013 3000 mAh (11,1 Wh), 3,7 V fesz\u00fclts\u00e9g &#8211; Intelligens v\u00e9delem \u2013 be\u00e9p\u00edtett \u00e1ramk\u00f6r t\u00falt\u00f6lt\u00e9s, [&hellip;]<\/p>\n","protected":false},"featured_media":8376,"comment_status":"open","ping_status":"closed","template":"","meta":{"_et_pb_use_builder":"","_et_pb_old_content":"","_et_gb_content_width":"","om_disable_all_campaigns":false},"product_brand":[],"product_cat":[21,1358],"product_tag":[1908],"class_list":{"0":"post-8375","1":"product","2":"type-product","3":"status-publish","4":"has-post-thumbnail","6":"product_cat-uj","7":"product_cat-akkumlator-toltoakkumlatorok","8":"product_tag-dorr-ujratoltheto-litium-ion-akkumulator-4-db","10":"first","11":"instock","12":"taxable","13":"shipping-taxable","14":"purchasable","15":"product-type-simple"},"_links":{"self":[{"href":"https:\/\/www.vadaszboltcsorna.hu\/index.php\/wp-json\/wp\/v2\/product\/8375","targetHints":{"allow":["GET"]}}],"collection":[{"href":"https:\/\/www.vadaszboltcsorna.hu\/index.php\/wp-json\/wp\/v2\/product"}],"about":[{"href":"https:\/\/www.vadaszboltcsorna.hu\/index.php\/wp-json\/wp\/v2\/types\/product"}],"replies":[{"embeddable":true,"href":"https:\/\/www.vadaszboltcsorna.hu\/index.php\/wp-json\/wp\/v2\/comments?post=8375"}],"wp:featuredmedia":[{"embeddable":true,"href":"https:\/\/www.vadaszboltcsorna.hu\/index.php\/wp-json\/wp\/v2\/media\/8376"}],"wp:attachment":[{"href":"https:\/\/www.vadaszboltcsorna.hu\/index.php\/wp-json\/wp\/v2\/media?parent=8375"}],"wp:term":[{"taxonomy":"product_brand","embeddable":true,"href":"https:\/\/www.vadaszboltcsorna.hu\/index.php\/wp-json\/wp\/v2\/product_brand?post=8375"},{"taxonomy":"product_cat","embeddable":true,"href":"https:\/\/www.vadaszboltcsorna.hu\/index.php\/wp-json\/wp\/v2\/product_cat?post=8375"},{"taxonomy":"product_tag","embeddable":true,"href":"https:\/\/www.vadaszboltcsorna.hu\/index.php\/wp-json\/wp\/v2\/product_tag?post=8375"}],"curies":[{"name":"wp","href":"https:\/\/api.w.org\/{rel}","templated":true}]}}