{"id":8245,"date":"2025-09-26T12:25:37","date_gmt":"2025-09-26T12:25:37","guid":{"rendered":"https:\/\/www.vadaszboltcsorna.hu\/?post_type=product&#038;p=8245"},"modified":"2025-09-26T18:33:31","modified_gmt":"2025-09-26T18:33:31","slug":"skechers-nampa-osil-o1-felcipo-cikkszam-dt-skch-200272ec-blk","status":"publish","type":"product","link":"https:\/\/www.vadaszboltcsorna.hu\/index.php\/termek\/skechers-nampa-osil-o1-felcipo-cikkszam-dt-skch-200272ec-blk\/","title":{"rendered":"Skechers Nampa-Osil O1 f\u00e9lcip\u0151 Cikksz\u00e1m: DT-SKCH-200272EC-BLK"},"content":{"rendered":"<div class=\"artdet__name-wrap\">\n<h1 class=\"artdet__name line-clamp--3-12 mb-0\" title=\"Skechers Nampa-Osil O1 f\u00e9lcip\u0151 \">Skechers Nampa-Osil O1 f\u00e9lcip\u0151<\/h1>\n<\/div>\n<div class=\"artdet__sku d-flex flex-wrap text-muted mb-2\">\n<div class=\"artdet__sku-title\"><strong>Cikksz\u00e1m:<\/strong><\/div>\n<div class=\"artdet__sku-value\"><strong>DT-SKCH-200272EC-BLK<\/strong><\/div>\n<\/div>\n<div><\/div>\n<div>\n<h4>K\u00f6nny\u0171 \u00e9s k\u00e9nyelmes munkacip\u0151 O1 kateg\u00f3ri\u00e1ban.<\/h4>\n<h4 data-start=\"219\" data-end=\"283\">V\u00edzleperget\u0151, sima szintetikus fels\u0151r\u00e9sz \u2013 k\u00f6nnyen tiszt\u00edthat\u00f3.<\/h4>\n<h4 data-start=\"286\" data-end=\"381\">Cs\u00fasz\u00e1smentes (SRC min\u0151s\u00edt\u00e9s\u0171) gumitalp nedves \u00e9s olajos fel\u00fcleteken is biztos tapad\u00e1st. ny\u00fajt<\/h4>\n<h4 data-start=\"384\" data-end=\"450\">Skechers Memory Foam\u00ae p\u00e1rn\u00e1zott talpbet\u00e9t a maxim\u00e1lis komfort\u00e9rt.<\/h4>\n<h4 data-start=\"453\" data-end=\"511\">\u00dct\u00e9scsillap\u00edt\u00f3, hajl\u00e9kony k\u00f6z\u00e9ptalp a k\u00e9nyelmes j\u00e1r\u00e1s\u00e9rt.<\/h4>\n<h4 data-start=\"514\" data-end=\"550\">Puh\u00e1n p\u00e1rn\u00e1zott boka- \u00e9s nyelvr\u00e9sz.<\/h4>\n<h4 data-start=\"553\" data-end=\"602\">F\u00e9mmentes kialak\u00edt\u00e1s \u2013 k\u00f6nny\u0171, rugalmas viselet.<\/h4>\n<h4 data-start=\"605\" data-end=\"703\">Egysz\u00edn\u0171, letisztult fekete diz\u00e1jn.<\/h4>\n<\/div>\n<div class=\"data__item col-md-6 col-xl-4 data__item-param\">\n<div class=\"data__item-param-inner\">\n<div class=\"row gutters-5 h-100 align-items-center py-2\">\n<div id=\"page_artdet_product_param_title_3288082\" class=\"data__item-title col-5\">\n<h4 class=\"artdet__param-title\"><span class=\"param-name\">M\u00e1rka<\/span>:<\/h4>\n<\/div>\n<div class=\"artdet__param-value\">Skechers<\/div>\n<\/div>\n<\/div>\n<\/div>\n<div class=\"data__item-param-inner\">\n<div class=\"row gutters-5 h-100 align-items-center py-2\">\n<div id=\"page_artdet_product_param_title_3311634\" class=\"data__item-title col-5\">\n<div class=\"artdet__param-title\"><span class=\"param-name\">V\u00e9delmi fokozat<\/span>:<\/div>\n<\/div>\n<div id=\"page_artdet_product_param_value_3311634\" class=\"data__item-value col-7\">\n<div class=\"artdet__param-value\">O1<\/div>\n<\/div>\n<\/div>\n<\/div>\n<div class=\"data__item-param-inner\">\n<div class=\"row gutters-5 h-100 align-items-center py-2\">\n<div id=\"page_artdet_product_param_title_3320054\" class=\"data__item-title col-5\">\n<div class=\"artdet__param-title\"><span class=\"param-name\">Fels\u0151r\u00e9sz anyaga<\/span>:<\/div>\n<\/div>\n<div id=\"page_artdet_product_param_value_3320054\" class=\"data__item-value col-7\">\n<div class=\"artdet__param-value\">Szintetikus b\u0151r<\/div>\n<\/div>\n<\/div>\n<\/div>\n<div class=\"data__item-param-inner\">\n<div class=\"row gutters-5 h-100 align-items-center py-2\">\n<div id=\"page_artdet_product_param_title_3320059\" class=\"data__item-title col-5\">\n<div class=\"artdet__param-title\"><span class=\"param-name\">Talp anyaga<\/span>:<\/div>\n<\/div>\n<div id=\"page_artdet_product_param_value_3320059\" class=\"data__item-value col-7\">\n<div class=\"artdet__param-value\">Gumi<\/div>\n<\/div>\n<\/div>\n<\/div>\n<div class=\"data__item col-md-6 col-xl-4 data__item-param\">\n<div class=\"data__item-param-inner\">\n<div class=\"row gutters-5 h-100 align-items-center py-2\">\n<div class=\"artdet__param-title\"><span class=\"param-name\">Olaj\u00e1ll\u00f3 talp<\/span>:<\/div>\n<div id=\"page_artdet_product_param_value_3320069\" class=\"data__item-value col-7\">\n<h4 class=\"artdet__param-value\">Igen<\/h4>\n<\/div>\n<\/div>\n<\/div>\n<\/div>\n","protected":false},"excerpt":{"rendered":"<p>Skechers Nampa-Osil O1 f\u00e9lcip\u0151 Cikksz\u00e1m: DT-SKCH-200272EC-BLK K\u00f6nny\u0171 \u00e9s k\u00e9nyelmes munkacip\u0151 O1 kateg\u00f3ri\u00e1ban. V\u00edzleperget\u0151, sima szintetikus fels\u0151r\u00e9sz \u2013 k\u00f6nnyen tiszt\u00edthat\u00f3. Cs\u00fasz\u00e1smentes (SRC min\u0151s\u00edt\u00e9s\u0171) gumitalp nedves \u00e9s olajos fel\u00fcleteken is biztos tapad\u00e1st. ny\u00fajt Skechers Memory Foam\u00ae p\u00e1rn\u00e1zott talpbet\u00e9t a maxim\u00e1lis komfort\u00e9rt. \u00dct\u00e9scsillap\u00edt\u00f3, hajl\u00e9kony k\u00f6z\u00e9ptalp a k\u00e9nyelmes j\u00e1r\u00e1s\u00e9rt. Puh\u00e1n p\u00e1rn\u00e1zott boka- \u00e9s nyelvr\u00e9sz. F\u00e9mmentes kialak\u00edt\u00e1s \u2013 k\u00f6nny\u0171, rugalmas [&hellip;]<\/p>\n","protected":false},"featured_media":8250,"comment_status":"open","ping_status":"closed","template":"","meta":{"_et_pb_use_builder":"","_et_pb_old_content":"","_et_gb_content_width":"","om_disable_all_campaigns":false},"product_brand":[],"product_cat":[21,163,647,160],"product_tag":[1897],"class_list":{"0":"post-8245","1":"product","2":"type-product","3":"status-publish","4":"has-post-thumbnail","6":"product_cat-uj","7":"product_cat-bakancs","8":"product_cat-felcipok","9":"product_cat-labbelik","10":"product_tag-skechers-nampa-osil-o1-felcipo","12":"first","13":"instock","14":"taxable","15":"shipping-taxable","16":"purchasable","17":"product-type-variable"},"_links":{"self":[{"href":"https:\/\/www.vadaszboltcsorna.hu\/index.php\/wp-json\/wp\/v2\/product\/8245","targetHints":{"allow":["GET"]}}],"collection":[{"href":"https:\/\/www.vadaszboltcsorna.hu\/index.php\/wp-json\/wp\/v2\/product"}],"about":[{"href":"https:\/\/www.vadaszboltcsorna.hu\/index.php\/wp-json\/wp\/v2\/types\/product"}],"replies":[{"embeddable":true,"href":"https:\/\/www.vadaszboltcsorna.hu\/index.php\/wp-json\/wp\/v2\/comments?post=8245"}],"wp:featuredmedia":[{"embeddable":true,"href":"https:\/\/www.vadaszboltcsorna.hu\/index.php\/wp-json\/wp\/v2\/media\/8250"}],"wp:attachment":[{"href":"https:\/\/www.vadaszboltcsorna.hu\/index.php\/wp-json\/wp\/v2\/media?parent=8245"}],"wp:term":[{"taxonomy":"product_brand","embeddable":true,"href":"https:\/\/www.vadaszboltcsorna.hu\/index.php\/wp-json\/wp\/v2\/product_brand?post=8245"},{"taxonomy":"product_cat","embeddable":true,"href":"https:\/\/www.vadaszboltcsorna.hu\/index.php\/wp-json\/wp\/v2\/product_cat?post=8245"},{"taxonomy":"product_tag","embeddable":true,"href":"https:\/\/www.vadaszboltcsorna.hu\/index.php\/wp-json\/wp\/v2\/product_tag?post=8245"}],"curies":[{"name":"wp","href":"https:\/\/api.w.org\/{rel}","templated":true}]}}