{"id":8214,"date":"2025-09-26T11:41:28","date_gmt":"2025-09-26T11:41:28","guid":{"rendered":"https:\/\/www.vadaszboltcsorna.hu\/?post_type=product&#038;p=8214"},"modified":"2025-09-26T11:42:01","modified_gmt":"2025-09-26T11:42:01","slug":"sara-comfort-plus-kapucnis-pulover-oliva-zold-fekete-cikkszam-dt-sara-1-35-620-75-25","status":"publish","type":"product","link":"https:\/\/www.vadaszboltcsorna.hu\/index.php\/termek\/sara-comfort-plus-kapucnis-pulover-oliva-zold-fekete-cikkszam-dt-sara-1-35-620-75-25\/","title":{"rendered":"Sara Comfort Plus kapucnis pul\u00f3ver ol\u00edva z\u00f6ld &#8211; fekete Cikksz\u00e1m: DT-SARA-1-35-620-75-25"},"content":{"rendered":"<div class=\"artdet__name-wrap\">\n<h1 class=\"artdet__name line-clamp--3-12 mb-0\" title=\"Sara Comfort Plus kapucnis pul\u00f3ver ol\u00edva z\u00f6ld - fekete \">Sara Comfort Plus kapucnis pul\u00f3ver ol\u00edva z\u00f6ld &#8211; fekete<\/h1>\n<\/div>\n<div class=\"artdet__sku d-flex flex-wrap text-muted mb-2\">\n<div class=\"artdet__sku-title\"><strong>Cikksz\u00e1m:<\/strong><\/div>\n<\/div>\n<div class=\"artdet__sku d-flex flex-wrap text-muted mb-2\">\n<div class=\"artdet__sku-value\"><strong>DT-SARA-1-35-620-75-25<\/strong><\/div>\n<\/div>\n<div><\/div>\n<div>\n<h4><strong>Sara Comfort Plus pul\u00f3ver kollekci\u00f3 \u2013 st\u00edlus \u00e9s funkcionalit\u00e1s egyben<\/strong><\/h4>\n<h4>K\u00e9nyelmes szab\u00e1s, cipz\u00e1ras z\u00e1r\u00f3d\u00e1ssal<\/h4>\n<h4 data-start=\"407\" data-end=\"449\">\u00c1ll\u00edthat\u00f3 kapucni \u00e9s rugalmas mandzsetta<\/h4>\n<h4 data-start=\"452\" data-end=\"508\">Er\u0151s\u00edtett k\u00f6ny\u00f6kr\u00e9sz \u00e9s diszkr\u00e9t f\u00e9nyvisszaver\u0151 elemek<\/h4>\n<h4 data-start=\"511\" data-end=\"544\">Praktikus, cipz\u00e1ras oldalzsebek<\/h4>\n<h4 data-start=\"547\" data-end=\"618\">Strapab\u00edr\u00f3, pamut-poli\u00e9szter kevertsz\u00f6vet (70% pamut, 30% poli\u00e9szter)<\/h4>\n<h4 data-start=\"620\" data-end=\"707\"><strong data-start=\"620\" data-end=\"629\">Sz\u00edn:<\/strong>\u00a0ol\u00edvaz\u00f6ld-fekete<\/h4>\n<h4 data-start=\"620\" data-end=\"707\"><br data-start=\"646\" data-end=\"649\" \/><strong data-start=\"649\" data-end=\"668\">Anyagvastags\u00e1g:<\/strong>\u00a0350 g\/m\u00b2<\/h4>\n<\/div>\n","protected":false},"excerpt":{"rendered":"<p>Sara Comfort Plus kapucnis pul\u00f3ver ol\u00edva z\u00f6ld &#8211; fekete Cikksz\u00e1m: DT-SARA-1-35-620-75-25 Sara Comfort Plus pul\u00f3ver kollekci\u00f3 \u2013 st\u00edlus \u00e9s funkcionalit\u00e1s egyben K\u00e9nyelmes szab\u00e1s, cipz\u00e1ras z\u00e1r\u00f3d\u00e1ssal \u00c1ll\u00edthat\u00f3 kapucni \u00e9s rugalmas mandzsetta Er\u0151s\u00edtett k\u00f6ny\u00f6kr\u00e9sz \u00e9s diszkr\u00e9t f\u00e9nyvisszaver\u0151 elemek Praktikus, cipz\u00e1ras oldalzsebek Strapab\u00edr\u00f3, pamut-poli\u00e9szter kevertsz\u00f6vet (70% pamut, 30% poli\u00e9szter) Sz\u00edn:\u00a0ol\u00edvaz\u00f6ld-fekete Anyagvastags\u00e1g:\u00a0350 g\/m\u00b2<\/p>\n","protected":false},"featured_media":8215,"comment_status":"open","ping_status":"closed","template":"","meta":{"_et_pb_use_builder":"","_et_pb_old_content":"","_et_gb_content_width":"","om_disable_all_campaigns":false},"product_brand":[],"product_cat":[21,596,159],"product_tag":[1895],"class_list":{"0":"post-8214","1":"product","2":"type-product","3":"status-publish","4":"has-post-thumbnail","6":"product_cat-uj","7":"product_cat-pulover","8":"product_cat-vadasz-ruhazat","9":"product_tag-sara-comfort-plus-kapucnis-pulover-oliva-zold-fekete","11":"first","12":"instock","13":"taxable","14":"shipping-taxable","15":"purchasable","16":"product-type-variable"},"_links":{"self":[{"href":"https:\/\/www.vadaszboltcsorna.hu\/index.php\/wp-json\/wp\/v2\/product\/8214","targetHints":{"allow":["GET"]}}],"collection":[{"href":"https:\/\/www.vadaszboltcsorna.hu\/index.php\/wp-json\/wp\/v2\/product"}],"about":[{"href":"https:\/\/www.vadaszboltcsorna.hu\/index.php\/wp-json\/wp\/v2\/types\/product"}],"replies":[{"embeddable":true,"href":"https:\/\/www.vadaszboltcsorna.hu\/index.php\/wp-json\/wp\/v2\/comments?post=8214"}],"wp:featuredmedia":[{"embeddable":true,"href":"https:\/\/www.vadaszboltcsorna.hu\/index.php\/wp-json\/wp\/v2\/media\/8215"}],"wp:attachment":[{"href":"https:\/\/www.vadaszboltcsorna.hu\/index.php\/wp-json\/wp\/v2\/media?parent=8214"}],"wp:term":[{"taxonomy":"product_brand","embeddable":true,"href":"https:\/\/www.vadaszboltcsorna.hu\/index.php\/wp-json\/wp\/v2\/product_brand?post=8214"},{"taxonomy":"product_cat","embeddable":true,"href":"https:\/\/www.vadaszboltcsorna.hu\/index.php\/wp-json\/wp\/v2\/product_cat?post=8214"},{"taxonomy":"product_tag","embeddable":true,"href":"https:\/\/www.vadaszboltcsorna.hu\/index.php\/wp-json\/wp\/v2\/product_tag?post=8214"}],"curies":[{"name":"wp","href":"https:\/\/api.w.org\/{rel}","templated":true}]}}