{"id":819,"date":"2021-05-06T06:38:35","date_gmt":"2021-05-06T06:38:35","guid":{"rendered":"http:\/\/www.vadaszboltcsorna.hu\/?post_type=product&#038;p=819"},"modified":"2024-06-28T08:21:47","modified_gmt":"2024-06-28T08:21:47","slug":"lapua-mega","status":"publish","type":"product","link":"https:\/\/www.vadaszboltcsorna.hu\/index.php\/termek\/lapua-mega\/","title":{"rendered":"Lapua Mega  30-06 spring"},"content":{"rendered":"<h2><strong>Lapua Mega goly\u00f3s l\u0151szer<\/strong><\/h2>\n<h4>\u00a0Vad\u00e1sz c\u00e9lokra k\u00edn\u00e1lt t\u00f6lt\u00e9nyeir\u0151l, meg\u00e1llap\u00edthat\u00f3, hogy csaknem minden fontosabb eur\u00f3pai \u00e9s amerikai kaliberben k\u00edn\u00e1lj\u00e1k a term\u00e9keiket. Teljes burkolat\u00fa l\u00f6ved\u00e9kkel szereltet \u2013 amit gyakorl\u00e1sra \u00e9s k\u00e1rtev\u00f6, valamint a fajdok vad\u00e1szat\u00e1ra haszn\u00e1lhatunk \u2013 kaphatunk .222 Rem., .223 Rem., .243 Win., 6,5&#215;55, 7,62&#215;39, .308 Win., 7,62x53R, .30-06 Spr. \u00fcrm\u00e9retekben k\u00e9sz\u00fclt pusk\u00e1khoz. Kisebb kaliberekben k\u00f6z\u00f6ns\u00e9ges \u00f3lomhegy\u00fc Soft Point l\u00f6ved\u00e9kkel ell\u00e1tott t\u00f6lt\u00e9nyeket is beszerezhet\u00fcnk, a szok\u00e1sos t\u00f6megekben, ami .222 \u00e9s .223 Remingtonn\u00e1l 3,6 g. m\u00edg a .243 Winchester eset\u00e9ben 6,5 g.<br \/>\nA k\u00f6zismert sv\u00e9d kalibern\u00e9l, \u201d\u00e9szak csillag\u00e1n\u00e1l\u201d; a 6,5&#215;55-n\u00e9l jelennek meg el\u00f6sz\u00f6r a saj\u00e1t tervez\u00e9s\u00fc \u00e9s kivitelez\u00e9s\u00fc Naturalis \u00e9s Mega m\u00e1rkanev\u00fc l\u00f6ved\u00e9kkonstrukci\u00f3k, ma m\u00e1r az enn\u00e9l er\u00f6sebb \u00e1tm\u00e9r\u00f6j\u00fc l\u00f6ved\u00e9kkel szerelt t\u00f6lt\u00e9nyeikkel is kaphat\u00f3k. Tapasztalt szem azonnal l\u00e1tja, hogy mindk\u00e9t l\u00f6ved\u00e9kt\u00edpus az Eur\u00f3p\u00e1ban vad\u00e1szias l\u00f6t\u00e1vols\u00e1g sz\u00e9ls\u00f6 hat\u00e1r\u00e1nak tartott, kb. 200 m\u00e9terig ide\u00e1lis. Mind a Mega mind a Naturalis tompa, lekerek\u00edtett v\u00e9gz\u00f6d\u00e9s\u00fc, ami miatt fedett, bokros terepen sokkal megb\u00edzhat\u00f3bbak, nem olyan k\u00f6nnyen t\u00e9r\u00fclnek el kisebb akad\u00e1lyokat \u00e9rve, mintha t\u00fchegyesek lenn\u00e9nek. A h\u00fasroncsol\u00f3d\u00e1s m\u00e9rt\u00e9ke is v\u00e1rhat\u00f3an enyh\u00e9bb m\u00e9rt\u00e9k\u00fc lesz. S mivel front\u00e1lis fel\u00fclet\u00fck nagyobb a hegyes orr\u00e9sz\u00fcekn\u00e9l, ez kiegyens\u00falyozza \u2013 \u00f6l\u00f6hat\u00e1s tekintet\u00e9ben \u2013 az ut\u00f3bbiakn\u00e1l jelentkez\u00f6 intenz\u00edvebb becsap\u00f3d\u00e1si sebess\u00e9gb\u00f6l ad\u00f3d\u00f3 kedvezm\u00e9nyt. Term\u00e9szetesen mindez a fenti l\u00f6t\u00e1vols\u00e1gon bel\u00fcl \u00e9rtend\u00f6. Mindenk\u00e9ppen \u00e9rdemes b\u00f6vebben elemezni ezt a k\u00e9t jellegzetes finn l\u00f6ved\u00e9ket. A Mega alapvet\u00f6en egy leg\u00f6mb\u00f6ly\u00edtett \u00f3lomhegy\u00fc, r\u00e9z\u00f6tv\u00f6zet\u00fc burkolattal rendelkez\u00f6 Soft Point t\u00edpus\u00fa konstrukci\u00f3, amelynek k\u00f6z\u00e9pt\u00e1j\u00e1n tal\u00e1lhat\u00f3 egy \u00fan. \u201d\u00f3lomz\u00e1r\u201d; a k\u00f6peny befel\u00e9 vastag\u00edt\u00e1sa gy\u00fcr\u00fc alakban. Ami arra hivatott, hogy becsap\u00f3d\u00e1s ut\u00e1n a maradv\u00e1nytestb\u00f6l ne tudjon minden antim\u00f3n \u2013 \u00f6tv\u00f6z\u00f6tt \u00f3lom &#8211; kifr\u00f6ccsenni, hanem megb\u00edzhat\u00f3an egybe maradjon a felgomb\u00e1sodott h\u00e1ts\u00f3 r\u00e9sz \u201dsz\u00e1r\u00e1ban\u201d, j\u00f3 m\u00e9lys\u00e9gi hat\u00e1st \u00e9rve el, er\u00f6s csonttal\u00e1lat eset\u00e9ben \u00fagyszint\u00e9n. Egyike a legn\u00e9pszer\u00fcbb j\u00e1vor-, \u00e9s medvevad\u00e1szatra alkalmazott l\u00f6ved\u00e9keknek Skandin\u00e1vi\u00e1ban.<\/h4>\n<h4>A le\u00edr\u00e1sban szerepl\u0151 adatok t\u00e1j\u00e9koztat\u00f3 jelleg\u0171ek, t\u00edpusonk\u00e9nt v\u00e1ltozhat!<br \/>\nKaliberekr\u0151l aktu\u00e1lis \u00e1rakr\u00f3l \u00e9s egy\u00e9b inform\u00e1ci\u00f3kr\u00f3l k\u00e9rj\u00fck \u00e9rdekl\u0151dj\u00f6n!<\/h4>\n<h4><strong>A fegyvert\u00f6rv\u00e9ny \u00e9rtelm\u00e9ben, fegyvert, l\u0151szert kiz\u00e1r\u00f3lag szem\u00e9lyesen,az \u00fczletben fegyvertart\u00e1si enged\u00e9ly birtok\u00e1ban lehet v\u00e1s\u00e1rolni!<\/strong><br \/>\n<strong>A webshopban megrendelt fegyverek \u00e9s l\u0151szerek NEM ker\u00fclnek kisz\u00e1ll\u00edt\u00e1sra!\u00a0 Tov\u00e1bbi inform\u00e1ci\u00f3\u00e9rt l\u00e1togasson el boltunkba!<\/strong><\/h4>\n<h4>Az \u00e1rak t\u00e1j\u00e9koztat\u00f3 jelleg\u0171ek nem min\u0151s\u00fcl hivatalos aj\u00e1nlat t\u00e9telnek!<br \/>\nAz \u00e1rv\u00e1ltoz\u00e1s jog\u00e1t fenntartjuk!<\/h4>\n<h4><\/h4>\n<p>&nbsp;<\/p>\n","protected":false},"excerpt":{"rendered":"<p>Lapua Mega goly\u00f3s l\u0151szer \u00a0Vad\u00e1sz c\u00e9lokra k\u00edn\u00e1lt t\u00f6lt\u00e9nyeir\u0151l, meg\u00e1llap\u00edthat\u00f3, hogy csaknem minden fontosabb eur\u00f3pai \u00e9s amerikai kaliberben k\u00edn\u00e1lj\u00e1k a term\u00e9keiket. Teljes burkolat\u00fa l\u00f6ved\u00e9kkel szereltet \u2013 amit gyakorl\u00e1sra \u00e9s k\u00e1rtev\u00f6, valamint a fajdok vad\u00e1szat\u00e1ra haszn\u00e1lhatunk \u2013 kaphatunk .222 Rem., .223 Rem., .243 Win., 6,5&#215;55, 7,62&#215;39, .308 Win., 7,62x53R, .30-06 Spr. \u00fcrm\u00e9retekben k\u00e9sz\u00fclt pusk\u00e1khoz. Kisebb kaliberekben k\u00f6z\u00f6ns\u00e9ges [&hellip;]<\/p>\n","protected":false},"featured_media":5717,"comment_status":"open","ping_status":"closed","template":"","meta":{"_et_pb_use_builder":"","_et_pb_old_content":"","_et_gb_content_width":"","om_disable_all_campaigns":false},"product_brand":[],"product_cat":[21,233,235,231,289,202,248,227,199,200,291,201],"product_tag":[205,290,70,221],"class_list":{"0":"post-819","1":"product","2":"type-product","3":"status-publish","4":"has-post-thumbnail","6":"product_cat-uj","7":"product_cat-222-rem","8":"product_cat-223rem","9":"product_cat-231","10":"product_cat-308-win","11":"product_cat-30-06","12":"product_cat-65x55se","13":"product_cat-93x62","14":"product_cat-golyos-loszerek","15":"product_cat-kaliber","16":"product_cat-lapua","17":"product_cat-marka-golyos-loszerek","18":"product_tag-golyos-loszer","19":"product_tag-lapua-mega","20":"product_tag-vadaszat","21":"product_tag-vadaszloszer","23":"first","24":"instock","25":"taxable","26":"shipping-taxable","27":"purchasable","28":"product-type-simple"},"_links":{"self":[{"href":"https:\/\/www.vadaszboltcsorna.hu\/index.php\/wp-json\/wp\/v2\/product\/819","targetHints":{"allow":["GET"]}}],"collection":[{"href":"https:\/\/www.vadaszboltcsorna.hu\/index.php\/wp-json\/wp\/v2\/product"}],"about":[{"href":"https:\/\/www.vadaszboltcsorna.hu\/index.php\/wp-json\/wp\/v2\/types\/product"}],"replies":[{"embeddable":true,"href":"https:\/\/www.vadaszboltcsorna.hu\/index.php\/wp-json\/wp\/v2\/comments?post=819"}],"wp:featuredmedia":[{"embeddable":true,"href":"https:\/\/www.vadaszboltcsorna.hu\/index.php\/wp-json\/wp\/v2\/media\/5717"}],"wp:attachment":[{"href":"https:\/\/www.vadaszboltcsorna.hu\/index.php\/wp-json\/wp\/v2\/media?parent=819"}],"wp:term":[{"taxonomy":"product_brand","embeddable":true,"href":"https:\/\/www.vadaszboltcsorna.hu\/index.php\/wp-json\/wp\/v2\/product_brand?post=819"},{"taxonomy":"product_cat","embeddable":true,"href":"https:\/\/www.vadaszboltcsorna.hu\/index.php\/wp-json\/wp\/v2\/product_cat?post=819"},{"taxonomy":"product_tag","embeddable":true,"href":"https:\/\/www.vadaszboltcsorna.hu\/index.php\/wp-json\/wp\/v2\/product_tag?post=819"}],"curies":[{"name":"wp","href":"https:\/\/api.w.org\/{rel}","templated":true}]}}