{"id":8173,"date":"2025-09-26T10:35:36","date_gmt":"2025-09-26T10:35:36","guid":{"rendered":"https:\/\/www.vadaszboltcsorna.hu\/?post_type=product&#038;p=8173"},"modified":"2025-09-26T10:38:27","modified_gmt":"2025-09-26T10:38:27","slug":"demar-bbl-2-belelt-eva-bokacsizma-dt-dem-3931","status":"publish","type":"product","link":"https:\/\/www.vadaszboltcsorna.hu\/index.php\/termek\/demar-bbl-2-belelt-eva-bokacsizma-dt-dem-3931\/","title":{"rendered":"Demar BBL 2 b\u00e9lelt EVA bokacsizma (DT-DEM-3931)"},"content":{"rendered":"<h3 class=\"product_title entry-title elementor-heading-title elementor-size-default\"><strong>Demar BBL 2 b\u00e9lelt EVA bokacsizma (DT-DEM-3931)<\/strong><\/h3>\n<p>&nbsp;<\/p>\n<h4>Pehelyk\u00f6nny\u0171 EVA bokacsizma fekete sz\u00ednben, puha b\u00e9l\u00e9ssel, h\u0151szigetel\u0151 hat\u00e1s ak\u00e1r -30 \u00b0C-ig.<br \/>\nNagyon k\u00e9nyelmes \u00e9s ide\u00e1lis v\u00e1laszt\u00e1s a hideg, csapad\u00e9kos napokra.<\/h4>\n","protected":false},"excerpt":{"rendered":"<p>Demar BBL 2 b\u00e9lelt EVA bokacsizma (DT-DEM-3931) &nbsp; Pehelyk\u00f6nny\u0171 EVA bokacsizma fekete sz\u00ednben, puha b\u00e9l\u00e9ssel, h\u0151szigetel\u0151 hat\u00e1s ak\u00e1r -30 \u00b0C-ig. Nagyon k\u00e9nyelmes \u00e9s ide\u00e1lis v\u00e1laszt\u00e1s a hideg, csapad\u00e9kos napokra.<\/p>\n","protected":false},"featured_media":8176,"comment_status":"open","ping_status":"closed","template":"","meta":{"_et_pb_use_builder":"","_et_pb_old_content":"","_et_gb_content_width":"","om_disable_all_campaigns":false},"product_brand":[],"product_cat":[21,162,160],"product_tag":[1892],"class_list":{"0":"post-8173","1":"product","2":"type-product","3":"status-publish","4":"has-post-thumbnail","6":"product_cat-uj","7":"product_cat-csizma","8":"product_cat-labbelik","9":"product_tag-demar-bbl-2-belelt-eva-bokacsizma-dt-dem-3931","11":"first","12":"instock","13":"taxable","14":"shipping-taxable","15":"purchasable","16":"product-type-variable"},"_links":{"self":[{"href":"https:\/\/www.vadaszboltcsorna.hu\/index.php\/wp-json\/wp\/v2\/product\/8173","targetHints":{"allow":["GET"]}}],"collection":[{"href":"https:\/\/www.vadaszboltcsorna.hu\/index.php\/wp-json\/wp\/v2\/product"}],"about":[{"href":"https:\/\/www.vadaszboltcsorna.hu\/index.php\/wp-json\/wp\/v2\/types\/product"}],"replies":[{"embeddable":true,"href":"https:\/\/www.vadaszboltcsorna.hu\/index.php\/wp-json\/wp\/v2\/comments?post=8173"}],"wp:featuredmedia":[{"embeddable":true,"href":"https:\/\/www.vadaszboltcsorna.hu\/index.php\/wp-json\/wp\/v2\/media\/8176"}],"wp:attachment":[{"href":"https:\/\/www.vadaszboltcsorna.hu\/index.php\/wp-json\/wp\/v2\/media?parent=8173"}],"wp:term":[{"taxonomy":"product_brand","embeddable":true,"href":"https:\/\/www.vadaszboltcsorna.hu\/index.php\/wp-json\/wp\/v2\/product_brand?post=8173"},{"taxonomy":"product_cat","embeddable":true,"href":"https:\/\/www.vadaszboltcsorna.hu\/index.php\/wp-json\/wp\/v2\/product_cat?post=8173"},{"taxonomy":"product_tag","embeddable":true,"href":"https:\/\/www.vadaszboltcsorna.hu\/index.php\/wp-json\/wp\/v2\/product_tag?post=8173"}],"curies":[{"name":"wp","href":"https:\/\/api.w.org\/{rel}","templated":true}]}}