{"id":8160,"date":"2025-09-26T10:18:23","date_gmt":"2025-09-26T10:18:23","guid":{"rendered":"https:\/\/www.vadaszboltcsorna.hu\/?post_type=product&#038;p=8160"},"modified":"2025-09-26T10:18:23","modified_gmt":"2025-09-26T10:18:23","slug":"demar-farmer-eva-csizma-zold-dt-dem-3910","status":"publish","type":"product","link":"https:\/\/www.vadaszboltcsorna.hu\/index.php\/termek\/demar-farmer-eva-csizma-zold-dt-dem-3910\/","title":{"rendered":"Demar Farmer EVA csizma \u2013 z\u00f6ld (DT-DEM-3910)"},"content":{"rendered":"<h3>Demar Farmer EVA csizma \u2013 z\u00f6ld (DT-DEM-3910)<\/h3>\n<p>&nbsp;<\/p>\n<h4>R\u00f6vid sz\u00e1r\u00fa pehelyk\u00f6nny\u0171 EVA csizma z\u00f6ld sz\u00ednben, kivehet\u0151 \u2013 moshat\u00f3 b\u00e9l\u00e9ssel, h\u0151szigetel\u0151 hat\u00e1s ak\u00e1r -30 \u00b0C-ig.<br \/>\nNagyon k\u00e9nyelmes \u00e9s ide\u00e1lis v\u00e1laszt\u00e1s a hideg, csapad\u00e9kos napokra.<\/h4>\n","protected":false},"excerpt":{"rendered":"<p>Demar Farmer EVA csizma \u2013 z\u00f6ld (DT-DEM-3910) &nbsp; R\u00f6vid sz\u00e1r\u00fa pehelyk\u00f6nny\u0171 EVA csizma z\u00f6ld sz\u00ednben, kivehet\u0151 \u2013 moshat\u00f3 b\u00e9l\u00e9ssel, h\u0151szigetel\u0151 hat\u00e1s ak\u00e1r -30 \u00b0C-ig. Nagyon k\u00e9nyelmes \u00e9s ide\u00e1lis v\u00e1laszt\u00e1s a hideg, csapad\u00e9kos napokra.<\/p>\n","protected":false},"featured_media":8161,"comment_status":"open","ping_status":"closed","template":"","meta":{"_et_pb_use_builder":"","_et_pb_old_content":"","_et_gb_content_width":"","om_disable_all_campaigns":false},"product_brand":[],"product_cat":[21,162,160],"product_tag":[],"class_list":{"0":"post-8160","1":"product","2":"type-product","3":"status-publish","4":"has-post-thumbnail","6":"product_cat-uj","7":"product_cat-csizma","8":"product_cat-labbelik","10":"first","11":"instock","12":"taxable","13":"shipping-taxable","14":"purchasable","15":"product-type-variable"},"_links":{"self":[{"href":"https:\/\/www.vadaszboltcsorna.hu\/index.php\/wp-json\/wp\/v2\/product\/8160","targetHints":{"allow":["GET"]}}],"collection":[{"href":"https:\/\/www.vadaszboltcsorna.hu\/index.php\/wp-json\/wp\/v2\/product"}],"about":[{"href":"https:\/\/www.vadaszboltcsorna.hu\/index.php\/wp-json\/wp\/v2\/types\/product"}],"replies":[{"embeddable":true,"href":"https:\/\/www.vadaszboltcsorna.hu\/index.php\/wp-json\/wp\/v2\/comments?post=8160"}],"wp:featuredmedia":[{"embeddable":true,"href":"https:\/\/www.vadaszboltcsorna.hu\/index.php\/wp-json\/wp\/v2\/media\/8161"}],"wp:attachment":[{"href":"https:\/\/www.vadaszboltcsorna.hu\/index.php\/wp-json\/wp\/v2\/media?parent=8160"}],"wp:term":[{"taxonomy":"product_brand","embeddable":true,"href":"https:\/\/www.vadaszboltcsorna.hu\/index.php\/wp-json\/wp\/v2\/product_brand?post=8160"},{"taxonomy":"product_cat","embeddable":true,"href":"https:\/\/www.vadaszboltcsorna.hu\/index.php\/wp-json\/wp\/v2\/product_cat?post=8160"},{"taxonomy":"product_tag","embeddable":true,"href":"https:\/\/www.vadaszboltcsorna.hu\/index.php\/wp-json\/wp\/v2\/product_tag?post=8160"}],"curies":[{"name":"wp","href":"https:\/\/api.w.org\/{rel}","templated":true}]}}