{"id":8140,"date":"2025-09-22T11:08:22","date_gmt":"2025-09-22T11:08:22","guid":{"rendered":"https:\/\/www.vadaszboltcsorna.hu\/?post_type=product&#038;p=8140"},"modified":"2025-09-26T10:04:03","modified_gmt":"2025-09-26T10:04:03","slug":"winchester-xpr-300-win-golyos-fegyver","status":"publish","type":"product","link":"https:\/\/www.vadaszboltcsorna.hu\/index.php\/termek\/winchester-xpr-300-win-golyos-fegyver\/","title":{"rendered":"Winchester XPR .300 Win. goly\u00f3s fegyver"},"content":{"rendered":"<h4 id=\"productDescription\" class=\"description biggerText\"><strong>Winchester XPR goly\u00f3s vad\u00e1szfegyver<\/strong><\/h4>\n<h4 class=\"description biggerText\">\n<p>Kaliber.: .300 Win.Mag.<br \/>\nSzintetikus fekete tus.<br \/>\nKivehet\u0151 t\u00e1rral \u00e9s sz\u00edjkengyel el\u0151k\u00e9sz\u00edt\u00e9ssel valamint tusa talp gumival.<br \/>\nA speci\u00e1lis m\u0171anyag tus kiv\u00e1l\u00f3 fog\u00e1st biztos\u00edt nedves k\u00f6r\u00fclm\u00e9nyek k\u00f6z\u00f6tt, \u00e9s nem karcol\u00f3dik, nem dudorodik fel, m\u00e9g ha neki\u00fct\u0151dik is valaminek.<br \/>\nBarn\u00edtott cs\u0151vel.<\/p>\n<p>Kiv\u00e1l\u00f3 vad\u00e1szpuska, megfizethet\u0151 \u00e1ron!<\/p>\n<p>A le\u00edr\u00e1sban szerepl\u0151 adatok t\u00e1j\u00e9koztat\u00f3 jelleg\u0171ek, t\u00edpusonk\u00e9nt v\u00e1ltozhat!<br \/>\nKaliberekr\u0151l,aktu\u00e1lis \u00e1rakr\u00f3l \u00e9s egy\u00e9b inform\u00e1ci\u00f3kr\u00f3l k\u00e9rj\u00fck \u00e9rdekl\u0151dj\u00f6n!<br \/>\nA fegyvert\u00f6rv\u00e9ny \u00e9rtelm\u00e9ben, fegyvert, l\u0151szert kiz\u00e1r\u00f3lag szem\u00e9lyesen,az \u00fczletben fegyvertart\u00e1si enged\u00e9ly birtok\u00e1ban lehet v\u00e1s\u00e1rolni!<br \/>\nA webshopban megrendelt fegyverek NEM ker\u00fclnek kisz\u00e1ll\u00edt\u00e1sra! Tov\u00e1bbi inform\u00e1ci\u00f3\u00e9rt l\u00e1togasson el boltunkba!<\/p>\n<p>Az \u00e1rak t\u00e1j\u00e9koztat\u00f3 jelleg\u0171ek nem min\u0151s\u00fcl hivatalos aj\u00e1nlat t\u00e9telnek!<br \/>\nAz \u00e1rv\u00e1ltoz\u00e1s jog\u00e1t fenntartjuk!<\/h4>\n<div class=\"wrapper bot-border\"><\/div>\n","protected":false},"excerpt":{"rendered":"<p>Winchester XPR goly\u00f3s vad\u00e1szfegyver Kaliber.: .300 Win.Mag. Szintetikus fekete tus. Kivehet\u0151 t\u00e1rral \u00e9s sz\u00edjkengyel el\u0151k\u00e9sz\u00edt\u00e9ssel valamint tusa talp gumival. A speci\u00e1lis m\u0171anyag tus kiv\u00e1l\u00f3 fog\u00e1st biztos\u00edt nedves k\u00f6r\u00fclm\u00e9nyek k\u00f6z\u00f6tt, \u00e9s nem karcol\u00f3dik, nem dudorodik fel, m\u00e9g ha neki\u00fct\u0151dik is valaminek. Barn\u00edtott cs\u0151vel. Kiv\u00e1l\u00f3 vad\u00e1szpuska, megfizethet\u0151 \u00e1ron! A le\u00edr\u00e1sban szerepl\u0151 adatok t\u00e1j\u00e9koztat\u00f3 jelleg\u0171ek, t\u00edpusonk\u00e9nt v\u00e1ltozhat! Kaliberekr\u0151l,aktu\u00e1lis [&hellip;]<\/p>\n","protected":false},"featured_media":8141,"comment_status":"open","ping_status":"closed","template":"","meta":{"_et_pb_use_builder":"","_et_pb_old_content":"","_et_gb_content_width":"","om_disable_all_campaigns":false},"product_brand":[],"product_cat":[21,16,17,1826],"product_tag":[1891],"class_list":{"0":"post-8140","1":"product","2":"type-product","3":"status-publish","4":"has-post-thumbnail","6":"product_cat-uj","7":"product_cat-fegyver","8":"product_cat-golyos-fegyver","9":"product_cat-uj-golyos-fegyver","10":"product_tag-winchester-xpr-300-win-golyos-fegyver","12":"first","13":"instock","14":"sale","15":"taxable","16":"shipping-taxable","17":"purchasable","18":"product-type-simple"},"_links":{"self":[{"href":"https:\/\/www.vadaszboltcsorna.hu\/index.php\/wp-json\/wp\/v2\/product\/8140","targetHints":{"allow":["GET"]}}],"collection":[{"href":"https:\/\/www.vadaszboltcsorna.hu\/index.php\/wp-json\/wp\/v2\/product"}],"about":[{"href":"https:\/\/www.vadaszboltcsorna.hu\/index.php\/wp-json\/wp\/v2\/types\/product"}],"replies":[{"embeddable":true,"href":"https:\/\/www.vadaszboltcsorna.hu\/index.php\/wp-json\/wp\/v2\/comments?post=8140"}],"wp:featuredmedia":[{"embeddable":true,"href":"https:\/\/www.vadaszboltcsorna.hu\/index.php\/wp-json\/wp\/v2\/media\/8141"}],"wp:attachment":[{"href":"https:\/\/www.vadaszboltcsorna.hu\/index.php\/wp-json\/wp\/v2\/media?parent=8140"}],"wp:term":[{"taxonomy":"product_brand","embeddable":true,"href":"https:\/\/www.vadaszboltcsorna.hu\/index.php\/wp-json\/wp\/v2\/product_brand?post=8140"},{"taxonomy":"product_cat","embeddable":true,"href":"https:\/\/www.vadaszboltcsorna.hu\/index.php\/wp-json\/wp\/v2\/product_cat?post=8140"},{"taxonomy":"product_tag","embeddable":true,"href":"https:\/\/www.vadaszboltcsorna.hu\/index.php\/wp-json\/wp\/v2\/product_tag?post=8140"}],"curies":[{"name":"wp","href":"https:\/\/api.w.org\/{rel}","templated":true}]}}