{"id":8131,"date":"2025-09-18T13:06:53","date_gmt":"2025-09-18T13:06:53","guid":{"rendered":"https:\/\/www.vadaszboltcsorna.hu\/?post_type=product&#038;p=8131"},"modified":"2025-09-26T10:03:00","modified_gmt":"2025-09-26T10:03:00","slug":"schmidt-bender-zenith-3-12x50-celtavcso-fd7","status":"publish","type":"product","link":"https:\/\/www.vadaszboltcsorna.hu\/index.php\/termek\/schmidt-bender-zenith-3-12x50-celtavcso-fd7\/","title":{"rendered":"Schmidt Bender Zenith 3-12\u00d750 c\u00e9lt\u00e1vcs\u0151 FD7"},"content":{"rendered":"<h3 class=\"product_title entry-title elementor-heading-title elementor-size-default\"><strong>Schmidt Bender Zenith 3-12\u00d750 c\u00e9lt\u00e1vcs\u0151 FD7<\/strong><\/h3>\n<h3>Mi\u00e9rt szeret bele minden vad\u00e1sz?<\/h3>\n<table>\n<thead>\n<tr>\n<th><strong>Els\u0151 r\u00e1n\u00e9z\u00e9sre<\/strong><\/th>\n<th><strong>A terepen<\/strong><\/th>\n<\/tr>\n<\/thead>\n<tbody>\n<tr>\n<td><strong>Ikonikus, kompakt forma<\/strong>\u00a0\u2013 r\u00f6videbb, lekerek\u00edtett test, amely harmonikusan illik b\u00e1rmilyen fegyverhez.<\/td>\n<td><strong>180\u00b0\u2011os, bord\u00e1zott nagy\u00edt\u00e1sgy\u0171r\u0171<\/strong>\u00a0\u2013 egyetlen, halk mozdulat 3\u2011szorosr\u00f3l 12\u2011szeresre, amikor a vad m\u00e1r nem v\u00e1r.<\/td>\n<\/tr>\n<tr>\n<td><strong>Schott \u00fcveg, 95\u202f% f\u00e9ny\u00e1tereszt\u00e9s<\/strong>\u00a0\u2013 nappalt csihol a sz\u00fcrk\u00fcletb\u0151l, \u00edgy tov\u00e1bb marad es\u00e9lye a biztos l\u00f6v\u00e9sre.<\/td>\n<td><strong>10000\u202fJ l\u00f6v\u00e9s\u00e1ll\u00f3s\u00e1g<\/strong>\u00a0\u2013 nyugodt sz\u00edvvel r\u00e1b\u00edzhatja magnum kaliberekre vagy intenz\u00edv vaddiszn\u00f3\u2011hajt\u00e1sokra.<\/td>\n<\/tr>\n<tr>\n<td><strong>90\u202fmm szemt\u00e1vols\u00e1g<\/strong>\u00a0\u2013 b\u0151ven elegend\u0151 hely a nagy visszar\u00fag\u00e1s\u00fa fegyverekhez is.<\/td>\n<td><strong>Tiszta k\u00e9p a l\u00e1t\u00f3mez\u0151 sz\u00e9l\u00e9n is<\/strong>\u00a0\u2013 nincs t\u00f6bb\u00e9 \u201ealag\u00fat\u2011effektus\u201d, csak zavartalan k\u00f6vet\u00e9s.<\/td>\n<\/tr>\n<tr>\n<td><strong>30\u202f\u00e9v gy\u00e1rt\u00f3i garancia<\/strong>\u00a0\u2013 a Zenith nem csup\u00e1n egy c\u00e9lt\u00e1vcs\u0151, hanem gener\u00e1ci\u00f3kra sz\u00f3l\u00f3 t\u00e1rs.<\/td>\n<td><strong>Posicon \u00e1ll\u00edt\u00f3rendszer<\/strong>\u00a0\u2013 gyors, megjegyezhet\u0151 null\u00e1z\u00e1s; oldal\u00e1ll\u00edt\u00e1s fedel\u00e9ben tartal\u00e9k elem a megvil\u00e1g\u00edt\u00e1shoz.<\/td>\n<\/tr>\n<\/tbody>\n<\/table>\n<hr \/>\n<h3>Vil\u00e1g\u00edt\u00f3pontos vagy klasszikus sz\u00e1lkereszt?\u202f\u2013\u202fA v\u00e1laszt\u00e1s a kez\u00e9ben!<\/h3>\n<p>&nbsp;<\/p>\n<ul>\n<li>Vil\u00e1g\u00edt\u00f3pontos:\u00a0<strong>\u00a0FD7,\u00a0<\/strong><br \/>\nMindk\u00e9t esetben a\u00a0<strong>30\u202fmm\u2011es tubus<\/strong>\u00a0lehet\u0151v\u00e9 teszi a k\u00f6nny\u0171 szerel\u00e9st gy\u0171r\u0171s vagy bels\u0151 s\u00ednes (LM\/LMC) r\u00f6gz\u00edt\u00e9ssel.<\/li>\n<\/ul>\n<hr \/>\n<h3>Amikor a t\u00e1vols\u00e1g nem akad\u00e1ly<\/h3>\n<p>A 12\u2011szeres nagy\u00edt\u00e1s \u00e9s a 24,5\u2011es sz\u00fcrk\u00fcleti sz\u00e1m apr\u00f3 c\u00e9lpontokat is magabiztosan hoz k\u00f6zel \u2013 legyen sz\u00f3 kora hajnali \u0151zn\u00e1sz\u00adr\u00f3l vagy alkonyati lap\u00e1t\u00adagancs\u00fa bik\u00e1r\u00f3l.<\/p>\n<table>\n<thead>\n<tr>\n<th><strong>M\u0171szaki kulcsadatok<\/strong><\/th>\n<th><\/th>\n<\/tr>\n<\/thead>\n<tbody>\n<tr>\n<td>Kil\u00e9p\u0151 pupilla<\/td>\n<td>4,2\u202f\u2013\u202f14,1\u202fmm<\/td>\n<\/tr>\n<tr>\n<td>L\u00e1t\u00f3mez\u0151 (100\u202fm\u2011en)<\/td>\n<td>3,2\u202f\u2013\u202f12,4\u202fm<\/td>\n<\/tr>\n<tr>\n<td>Teljes hossz<\/td>\n<td>342\u202fmm<\/td>\n<\/tr>\n<tr>\n<td>Tal\u00e1lati pont \u00e1ll\u00edt\u00e1s<\/td>\n<td>10\u202fmm \/ 100\u202fm \/ klikk<\/td>\n<\/tr>\n<\/tbody>\n<\/table>\n<hr \/>\n<h3>\u00c9rezze a k\u00fcl\u00f6nbs\u00e9get!<\/h3>\n<p>A Schmidt\u202f&amp;\u202fBender\u202fZenith 3\u201112\u00d750 nem csup\u00e1n egy eszk\u00f6z \u2013 ez a c\u00e9lt\u00e1vcs\u0151\u00a0<strong>a vad\u00e1sz \u00f6szt\u00f6neinek meghosszabb\u00edtott keze<\/strong>. Ha a cserkel\u00e9s fesz\u00fclt csendj\u00e9ben csattan a ravasz, tudni fogja: a Zenith ott volt \u00f6nnel, v\u00e9gig.<\/p>\n<blockquote><p><strong>Szerezze be most, \u00e9s engedje, hogy minden l\u00f6v\u00e9sben megsz\u00fclessen a t\u00f6k\u00e9letes pillanat!<\/strong><\/p><\/blockquote>\n<div class=\"woocommerce\">\n<div id=\"reviews\" class=\"woocommerce-Reviews sprw-reviews sprw-list sprw-template-one\" data-template=\"template-one\" data-layout=\"list\" data-pagination_type=\"load_more\">\n<div id=\"comments\"><\/div>\n<\/div>\n<\/div>\n","protected":false},"excerpt":{"rendered":"<p>Schmidt Bender Zenith 3-12\u00d750 c\u00e9lt\u00e1vcs\u0151 FD7 Mi\u00e9rt szeret bele minden vad\u00e1sz? Els\u0151 r\u00e1n\u00e9z\u00e9sre A terepen Ikonikus, kompakt forma\u00a0\u2013 r\u00f6videbb, lekerek\u00edtett test, amely harmonikusan illik b\u00e1rmilyen fegyverhez. 180\u00b0\u2011os, bord\u00e1zott nagy\u00edt\u00e1sgy\u0171r\u0171\u00a0\u2013 egyetlen, halk mozdulat 3\u2011szorosr\u00f3l 12\u2011szeresre, amikor a vad m\u00e1r nem v\u00e1r. Schott \u00fcveg, 95\u202f% f\u00e9ny\u00e1tereszt\u00e9s\u00a0\u2013 nappalt csihol a sz\u00fcrk\u00fcletb\u0151l, \u00edgy tov\u00e1bb marad es\u00e9lye a biztos l\u00f6v\u00e9sre. [&hellip;]<\/p>\n","protected":false},"featured_media":8132,"comment_status":"open","ping_status":"closed","template":"","meta":{"_et_pb_use_builder":"","_et_pb_old_content":"","_et_gb_content_width":"","om_disable_all_campaigns":false},"product_brand":[],"product_cat":[21,50,379],"product_tag":[1890],"class_list":{"0":"post-8131","1":"product","2":"type-product","3":"status-publish","4":"has-post-thumbnail","6":"product_cat-uj","7":"product_cat-celtavcso","8":"product_cat-schmidt-bender-celtavcso","9":"product_tag-schmidt-bender-zenith-3-12x50-celtavcso-fd7","11":"first","12":"instock","13":"sale","14":"taxable","15":"shipping-taxable","16":"purchasable","17":"product-type-simple"},"_links":{"self":[{"href":"https:\/\/www.vadaszboltcsorna.hu\/index.php\/wp-json\/wp\/v2\/product\/8131","targetHints":{"allow":["GET"]}}],"collection":[{"href":"https:\/\/www.vadaszboltcsorna.hu\/index.php\/wp-json\/wp\/v2\/product"}],"about":[{"href":"https:\/\/www.vadaszboltcsorna.hu\/index.php\/wp-json\/wp\/v2\/types\/product"}],"replies":[{"embeddable":true,"href":"https:\/\/www.vadaszboltcsorna.hu\/index.php\/wp-json\/wp\/v2\/comments?post=8131"}],"wp:featuredmedia":[{"embeddable":true,"href":"https:\/\/www.vadaszboltcsorna.hu\/index.php\/wp-json\/wp\/v2\/media\/8132"}],"wp:attachment":[{"href":"https:\/\/www.vadaszboltcsorna.hu\/index.php\/wp-json\/wp\/v2\/media?parent=8131"}],"wp:term":[{"taxonomy":"product_brand","embeddable":true,"href":"https:\/\/www.vadaszboltcsorna.hu\/index.php\/wp-json\/wp\/v2\/product_brand?post=8131"},{"taxonomy":"product_cat","embeddable":true,"href":"https:\/\/www.vadaszboltcsorna.hu\/index.php\/wp-json\/wp\/v2\/product_cat?post=8131"},{"taxonomy":"product_tag","embeddable":true,"href":"https:\/\/www.vadaszboltcsorna.hu\/index.php\/wp-json\/wp\/v2\/product_tag?post=8131"}],"curies":[{"name":"wp","href":"https:\/\/api.w.org\/{rel}","templated":true}]}}