{"id":8125,"date":"2025-09-18T12:37:19","date_gmt":"2025-09-18T12:37:19","guid":{"rendered":"https:\/\/www.vadaszboltcsorna.hu\/?post_type=product&#038;p=8125"},"modified":"2025-09-26T10:02:30","modified_gmt":"2025-09-26T10:02:30","slug":"schmidt-bender-zenith-25-10x56-vilagito-pontos-celtavcso-flashdot-fd7-30mm","status":"publish","type":"product","link":"https:\/\/www.vadaszboltcsorna.hu\/index.php\/termek\/schmidt-bender-zenith-25-10x56-vilagito-pontos-celtavcso-flashdot-fd7-30mm\/","title":{"rendered":"Schmidt Bender Zenith 2,5-10\u00d756 Vil\u00e1g\u00edt\u00f3 Pontos C\u00e9lt\u00e1vcs\u0151 FlashDot FD7 30mm"},"content":{"rendered":"<h3><strong>Schmidt &amp; Bender Zenith 2,5\u201310\u00d756 FlashDot FD7 30mm<\/strong><\/h3>\n<h3>\nAhol a n\u00e9met precizit\u00e1s tal\u00e1lkozik a p\u00e1ratlan f\u00e9nyer\u0151vel \u00e9s pontoss\u00e1ggal<\/h3>\n<hr \/>\n<p><strong>Ikonikus vad\u00e1szc\u00e9lt\u00e1vcs\u0151 \u00e9vtizedek \u00f3ta<\/strong><br \/>\nA Schmidt &amp; Bender Zenith sz\u00e9ria imm\u00e1r t\u00f6bb mint 20 \u00e9ve a szenved\u00e9lyes vad\u00e1szok els\u0151 sz\u00e1m\u00fa v\u00e1laszt\u00e1sa. Nem v\u00e9letlen: a legend\u00e1san robusztus fel\u00e9p\u00edt\u00e9s, a kimagasl\u00f3 min\u0151s\u00e9g\u0171 alkatr\u00e9szek \u00e9s a folyamatos innov\u00e1ci\u00f3 mind azt szolg\u00e1lj\u00e1k, hogy \u00d6n a lehet\u0151 legjobb eszk\u00f6zt kapja k\u00e9zhez ak\u00e1r nappali, ak\u00e1r \u00e9jszakai vad\u00e1szat sor\u00e1n.<\/p>\n<p><strong>Kompakt, m\u00e9gis er\u0151teljes<\/strong><br \/>\nA mind\u00f6ssze 32\u201333 cm-es hossz (modellf\u00fcgg\u0151en) rendk\u00edv\u00fcl kompakt\u00e1 teszi ezt a c\u00e9lt\u00e1vcs\u00f6vet, \u00edgy szinte b\u00e1rmely fegyveren eleg\u00e1nsan mutat. Az alacsony profil\u00fa fel\u00e9p\u00edt\u00e9s \u00e9s a 30 mm-es tubus kiv\u00e1l\u00f3an illeszkedik a m\u00e1r megl\u00e9v\u0151 szerel\u00e9sekhez is, r\u00e1ad\u00e1sul a Zenith sz\u00e9ria h\u00edres arr\u00f3l, hogy m\u00e9g a r\u00e9gebbi fegyvereken is t\u00f6k\u00e9letesen meg\u00e1llja a hely\u00e9t.<\/p>\n<p><strong>2,5\u201310\u00d756 nagy\u00edt\u00e1s \u2013 Sokoldal\u00fa teljes\u00edtm\u00e9ny<\/strong><\/p>\n<ul>\n<li>A 2,5\u00d7-\u00f6s kezd\u0151nagy\u00edt\u00e1s kiv\u00e1l\u00f3 k\u00f6zeli c\u00e9lz\u00e1sra, p\u00e9ld\u00e1ul diszn\u00f3hajt\u00e1sn\u00e1l vagy cserkel\u00e9sn\u00e9l.<\/li>\n<li>A 10\u00d7-es maxim\u00e1lis nagy\u00edt\u00e1s ide\u00e1liss\u00e1 teszi k\u00f6zepes t\u00e1vols\u00e1gokn\u00e1l, legyen sz\u00f3 lesr\u0151l vagy pontosabb l\u00f6v\u00e9sekr\u0151l.<\/li>\n<li>A 56 mm-es objekt\u00edv\u00e1tm\u00e9r\u0151 \u00e9s a 95% feletti f\u00e9ny\u00e1tereszt\u00e9s gondoskodik arr\u00f3l, hogy sz\u00fcrk\u00fcletben \u00e9s hajnalban is t\u0171\u00e9les k\u00e9pet kapjon.<\/li>\n<\/ul>\n<p><strong>FlashDot FD7 vil\u00e1g\u00edt\u00f3pont<\/strong><br \/>\nA prec\u00edz \u00e9s j\u00f3l szab\u00e1lyozhat\u00f3 f\u00e9nyer\u0151 n\u00e9lk\u00fcl\u00f6zhetetlen a gyors c\u00e9lpontazonos\u00edt\u00e1shoz \u2013 nappal \u00e9s \u00e9jszaka egyar\u00e1nt. A FlashDot FD7 megold\u00e1s:<\/p>\n<ul>\n<li>Kiemelked\u0151 f\u00e9nyer\u0151 szab\u00e1lyozhat\u00f3s\u00e1g, k\u00f6nnyed\u00e9n alkalmazkodik a k\u00fcls\u0151 f\u00e9nyviszonyokhoz.<\/li>\n<li>\u00c9jszaka finoman lecs\u00f6kkenthet\u0151 a vil\u00e1g\u00edt\u00f3pont, \u00edgy nem zavar\u00f3 az optik\u00e1n bel\u00fcli f\u00e9ny.<\/li>\n<li>Nappal pedig er\u0151teljesen feltekerhet\u0151, hogy er\u0151s naps\u00fct\u00e9sben is tiszt\u00e1n l\u00e1that\u00f3 legyen.<\/li>\n<\/ul>\n<p><strong>Strapab\u00edr\u00f3, el\u0151t\u00e9tekre tervezve<\/strong><br \/>\nA Schmidt &amp; Bender Zenith 2,5\u201310\u00d756 FD7 modellek ak\u00e1r 1,5 kg \u00f6sszt\u00f6meg\u0171 el\u0151t\u00e9teket is gond n\u00e9lk\u00fcl elb\u00edrnak. Ez azt jelenti, hogy b\u00e1tran felszerelhet:<\/p>\n<ul>\n<li>\u00c9jjell\u00e1t\u00f3 el\u0151t\u00e9tet<\/li>\n<li>H\u0151kamera el\u0151t\u00e9tet<\/li>\n<\/ul>\n<p>\u00cdgy egyetlen mozdulattal \u00e9jszakai felszerel\u00e9st var\u00e1zsolhat a nappali t\u00e1vcs\u0151b\u0151l, \u00e9s onnant\u00f3l kezdve a s\u00f6t\u00e9t sem \u00e1llhat \u00fatj\u00e1ba.<\/p>\n<p><strong>Kiemelked\u0151 k\u00e9pmin\u0151s\u00e9g<\/strong><br \/>\nA n\u00e9met\u00a0<strong>SCHOTT<\/strong>\u00a0pr\u00e9mium optikai \u00fcvegei gondoskodnak arr\u00f3l, hogy m\u00e9g gyenge f\u00e9nyviszonyok mellett is ragyog\u00f3an tiszta k\u00e9pet kapjunk. A magas f\u00e9ny\u00e1tereszt\u0151 k\u00e9pess\u00e9g\u0171 lencs\u00e9k jelent\u0151sen jav\u00edtj\u00e1k a kontrasztot \u00e9s a sz\u00ednvisszaad\u00e1st, \u00edgy pontosabban l\u00e1thatja a vadat \u00e9s k\u00f6rnyezet\u00e9t.<\/p>\n<p><strong>Nitehog Viper \u2013 T\u00f6k\u00e9letes p\u00e1ros\u00edt\u00e1s<\/strong><br \/>\nHa h\u0151kamer\u00e1s el\u0151t\u00e9tet keres, a n\u00e9met\u00a0<strong>Nitehog Viper<\/strong>\u00a0sorozatot aj\u00e1nljuk, amely mind\u00f6ssze 260 grammos indul\u00f3 t\u00f6meg\u00e9vel \u00e9s kompakt m\u00e9ret\u00e9vel t\u00f6k\u00e9letesen kieg\u00e9sz\u00edti a Zenith c\u00e9lt\u00e1vcs\u00f6vet. Egyszer\u0171en felhelyezhet\u0151, \u00e9s m\u00e1ris \u00faj dimenzi\u00f3ba emeli az \u00e9jszakai vad\u00e1szat \u00e9lm\u00e9ny\u00e9t.<\/p>\n<hr \/>\n<h3>Mi\u00e9rt \u00e9rdemes most d\u00f6nteni?<\/h3>\n<ul>\n<li><strong>Exkluz\u00edv \u00e1r<\/strong>: Jelenleg egy rendk\u00edv\u00fcl kedvez\u0151 \u00e1raj\u00e1nlat r\u00e9v\u00e9n juthat hozz\u00e1 ehhez az ikonikus, \u00e9vtizedek \u00f3ta m\u00e9lt\u00e1n n\u00e9pszer\u0171 c\u00e9lt\u00e1vcs\u0151h\u00f6z.<\/li>\n<li><strong>Univerz\u00e1lis felhaszn\u00e1l\u00e1s<\/strong>: A diszn\u00f3hajt\u00e1sokt\u00f3l a lesvad\u00e1szatig minden helyzetben t\u00f6k\u00e9letesen teljes\u00edt.<\/li>\n<li><strong>Megb\u00edzhat\u00f3s\u00e1g \u00e9s garancia<\/strong>: A n\u00e9met precizit\u00e1s \u00e9s a gy\u00e1ri garancia tov\u00e1bbi biztons\u00e1got ny\u00fajt a tulajdonosoknak.<\/li>\n<\/ul>\n<hr \/>\n<h4>Fedezze fel a n\u00e9met min\u0151s\u00e9g \u00e9s a modern vad\u00e1szat tal\u00e1lkoz\u00e1s\u00e1t!<\/h4>\n<p>A\u00a0<strong>Schmidt &amp; Bender Zenith 2,5\u201310\u00d756 FlashDot FD7 30mm<\/strong>\u00a0nem csup\u00e1n egy vad\u00e1szc\u00e9lt\u00e1vcs\u0151 \u2013 ez egy befektet\u00e9s a pontoss\u00e1gba, a k\u00e9nyelembe \u00e9s a magabiztos l\u00f6v\u00e9szet \u00e9lm\u00e9ny\u00e9be. Tapasztalja meg szem\u00e9lyesen a p\u00e1ratlan optikai teljes\u00edtm\u00e9nyt, \u00e9s tegye feledhetetlenn\u00e9 minden vad\u00e1szat\u00e1t \u2013 legyen sz\u00f3 nappali vagy \u00e9jszakai kalandr\u00f3l!<\/p>\n<p><strong>Szerezze be most, \u00e9s l\u00e9pjen be a prec\u00edzi\u00f3s vad\u00e1szat \u00faj dimenzi\u00f3j\u00e1ba!<\/strong><\/p>\n","protected":false},"excerpt":{"rendered":"<p>Schmidt &amp; Bender Zenith 2,5\u201310\u00d756 FlashDot FD7 30mm Ahol a n\u00e9met precizit\u00e1s tal\u00e1lkozik a p\u00e1ratlan f\u00e9nyer\u0151vel \u00e9s pontoss\u00e1ggal Ikonikus vad\u00e1szc\u00e9lt\u00e1vcs\u0151 \u00e9vtizedek \u00f3ta A Schmidt &amp; Bender Zenith sz\u00e9ria imm\u00e1r t\u00f6bb mint 20 \u00e9ve a szenved\u00e9lyes vad\u00e1szok els\u0151 sz\u00e1m\u00fa v\u00e1laszt\u00e1sa. Nem v\u00e9letlen: a legend\u00e1san robusztus fel\u00e9p\u00edt\u00e9s, a kimagasl\u00f3 min\u0151s\u00e9g\u0171 alkatr\u00e9szek \u00e9s a folyamatos innov\u00e1ci\u00f3 mind azt [&hellip;]<\/p>\n","protected":false},"featured_media":8129,"comment_status":"open","ping_status":"closed","template":"","meta":{"_et_pb_use_builder":"","_et_pb_old_content":"","_et_gb_content_width":"","om_disable_all_campaigns":false},"product_brand":[],"product_cat":[21,50,379],"product_tag":[1889],"class_list":{"0":"post-8125","1":"product","2":"type-product","3":"status-publish","4":"has-post-thumbnail","6":"product_cat-uj","7":"product_cat-celtavcso","8":"product_cat-schmidt-bender-celtavcso","9":"product_tag-5-10x56-vilagito-pontos-celtavcso-flashdot-fd7-30mm","11":"first","12":"instock","13":"sale","14":"taxable","15":"shipping-taxable","16":"purchasable","17":"product-type-simple"},"_links":{"self":[{"href":"https:\/\/www.vadaszboltcsorna.hu\/index.php\/wp-json\/wp\/v2\/product\/8125","targetHints":{"allow":["GET"]}}],"collection":[{"href":"https:\/\/www.vadaszboltcsorna.hu\/index.php\/wp-json\/wp\/v2\/product"}],"about":[{"href":"https:\/\/www.vadaszboltcsorna.hu\/index.php\/wp-json\/wp\/v2\/types\/product"}],"replies":[{"embeddable":true,"href":"https:\/\/www.vadaszboltcsorna.hu\/index.php\/wp-json\/wp\/v2\/comments?post=8125"}],"wp:featuredmedia":[{"embeddable":true,"href":"https:\/\/www.vadaszboltcsorna.hu\/index.php\/wp-json\/wp\/v2\/media\/8129"}],"wp:attachment":[{"href":"https:\/\/www.vadaszboltcsorna.hu\/index.php\/wp-json\/wp\/v2\/media?parent=8125"}],"wp:term":[{"taxonomy":"product_brand","embeddable":true,"href":"https:\/\/www.vadaszboltcsorna.hu\/index.php\/wp-json\/wp\/v2\/product_brand?post=8125"},{"taxonomy":"product_cat","embeddable":true,"href":"https:\/\/www.vadaszboltcsorna.hu\/index.php\/wp-json\/wp\/v2\/product_cat?post=8125"},{"taxonomy":"product_tag","embeddable":true,"href":"https:\/\/www.vadaszboltcsorna.hu\/index.php\/wp-json\/wp\/v2\/product_tag?post=8125"}],"curies":[{"name":"wp","href":"https:\/\/api.w.org\/{rel}","templated":true}]}}