{"id":8118,"date":"2025-09-17T10:28:20","date_gmt":"2025-09-17T10:28:20","guid":{"rendered":"https:\/\/www.vadaszboltcsorna.hu\/?post_type=product&#038;p=8118"},"modified":"2026-03-24T12:42:43","modified_gmt":"2026-03-24T12:42:43","slug":"inuit-softshell-nadrag-vadaszathoz-horgaszathoz-turazashoz","status":"publish","type":"product","link":"https:\/\/www.vadaszboltcsorna.hu\/index.php\/termek\/inuit-softshell-nadrag-vadaszathoz-horgaszathoz-turazashoz\/","title":{"rendered":"INUIT Softshell Nadr\u00e1g \u2013 Vad\u00e1szathoz, Horg\u00e1szathoz, T\u00far\u00e1z\u00e1shoz"},"content":{"rendered":"<h3 style=\"text-align: center;\" data-start=\"221\" data-end=\"563\"><em><strong data-start=\"221\" data-end=\"287\">INUIT Softshell Nadr\u00e1g \u2013 Vad\u00e1szathoz, Horg\u00e1szathoz, T\u00far\u00e1z\u00e1shoz<\/strong><\/em><\/h3>\n<h4 style=\"text-align: center;\" data-start=\"221\" data-end=\"563\"><br data-start=\"287\" data-end=\"290\" \/><em>K\u00e9nyelmes \u00e9s strapab\u00edr\u00f3 nadr\u00e1g, amely b\u00e1rmilyen id\u0151j\u00e1r\u00e1si k\u00f6r\u00fclm\u00e9ny k\u00f6z\u00f6tt meg\u00e1llja a hely\u00e9t. Sz\u00e9l\u00e1ll\u00f3, v\u00edzleperget\u0151, rugalmas \u00e9s h\u0151szigetel\u0151 softshell anyagb\u00f3l k\u00e9sz\u00fclt. Er\u0151s\u00edtett varr\u00e1sok, form\u00e1zott t\u00e9rdr\u00e9sz \u00e9s 6 praktikus zseb gondoskodik a maxim\u00e1lis funkcionalit\u00e1sr\u00f3l.<\/em><\/h4>\n<h5 data-start=\"615\" data-end=\"785\">Az <strong data-start=\"618\" data-end=\"644\">INUIT softshell nadr\u00e1g<\/strong> t\u00f6k\u00e9letes v\u00e1laszt\u00e1s mindazoknak, akik akt\u00edvan t\u00f6ltik szabadidej\u00fcket a term\u00e9szetben \u2013 legyen sz\u00f3 vad\u00e1szatr\u00f3l, horg\u00e1szatr\u00f3l vagy t\u00far\u00e1z\u00e1sr\u00f3l.<\/h5>\n<h5 data-start=\"787\" data-end=\"816\">\u2714 <strong data-start=\"789\" data-end=\"813\">Praktikus kialak\u00edt\u00e1s<\/strong>:<\/h5>\n<ul data-start=\"817\" data-end=\"1023\">\n<li data-start=\"817\" data-end=\"900\">\n<h5 data-start=\"819\" data-end=\"900\">Softshell anyag \u2013 sz\u00e9l\u00e1ll\u00f3, v\u00edzleperget\u0151, j\u00f3 h\u0151szigetel\u0151, rugalmas \u00e9s kop\u00e1s\u00e1ll\u00f3<\/h5>\n<\/li>\n<li data-start=\"901\" data-end=\"942\">\n<h5 data-start=\"903\" data-end=\"942\">Form\u00e1zott t\u00e9rdr\u00e9sz a szabad mozg\u00e1s\u00e9rt<\/h5>\n<\/li>\n<li data-start=\"943\" data-end=\"992\">\n<h5 data-start=\"945\" data-end=\"992\">Er\u0151s\u00edtett dupla varr\u00e1s minden kritikus ponton<\/h5>\n<\/li>\n<li data-start=\"993\" data-end=\"1023\">\n<h5 data-start=\"995\" data-end=\"1023\">Sz\u00e9les, massz\u00edv \u00f6vb\u00fajtat\u00f3k<\/h5>\n<\/li>\n<\/ul>\n<h5 data-start=\"1025\" data-end=\"1057\">\u2714 <strong data-start=\"1027\" data-end=\"1054\">Zsebek minden helyzetre<\/strong>:<\/h5>\n<ul data-start=\"1058\" data-end=\"1173\">\n<li data-start=\"1058\" data-end=\"1083\">\n<h5 data-start=\"1060\" data-end=\"1083\">2 sv\u00e9dzseb a combokon<\/h5>\n<\/li>\n<li data-start=\"1084\" data-end=\"1122\">\n<h5 data-start=\"1086\" data-end=\"1122\">2 m\u00e9lyzseb (jobb k\u00fcls\u0151 combr\u00e9szen)<\/h5>\n<\/li>\n<li data-start=\"1123\" data-end=\"1142\">\n<h5 data-start=\"1125\" data-end=\"1142\">1 k\u00e9start\u00f3 zseb<\/h5>\n<\/li>\n<li data-start=\"1143\" data-end=\"1173\">\n<h5 data-start=\"1145\" data-end=\"1173\">1 cipz\u00e1ras, fedett farzseb<\/h5>\n<\/li>\n<\/ul>\n<h5 data-start=\"1175\" data-end=\"1289\">\u2714 <strong data-start=\"1177\" data-end=\"1191\">Megjelen\u00e9s<\/strong>:<br data-start=\"1192\" data-end=\"1195\" \/>Keki sz\u00edn barna er\u0151s\u00edt\u00e9sekkel a t\u00e9rdn\u00e9l \u00e9s az \u00fclepn\u00e9l \u2013 sportos, m\u00e9gis visszafogott k\u00fcls\u0151.<\/h5>\n<h5 data-start=\"1291\" data-end=\"1422\">Ez a nadr\u00e1g ide\u00e1lis v\u00e1laszt\u00e1s azoknak, akik tart\u00f3s, k\u00e9nyelmes \u00e9s praktikus viseletet keresnek a mindennapi outdoor kalandjaikhoz.<\/h5>\n","protected":false},"excerpt":{"rendered":"<p>INUIT Softshell Nadr\u00e1g \u2013 Vad\u00e1szathoz, Horg\u00e1szathoz, T\u00far\u00e1z\u00e1shoz K\u00e9nyelmes \u00e9s strapab\u00edr\u00f3 nadr\u00e1g, amely b\u00e1rmilyen id\u0151j\u00e1r\u00e1si k\u00f6r\u00fclm\u00e9ny k\u00f6z\u00f6tt meg\u00e1llja a hely\u00e9t. Sz\u00e9l\u00e1ll\u00f3, v\u00edzleperget\u0151, rugalmas \u00e9s h\u0151szigetel\u0151 softshell anyagb\u00f3l k\u00e9sz\u00fclt. Er\u0151s\u00edtett varr\u00e1sok, form\u00e1zott t\u00e9rdr\u00e9sz \u00e9s 6 praktikus zseb gondoskodik a maxim\u00e1lis funkcionalit\u00e1sr\u00f3l. Az INUIT softshell nadr\u00e1g t\u00f6k\u00e9letes v\u00e1laszt\u00e1s mindazoknak, akik akt\u00edvan t\u00f6ltik szabadidej\u00fcket a term\u00e9szetben \u2013 legyen sz\u00f3 [&hellip;]<\/p>\n","protected":false},"featured_media":8119,"comment_status":"open","ping_status":"closed","template":"","meta":{"_et_pb_use_builder":"","_et_pb_old_content":"","_et_gb_content_width":"","om_disable_all_campaigns":false},"product_brand":[],"product_cat":[21,664,159],"product_tag":[1887,1886,1888],"class_list":{"0":"post-8118","1":"product","2":"type-product","3":"status-publish","4":"has-post-thumbnail","6":"product_cat-uj","7":"product_cat-nadrag","8":"product_cat-vadasz-ruhazat","9":"product_tag-horgaszathoz","10":"product_tag-inuit-softshell-nadrag-vadaszathoz","11":"product_tag-turazashoz","13":"first","14":"instock","15":"taxable","16":"shipping-taxable","17":"purchasable","18":"product-type-variable"},"_links":{"self":[{"href":"https:\/\/www.vadaszboltcsorna.hu\/index.php\/wp-json\/wp\/v2\/product\/8118","targetHints":{"allow":["GET"]}}],"collection":[{"href":"https:\/\/www.vadaszboltcsorna.hu\/index.php\/wp-json\/wp\/v2\/product"}],"about":[{"href":"https:\/\/www.vadaszboltcsorna.hu\/index.php\/wp-json\/wp\/v2\/types\/product"}],"replies":[{"embeddable":true,"href":"https:\/\/www.vadaszboltcsorna.hu\/index.php\/wp-json\/wp\/v2\/comments?post=8118"}],"wp:featuredmedia":[{"embeddable":true,"href":"https:\/\/www.vadaszboltcsorna.hu\/index.php\/wp-json\/wp\/v2\/media\/8119"}],"wp:attachment":[{"href":"https:\/\/www.vadaszboltcsorna.hu\/index.php\/wp-json\/wp\/v2\/media?parent=8118"}],"wp:term":[{"taxonomy":"product_brand","embeddable":true,"href":"https:\/\/www.vadaszboltcsorna.hu\/index.php\/wp-json\/wp\/v2\/product_brand?post=8118"},{"taxonomy":"product_cat","embeddable":true,"href":"https:\/\/www.vadaszboltcsorna.hu\/index.php\/wp-json\/wp\/v2\/product_cat?post=8118"},{"taxonomy":"product_tag","embeddable":true,"href":"https:\/\/www.vadaszboltcsorna.hu\/index.php\/wp-json\/wp\/v2\/product_tag?post=8118"}],"curies":[{"name":"wp","href":"https:\/\/api.w.org\/{rel}","templated":true}]}}