{"id":811,"date":"2021-05-05T13:09:24","date_gmt":"2021-05-05T13:09:24","guid":{"rendered":"http:\/\/www.vadaszboltcsorna.hu\/?post_type=product&#038;p=811"},"modified":"2026-05-13T01:51:59","modified_gmt":"2026-05-13T01:51:59","slug":"brenekke-tig","status":"publish","type":"product","link":"https:\/\/www.vadaszboltcsorna.hu\/index.php\/termek\/brenekke-tig\/","title":{"rendered":"Brenneke Tig goly\u00f3s l\u0151szer (\u00e1lt.inform\u00e1ci\u00f3k)"},"content":{"rendered":"<h2><strong>Brenneke Tig goly\u00f3s l\u0151szer<\/strong><\/h2>\n<h2 class=\"centered\"><span>T\u00f6k\u00e9letes precizit\u00e1s minden cs\u0151ben<\/span><\/h2>\n<p>&nbsp;<\/p>\n<h2 class=\"aos-init aos-animate\" data-aos=\"fade-right\" data-aos-duration=\"800\" data-aos-easing=\"ease-out-sine\"><span>Olyan pontos, amennyire csak lehet. Nap mint nap. 1919 \u00f3ta.<\/span><\/h2>\n<div class=\"content-3-4 aos-init aos-animate\" data-aos=\"fade-left\" data-aos-duration=\"800\" data-aos-easing=\"ease-out-sine\">\n<p>Kiemelked\u0151 \u00e1thatol\u00e1s\u00e1r\u00f3l ismert, klasszikus l\u00f6ved\u00e9k\u00a0 vaddiszn\u00f3k \u00e9s \u0151zek vad\u00e1szat\u00e1ban. A TIG <sup>\u00ae<\/sup>\u00a0vil\u00e1gszerte folyamatosan az egyik legsikeresebb l\u00f6ved\u00e9knek bizonyul minden k\u00f6nny\u0171 \u00e9s k\u00f6zepesen neh\u00e9z vadfaj ellen. A TIG\u00a0<sup>\u00ae<\/sup>\u00a0kialak\u00edt\u00e1sa gombaszer\u0171en deform\u00e1lja a kem\u00e9nyebb h\u00e1ts\u00f3 magot, a r\u00e9z\/nikkel bevonat\u00fa k\u00f6peny pedig maxim\u00e1lis energiafelszabadul\u00e1st tesz lehet\u0151v\u00e9. Ezenk\u00edv\u00fcl a k\u00f6peny optim\u00e1lis \u00e1thatol\u00e1st \u00e9s maxim\u00e1lis pontoss\u00e1got biztos\u00edt.<\/p>\n<p>&nbsp;<\/p>\n<h3><span>Hogyan m\u0171k\u00f6dnek a r\u00e9szlegesen fragment\u00e1l\u00f3d\u00f3 l\u00f6ved\u00e9kek?<\/span><\/h3>\n<p><span>A k\u00e9tmagv\u00fa, r\u00e9szlegesen szil\u00e1nkos l\u00f6ved\u00e9ket a BRENNEKE tal\u00e1lta fel. Miut\u00e1n eltal\u00e1lja a vad test\u00e9t, az el\u00fcls\u0151 mag elt\u00f6rik, m\u00edg a h\u00e1ts\u00f3 m\u00e9ly behatol\u00e1st \u00e9s kil\u00e9p\u00e9si sebet biztos\u00edt. M\u00e1s sz\u00f3val: maxim\u00e1lis energiafelszabadul\u00e1s \u00e9s meg\u00e1ll\u00edt\u00f3er\u0151, amely megfelel a vad m\u00e9ret\u00e9nek. Az eredeti BRENNEKE \u00e9les v\u00e1g\u00f3\u00e9lnek k\u00f6sz\u00f6nhet\u0151en v\u00e9rnyomot hagyhat maga ut\u00e1n, amikor menek\u00fcl\u0151 vad ut\u00e1n lopakodik. Az univerz\u00e1lis, k\u00e9tmagv\u00fa, r\u00e9szlegesen szil\u00e1nkos l\u00f6ved\u00e9kek minden t\u00edpus\u00fa \u00e9s m\u00e9ret\u0171 vad sz\u00e1m\u00e1ra ide\u00e1lisak. A BRENNEKE k\u00edn\u00e1lat\u00e1ban megtal\u00e1lhat\u00f3 a Torpedo Ideal Bullet TIG\u00a0<\/span><sup><span>\u00ae<\/span><\/sup><span>\u00a0\u00e9s a Torpedo Universal Bullet TUG\u00a0<\/span><sup><span>\u00ae<\/span><\/sup><span>\u00a0, valamint a BASIC Bullet.<\/span><\/p>\n<\/div>\n<p>&nbsp;<\/p>\n<h3><span>Goly\u00f3\u00e9p\u00edt\u00e9s<\/span><\/h3>\n<p><sup><span>\u00a0TIG \u00ae<\/span><\/sup><span> eredeti BRENNEKE min\u0151s\u00e9gi jellemz\u0151i:<\/span><\/p>\n<ul>\n<li><span>A CuNi-bevonatnak k\u00f6sz\u00f6nhet\u0151en kiemelked\u0151 \u00e1t\u00fct\u0151erej\u0171 k\u00f6penyes l\u00f6ved\u00e9kkonstrukci\u00f3 minimaliz\u00e1lja a cs\u0151 elszennyez\u0151d\u00e9s\u00e9t<\/span><\/li>\n<li><span>Az \u00e9les \u00e9l \u00e1tv\u00e1gja a sz\u0151rt \u00e9s a b\u0151rt<\/span><\/li>\n<li><span>A h\u00e1ts\u00f3, kem\u00e9nyebb \u00f3lommag gombam\u00f3dosul\u00e1st biztos\u00edt a maxim\u00e1lis energiafelszabadul\u00e1s \u00e9rdek\u00e9ben.<\/span><\/li>\n<\/ul>\n<p>&nbsp;<\/p>\n<h6 style=\"text-align: center;\">Olyan l\u00f6ved\u00e9k t\u00edpus , melyek magja k\u00e9t k\u00fcl\u00f6nb\u00f6z\u0151 kem\u00e9nys\u00e9g\u0171 \u00f3lomdarabbal b\u00edr.\u00a0 A\u00a0 Brenneke TIG \u00e9s TUG l\u00f6ved\u00e9ke is ilyen, mely fen\u00e9kr\u00e9sz\u00e9ben kem\u00e9nyebb, orr r\u00e9sz\u00e9ben puh\u00e1bb maggal rendelkezik. A k\u00e9t l\u00f6ved\u00e9k k\u00f6z\u00f6tt mind\u00f6ssze annyi a k\u00fcl\u00f6nbs\u00e9g, hogy m\u00edg a TIG eset\u00e9ben a a kem\u00e9nyebb magr\u00e9sz k\u00fapform\u00e1ban k\u00f6rbe \u00f6leli a puh\u00e1bb magr\u00e9sz fen\u00e9k r\u00e9sz\u00e9t, addig a TUG eset\u00e9ben a kem\u00e9nyebb mag \u00e9kszer\u0171en \u00fcl a puh\u00e1bb magr\u00e9sz fen\u00e9k r\u00e9sz\u00e9be. Ez ut\u00f3bbi lassabb expanzi\u00f3ra, nagyobb \u00e1thatol\u00e1sra k\u00e9pes.<\/h6>\n<p>&nbsp;<\/p>\n<p>&nbsp;<\/p>\n<h5>Kaliberek:<\/h5>\n<h4>.280 Rem.<\/h4>\n<h4>7 x 57<\/h4>\n<h4>7 x 57R<\/h4>\n<h4>7 x 64<\/h4>\n<h4>7 x 65 R<\/h4>\n<h4>7 mm Rem.Mag.<\/h4>\n<h4>.308 Win.<\/h4>\n<h4>.30-06 Spr.<\/h4>\n<h4>8 x 57 JS<\/h4>\n<h4>8 x 57 JRS<\/h4>\n<h4>8 x 64 S<\/h4>\n<h4>\u00a08 x 68 S<\/h4>\n<p>&nbsp;<\/p>\n<h4 style=\"text-align: center;\"><em>A le\u00edr\u00e1sban szerepl\u0151 adatok t\u00e1j\u00e9koztat\u00f3 jelleg\u0171ek, t\u00edpusonk\u00e9nt v\u00e1ltozhat!<\/em><br \/>\n<em>Kaliberekr\u0151l aktu\u00e1lis \u00e1rakr\u00f3l \u00e9s egy\u00e9b inform\u00e1ci\u00f3kr\u00f3l k\u00e9rj\u00fck<\/em><br \/>\n<em>\u00e9rdekl\u0151dj\u00f6n!<\/em><\/h4>\n<h4 style=\"text-align: center;\"><em><strong>A fegyvert\u00f6rv\u00e9ny \u00e9rtelm\u00e9ben, fegyvert, l\u0151szert kiz\u00e1r\u00f3lag szem\u00e9lyesen,az \u00fczletben fegyvertart\u00e1si enged\u00e9ly birtok\u00e1ban lehet v\u00e1s\u00e1rolni!<\/strong><\/em><br \/>\n<em><strong>A webshopban megrendelt fegyverek \u00e9s l\u0151szerek NEM ker\u00fclnek kisz\u00e1ll\u00edt\u00e1sra!\u00a0 Tov\u00e1bbi inform\u00e1ci\u00f3\u00e9rt l\u00e1togasson el boltunkba!<\/strong><\/em><\/h4>\n<h4 style=\"text-align: center;\"><em>Az \u00e1rak t\u00e1j\u00e9koztat\u00f3<\/em><br \/>\n<em>jelleg\u0171ek nem min\u0151s\u00fcl hivatalos aj\u00e1nlat t\u00e9telnek!<\/em><br \/>\n<em>Az \u00e1rv\u00e1ltoz\u00e1s jog\u00e1t fenntartjuk!<\/em><\/h4>\n<h3><\/h3>\n","protected":false},"excerpt":{"rendered":"<p>Brenneke Tig goly\u00f3s l\u0151szer T\u00f6k\u00e9letes precizit\u00e1s minden cs\u0151ben &nbsp; Olyan pontos, amennyire csak lehet. Nap mint nap. 1919 \u00f3ta. Kiemelked\u0151 \u00e1thatol\u00e1s\u00e1r\u00f3l ismert, klasszikus l\u00f6ved\u00e9k\u00a0 vaddiszn\u00f3k \u00e9s \u0151zek vad\u00e1szat\u00e1ban. A TIG \u00ae\u00a0vil\u00e1gszerte folyamatosan az egyik legsikeresebb l\u00f6ved\u00e9knek bizonyul minden k\u00f6nny\u0171 \u00e9s k\u00f6zepesen neh\u00e9z vadfaj ellen. A TIG\u00a0\u00ae\u00a0kialak\u00edt\u00e1sa gombaszer\u0171en deform\u00e1lja a kem\u00e9nyebb h\u00e1ts\u00f3 magot, a r\u00e9z\/nikkel bevonat\u00fa [&hellip;]<\/p>\n","protected":false},"featured_media":7208,"comment_status":"open","ping_status":"closed","template":"","meta":{"_et_pb_use_builder":"","_et_pb_old_content":"","_et_gb_content_width":"","om_disable_all_campaigns":false},"product_brand":[],"product_cat":[287,289,202,232,240,239,226,238,279,288,242,243,203,201,21],"product_tag":[704,205,70,221],"class_list":{"0":"post-811","1":"product","2":"type-product","3":"status-publish","4":"has-post-thumbnail","6":"product_cat-280-rem","7":"product_cat-308-win","8":"product_cat-30-06","9":"product_cat-7mm-rem-mag","10":"product_cat-7x57","11":"product_cat-7x57r","12":"product_cat-7x64","13":"product_cat-7x65-r","14":"product_cat-8-x-64-s","15":"product_cat-8-x-68-s","16":"product_cat-8x57-irs","17":"product_cat-8x57-is","18":"product_cat-brenekke","19":"product_cat-marka-golyos-loszerek","20":"product_cat-uj","21":"product_tag-brenneke-tig","22":"product_tag-golyos-loszer","23":"product_tag-vadaszat","24":"product_tag-vadaszloszer","26":"first","27":"instock","28":"taxable","29":"shipping-taxable","30":"product-type-simple"},"_links":{"self":[{"href":"https:\/\/www.vadaszboltcsorna.hu\/index.php\/wp-json\/wp\/v2\/product\/811","targetHints":{"allow":["GET"]}}],"collection":[{"href":"https:\/\/www.vadaszboltcsorna.hu\/index.php\/wp-json\/wp\/v2\/product"}],"about":[{"href":"https:\/\/www.vadaszboltcsorna.hu\/index.php\/wp-json\/wp\/v2\/types\/product"}],"replies":[{"embeddable":true,"href":"https:\/\/www.vadaszboltcsorna.hu\/index.php\/wp-json\/wp\/v2\/comments?post=811"}],"wp:featuredmedia":[{"embeddable":true,"href":"https:\/\/www.vadaszboltcsorna.hu\/index.php\/wp-json\/wp\/v2\/media\/7208"}],"wp:attachment":[{"href":"https:\/\/www.vadaszboltcsorna.hu\/index.php\/wp-json\/wp\/v2\/media?parent=811"}],"wp:term":[{"taxonomy":"product_brand","embeddable":true,"href":"https:\/\/www.vadaszboltcsorna.hu\/index.php\/wp-json\/wp\/v2\/product_brand?post=811"},{"taxonomy":"product_cat","embeddable":true,"href":"https:\/\/www.vadaszboltcsorna.hu\/index.php\/wp-json\/wp\/v2\/product_cat?post=811"},{"taxonomy":"product_tag","embeddable":true,"href":"https:\/\/www.vadaszboltcsorna.hu\/index.php\/wp-json\/wp\/v2\/product_tag?post=811"}],"curies":[{"name":"wp","href":"https:\/\/api.w.org\/{rel}","templated":true}]}}