{"id":8092,"date":"2025-09-03T11:56:09","date_gmt":"2025-09-03T11:56:09","guid":{"rendered":"https:\/\/www.vadaszboltcsorna.hu\/?post_type=product&#038;p=8092"},"modified":"2025-12-20T18:36:42","modified_gmt":"2025-12-20T18:36:42","slug":"casa-moda-ferfi-pulover-cipzaras-allogallerral-454477200-371","status":"publish","type":"product","link":"https:\/\/www.vadaszboltcsorna.hu\/index.php\/termek\/casa-moda-ferfi-pulover-cipzaras-allogallerral-454477200-371\/","title":{"rendered":"Casa Moda f\u00e9rfi pul\u00f3ver cipz\u00e1ras \u00e1ll\u00f3gall\u00e9rral 454477200\/371"},"content":{"rendered":"<h3><strong>Casa Moda f\u00e9rfi pul\u00f3ver cipz\u00e1ras \u00e1ll\u00f3gall\u00e9rral 454477200\/371<\/strong><\/h3>\n<h3 data-start=\"81\" data-end=\"133\"><\/h3>\n<p data-start=\"135\" data-end=\"314\">Sportosan eleg\u00e1ns megjelen\u00e9s minden alkalomra!<br data-start=\"181\" data-end=\"184\" \/>Ez a Casa Moda f\u00e9rfi pul\u00f3ver modern \u00e1ll\u00f3gall\u00e9rral \u00e9s praktikus cipz\u00e1rral k\u00e9sz\u00fclt, amely egyszerre biztos\u00edt k\u00e9nyelmet \u00e9s st\u00edlust.<\/p>\n<p data-start=\"316\" data-end=\"528\">\u2714 Kiv\u00e1l\u00f3 min\u0151s\u00e9g\u0171 100% pamut anyag \u2013 puha tapint\u00e1s \u00e9s tart\u00f3s viselet<br data-start=\"384\" data-end=\"387\" \/>\u2714 Divatos z\u00f6ld \u00e1rnyalat \u2013 friss, f\u00e9rfias megjelen\u00e9s<br data-start=\"438\" data-end=\"441\" \/>\u2714 Sokoldal\u00faan hordhat\u00f3 \u2013 t\u00f6k\u00e9letes h\u00e9tk\u00f6znapokra, munk\u00e1ba vagy szabadid\u0151s programokra<\/p>\n<p data-start=\"530\" data-end=\"553\"><strong data-start=\"530\" data-end=\"540\">Anyag:<\/strong> 100% pamut<\/p>\n","protected":false},"excerpt":{"rendered":"<p>Casa Moda f\u00e9rfi pul\u00f3ver cipz\u00e1ras \u00e1ll\u00f3gall\u00e9rral 454477200\/371 Sportosan eleg\u00e1ns megjelen\u00e9s minden alkalomra!Ez a Casa Moda f\u00e9rfi pul\u00f3ver modern \u00e1ll\u00f3gall\u00e9rral \u00e9s praktikus cipz\u00e1rral k\u00e9sz\u00fclt, amely egyszerre biztos\u00edt k\u00e9nyelmet \u00e9s st\u00edlust. \u2714 Kiv\u00e1l\u00f3 min\u0151s\u00e9g\u0171 100% pamut anyag \u2013 puha tapint\u00e1s \u00e9s tart\u00f3s viselet\u2714 Divatos z\u00f6ld \u00e1rnyalat \u2013 friss, f\u00e9rfias megjelen\u00e9s\u2714 Sokoldal\u00faan hordhat\u00f3 \u2013 t\u00f6k\u00e9letes h\u00e9tk\u00f6znapokra, munk\u00e1ba vagy [&hellip;]<\/p>\n","protected":false},"featured_media":8094,"comment_status":"open","ping_status":"closed","template":"","meta":{"_et_pb_use_builder":"","_et_pb_old_content":"","_et_gb_content_width":"","om_disable_all_campaigns":false},"product_brand":[],"product_cat":[21,596,159],"product_tag":[1884],"class_list":{"0":"post-8092","1":"product","2":"type-product","3":"status-publish","4":"has-post-thumbnail","6":"product_cat-uj","7":"product_cat-pulover","8":"product_cat-vadasz-ruhazat","9":"product_tag-casa-moda-ferfi-pulover-cipzaras-allogallerral-454477200-371","11":"first","12":"instock","13":"taxable","14":"shipping-taxable","15":"purchasable","16":"product-type-variable"},"_links":{"self":[{"href":"https:\/\/www.vadaszboltcsorna.hu\/index.php\/wp-json\/wp\/v2\/product\/8092","targetHints":{"allow":["GET"]}}],"collection":[{"href":"https:\/\/www.vadaszboltcsorna.hu\/index.php\/wp-json\/wp\/v2\/product"}],"about":[{"href":"https:\/\/www.vadaszboltcsorna.hu\/index.php\/wp-json\/wp\/v2\/types\/product"}],"replies":[{"embeddable":true,"href":"https:\/\/www.vadaszboltcsorna.hu\/index.php\/wp-json\/wp\/v2\/comments?post=8092"}],"wp:featuredmedia":[{"embeddable":true,"href":"https:\/\/www.vadaszboltcsorna.hu\/index.php\/wp-json\/wp\/v2\/media\/8094"}],"wp:attachment":[{"href":"https:\/\/www.vadaszboltcsorna.hu\/index.php\/wp-json\/wp\/v2\/media?parent=8092"}],"wp:term":[{"taxonomy":"product_brand","embeddable":true,"href":"https:\/\/www.vadaszboltcsorna.hu\/index.php\/wp-json\/wp\/v2\/product_brand?post=8092"},{"taxonomy":"product_cat","embeddable":true,"href":"https:\/\/www.vadaszboltcsorna.hu\/index.php\/wp-json\/wp\/v2\/product_cat?post=8092"},{"taxonomy":"product_tag","embeddable":true,"href":"https:\/\/www.vadaszboltcsorna.hu\/index.php\/wp-json\/wp\/v2\/product_tag?post=8092"}],"curies":[{"name":"wp","href":"https:\/\/api.w.org\/{rel}","templated":true}]}}