{"id":803,"date":"2021-05-05T12:29:16","date_gmt":"2021-05-05T12:29:16","guid":{"rendered":"http:\/\/www.vadaszboltcsorna.hu\/?post_type=product&#038;p=803"},"modified":"2025-06-23T08:33:16","modified_gmt":"2025-06-23T08:33:16","slug":"brenekke-tog","status":"publish","type":"product","link":"https:\/\/www.vadaszboltcsorna.hu\/index.php\/termek\/brenekke-tog\/","title":{"rendered":"Brenneke Tog goly\u00f3s l\u0151szer (\u00e1lt.inform\u00e1ci\u00f3k)"},"content":{"rendered":"<h3 style=\"text-align: center;\"><strong>Brenneke Tog goly\u00f3s l\u0151szer<\/strong><\/h3>\n<p>&nbsp;<\/p>\n<h2 class=\"aos-init aos-animate\" data-aos=\"fade-right\" data-aos-duration=\"800\" data-aos-easing=\"ease-out-sine\">\u00c9rdemes befektet\u00e9s<\/h2>\n<div class=\"content-3-4 aos-init aos-animate\" data-aos=\"fade-left\" data-aos-duration=\"800\" data-aos-easing=\"ease-out-sine\">\n<p><sup>A TOG \u00ae<\/sup>\u00a0szab\u00e1lyozott t\u00e1gul\u00e1s\u00fa l\u00f6ved\u00e9k er\u0151s k\u00f6penyszerkezete\u00a0t\u00f6megfelszabad\u00edt\u00e1s n\u00e9lk\u00fcl, gombam\u00f3d szaporod\u00f3k\u00e9pes l\u00f6ved\u00e9ket eredm\u00e9nyez. A vad\u00e1szok vil\u00e1gszerte profit\u00e1lnak a rendk\u00edv\u00fcl pontos, nagy t\u00e1vols\u00e1g\u00fa l\u00f6v\u00e9si tulajdons\u00e1gaib\u00f3l. Ide\u00e1lis neh\u00e9zvadak sz\u00e1m\u00e1ra.<\/p>\n<p>&nbsp;<\/p>\n<h3>Hogyan m\u0171k\u00f6dnek a szab\u00e1lyozott t\u00e1gul\u00e1s\u00fa l\u00f6ved\u00e9kek?<\/h3>\n<p>A szab\u00e1lyozott t\u00e1gul\u00e1s\u00fa l\u00f6ved\u00e9kek az alakv\u00e1ltoz\u00e1si folyamat sor\u00e1n adj\u00e1k \u00e1t energi\u00e1jukat a vad test\u00e9nek. Az \u00e1tm\u00e9r\u0151 n\u00f6veked\u00e9se a c\u00e9lpont ellen\u00e1ll\u00e1s\u00e1t\u00f3l f\u00fcgg. A l\u00f6ved\u00e9k csak kis mennyis\u00e9g\u0171 t\u00f6meget szabad\u00edt fel, \u00edgy a marad\u00e9k s\u00falya tov\u00e1bbra is viszonylag magas. \u00cdgy a m\u00e9ly behatol\u00e1s \u00e9s a pontos kil\u00e9p\u00e9si seb szinte mindig garant\u00e1lt. A szab\u00e1lyozott t\u00e1gul\u00e1s\u00fa l\u00f6ved\u00e9kek ide\u00e1lisak a neh\u00e9zvadak elejt\u00e9s\u00e9hez. 2003 \u00f3ta a BRENNEKE kiv\u00e1l\u00f3 min\u0151s\u00e9g\u0171 l\u0151szerk\u00edn\u00e1lat\u00e1ban megtal\u00e1lhat\u00f3 a szab\u00e1lyozott t\u00e1gul\u00e1s\u00fa Torpedo Optimal Bullet (TOG\u00a0<sup>\u00ae<\/sup>\u00a0) is.<\/p>\n<p>&nbsp;<\/p>\n<\/div>\n<h4>Kaliberek:<\/h4>\n<h4>.243 Win.<\/h4>\n<h4>6,5 x 55 SE<\/h4>\n<h4>6,5 X 57<\/h4>\n<h4>6,5 X 57 R<\/h4>\n<h4>.270 Win.<\/h4>\n<h4>7 x 57 R<\/h4>\n<h4>7 x 64 Brenekke<\/h4>\n<h4>7 x 65 R<\/h4>\n<h4>7 mm Rem Mag.<\/h4>\n<h4>.308 Win.<\/h4>\n<h4>.30-06 Spr.<\/h4>\n<h4>.300 Win.Mag<\/h4>\n<h4>8x 57 JS<\/h4>\n<h4>8x 57 JRS<\/h4>\n<h4>8X 64\u00a0 S Brenekke<\/h4>\n<h4>8 x 68 S<\/h4>\n<h4>9,3 x 62<\/h4>\n<h4>9,3 x 74 R<\/h4>\n<h4>9,3 x 64<\/h4>\n<h4>.375 H&amp;M Mag.<\/h4>\n<p>&nbsp;<\/p>\n<h4 style=\"text-align: center;\"><em>A le\u00edr\u00e1sban szerepl\u0151 adatok t\u00e1j\u00e9koztat\u00f3 jelleg\u0171ek, t\u00edpusonk\u00e9nt v\u00e1ltozhat!<\/em><br \/>\n<em>Kaliberekr\u0151l aktu\u00e1lis \u00e1rakr\u00f3l \u00e9s egy\u00e9b inform\u00e1ci\u00f3kr\u00f3l k\u00e9rj\u00fck<\/em><br \/>\n<em>\u00e9rdekl\u0151dj\u00f6n!<\/em><\/h4>\n<h4 style=\"text-align: center;\"><em><strong>A fegyvert\u00f6rv\u00e9ny \u00e9rtelm\u00e9ben, fegyvert, l\u0151szert kiz\u00e1r\u00f3lag szem\u00e9lyesen,az \u00fczletben fegyvertart\u00e1si enged\u00e9ly birtok\u00e1ban lehet v\u00e1s\u00e1rolni!<\/strong><\/em><br \/>\n<em><strong>A webshopban megrendelt fegyverek \u00e9s l\u0151szerek NEM ker\u00fclnek kisz\u00e1ll\u00edt\u00e1sra!\u00a0 Tov\u00e1bbi inform\u00e1ci\u00f3\u00e9rt l\u00e1togasson el boltunkba!<\/strong><\/em><\/h4>\n<h4 style=\"text-align: center;\"><em>Az \u00e1rak t\u00e1j\u00e9koztat\u00f3<\/em><br \/>\n<em>jelleg\u0171ek nem min\u0151s\u00fcl hivatalos aj\u00e1nlat t\u00e9telnek!<\/em><br \/>\n<em>Az \u00e1rv\u00e1ltoz\u00e1s jog\u00e1t fenntartjuk!<\/em><\/h4>\n<h4><\/h4>\n<p>&nbsp;<\/p>\n<p>&nbsp;<\/p>\n","protected":false},"excerpt":{"rendered":"<p>Brenneke Tog goly\u00f3s l\u0151szer &nbsp; \u00c9rdemes befektet\u00e9s A TOG \u00ae\u00a0szab\u00e1lyozott t\u00e1gul\u00e1s\u00fa l\u00f6ved\u00e9k er\u0151s k\u00f6penyszerkezete\u00a0t\u00f6megfelszabad\u00edt\u00e1s n\u00e9lk\u00fcl, gombam\u00f3d szaporod\u00f3k\u00e9pes l\u00f6ved\u00e9ket eredm\u00e9nyez. A vad\u00e1szok vil\u00e1gszerte profit\u00e1lnak a rendk\u00edv\u00fcl pontos, nagy t\u00e1vols\u00e1g\u00fa l\u00f6v\u00e9si tulajdons\u00e1gaib\u00f3l. Ide\u00e1lis neh\u00e9zvadak sz\u00e1m\u00e1ra. &nbsp; Hogyan m\u0171k\u00f6dnek a szab\u00e1lyozott t\u00e1gul\u00e1s\u00fa l\u00f6ved\u00e9kek? A szab\u00e1lyozott t\u00e1gul\u00e1s\u00fa l\u00f6ved\u00e9kek az alakv\u00e1ltoz\u00e1si folyamat sor\u00e1n adj\u00e1k \u00e1t energi\u00e1jukat a vad test\u00e9nek. Az [&hellip;]<\/p>\n","protected":false},"featured_media":7190,"comment_status":"open","ping_status":"closed","template":"","meta":{"_et_pb_use_builder":"","_et_pb_old_content":"","_et_gb_content_width":"","om_disable_all_campaigns":false},"product_brand":[],"product_cat":[21,231,236,224,281,202,266,248,232,239,226,238,279,242,243,227,244,199,200],"product_tag":[706,205,70,221],"class_list":{"0":"post-803","1":"product","2":"type-product","3":"status-publish","4":"has-post-thumbnail","6":"product_cat-uj","7":"product_cat-231","8":"product_cat-270-win","9":"product_cat-224","10":"product_cat-3-x-64","11":"product_cat-30-06","12":"product_cat-300-win-mag","13":"product_cat-65x55se","14":"product_cat-7mm-rem-mag","15":"product_cat-7x57r","16":"product_cat-7x64","17":"product_cat-7x65-r","18":"product_cat-8-x-64-s","19":"product_cat-8x57-irs","20":"product_cat-8x57-is","21":"product_cat-93x62","22":"product_cat-93x74r","23":"product_cat-golyos-loszerek","24":"product_cat-kaliber","25":"product_tag-brenneke-tog","26":"product_tag-golyos-loszer","27":"product_tag-vadaszat","28":"product_tag-vadaszloszer","30":"first","31":"instock","32":"taxable","33":"shipping-taxable","34":"product-type-simple"},"_links":{"self":[{"href":"https:\/\/www.vadaszboltcsorna.hu\/index.php\/wp-json\/wp\/v2\/product\/803","targetHints":{"allow":["GET"]}}],"collection":[{"href":"https:\/\/www.vadaszboltcsorna.hu\/index.php\/wp-json\/wp\/v2\/product"}],"about":[{"href":"https:\/\/www.vadaszboltcsorna.hu\/index.php\/wp-json\/wp\/v2\/types\/product"}],"replies":[{"embeddable":true,"href":"https:\/\/www.vadaszboltcsorna.hu\/index.php\/wp-json\/wp\/v2\/comments?post=803"}],"wp:featuredmedia":[{"embeddable":true,"href":"https:\/\/www.vadaszboltcsorna.hu\/index.php\/wp-json\/wp\/v2\/media\/7190"}],"wp:attachment":[{"href":"https:\/\/www.vadaszboltcsorna.hu\/index.php\/wp-json\/wp\/v2\/media?parent=803"}],"wp:term":[{"taxonomy":"product_brand","embeddable":true,"href":"https:\/\/www.vadaszboltcsorna.hu\/index.php\/wp-json\/wp\/v2\/product_brand?post=803"},{"taxonomy":"product_cat","embeddable":true,"href":"https:\/\/www.vadaszboltcsorna.hu\/index.php\/wp-json\/wp\/v2\/product_cat?post=803"},{"taxonomy":"product_tag","embeddable":true,"href":"https:\/\/www.vadaszboltcsorna.hu\/index.php\/wp-json\/wp\/v2\/product_tag?post=803"}],"curies":[{"name":"wp","href":"https:\/\/api.w.org\/{rel}","templated":true}]}}