{"id":800,"date":"2021-05-05T12:16:19","date_gmt":"2021-05-05T12:16:19","guid":{"rendered":"http:\/\/www.vadaszboltcsorna.hu\/?post_type=product&#038;p=800"},"modified":"2025-06-23T08:20:00","modified_gmt":"2025-06-23T08:20:00","slug":"brenekke-basic","status":"publish","type":"product","link":"https:\/\/www.vadaszboltcsorna.hu\/index.php\/termek\/brenekke-basic\/","title":{"rendered":"Brenneke Basic goly\u00f3s l\u0151szer (\u00e1lt.inform\u00e1ci\u00f3k)"},"content":{"rendered":"<h3 style=\"text-align: center;\"><strong>Brenneke Basic goly\u00f3s l\u0151szer<\/strong><\/h3>\n<p>&nbsp;<\/p>\n<h2 class=\"aos-init aos-animate\" data-aos=\"fade-right\" data-aos-duration=\"800\" data-aos-easing=\"ease-out-sine\">V\u00e1lassz eredetit. Ez mindig a legjobb v\u00e1laszt\u00e1s.<\/h2>\n<div class=\"content-3-4 aos-init aos-animate\" data-aos=\"fade-left\" data-aos-duration=\"800\" data-aos-easing=\"ease-out-sine\">\n<p>Megfizethet\u0151, gyors \u00e9s megb\u00edzhat\u00f3 l\u00f6ved\u00e9ket keres? \u00daj, tombac k\u00f6pennyel \u00e9s speci\u00e1lis \u00f3lom\u00f6tv\u00f6zettel ell\u00e1tott BASIC r\u00e9szlegesen szil\u00e1nkos l\u00f6ved\u00e9keink mindent tartalmaznak, amit egy eredeti BRENNEKE l\u00f6ved\u00e9k jelent \u2013 \u200b\u200bbele\u00e9rtve az \u00e9les v\u00e1g\u00f3\u00e9lt is a tiszta behatol\u00e1s \u00e9rdek\u00e9ben.<\/p>\n<p>A BASIC abszol\u00fat megb\u00edzhat\u00f3an teljes\u00edt k\u00f6nny\u0171 \u00e9s k\u00f6zepesen neh\u00e9z, ak\u00e1r 50 kilogrammos vadak ejt\u00e9sekor.<\/p>\n<h3>Hogyan m\u0171k\u00f6dnek a r\u00e9szlegesen fragment\u00e1l\u00f3d\u00f3 l\u00f6ved\u00e9kek?<\/h3>\n<p>A k\u00e9tmagv\u00fa, r\u00e9szlegesen fragment\u00e1l\u00f3d\u00f3 l\u00f6ved\u00e9ket a BRENNEKE tal\u00e1lta fel. Miut\u00e1n eltal\u00e1lja a vad test\u00e9t, az el\u00fcls\u0151 mag elt\u00f6rik, m\u00edg a h\u00e1ts\u00f3 m\u00e9ly behatol\u00e1st \u00e9s kil\u00e9p\u00e9si sebet biztos\u00edt. M\u00e1s sz\u00f3val: maxim\u00e1lis energiafelszabadul\u00e1s \u00e9s meg\u00e1ll\u00edt\u00f3 er\u0151, amely megfelel a vad m\u00e9ret\u00e9nek. Az eredeti BRENNEKE \u00e9les v\u00e1g\u00f3\u00e9lnek k\u00f6sz\u00f6nhet\u0151en v\u00e9rnyomot hagyhat maga ut\u00e1n, amikor menek\u00fcl\u0151 vadat \u00fcld\u00f6z.<\/p>\n<h3>Goly\u00f3\u00e9p\u00edt\u00e9s<\/h3>\n<p>BASIC nature l\u00f6ved\u00e9k eredeti BRENNEKE min\u0151s\u00e9gi jellemz\u0151i :<\/p>\n<ul>\n<li>Tombac kab\u00e1t<\/li>\n<li>\u00c9les v\u00e1g\u00f3\u00e9l<\/li>\n<li>Expanz\u00edv, j\u00f3 \u00f6l\u0151er\u0151vel rendelkez\u0151 l\u0151szer.<\/li>\n<\/ul>\n<\/div>\n<p>&nbsp;<\/p>\n<h4>Kaliberek:<\/h4>\n<table class=\"product-table\">\n<tbody>\n<tr class=\"default tr-light-green\">\n<td>\n<h4>BRENNEKE BASIC<\/h4>\n<\/td>\n<td>.300 Win.Mag.<\/td>\n<td>5072 J<\/td>\n<td>10,7 g\/165 g<\/td>\n<td>974\u00a0m\/s<\/td>\n<\/tr>\n<\/tbody>\n<\/table>\n<table class=\"product-table\">\n<tbody>\n<tr class=\"default tr-light-green\">\n<td>\n<h4>BRENNEKE BASIC<\/h4>\n<\/td>\n<td>.300 Win.Mag.<\/td>\n<td>5190 J<\/td>\n<td>12,0 g\/185 g<\/td>\n<td>930\u00a0m\/s<\/td>\n<\/tr>\n<\/tbody>\n<\/table>\n<table class=\"product-table\" style=\"width: 409px;\">\n<tbody>\n<tr class=\"default tr-light-green\">\n<td style=\"width: 126.609px;\">\n<h4>BRENNEKE BASIC<\/h4>\n<\/td>\n<td style=\"width: 69.8495px;\">.30-06 Spr.<\/td>\n<td style=\"width: 38.4491px;\">3835J<\/td>\n<td style=\"width: 73.9236px;\">10,7g\/165g<\/td>\n<td style=\"width: 72.4306px;\">847\u00a0m\/s<\/td>\n<\/tr>\n<\/tbody>\n<\/table>\n<table class=\"product-table\">\n<tbody>\n<tr class=\"default tr-light-green\">\n<td style=\"width: 133.993px;\">\n<h4>BRENNEKE BASIC<\/h4>\n<\/td>\n<td style=\"width: 84.9884px;\">.30-06 Spr.<\/td>\n<td style=\"width: 56.9907px;\">4184 J<\/td>\n<td style=\"width: 82.9977px;\">12,0 g\/185 g<\/td>\n<td style=\"width: 49.7801px;\">835\u00a0m\/s<\/td>\n<\/tr>\n<\/tbody>\n<\/table>\n<table class=\"product-table\">\n<tbody>\n<tr class=\"default tr-light-green\">\n<td>\n<h4>BRENNEKE BASIC<\/h4>\n<\/td>\n<td>.308 Win..<\/td>\n<td>3648 J<\/td>\n<td>10,7 g\/165 g<\/td>\n<td>826\u00a0m\/s<\/td>\n<\/tr>\n<\/tbody>\n<\/table>\n<table class=\"product-table\">\n<tbody>\n<tr class=\"default tr-light-green\">\n<td>\n<h4>BRENNEKE BASIC<\/h4>\n<\/td>\n<td>.308 Win.<\/td>\n<td>3632 J<\/td>\n<td>12,0 g\/185 g<\/td>\n<td>778\u00a0m\/s<\/td>\n<\/tr>\n<\/tbody>\n<\/table>\n<table class=\"product-table\">\n<tbody>\n<tr class=\"default tr-yellow\">\n<td>\n<h4>BRENNEKE BASIC<\/h4>\n<\/td>\n<td>8&#215;57 JS<\/td>\n<td>4108 J<\/td>\n<td>13,0 g\/200 g<\/td>\n<td>795\u00a0m\/s<\/td>\n<\/tr>\n<\/tbody>\n<\/table>\n<table class=\"product-table\">\n<tbody>\n<tr class=\"default tr-yellow\">\n<td>\n<h4>BRENNEKE BASIC<\/h4>\n<\/td>\n<td>8&#215;57 JRS<\/td>\n<td>3559 J<\/td>\n<td>13,0 g\/200 g<\/td>\n<td>740\u00a0m\/s<\/td>\n<\/tr>\n<\/tbody>\n<\/table>\n<h4><\/h4>\n<h4><\/h4>\n<h4 style=\"text-align: center;\"><em>A le\u00edr\u00e1sban szerepl\u0151 adatok t\u00e1j\u00e9koztat\u00f3 jelleg\u0171ek, t\u00edpusonk\u00e9nt v\u00e1ltozhat!<\/em><br \/>\n<em>Kaliberekr\u0151l aktu\u00e1lis \u00e1rakr\u00f3l \u00e9s egy\u00e9b inform\u00e1ci\u00f3kr\u00f3l k\u00e9rj\u00fck<\/em><br \/>\n<em>\u00e9rdekl\u0151dj\u00f6n!<\/em><\/h4>\n<h4 style=\"text-align: center;\"><em><strong>A fegyvert\u00f6rv\u00e9ny \u00e9rtelm\u00e9ben, fegyvert, l\u0151szert kiz\u00e1r\u00f3lag szem\u00e9lyesen,az \u00fczletben fegyvertart\u00e1si enged\u00e9ly birtok\u00e1ban lehet v\u00e1s\u00e1rolni!<\/strong><\/em><br \/>\n<em><strong>A webshopban megrendelt fegyverek \u00e9s l\u0151szerek NEM ker\u00fclnek kisz\u00e1ll\u00edt\u00e1sra!\u00a0 Tov\u00e1bbi inform\u00e1ci\u00f3\u00e9rt l\u00e1togasson el boltunkba!<\/strong><\/em><\/h4>\n<h4 style=\"text-align: center;\"><em>Az \u00e1rak t\u00e1j\u00e9koztat\u00f3<\/em><br \/>\n<em>jelleg\u0171ek nem min\u0151s\u00fcl hivatalos aj\u00e1nlat t\u00e9telnek!<\/em><br \/>\n<em>Az \u00e1rv\u00e1ltoz\u00e1s jog\u00e1t fenntartjuk!<\/em><\/h4>\n","protected":false},"excerpt":{"rendered":"<p>Brenneke Basic goly\u00f3s l\u0151szer &nbsp; V\u00e1lassz eredetit. Ez mindig a legjobb v\u00e1laszt\u00e1s. Megfizethet\u0151, gyors \u00e9s megb\u00edzhat\u00f3 l\u00f6ved\u00e9ket keres? \u00daj, tombac k\u00f6pennyel \u00e9s speci\u00e1lis \u00f3lom\u00f6tv\u00f6zettel ell\u00e1tott BASIC r\u00e9szlegesen szil\u00e1nkos l\u00f6ved\u00e9keink mindent tartalmaznak, amit egy eredeti BRENNEKE l\u00f6ved\u00e9k jelent \u2013 \u200b\u200bbele\u00e9rtve az \u00e9les v\u00e1g\u00f3\u00e9lt is a tiszta behatol\u00e1s \u00e9rdek\u00e9ben. A BASIC abszol\u00fat megb\u00edzhat\u00f3an teljes\u00edt k\u00f6nny\u0171 \u00e9s k\u00f6zepesen [&hellip;]<\/p>\n","protected":false},"featured_media":7189,"comment_status":"open","ping_status":"closed","template":"","meta":{"_et_pb_use_builder":"","_et_pb_old_content":"","_et_gb_content_width":"","om_disable_all_campaigns":false},"product_brand":[],"product_cat":[224,202,266,242,243,199,200,21],"product_tag":[275,702,205,70,221],"class_list":{"0":"post-800","1":"product","2":"type-product","3":"status-publish","4":"has-post-thumbnail","6":"product_cat-224","7":"product_cat-30-06","8":"product_cat-300-win-mag","9":"product_cat-8x57-irs","10":"product_cat-8x57-is","11":"product_cat-golyos-loszerek","12":"product_cat-kaliber","13":"product_cat-uj","14":"product_tag-basic","15":"product_tag-brenneke-basic","16":"product_tag-golyos-loszer","17":"product_tag-vadaszat","18":"product_tag-vadaszloszer","20":"first","21":"instock","22":"taxable","23":"shipping-taxable","24":"product-type-simple"},"_links":{"self":[{"href":"https:\/\/www.vadaszboltcsorna.hu\/index.php\/wp-json\/wp\/v2\/product\/800","targetHints":{"allow":["GET"]}}],"collection":[{"href":"https:\/\/www.vadaszboltcsorna.hu\/index.php\/wp-json\/wp\/v2\/product"}],"about":[{"href":"https:\/\/www.vadaszboltcsorna.hu\/index.php\/wp-json\/wp\/v2\/types\/product"}],"replies":[{"embeddable":true,"href":"https:\/\/www.vadaszboltcsorna.hu\/index.php\/wp-json\/wp\/v2\/comments?post=800"}],"wp:featuredmedia":[{"embeddable":true,"href":"https:\/\/www.vadaszboltcsorna.hu\/index.php\/wp-json\/wp\/v2\/media\/7189"}],"wp:attachment":[{"href":"https:\/\/www.vadaszboltcsorna.hu\/index.php\/wp-json\/wp\/v2\/media?parent=800"}],"wp:term":[{"taxonomy":"product_brand","embeddable":true,"href":"https:\/\/www.vadaszboltcsorna.hu\/index.php\/wp-json\/wp\/v2\/product_brand?post=800"},{"taxonomy":"product_cat","embeddable":true,"href":"https:\/\/www.vadaszboltcsorna.hu\/index.php\/wp-json\/wp\/v2\/product_cat?post=800"},{"taxonomy":"product_tag","embeddable":true,"href":"https:\/\/www.vadaszboltcsorna.hu\/index.php\/wp-json\/wp\/v2\/product_tag?post=800"}],"curies":[{"name":"wp","href":"https:\/\/api.w.org\/{rel}","templated":true}]}}