{"id":795,"date":"2021-05-05T11:28:21","date_gmt":"2021-05-05T11:28:21","guid":{"rendered":"http:\/\/www.vadaszboltcsorna.hu\/?post_type=product&#038;p=795"},"modified":"2025-06-23T07:47:52","modified_gmt":"2025-06-23T07:47:52","slug":"geco-plus","status":"publish","type":"product","link":"https:\/\/www.vadaszboltcsorna.hu\/index.php\/termek\/geco-plus\/","title":{"rendered":"Geco Plus goly\u00f3s l\u0151szer (\u00e1lt.inform\u00e1ci\u00f3k)"},"content":{"rendered":"<h3 style=\"text-align: center;\"><strong>Geco Plus goly\u00f3s l\u0151szer<\/strong><\/h3>\n<p>&nbsp;<\/p>\n<h4 style=\"text-align: center;\">A Geco Plus a leg\u00fajabb technol\u00f3gia felhaszn\u00e1l\u00e1s\u00e1val k\u00e9sz\u00fclt prec\u00edz l\u00f6ved\u00e9k. A GECO k\u00f6t\u00e9si technik\u00e1j\u00e1t egy rendk\u00edv\u00fcli er\u0151s forraszt\u00e1si pont jellemzi a l\u00f6ved\u00e9kmag \u00e9s a k\u00f6peny k\u00f6z\u00f6tt. Ennek eredm\u00e9nyek\u00e9nt a Geco Plus minim\u00e1lis repeszhet\u00e1ssal gomb\u00e1sodik \u00e9s kiv\u00e1l\u00f3 a behatol\u00e1st biztos\u00edt m\u00e9g nagyvadak, vagy csonttal val\u00f3 \u00fctk\u00f6z\u00e9s eset\u00e9n is. Rendk\u00edv\u00fcl hat\u00e9kony l\u00f6ved\u00e9k t\u00edpus.<\/h4>\n<h4 style=\"text-align: center;\">L\u00f6ved\u00e9k t\u00edpus: F\u00fart hegy\u0171 (Bonded Jacketed Hollow Point)<\/h4>\n<p>&nbsp;<\/p>\n<h4>Kaliberek:<\/h4>\n<h4>6,5 x 55<\/h4>\n<h4>.270 Win.<\/h4>\n<h4>7 mm Rem. Mag.<\/h4>\n<h4>7 x 64<\/h4>\n<h4>7 x 65 R<\/h4>\n<h4>.308 Win.<\/h4>\n<h4>.30-06<\/h4>\n<h4>.300 Win.Mag.<\/h4>\n<h4>8 x 57 JRS<\/h4>\n<h4>8 X 57 JS<\/h4>\n<h4>9,3 X 62<\/h4>\n<h4>9,3 X 74R<\/h4>\n<p>&nbsp;<\/p>\n<p><iframe loading=\"lazy\" title=\"GECO PLUS - the powerful hunting bullet!\" width=\"1080\" height=\"608\" src=\"https:\/\/www.youtube.com\/embed\/xR7-EjGhZQ0?feature=oembed\"  allow=\"accelerometer; autoplay; clipboard-write; encrypted-media; gyroscope; picture-in-picture; web-share\" referrerpolicy=\"strict-origin-when-cross-origin\" allowfullscreen><\/iframe><\/p>\n<p>&nbsp;<\/p>\n<h4 style=\"text-align: center;\"><em>A le\u00edr\u00e1sban szerepl\u0151 adatok t\u00e1j\u00e9koztat\u00f3 jelleg\u0171ek, t\u00edpusonk\u00e9nt v\u00e1ltozhat!<\/em><br \/>\n<em>Kaliberekr\u0151l aktu\u00e1lis \u00e1rakr\u00f3l \u00e9s egy\u00e9b inform\u00e1ci\u00f3kr\u00f3l k\u00e9rj\u00fck<\/em><br \/>\n<em>\u00e9rdekl\u0151dj\u00f6n!<\/em><\/h4>\n<h4 style=\"text-align: center;\"><em><strong>A fegyvert\u00f6rv\u00e9ny \u00e9rtelm\u00e9ben, fegyvert, l\u0151szert kiz\u00e1r\u00f3lag szem\u00e9lyesen,az \u00fczletben fegyvertart\u00e1si enged\u00e9ly birtok\u00e1ban lehet v\u00e1s\u00e1rolni!<\/strong><\/em><br \/>\n<em><strong>A webshopban megrendelt fegyverek \u00e9s l\u0151szerek NEM ker\u00fclnek kisz\u00e1ll\u00edt\u00e1sra!\u00a0 Tov\u00e1bbi inform\u00e1ci\u00f3\u00e9rt l\u00e1togasson el boltunkba!<\/strong><\/em><\/h4>\n<h4 style=\"text-align: center;\"><em>Az \u00e1rak t\u00e1j\u00e9koztat\u00f3<\/em><br \/>\n<em>jelleg\u0171ek nem min\u0151s\u00fcl hivatalos aj\u00e1nlat t\u00e9telnek!<\/em><br \/>\n<em>Az \u00e1rv\u00e1ltoz\u00e1s jog\u00e1t fenntartjuk!<\/em><\/h4>\n<p>&nbsp;<\/p>\n<p>&nbsp;<\/p>\n<p>&nbsp;<\/p>\n","protected":false},"excerpt":{"rendered":"<p>https:\/\/www.youtube.com\/watch?v=AiKmu6fMFd4<\/p>\n<h2>Geco Plus<\/h2>\n","protected":false},"featured_media":7753,"comment_status":"open","ping_status":"closed","template":"","meta":{"_et_pb_use_builder":"","_et_pb_old_content":"","_et_gb_content_width":"","om_disable_all_campaigns":false},"product_brand":[],"product_cat":[21,236,224,202,266,232,226,238,242,243,227,244,268,199,200,201],"product_tag":[272,271,205,273,70],"class_list":{"0":"post-795","1":"product","2":"type-product","3":"status-publish","4":"has-post-thumbnail","6":"product_cat-uj","7":"product_cat-270-win","8":"product_cat-224","9":"product_cat-30-06","10":"product_cat-300-win-mag","11":"product_cat-7mm-rem-mag","12":"product_cat-7x64","13":"product_cat-7x65-r","14":"product_cat-8x57-irs","15":"product_cat-8x57-is","16":"product_cat-93x62","17":"product_cat-93x74r","18":"product_cat-geco","19":"product_cat-golyos-loszerek","20":"product_cat-kaliber","21":"product_cat-marka-golyos-loszerek","22":"product_tag-geco-loszer","23":"product_tag-geco-plus","24":"product_tag-golyos-loszer","25":"product_tag-vadasz-loszer","26":"product_tag-vadaszat","28":"first","29":"instock","30":"taxable","31":"shipping-taxable","32":"product-type-simple"},"_links":{"self":[{"href":"https:\/\/www.vadaszboltcsorna.hu\/index.php\/wp-json\/wp\/v2\/product\/795","targetHints":{"allow":["GET"]}}],"collection":[{"href":"https:\/\/www.vadaszboltcsorna.hu\/index.php\/wp-json\/wp\/v2\/product"}],"about":[{"href":"https:\/\/www.vadaszboltcsorna.hu\/index.php\/wp-json\/wp\/v2\/types\/product"}],"replies":[{"embeddable":true,"href":"https:\/\/www.vadaszboltcsorna.hu\/index.php\/wp-json\/wp\/v2\/comments?post=795"}],"wp:featuredmedia":[{"embeddable":true,"href":"https:\/\/www.vadaszboltcsorna.hu\/index.php\/wp-json\/wp\/v2\/media\/7753"}],"wp:attachment":[{"href":"https:\/\/www.vadaszboltcsorna.hu\/index.php\/wp-json\/wp\/v2\/media?parent=795"}],"wp:term":[{"taxonomy":"product_brand","embeddable":true,"href":"https:\/\/www.vadaszboltcsorna.hu\/index.php\/wp-json\/wp\/v2\/product_brand?post=795"},{"taxonomy":"product_cat","embeddable":true,"href":"https:\/\/www.vadaszboltcsorna.hu\/index.php\/wp-json\/wp\/v2\/product_cat?post=795"},{"taxonomy":"product_tag","embeddable":true,"href":"https:\/\/www.vadaszboltcsorna.hu\/index.php\/wp-json\/wp\/v2\/product_tag?post=795"}],"curies":[{"name":"wp","href":"https:\/\/api.w.org\/{rel}","templated":true}]}}