{"id":7941,"date":"2025-07-11T09:52:19","date_gmt":"2025-07-11T09:52:19","guid":{"rendered":"https:\/\/www.vadaszboltcsorna.hu\/?post_type=product&#038;p=7941"},"modified":"2025-07-11T09:52:19","modified_gmt":"2025-07-11T09:52:19","slug":"wildebees-ferfi-rovid-ujju-ing-szellozo-hatresszel-wma098-khaki-olive","status":"publish","type":"product","link":"https:\/\/www.vadaszboltcsorna.hu\/index.php\/termek\/wildebees-ferfi-rovid-ujju-ing-szellozo-hatresszel-wma098-khaki-olive\/","title":{"rendered":"Wildebees F\u00e9rfi R\u00f6vid Ujj\u00fa Ing \u2013 Szell\u0151z\u0151 H\u00e1tr\u00e9sszel | WMA098 Khaki\/Olive"},"content":{"rendered":"<h3 style=\"text-align: center;\" data-start=\"367\" data-end=\"644\"><strong>Wildebees F\u00e9rfi R\u00f6vid Ujj\u00fa Ing \u2013 Szell\u0151z\u0151 H\u00e1tr\u00e9sszel | WMA098 Khaki\/Olive<\/strong><\/h3>\n<p>&nbsp;<\/p>\n<h4 data-start=\"367\" data-end=\"644\"><strong data-start=\"367\" data-end=\"417\">St\u00edlus \u00e9s k\u00e9nyelem \u2013 a legmelegebb napokra is.<\/strong><\/h4>\n<p data-start=\"367\" data-end=\"644\"><br data-start=\"417\" data-end=\"420\" \/>Ez a Wildebees f\u00e9rfi r\u00f6vid ujj\u00fa ing nemcsak st\u00edlusos megjelen\u00e9st biztos\u00edt, de praktikus kialak\u00edt\u00e1s\u00e1val is kit\u0171nik. A h\u00e1tr\u00e9szen tal\u00e1lhat\u00f3 szell\u0151z\u0151ny\u00edl\u00e1s seg\u00edti a l\u00e9g\u00e1raml\u00e1st, \u00edgy m\u00e9g a legnagyobb h\u0151s\u00e9gben is h\u0171v\u00f6s maradhatsz.<\/p>\n<h3 data-start=\"646\" data-end=\"678\">\u2600\ufe0f <strong data-start=\"653\" data-end=\"678\">Mi\u00e9rt fogod szeretni?<\/strong><\/h3>\n<ul data-start=\"679\" data-end=\"1078\">\n<li data-start=\"679\" data-end=\"765\">\n<p data-start=\"681\" data-end=\"765\"><strong data-start=\"681\" data-end=\"765\">Kiv\u00e1l\u00f3 v\u00e1laszt\u00e1s ny\u00e1ri t\u00far\u00e1khoz, vad\u00e1szatra, v\u00e1rosi s\u00e9t\u00e1khoz vagy ak\u00e1r kerti grillez\u00e9shez is<\/strong><\/p>\n<\/li>\n<li data-start=\"766\" data-end=\"836\">\n<p data-start=\"768\" data-end=\"836\"><strong data-start=\"768\" data-end=\"798\">K\u00f6nny\u0171, l\u00e9g\u00e1tereszt\u0151 anyag<\/strong>, amely eg\u00e9sz napos komfortot biztos\u00edt<\/p>\n<\/li>\n<li data-start=\"837\" data-end=\"930\">\n<p data-start=\"839\" data-end=\"930\"><strong data-start=\"839\" data-end=\"882\">Letisztult, m\u00e9gis karakteres megjelen\u00e9s<\/strong> a k\u00e9tsz\u00edn\u0171 (Khaki\/Olive) diz\u00e1jnnak k\u00f6sz\u00f6nhet\u0151en<\/p>\n<\/li>\n<li data-start=\"931\" data-end=\"992\">\n<p data-start=\"933\" data-end=\"992\"><strong data-start=\"933\" data-end=\"953\">Szell\u0151z\u0151 h\u00e1tr\u00e9sz<\/strong> a fokozott szell\u0151z\u00e9s\u00e9rt \u00e9s h\u0151lead\u00e1s\u00e9rt<\/p>\n<\/li>\n<li data-start=\"993\" data-end=\"1078\">\n<p data-start=\"995\" data-end=\"1078\">Klasszikus <strong data-start=\"1006\" data-end=\"1027\">gombos kialak\u00edt\u00e1s<\/strong> \u00e9s szabott fazon, amely j\u00f3l \u00e1ll minden testalkaton<\/p>\n<\/li>\n<\/ul>\n","protected":false},"excerpt":{"rendered":"<p>Wildebees F\u00e9rfi R\u00f6vid Ujj\u00fa Ing \u2013 Szell\u0151z\u0151 H\u00e1tr\u00e9sszel | WMA098 Khaki\/Olive &nbsp; St\u00edlus \u00e9s k\u00e9nyelem \u2013 a legmelegebb napokra is. Ez a Wildebees f\u00e9rfi r\u00f6vid ujj\u00fa ing nemcsak st\u00edlusos megjelen\u00e9st biztos\u00edt, de praktikus kialak\u00edt\u00e1s\u00e1val is kit\u0171nik. A h\u00e1tr\u00e9szen tal\u00e1lhat\u00f3 szell\u0151z\u0151ny\u00edl\u00e1s seg\u00edti a l\u00e9g\u00e1raml\u00e1st, \u00edgy m\u00e9g a legnagyobb h\u0151s\u00e9gben is h\u0171v\u00f6s maradhatsz. \u2600\ufe0f Mi\u00e9rt fogod szeretni? [&hellip;]<\/p>\n","protected":false},"featured_media":7942,"comment_status":"open","ping_status":"closed","template":"","meta":{"_et_pb_use_builder":"","_et_pb_old_content":"","_et_gb_content_width":"","om_disable_all_campaigns":false},"product_brand":[],"product_cat":[21,651,159],"product_tag":[1872],"class_list":{"0":"post-7941","1":"product","2":"type-product","3":"status-publish","4":"has-post-thumbnail","6":"product_cat-uj","7":"product_cat-ing","8":"product_cat-vadasz-ruhazat","9":"product_tag-wildebees-ferfi-rovid-ujju-ing-szellozo-hatresszel-wma098-khaki-olive","11":"first","12":"instock","13":"taxable","14":"shipping-taxable","15":"purchasable","16":"product-type-variable"},"_links":{"self":[{"href":"https:\/\/www.vadaszboltcsorna.hu\/index.php\/wp-json\/wp\/v2\/product\/7941","targetHints":{"allow":["GET"]}}],"collection":[{"href":"https:\/\/www.vadaszboltcsorna.hu\/index.php\/wp-json\/wp\/v2\/product"}],"about":[{"href":"https:\/\/www.vadaszboltcsorna.hu\/index.php\/wp-json\/wp\/v2\/types\/product"}],"replies":[{"embeddable":true,"href":"https:\/\/www.vadaszboltcsorna.hu\/index.php\/wp-json\/wp\/v2\/comments?post=7941"}],"wp:featuredmedia":[{"embeddable":true,"href":"https:\/\/www.vadaszboltcsorna.hu\/index.php\/wp-json\/wp\/v2\/media\/7942"}],"wp:attachment":[{"href":"https:\/\/www.vadaszboltcsorna.hu\/index.php\/wp-json\/wp\/v2\/media?parent=7941"}],"wp:term":[{"taxonomy":"product_brand","embeddable":true,"href":"https:\/\/www.vadaszboltcsorna.hu\/index.php\/wp-json\/wp\/v2\/product_brand?post=7941"},{"taxonomy":"product_cat","embeddable":true,"href":"https:\/\/www.vadaszboltcsorna.hu\/index.php\/wp-json\/wp\/v2\/product_cat?post=7941"},{"taxonomy":"product_tag","embeddable":true,"href":"https:\/\/www.vadaszboltcsorna.hu\/index.php\/wp-json\/wp\/v2\/product_tag?post=7941"}],"curies":[{"name":"wp","href":"https:\/\/api.w.org\/{rel}","templated":true}]}}