{"id":7903,"date":"2025-07-08T11:05:27","date_gmt":"2025-07-08T11:05:27","guid":{"rendered":"https:\/\/www.vadaszboltcsorna.hu\/?post_type=product&#038;p=7903"},"modified":"2025-10-29T11:17:34","modified_gmt":"2025-10-29T11:17:34","slug":"dorr-snapshot-mini-5-0-pro-vadkamera","status":"publish","type":"product","link":"https:\/\/www.vadaszboltcsorna.hu\/index.php\/termek\/dorr-snapshot-mini-5-0-pro-vadkamera\/","title":{"rendered":"D\u00f6rr SnapShot Mini 5.0 Pro vadkamera"},"content":{"rendered":"<h3 class=\"page-head-title product-page-head-title\"><strong><span class=\"product-page-product-name\">D\u00f6rr SnapShot Mini 5.0 Pro vadkamera<\/span><\/strong><\/h3>\n<p>&nbsp;<\/p>\n<p>Szeretn\u00e9 megb\u00edzhat\u00f3an szemmel tartani a k\u00f6rnyezet\u00e9t, legyen az a vad\u00e1szter\u00fclet\u00e9n, a vad\u00e1szh\u00e1zban, a h\u00e1z\u00e1ban, a kertj\u00e9ben, az \u00e9p\u00edtkez\u00e9sen vagy a lak\u00f3kocsij\u00e1ban? Akkor a D\u00d6RR SnapShot Mini 5.0 Pro t\u00f6k\u00e9letes v\u00e1laszt\u00e1s az \u00d6n sz\u00e1m\u00e1ra! Ez a kompakt bel\u00e9p\u0151 szint\u0171 kamera t\u00f6k\u00e9letes v\u00e1laszt\u00e1s, amennyiben megb\u00edzhat\u00f3 megfigyel\u00e9sre van sz\u00fcks\u00e9ge.<\/p>\n<p>\u2705\u00a0<em><strong>5MP-ES K\u00c9PEK \u00c9S FULL HD VIDE\u00d3K<\/strong><\/em><br \/>\nAz ak\u00e1r 5MP k\u00e9pfelbont\u00e1ssal \u00e9s Full HD 1080P hanggal ell\u00e1tott vide\u00f3kkal a SnapShot Mini 5.0 Pro nappal \u00e9les, ragyog\u00f3 sz\u00ednes k\u00e9peket, \u00e9jszaka pedig nagy kontraszt\u00fa fekete-feh\u00e9r k\u00e9peket k\u00e9sz\u00edt. Soha nem marad le egy r\u00e9szletr\u0151l sem, legyen sz\u00f3 a nap b\u00e1rmely szak\u00e1r\u00f3l.<\/p>\n<p>\u2705\u00a0<em><strong>L\u00c1THATATLAN INFRAV\u00d6R\u00d6S VAKU<\/strong><\/em><br \/>\nT\u00e9rfigyel\u0151 kamer\u00e1nk 60 fekete LED-b\u0151l \u00e1ll\u00f3, 940 nm-en m\u0171k\u00f6d\u0151 infrav\u00f6r\u00f6s vakuval van felszerelve, amely az emberek \u00e9s az \u00e1llatok sz\u00e1m\u00e1ra egyar\u00e1nt l\u00e1thatatlan. Ez azt jelenti, hogy teljes s\u00f6t\u00e9ts\u00e9gben is tiszta k\u00e9peket \u00e9s vide\u00f3kat k\u00e9sz\u00edthet an\u00e9lk\u00fcl, hogy azt b\u00e1rki \u00e9szre venn\u00e9. A vaku hat\u00f3t\u00e1vols\u00e1g\u00e1t k\u00e9t fokozatban is a k\u00f6rnyezet\u00e9hez igaz\u00edthatja. Ak\u00e1r egy kis kertet, ak\u00e1r egy nagy ingatlant szeretne megfigyelni, kamer\u00e1nk rugalmasan alkalmazkodik az \u00d6n ig\u00e9nyeihez.<\/p>\n<p>\u2705\u00a0<em><strong>KIOLD\u00c1SI ID\u0150 MIND\u00d6SSZE 0,5 M\u00c1SODPERC<\/strong><\/em><br \/>\nA mind\u00f6ssze 0,5 m\u00e1sodperces kiold\u00e1si id\u0151vel rendelkez\u0151 PIR-\u00e9rz\u00e9kel\u0151nek k\u00f6sz\u00f6nhet\u0151en garant\u00e1ltan nem marad le semmir\u0151l.<br \/>\nA mozg\u00e1s\u00e9rz\u00e9kel\u0151 \u00e9rz\u00e9kenys\u00e9ge 9 fokozatban \u00e1ll\u00edthat\u00f3, \u00edgy m\u00e9g a minim\u00e1lis mozg\u00e1sokat \u00e9s h\u0151m\u00e9rs\u00e9kletk\u00fcl\u00f6nbs\u00e9geket is \u00e9rz\u00e9keli. A mozg\u00e1s\u00e9rz\u00e9kel\u0151 sz\u00fcks\u00e9g szerint sz\u00fcneteltethet\u0151 is. A 20 m\u00e9teres \u00e9rz\u00e9kel\u00e9si tartom\u00e1nynak \u00e9s a 60\u00b0-os k\u00e9psz\u00f6gnek k\u00f6sz\u00f6nhet\u0151en garant\u00e1ltan nem marad le semmir\u0151l.<\/p>\n<p>\u2705\u00a0<em><strong>EGYSZER\u0170 M\u0170K\u00d6D\u00c9S \u00c9S PRAKTIKUS FUNKCI\u00d3K<\/strong><\/em><br \/>\nA vadkamera praktikus funkci\u00f3kat \u00e9s intuit\u00edv, t\u00f6bbnyelv\u0171 men\u00fcvez\u00e9rl\u00e9st k\u00edn\u00e1l. A kamer\u00e1t k\u00e9nyelmesen be\u00e1ll\u00edthatja a navig\u00e1ci\u00f3s gombok seg\u00edts\u00e9g\u00e9vel, m\u00edg a be\u00e1ll\u00edt\u00e1sokat az 1,4 h\u00fcvelykes sz\u00ednes kijelz\u0151n ellen\u0151rizheti \u00e9s megtekintheti.<br \/>\n\u25fe\ufe0e Folyamatos f\u00e9nyk\u00e9pez\u00e9s (1-3 k\u00e9p egy z\u00e1rkiold\u00e1sonk\u00e9nt)<br \/>\n\u25fe\ufe0e Id\u0151z\u00edt\u0151 funkci\u00f3 (2 id\u0151s\u00e1v naponta)<br \/>\n\u25fe\ufe0e Time-lapse funkci\u00f3<br \/>\n\u25fe\ufe0e Kombin\u00e1lt k\u00e9p \u00e9s vide\u00f3 funkci\u00f3<br \/>\n\u25fe\ufe0e Jelsz\u00f3v\u00e9delem<br \/>\n\u25fe\ufe0e Id\u0151b\u00e9lyegz\u0151 a k\u00e9pen (akkumul\u00e1tor \u00e1llapota, h\u0151m\u00e9rs\u00e9klet (\u00b0F\/\u00b0C), holdf\u00e1zis, d\u00e1tum, id\u0151)<\/p>\n<p>\u2705\u00a0<em><strong>ROBUSZTUS, V\u00cdZ\u00c1LL\u00d3 IP66-OS H\u00c1Z<\/strong><\/em><br \/>\nAz IP66-os v\u00e9detts\u00e9g\u0171 v\u00edz\u00e1ll\u00f3 h\u00e1z garant\u00e1lja, hogy a kamera minden id\u0151j\u00e1r\u00e1si k\u00f6r\u00fclm\u00e9nynek ellen\u00e1ll, \u00e9s eg\u00e9sz \u00e9vben gond n\u00e9lk\u00fcl haszn\u00e1lhatja. A h\u00e1z h\u00e1ts\u00f3 r\u00e9sze k\u00fcl\u00f6nb\u00f6z\u0151 r\u00f6gz\u00edt\u00e9si lehet\u0151s\u00e9geket k\u00edn\u00e1l, p\u00e9ld\u00e1ul a mell\u00e9kelt r\u00f6gz\u00edt\u0151p\u00e1nt haszn\u00e1lat\u00e1val. A szabadalmaztatott D\u00d6RR r\u00f6gz\u00edt\u00e9si rendszer\u00fcnket a D\u00d6RR univerz\u00e1lis adapter\u00fcnkkel egy\u00fctt aj\u00e1nljuk a h\u00e1zfalakra t\u00f6rt\u00e9n\u0151 r\u00f6gz\u00edt\u00e9shez, vagy ha gyakran szeretn\u00e9 megv\u00e1ltoztatni a kamera hely\u00e9t vagy t\u00e1jol\u00e1s\u00e1t. Vagy haszn\u00e1lhatja praktikus D\u00d6RR facsavarunkat a D\u00d6RR mini g\u00f6mbfej\u00fcnkkel egy\u00fctt.<\/p>\n<p>\u2705\u00a0<em><strong>LOP\u00c1SG\u00c1TL\u00d3 ESZK\u00d6Z\u00d6K<\/strong><\/em><br \/>\nAnnak \u00e9rdek\u00e9ben, hogy megakad\u00e1lyozza a mem\u00f3riak\u00e1rtya ellop\u00e1s\u00e1t vagy azt, hogy illet\u00e9ktelenek megv\u00e1ltoztass\u00e1k a f\u00e9nyk\u00e9pez\u0151g\u00e9p be\u00e1ll\u00edt\u00e1sait, a vadkamera egy opcion\u00e1lis bilincsz\u00e1rral z\u00e1rhat\u00f3. A f\u00e9nyk\u00e9pez\u0151g\u00e9p lop\u00e1s elleni biztos\u00edt\u00e1s\u00e1hoz a h\u00e1z h\u00e1tulj\u00e1n speci\u00e1lis szemek tal\u00e1lhat\u00f3k, amelyeken kereszt\u00fcl egy opcion\u00e1lis k\u00e1belz\u00e1rat lehet \u00e1tvezetni.<\/p>\n<p>\u2705\u00a0<em><strong>ADATT\u00c1ROL\u00c1S<\/strong><\/em><br \/>\nA felv\u00e9telek t\u00e1rol\u00e1sa 8 GB \u00e9s 128 GB k\u00f6z\u00f6tti kapacit\u00e1s\u00fa SDHC\/SDXC mem\u00f3riak\u00e1rty\u00e1n t\u00f6rt\u00e9nik (nem tartoz\u00e9k). Egy megfelel\u0151 olvas\u00f3val azt\u00e1n k\u00e9nyelmesen olvashatja az SD-k\u00e1rty\u00e1t otthon a sz\u00e1m\u00edt\u00f3g\u00e9p\u00e9n vagy laptopj\u00e1n. Vagy egy opcion\u00e1lis USB-C csatlakoz\u00e1ssal rendelkez\u0151 adatk\u00e1bel seg\u00edts\u00e9g\u00e9vel a helysz\u00ednen is megtekintheti felv\u00e9teleit okostelefonj\u00e1n. Megfelel\u0151 mem\u00f3riak\u00e1rty\u00e1t web\u00e1ruh\u00e1zunkb\u00f3l megrendelheti hozz\u00e1.<\/p>\n<p>\u2705\u00a0<em><strong>T\u00c1MOGAT\u00c1S<\/strong><\/em><br \/>\nA kamera m\u0171k\u00f6d\u00e9s\u00e9hez 8 darab AA LR6 1,5 V-os alk\u00e1li elemre van sz\u00fcks\u00e9g (nem tartoz\u00e9k). Az \u00fczemid\u0151 k\u00e9szenl\u00e9ti \u00fczemm\u00f3dban legfeljebb 8 h\u00f3nap (a kamera be\u00e1ll\u00edt\u00e1sait\u00f3l, a h\u0151m\u00e9rs\u00e9klett\u0151l, az akkumul\u00e1tor min\u0151s\u00e9g\u00e9t\u0151l stb. f\u00fcgg\u0151en). A hagyom\u00e1nyos AA elemekkel val\u00f3 m\u0171k\u00f6d\u00e9s mellett a f\u00e9nyk\u00e9pez\u0151g\u00e9p lehet\u0151v\u00e9 teszi k\u00fcls\u0151 akkumul\u00e1tor haszn\u00e1lat\u00e1t egy akkumul\u00e1toros k\u00e1bellel egy\u00fctt.<\/p>\n","protected":false},"excerpt":{"rendered":"<p>D\u00f6rr SnapShot Mini 5.0 Pro vadkamera &nbsp; Szeretn\u00e9 megb\u00edzhat\u00f3an szemmel tartani a k\u00f6rnyezet\u00e9t, legyen az a vad\u00e1szter\u00fclet\u00e9n, a vad\u00e1szh\u00e1zban, a h\u00e1z\u00e1ban, a kertj\u00e9ben, az \u00e9p\u00edtkez\u00e9sen vagy a lak\u00f3kocsij\u00e1ban? Akkor a D\u00d6RR SnapShot Mini 5.0 Pro t\u00f6k\u00e9letes v\u00e1laszt\u00e1s az \u00d6n sz\u00e1m\u00e1ra! Ez a kompakt bel\u00e9p\u0151 szint\u0171 kamera t\u00f6k\u00e9letes v\u00e1laszt\u00e1s, amennyiben megb\u00edzhat\u00f3 megfigyel\u00e9sre van sz\u00fcks\u00e9ge. \u2705\u00a05MP-ES K\u00c9PEK [&hellip;]<\/p>\n","protected":false},"featured_media":7907,"comment_status":"open","ping_status":"closed","template":"","meta":{"_et_pb_use_builder":"","_et_pb_old_content":"","_et_gb_content_width":"","om_disable_all_campaigns":false},"product_brand":[],"product_cat":[21,1785,657],"product_tag":[],"class_list":{"0":"post-7903","1":"product","2":"type-product","3":"status-publish","4":"has-post-thumbnail","6":"product_cat-uj","7":"product_cat-vadkamera","8":"product_cat-vadriasztokvadkamera","10":"first","11":"instock","12":"taxable","13":"shipping-taxable","14":"purchasable","15":"product-type-simple"},"_links":{"self":[{"href":"https:\/\/www.vadaszboltcsorna.hu\/index.php\/wp-json\/wp\/v2\/product\/7903","targetHints":{"allow":["GET"]}}],"collection":[{"href":"https:\/\/www.vadaszboltcsorna.hu\/index.php\/wp-json\/wp\/v2\/product"}],"about":[{"href":"https:\/\/www.vadaszboltcsorna.hu\/index.php\/wp-json\/wp\/v2\/types\/product"}],"replies":[{"embeddable":true,"href":"https:\/\/www.vadaszboltcsorna.hu\/index.php\/wp-json\/wp\/v2\/comments?post=7903"}],"wp:featuredmedia":[{"embeddable":true,"href":"https:\/\/www.vadaszboltcsorna.hu\/index.php\/wp-json\/wp\/v2\/media\/7907"}],"wp:attachment":[{"href":"https:\/\/www.vadaszboltcsorna.hu\/index.php\/wp-json\/wp\/v2\/media?parent=7903"}],"wp:term":[{"taxonomy":"product_brand","embeddable":true,"href":"https:\/\/www.vadaszboltcsorna.hu\/index.php\/wp-json\/wp\/v2\/product_brand?post=7903"},{"taxonomy":"product_cat","embeddable":true,"href":"https:\/\/www.vadaszboltcsorna.hu\/index.php\/wp-json\/wp\/v2\/product_cat?post=7903"},{"taxonomy":"product_tag","embeddable":true,"href":"https:\/\/www.vadaszboltcsorna.hu\/index.php\/wp-json\/wp\/v2\/product_tag?post=7903"}],"curies":[{"name":"wp","href":"https:\/\/api.w.org\/{rel}","templated":true}]}}