{"id":790,"date":"2021-05-05T10:50:08","date_gmt":"2021-05-05T10:50:08","guid":{"rendered":"http:\/\/www.vadaszboltcsorna.hu\/?post_type=product&#038;p=790"},"modified":"2025-06-23T07:49:27","modified_gmt":"2025-06-23T07:49:27","slug":"geco-express","status":"publish","type":"product","link":"https:\/\/www.vadaszboltcsorna.hu\/index.php\/termek\/geco-express\/","title":{"rendered":"Geco Express goly\u00f3s l\u0151szer (\u00e1lt.inform\u00e1ci\u00f3k)"},"content":{"rendered":"<h3 style=\"text-align: center;\"><strong>Geco Express goly\u00f3s l\u0151szer<\/strong><\/h3>\n<p>&nbsp;<\/p>\n<h4 style=\"text-align: center;\">Az \u00faj Geco Express l\u00f6ved\u00e9k lapos r\u00f6pp\u00e1ly\u00e1t, nagy l\u00f6ved\u00e9k sebess\u00e9get \u00e9s gyors energia \u00e1tad\u00e1st biztos\u00edt &#8211; mindez egy egyedd\u00fcl\u00e1ll\u00f3 GECO designban.<\/h4>\n<h4 style=\"text-align: center;\">Az \u00e1ramvonalas l\u00f6ved\u00e9kforma az \u00faj GECO Express heggyel kombin\u00e1lva rendk\u00edv\u00fcl pontos nagy t\u00e1vols\u00e1g\u00fa l\u00f6v\u00e9seket tesz lehet\u0151v\u00e9 a c\u00e9lz\u00f3 pont korrig\u00e1l\u00e1sa n\u00e9lk\u00fcl.<\/h4>\n<h4 style=\"text-align: center;\">A k\u00f6peny kialak\u00edt\u00e1sa nagy l\u00f6ved\u00e9k sebess\u00e9get tesz\u00a0 lehet\u0151v\u00e9, amely eg\u00e9szen a c\u00e9lig megmarad \u00e9s rendk\u00edv\u00fcl nagy becsap\u00f3d\u00e1si energi\u00e1t eredm\u00e9nyez a tiszta leter\u00edt\u00e9shez.<\/h4>\n<h4 style=\"text-align: center;\">L\u00f6ved\u00e9k t\u00edpus: Polimer hegy<\/h4>\n<p>&nbsp;<\/p>\n<p>&nbsp;<\/p>\n<h4>Kaliberek:<\/h4>\n<h4>.223 Rem.<\/h4>\n<h4>.243 Win.<\/h4>\n<h4>.270 Win.<\/h4>\n<h4>.270 WSM<\/h4>\n<h4>7 mm Rem. Mag.<\/h4>\n<h4>7 x 64<\/h4>\n<h4>.308 Win.<\/h4>\n<h4>.30-06<\/h4>\n<h4>.300 Win.Mag.<\/h4>\n<h4>9,3 x 62<\/h4>\n<p>&nbsp;<\/p>\n<p><iframe loading=\"lazy\" title=\"GECO EXPRESS: The fast hunting bullet.\" width=\"1080\" height=\"608\" src=\"https:\/\/www.youtube.com\/embed\/COHdD26_K4g?feature=oembed\"  allow=\"accelerometer; autoplay; clipboard-write; encrypted-media; gyroscope; picture-in-picture; web-share\" referrerpolicy=\"strict-origin-when-cross-origin\" allowfullscreen><\/iframe><\/p>\n<p>&nbsp;<\/p>\n<p>&nbsp;<\/p>\n<h4 style=\"text-align: center;\"><em>A le\u00edr\u00e1sban szerepl\u0151 adatok t\u00e1j\u00e9koztat\u00f3 jelleg\u0171ek, t\u00edpusonk\u00e9nt v\u00e1ltozhat!<\/em><br \/>\n<em>Kaliberekr\u0151l aktu\u00e1lis \u00e1rakr\u00f3l \u00e9s egy\u00e9b inform\u00e1ci\u00f3kr\u00f3l k\u00e9rj\u00fck \u00e9rdekl\u0151dj\u00f6n!<\/em><\/h4>\n<h4 style=\"text-align: center;\"><em><strong>A fegyvert\u00f6rv\u00e9ny \u00e9rtelm\u00e9ben, fegyvert, l\u0151szert kiz\u00e1r\u00f3lag szem\u00e9lyesen,az \u00fczletben fegyvertart\u00e1si enged\u00e9ly birtok\u00e1ban lehet v\u00e1s\u00e1rolni!<\/strong><\/em><br \/>\n<em><strong>A webshopban megrendelt fegyverek \u00e9s l\u0151szerek\u00a0 NEM ker\u00fclnek kisz\u00e1ll\u00edt\u00e1sra!\u00a0 Tov\u00e1bbi inform\u00e1ci\u00f3\u00e9rt l\u00e1togasson el boltunkba!<\/strong><\/em><\/h4>\n<h4 style=\"text-align: center;\"><em>Az \u00e1rak t\u00e1j\u00e9koztat\u00f3 jelleg\u0171ek nem min\u0151s\u00fcl hivatalos aj\u00e1nlat t\u00e9telnek!<\/em><br \/>\n<em>Az \u00e1rv\u00e1ltoz\u00e1s jog\u00e1t fenntartjuk!<\/em><\/h4>\n<h4><\/h4>\n<p>&nbsp;<\/p>\n<p>&nbsp;<\/p>\n","protected":false},"excerpt":{"rendered":"<h2>Geco Express<\/h2>\n<p>https:\/\/www.youtube.com\/watch?v=COHdD26_K4g<\/p>\n","protected":false},"featured_media":7750,"comment_status":"open","ping_status":"closed","template":"","meta":{"_et_pb_use_builder":"","_et_pb_old_content":"","_et_gb_content_width":"","om_disable_all_campaigns":false},"product_brand":[],"product_cat":[21,235,231,236,241,225,224,202,232,226,227,268,199,200,201],"product_tag":[270,269,205,70,221],"class_list":{"0":"post-790","1":"product","2":"type-product","3":"status-publish","4":"has-post-thumbnail","6":"product_cat-uj","7":"product_cat-223rem","8":"product_cat-231","9":"product_cat-270-win","10":"product_cat-270wsm","11":"product_cat-225","12":"product_cat-224","13":"product_cat-30-06","14":"product_cat-7mm-rem-mag","15":"product_cat-7x64","16":"product_cat-93x62","17":"product_cat-geco","18":"product_cat-golyos-loszerek","19":"product_cat-kaliber","20":"product_cat-marka-golyos-loszerek","21":"product_tag-geco","22":"product_tag-geco-express","23":"product_tag-golyos-loszer","24":"product_tag-vadaszat","25":"product_tag-vadaszloszer","27":"first","28":"instock","29":"taxable","30":"shipping-taxable","31":"product-type-simple"},"_links":{"self":[{"href":"https:\/\/www.vadaszboltcsorna.hu\/index.php\/wp-json\/wp\/v2\/product\/790","targetHints":{"allow":["GET"]}}],"collection":[{"href":"https:\/\/www.vadaszboltcsorna.hu\/index.php\/wp-json\/wp\/v2\/product"}],"about":[{"href":"https:\/\/www.vadaszboltcsorna.hu\/index.php\/wp-json\/wp\/v2\/types\/product"}],"replies":[{"embeddable":true,"href":"https:\/\/www.vadaszboltcsorna.hu\/index.php\/wp-json\/wp\/v2\/comments?post=790"}],"wp:featuredmedia":[{"embeddable":true,"href":"https:\/\/www.vadaszboltcsorna.hu\/index.php\/wp-json\/wp\/v2\/media\/7750"}],"wp:attachment":[{"href":"https:\/\/www.vadaszboltcsorna.hu\/index.php\/wp-json\/wp\/v2\/media?parent=790"}],"wp:term":[{"taxonomy":"product_brand","embeddable":true,"href":"https:\/\/www.vadaszboltcsorna.hu\/index.php\/wp-json\/wp\/v2\/product_brand?post=790"},{"taxonomy":"product_cat","embeddable":true,"href":"https:\/\/www.vadaszboltcsorna.hu\/index.php\/wp-json\/wp\/v2\/product_cat?post=790"},{"taxonomy":"product_tag","embeddable":true,"href":"https:\/\/www.vadaszboltcsorna.hu\/index.php\/wp-json\/wp\/v2\/product_tag?post=790"}],"curies":[{"name":"wp","href":"https:\/\/api.w.org\/{rel}","templated":true}]}}