{"id":7865,"date":"2025-07-02T12:52:44","date_gmt":"2025-07-02T12:52:44","guid":{"rendered":"https:\/\/www.vadaszboltcsorna.hu\/?post_type=product&#038;p=7865"},"modified":"2026-04-23T09:56:46","modified_gmt":"2026-04-23T09:56:46","slug":"gamo-3-9x50-ir-w1pm-vilagito-pontos-celtavcso","status":"publish","type":"product","link":"https:\/\/www.vadaszboltcsorna.hu\/index.php\/termek\/gamo-3-9x50-ir-w1pm-vilagito-pontos-celtavcso\/","title":{"rendered":"Gamo 3-9&#215;50 IR W1PM vil\u00e1g\u00edt\u00f3 pontos c\u00e9lt\u00e1vcs\u0151"},"content":{"rendered":"<h3><strong>Gamo 3-9&#215;50 IR W1PM vil\u00e1g\u00edt\u00f3 pontos c\u00e9lt\u00e1vcs\u0151<\/strong><\/h3>\n<p>&nbsp;<\/p>\n<p><strong>Le\u00edr\u00e1s:<\/strong><\/p>\n<p>A Gamo c\u00e9lt\u00e1vcs\u00f6veket a gamo c\u00e9g kifejezetten r\u00fag\u00f3s\/dugatty\u00fas l\u00e9gfegyverekhez gy\u00e1rtja.E miatt szinte az egyetlen a piacon a Gamo WR sz\u00e9ria ami j\u00f3l b\u00edrja a r\u00e1zk\u00f3d\u00e1st \u00e9s nem megy t\u00f6nkre,nem \u00e1ll\u00edt\u00f3dik el.A gamo a saj\u00e1t 23J-s fegyvereihez is ezt aj\u00e1nlja.A legt\u00f6bb t\u00e1vcs\u00f6v\u00e9hez tartoz\u00e9k a min\u0151s\u00e9gi szerel\u00e9k is!A j\u00f3 min\u0151s\u00e9g\u0171 bevonattal ell\u00e1tott lencs\u00e9knek k\u00f6sz\u00f6nhet\u0151en gy\u00f6ny\u00f6r\u0171,tiszta k\u00e9pet ad vissza szinte minden k\u00f6r\u00fclm\u00e9nyek k\u00f6z\u00f6tt.<\/p>\n<p>A t\u00e1vcs\u00f6vekre garancia 1 \u00e9v.<\/p>\n<p>Garanci\u00e1lisan Felhaszn\u00e1lhat\u00f3:Goly\u00f3s fegyver 2000J-ig.Airsoft,Pcp,Pca fegyvereken korl\u00e1tlan energi\u00e1ig,rug\u00f3s\/dugatty\u00fas fegyveren 15J-ig.<\/p>\n<p><strong>A gamo 3-9&#215;50 WR IR egy vil\u00e1g\u00edt\u00f3 ponttal szerelt c\u00e9lt\u00e1vcs\u0151,aminek f\u00e9nyereje 11 fokozatban szab\u00e1lyozhat\u00f3.Az 50es frontlencse m\u00e9ret \u00e9s a vil\u00e1g\u00edt\u00f3 pont lehet\u0151v\u00e9 teszi ennek a t\u00edpusnak hogy nemcsak l\u00e9gfegyvereken,de ak\u00e1r kisebb kaliber\u0171 goly\u00f3s fegyvereken is lehessen haszn\u00e1lni \u00e9jszakai vad\u00e1szatokon is.A lencse j\u00f3 sz\u00fcrk\u00fcleti \u00e9rt\u00e9kkel b\u00edr,\u00edgy sz\u00fcrk\u00fcletben vagy \u00e9jjel \u00e1r\u00e1hoz k\u00e9pest nagyon j\u00f3 k\u00e9pet ad.Enn\u00e9l a t\u00edpusn\u00e1l is tartoz\u00e9k a szabv\u00e1ny 11mm-es s\u00ednre val\u00f3 min\u0151s\u00e9gi egyber\u00e9szes szerel\u00e9k.<\/strong><\/p>\n<p><iframe loading=\"lazy\" title=\"Gamo 3-9x50 IR WR vil\u00e1g\u00edt\u00f3 pontos c\u00e9lt\u00e1vcs\u0151\" width=\"1080\" height=\"608\" src=\"https:\/\/www.youtube.com\/embed\/nTvrcSVIO3g?feature=oembed\"  allow=\"accelerometer; autoplay; clipboard-write; encrypted-media; gyroscope; picture-in-picture; web-share\" referrerpolicy=\"strict-origin-when-cross-origin\" allowfullscreen><\/iframe><\/p>\n<p>&nbsp;<\/p>\n","protected":false},"excerpt":{"rendered":"<p>Gamo 3-9&#215;50 IR W1PM vil\u00e1g\u00edt\u00f3 pontos c\u00e9lt\u00e1vcs\u0151 &nbsp; Le\u00edr\u00e1s: A Gamo c\u00e9lt\u00e1vcs\u00f6veket a gamo c\u00e9g kifejezetten r\u00fag\u00f3s\/dugatty\u00fas l\u00e9gfegyverekhez gy\u00e1rtja.E miatt szinte az egyetlen a piacon a Gamo WR sz\u00e9ria ami j\u00f3l b\u00edrja a r\u00e1zk\u00f3d\u00e1st \u00e9s nem megy t\u00f6nkre,nem \u00e1ll\u00edt\u00f3dik el.A gamo a saj\u00e1t 23J-s fegyvereihez is ezt aj\u00e1nlja.A legt\u00f6bb t\u00e1vcs\u00f6v\u00e9hez tartoz\u00e9k a min\u0151s\u00e9gi szerel\u00e9k is!A [&hellip;]<\/p>\n","protected":false},"featured_media":7978,"comment_status":"open","ping_status":"closed","template":"","meta":{"_et_pb_use_builder":"","_et_pb_old_content":"","_et_gb_content_width":"","om_disable_all_campaigns":false},"product_brand":[],"product_cat":[21,50,302],"product_tag":[1864],"class_list":{"0":"post-7865","1":"product","2":"type-product","3":"status-publish","4":"has-post-thumbnail","6":"product_cat-uj","7":"product_cat-celtavcso","8":"product_cat-gamo","9":"product_tag-gamo-3-9x50-ir-w1pm-vilagito-pontos-celtavcso","11":"first","12":"instock","13":"sale","14":"taxable","15":"shipping-taxable","16":"purchasable","17":"product-type-simple"},"_links":{"self":[{"href":"https:\/\/www.vadaszboltcsorna.hu\/index.php\/wp-json\/wp\/v2\/product\/7865","targetHints":{"allow":["GET"]}}],"collection":[{"href":"https:\/\/www.vadaszboltcsorna.hu\/index.php\/wp-json\/wp\/v2\/product"}],"about":[{"href":"https:\/\/www.vadaszboltcsorna.hu\/index.php\/wp-json\/wp\/v2\/types\/product"}],"replies":[{"embeddable":true,"href":"https:\/\/www.vadaszboltcsorna.hu\/index.php\/wp-json\/wp\/v2\/comments?post=7865"}],"wp:featuredmedia":[{"embeddable":true,"href":"https:\/\/www.vadaszboltcsorna.hu\/index.php\/wp-json\/wp\/v2\/media\/7978"}],"wp:attachment":[{"href":"https:\/\/www.vadaszboltcsorna.hu\/index.php\/wp-json\/wp\/v2\/media?parent=7865"}],"wp:term":[{"taxonomy":"product_brand","embeddable":true,"href":"https:\/\/www.vadaszboltcsorna.hu\/index.php\/wp-json\/wp\/v2\/product_brand?post=7865"},{"taxonomy":"product_cat","embeddable":true,"href":"https:\/\/www.vadaszboltcsorna.hu\/index.php\/wp-json\/wp\/v2\/product_cat?post=7865"},{"taxonomy":"product_tag","embeddable":true,"href":"https:\/\/www.vadaszboltcsorna.hu\/index.php\/wp-json\/wp\/v2\/product_tag?post=7865"}],"curies":[{"name":"wp","href":"https:\/\/api.w.org\/{rel}","templated":true}]}}