{"id":7863,"date":"2025-07-02T12:17:46","date_gmt":"2025-07-02T12:17:46","guid":{"rendered":"https:\/\/www.vadaszboltcsorna.hu\/?post_type=product&#038;p=7863"},"modified":"2025-07-02T12:17:46","modified_gmt":"2025-07-02T12:17:46","slug":"gamo-4x32-wr-celtavcso","status":"publish","type":"product","link":"https:\/\/www.vadaszboltcsorna.hu\/index.php\/termek\/gamo-4x32-wr-celtavcso\/","title":{"rendered":"Gamo 4&#215;32 WR c\u00e9lt\u00e1vcs\u0151"},"content":{"rendered":"<h3><strong>Gamo 4&#215;32 WR c\u00e9lt\u00e1vcs\u0151<\/strong><\/h3>\n<h3 data-start=\"252\" data-end=\"320\">\ud83c\udfaf Gamo 4&#215;32 WR c\u00e9lt\u00e1vcs\u0151 \u2013 Megb\u00edzhat\u00f3 t\u00e1rs a pontos l\u00f6v\u00e9sekhez!<\/h3>\n<p data-start=\"322\" data-end=\"565\"><strong data-start=\"322\" data-end=\"350\">A Gamo 4&#215;32 WR c\u00e9lt\u00e1vcs\u0151<\/strong> kifejezetten <em data-start=\"364\" data-end=\"397\">rug\u00f3s\/dugatty\u00fas l\u00e9gfegyverekhez<\/em> lett fejlesztve \u2013 \u00edgy garant\u00e1ltan ellen\u00e1ll a visszar\u00fag\u00e1snak, nem \u00e1ll\u00edt\u00f3dik el, \u00e9s nem megy t\u00f6nkre n\u00e9h\u00e1ny haszn\u00e1lat ut\u00e1n.<br data-start=\"518\" data-end=\"521\" \/>Ez teszi k\u00fcl\u00f6nlegess\u00e9 a WR sz\u00e9ri\u00e1t a piacon!<\/p>\n<p data-start=\"567\" data-end=\"841\">\u2705 <strong data-start=\"569\" data-end=\"609\">Massz\u00edv kialak\u00edt\u00e1s, extra stabilit\u00e1s<\/strong><br data-start=\"609\" data-end=\"612\" \/>\u2705 <strong data-start=\"614\" data-end=\"638\">Gy\u00f6ny\u00f6r\u0171, tiszta k\u00e9p<\/strong> m\u00e9g kedvez\u0151tlen f\u00e9nyviszonyok mellett is \u2013 a t\u00f6bbr\u00e9teg\u0171 bevonattal ell\u00e1tott lencs\u00e9knek k\u00f6sz\u00f6nhet\u0151en<br data-start=\"738\" data-end=\"741\" \/>\u2705 <strong data-start=\"743\" data-end=\"793\">Min\u0151s\u00e9gi duplacsavaros szerel\u00e9kkel sz\u00e1ll\u00edtjuk!<\/strong> (az \u00e1r tartalmazza)<br data-start=\"813\" data-end=\"816\" \/>\u2705 <strong data-start=\"818\" data-end=\"841\">1 \u00e9v gy\u00e1ri garancia<\/strong><\/p>\n<hr data-start=\"843\" data-end=\"846\" \/>\n<h4 data-start=\"848\" data-end=\"873\">\ud83d\udccc Technikai adatok:<\/h4>\n<ul data-start=\"874\" data-end=\"1036\">\n<li data-start=\"874\" data-end=\"894\">\n<p data-start=\"876\" data-end=\"894\"><strong data-start=\"876\" data-end=\"889\">Nagy\u00edt\u00e1s:<\/strong> 4x<\/p>\n<\/li>\n<li data-start=\"895\" data-end=\"928\">\n<p data-start=\"897\" data-end=\"928\"><strong data-start=\"897\" data-end=\"920\">T\u00e1rgylencse \u00e1tm\u00e9r\u0151:<\/strong> 32 mm<\/p>\n<\/li>\n<li data-start=\"929\" data-end=\"964\">\n<p data-start=\"931\" data-end=\"964\"><strong data-start=\"931\" data-end=\"944\">L\u00e1t\u00f3mez\u0151:<\/strong> 5,5\u20138,7 m \/ 100 m<\/p>\n<\/li>\n<li data-start=\"965\" data-end=\"986\">\n<p data-start=\"967\" data-end=\"986\"><strong data-start=\"967\" data-end=\"977\">Hossz:<\/strong> 295 mm<\/p>\n<\/li>\n<li data-start=\"987\" data-end=\"1036\">\n<p data-start=\"989\" data-end=\"1036\"><strong data-start=\"989\" data-end=\"1025\">Aj\u00e1nlott felhaszn\u00e1l\u00e1si t\u00e1vols\u00e1g:<\/strong> 5\u201330 m\u00e9ter<\/p>\n<\/li>\n<\/ul>\n<hr data-start=\"1038\" data-end=\"1041\" \/>\n<h4 data-start=\"1043\" data-end=\"1098\">\u2699\ufe0f Kompatibilit\u00e1s \u2013 Mire haszn\u00e1lhat\u00f3 biztons\u00e1ggal?<\/h4>\n<ul data-start=\"1099\" data-end=\"1308\">\n<li data-start=\"1099\" data-end=\"1145\">\n<p data-start=\"1101\" data-end=\"1145\"><strong data-start=\"1101\" data-end=\"1134\">L\u00e9gfegyver (dugatty\u00fas\/rug\u00f3s):<\/strong> max. 15J<\/p>\n<\/li>\n<li data-start=\"1146\" data-end=\"1194\">\n<p data-start=\"1148\" data-end=\"1194\"><strong data-start=\"1148\" data-end=\"1172\">PCP \/ PCA fegyverek:<\/strong> korl\u00e1tlan energi\u00e1ig<\/p>\n<\/li>\n<li data-start=\"1195\" data-end=\"1242\">\n<p data-start=\"1197\" data-end=\"1242\"><strong data-start=\"1197\" data-end=\"1222\">Airsoft fegyverekhez:<\/strong> ide\u00e1lis v\u00e1laszt\u00e1s<\/p>\n<\/li>\n<li data-start=\"1243\" data-end=\"1308\">\n<p data-start=\"1245\" data-end=\"1308\"><strong data-start=\"1245\" data-end=\"1269\">Goly\u00f3s fegyverekhez:<\/strong> max. 2000 J-ig garanci\u00e1san haszn\u00e1lhat\u00f3<\/p>\n<\/li>\n<\/ul>\n<hr data-start=\"1310\" data-end=\"1313\" \/>\n<h3 data-start=\"1315\" data-end=\"1341\">Mi\u00e9rt \u00e9ppen a Gamo WR?<\/h3>\n<p data-start=\"1342\" data-end=\"1590\">A Gamo saj\u00e1t 23J energi\u00e1j\u00fa l\u00e9gfegyvereire is ezt a t\u00edpust aj\u00e1nlja \u2013 <strong data-start=\"1410\" data-end=\"1458\">ez m\u00e1r \u00f6nmag\u00e1ban garancia a megb\u00edzhat\u00f3s\u00e1gra.<\/strong><br data-start=\"1458\" data-end=\"1461\" \/>Kezd\u0151 vagy hobbil\u00f6v\u00e9szeknek t\u00f6k\u00e9letes v\u00e1laszt\u00e1s \u2013 <strong data-start=\"1511\" data-end=\"1536\">kiv\u00e1l\u00f3 \u00e1r-\u00e9rt\u00e9k ar\u00e1ny<\/strong>, stabil tart\u00e1s, \u00e9s tiszta k\u00e9p b\u00e1rmilyen k\u00f6rnyezetben!<\/p>\n","protected":false},"excerpt":{"rendered":"<p>Gamo 4&#215;32 WR c\u00e9lt\u00e1vcs\u0151 \ud83c\udfaf Gamo 4&#215;32 WR c\u00e9lt\u00e1vcs\u0151 \u2013 Megb\u00edzhat\u00f3 t\u00e1rs a pontos l\u00f6v\u00e9sekhez! A Gamo 4&#215;32 WR c\u00e9lt\u00e1vcs\u0151 kifejezetten rug\u00f3s\/dugatty\u00fas l\u00e9gfegyverekhez lett fejlesztve \u2013 \u00edgy garant\u00e1ltan ellen\u00e1ll a visszar\u00fag\u00e1snak, nem \u00e1ll\u00edt\u00f3dik el, \u00e9s nem megy t\u00f6nkre n\u00e9h\u00e1ny haszn\u00e1lat ut\u00e1n.Ez teszi k\u00fcl\u00f6nlegess\u00e9 a WR sz\u00e9ri\u00e1t a piacon! \u2705 Massz\u00edv kialak\u00edt\u00e1s, extra stabilit\u00e1s\u2705 Gy\u00f6ny\u00f6r\u0171, tiszta [&hellip;]<\/p>\n","protected":false},"featured_media":7864,"comment_status":"open","ping_status":"closed","template":"","meta":{"_et_pb_use_builder":"","_et_pb_old_content":"","_et_gb_content_width":"","om_disable_all_campaigns":false},"product_brand":[],"product_cat":[21,50,302],"product_tag":[],"class_list":{"0":"post-7863","1":"product","2":"type-product","3":"status-publish","4":"has-post-thumbnail","6":"product_cat-uj","7":"product_cat-celtavcso","8":"product_cat-gamo","10":"first","11":"instock","12":"taxable","13":"shipping-taxable","14":"purchasable","15":"product-type-simple"},"_links":{"self":[{"href":"https:\/\/www.vadaszboltcsorna.hu\/index.php\/wp-json\/wp\/v2\/product\/7863","targetHints":{"allow":["GET"]}}],"collection":[{"href":"https:\/\/www.vadaszboltcsorna.hu\/index.php\/wp-json\/wp\/v2\/product"}],"about":[{"href":"https:\/\/www.vadaszboltcsorna.hu\/index.php\/wp-json\/wp\/v2\/types\/product"}],"replies":[{"embeddable":true,"href":"https:\/\/www.vadaszboltcsorna.hu\/index.php\/wp-json\/wp\/v2\/comments?post=7863"}],"wp:featuredmedia":[{"embeddable":true,"href":"https:\/\/www.vadaszboltcsorna.hu\/index.php\/wp-json\/wp\/v2\/media\/7864"}],"wp:attachment":[{"href":"https:\/\/www.vadaszboltcsorna.hu\/index.php\/wp-json\/wp\/v2\/media?parent=7863"}],"wp:term":[{"taxonomy":"product_brand","embeddable":true,"href":"https:\/\/www.vadaszboltcsorna.hu\/index.php\/wp-json\/wp\/v2\/product_brand?post=7863"},{"taxonomy":"product_cat","embeddable":true,"href":"https:\/\/www.vadaszboltcsorna.hu\/index.php\/wp-json\/wp\/v2\/product_cat?post=7863"},{"taxonomy":"product_tag","embeddable":true,"href":"https:\/\/www.vadaszboltcsorna.hu\/index.php\/wp-json\/wp\/v2\/product_tag?post=7863"}],"curies":[{"name":"wp","href":"https:\/\/api.w.org\/{rel}","templated":true}]}}