{"id":7849,"date":"2025-07-02T09:46:57","date_gmt":"2025-07-02T09:46:57","guid":{"rendered":"https:\/\/www.vadaszboltcsorna.hu\/?post_type=product&#038;p=7849"},"modified":"2026-01-13T11:04:43","modified_gmt":"2026-01-13T11:04:43","slug":"nebo-neb-flt-0016-g-newton-1000-zseblampa-1000-lm","status":"publish","type":"product","link":"https:\/\/www.vadaszboltcsorna.hu\/index.php\/termek\/nebo-neb-flt-0016-g-newton-1000-zseblampa-1000-lm\/","title":{"rendered":"NEBO NEB-FLT-0016-G Newton 1000 zsebl\u00e1mpa, 1000 lm"},"content":{"rendered":"<h3 data-start=\"187\" data-end=\"241\">\ud83d\udd26 <strong data-start=\"194\" data-end=\"241\">NEBO Newton\u2122 1000 \u2013 Kompakt er\u0151 a markodban<\/strong><\/h3>\n<p data-start=\"243\" data-end=\"312\"><strong data-start=\"243\" data-end=\"312\">F\u00e9nyer\u0151, amire mindig sz\u00e1m\u00edthatsz \u2013 b\u00e1rmilyen k\u00f6r\u00fclm\u00e9nyek k\u00f6z\u00f6tt.<\/strong><\/p>\n<p data-start=\"314\" data-end=\"666\">A <strong data-start=\"316\" data-end=\"337\">NEBO Newton\u2122 1000<\/strong> egy <strong data-start=\"342\" data-end=\"379\">kompakt \u00e9s massz\u00edv k\u00e9zi zsebl\u00e1mpa<\/strong>, amely leny\u0171g\u00f6z\u0151, <strong data-start=\"398\" data-end=\"427\">1000 lumenes f\u00e9nyerej\u00e9vel<\/strong> \u00e9s <strong data-start=\"431\" data-end=\"458\">3x-os zoom funkci\u00f3j\u00e1val<\/strong> megb\u00edzhat\u00f3 t\u00e1rsad lesz ak\u00e1r t\u00far\u00e1zol, ak\u00e1r v\u00e9szhelyzetre k\u00e9sz\u00fclsz. Az <strong data-start=\"528\" data-end=\"555\">ellen\u00e1ll\u00f3 alum\u00ednium h\u00e1z<\/strong>, az <strong data-start=\"560\" data-end=\"587\">IP67 v\u00edz- \u00e9s por\u00e1ll\u00f3s\u00e1g<\/strong>, valamint a t\u00f6bbf\u00e9le f\u00e9nyer\u0151 \u00fczemm\u00f3d biztos\u00edtja, hogy soha ne maradj s\u00f6t\u00e9tben.<\/p>\n<hr data-start=\"668\" data-end=\"671\" \/>\n<h3 data-start=\"673\" data-end=\"719\">\u2705 <strong data-start=\"679\" data-end=\"719\">Mi\u00e9rt v\u00e1laszd a NEBO Newton 1000-et?<\/strong><\/h3>\n<ul data-start=\"721\" data-end=\"1348\">\n<li data-start=\"721\" data-end=\"798\">\n<p data-start=\"723\" data-end=\"798\">\ud83d\udca1 <strong data-start=\"726\" data-end=\"746\">Brut\u00e1lis f\u00e9nyer\u0151<\/strong>: 1000 lumen ereje ak\u00e1r <strong data-start=\"770\" data-end=\"785\">145 m\u00e9terre<\/strong> vil\u00e1g\u00edt el<\/p>\n<\/li>\n<li data-start=\"799\" data-end=\"883\">\n<p data-start=\"801\" data-end=\"883\">\ud83d\udd27 <strong data-start=\"804\" data-end=\"828\">Zoomolhat\u00f3 f\u00e9nysug\u00e1r<\/strong>: \u00e1ll\u00edthat\u00f3 f\u00f3kusz k\u00f6zeli vagy t\u00e1voli megvil\u00e1g\u00edt\u00e1shoz<\/p>\n<\/li>\n<li data-start=\"884\" data-end=\"981\">\n<p data-start=\"886\" data-end=\"981\">\ud83c\udf27\ufe0f <strong data-start=\"890\" data-end=\"908\">IP67 min\u0151s\u00edt\u00e9s<\/strong>: teljesen <strong data-start=\"919\" data-end=\"941\">por\u00e1ll\u00f3 \u00e9s v\u00edz\u00e1ll\u00f3<\/strong>, mer\u00e9szen haszn\u00e1lhat\u00f3 es\u0151ben, terepen<\/p>\n<\/li>\n<li data-start=\"982\" data-end=\"1059\">\n<p data-start=\"984\" data-end=\"1059\">\u2699\ufe0f <strong data-start=\"987\" data-end=\"1000\">4 \u00fczemm\u00f3d<\/strong> forg\u00f3t\u00e1rcs\u00e1val: nagy, k\u00f6zepes, kis f\u00e9nyer\u0151 + villog\u00f3 m\u00f3d<\/p>\n<\/li>\n<li data-start=\"1060\" data-end=\"1126\">\n<p data-start=\"1062\" data-end=\"1126\">\ud83d\udd0b <strong data-start=\"1065\" data-end=\"1085\">Energiatakar\u00e9kos<\/strong>: ak\u00e1r <strong data-start=\"1092\" data-end=\"1111\">20 \u00f3r\u00e1s m\u0171k\u00f6d\u00e9s<\/strong> kis f\u00e9nyer\u0151n<\/p>\n<\/li>\n<li data-start=\"1127\" data-end=\"1218\">\n<p data-start=\"1129\" data-end=\"1218\">\ud83c\udf92 <strong data-start=\"1132\" data-end=\"1153\">Kompakt \u00e9s k\u00f6nny\u0171<\/strong>: \u00f6sszetolva csak <strong data-start=\"1171\" data-end=\"1182\">17,8 cm<\/strong>, \u00edgy <strong data-start=\"1188\" data-end=\"1216\">b\u00e1rmelyik t\u00e1sk\u00e1ban elf\u00e9r<\/strong><\/p>\n<\/li>\n<li data-start=\"1219\" data-end=\"1285\">\n<p data-start=\"1221\" data-end=\"1285\">\ud83e\udea2 <strong data-start=\"1224\" data-end=\"1252\">Elt\u00e1vol\u00edthat\u00f3 csukl\u00f3p\u00e1nt<\/strong> a m\u00e9g k\u00e9nyelmesebb hordoz\u00e1s\u00e9rt<\/p>\n<\/li>\n<li data-start=\"1286\" data-end=\"1348\">\n<p data-start=\"1288\" data-end=\"1348\">\ud83d\udd0b <strong data-start=\"1291\" data-end=\"1319\">4 db AA elem a csomagban<\/strong> \u2013 azonnal haszn\u00e1latra k\u00e9sz<\/p>\n<\/li>\n<\/ul>\n<hr data-start=\"1350\" data-end=\"1353\" \/>\n<h3 data-start=\"1355\" data-end=\"1389\"><strong data-start=\"1359\" data-end=\"1389\">\u00dczemm\u00f3dok \u00e9s teljes\u00edtm\u00e9ny:<\/strong><\/h3>\n<div class=\"_tableContainer_80l1q_1\">\n<div class=\"_tableWrapper_80l1q_14 group flex w-fit flex-col-reverse\" tabindex=\"-1\">\n<table class=\"w-fit min-w-(--thread-content-width)\" data-start=\"1391\" data-end=\"1632\">\n<thead data-start=\"1391\" data-end=\"1428\">\n<tr data-start=\"1391\" data-end=\"1428\">\n<th data-start=\"1391\" data-end=\"1397\" data-col-size=\"sm\">M\u00f3d<\/th>\n<th data-start=\"1397\" data-end=\"1407\" data-col-size=\"sm\">F\u00e9nyer\u0151<\/th>\n<th data-start=\"1407\" data-end=\"1417\" data-col-size=\"sm\">\u00dczemid\u0151<\/th>\n<th data-start=\"1417\" data-end=\"1428\" data-col-size=\"sm\">Hat\u00f3t\u00e1v<\/th>\n<\/tr>\n<\/thead>\n<tbody data-start=\"1467\" data-end=\"1632\">\n<tr data-start=\"1467\" data-end=\"1509\">\n<td data-start=\"1467\" data-end=\"1482\" data-col-size=\"sm\">Nagy f\u00e9nyer\u0151<\/td>\n<td data-start=\"1482\" data-end=\"1492\" data-col-size=\"sm\">1000 lm<\/td>\n<td data-start=\"1492\" data-end=\"1500\" data-col-size=\"sm\">2 \u00f3ra<\/td>\n<td data-start=\"1500\" data-end=\"1509\" data-col-size=\"sm\">145 m<\/td>\n<\/tr>\n<tr data-start=\"1510\" data-end=\"1554\">\n<td data-start=\"1510\" data-end=\"1528\" data-col-size=\"sm\">K\u00f6zepes f\u00e9nyer\u0151<\/td>\n<td data-start=\"1528\" data-end=\"1537\" data-col-size=\"sm\">600 lm<\/td>\n<td data-start=\"1537\" data-end=\"1545\" data-col-size=\"sm\">5 \u00f3ra<\/td>\n<td data-start=\"1545\" data-end=\"1554\" data-col-size=\"sm\">102 m<\/td>\n<\/tr>\n<tr data-start=\"1555\" data-end=\"1594\">\n<td data-start=\"1555\" data-end=\"1569\" data-col-size=\"sm\">Kis f\u00e9nyer\u0151<\/td>\n<td data-start=\"1569\" data-end=\"1577\" data-col-size=\"sm\">60 lm<\/td>\n<td data-start=\"1577\" data-end=\"1586\" data-col-size=\"sm\">20 \u00f3ra<\/td>\n<td data-start=\"1586\" data-end=\"1594\" data-col-size=\"sm\">42 m<\/td>\n<\/tr>\n<tr data-start=\"1595\" data-end=\"1632\">\n<td data-start=\"1595\" data-end=\"1605\" data-col-size=\"sm\">Villog\u00f3<\/td>\n<td data-start=\"1605\" data-end=\"1615\" data-col-size=\"sm\">1000 lm<\/td>\n<td data-start=\"1615\" data-end=\"1623\" data-col-size=\"sm\">2 \u00f3ra<\/td>\n<td data-start=\"1623\" data-end=\"1632\" data-col-size=\"sm\">145 m<\/td>\n<\/tr>\n<\/tbody>\n<\/table>\n<div class=\"sticky end-(--thread-content-margin) h-0 self-end select-none\">\n<div class=\"absolute end-0 flex items-end\"><\/div>\n<\/div>\n<\/div>\n<\/div>\n<hr data-start=\"1634\" data-end=\"1637\" \/>\n<h3 data-start=\"1639\" data-end=\"1662\"><strong data-start=\"1643\" data-end=\"1662\">M\u0171szaki adatok:<\/strong><\/h3>\n<ul data-start=\"1663\" data-end=\"1849\">\n<li data-start=\"1663\" data-end=\"1717\">\n<p data-start=\"1665\" data-end=\"1717\"><strong data-start=\"1665\" data-end=\"1674\">Anyag<\/strong>: elox\u00e1lt, rep\u00fcl\u0151ipari min\u0151s\u00e9g\u0171 alum\u00ednium<\/p>\n<\/li>\n<li data-start=\"1718\" data-end=\"1755\">\n<p data-start=\"1720\" data-end=\"1755\"><strong data-start=\"1720\" data-end=\"1734\">T\u00e1pell\u00e1t\u00e1s<\/strong>: 4 x AA (tartoz\u00e9k)<\/p>\n<\/li>\n<li data-start=\"1756\" data-end=\"1780\">\n<p data-start=\"1758\" data-end=\"1780\"><strong data-start=\"1758\" data-end=\"1772\">V\u00edz\u00e1ll\u00f3s\u00e1g<\/strong>: IP67<\/p>\n<\/li>\n<li data-start=\"1781\" data-end=\"1816\">\n<p data-start=\"1783\" data-end=\"1816\"><strong data-start=\"1783\" data-end=\"1792\">M\u00e9ret<\/strong>: 17,8 \u00d7 \u00d84,8 \u00d7 3,8 cm<\/p>\n<\/li>\n<li data-start=\"1817\" data-end=\"1849\">\n<p data-start=\"1819\" data-end=\"1849\"><strong data-start=\"1819\" data-end=\"1831\">Cikksz\u00e1m<\/strong>: NEB-FLT-0016-G<\/p>\n<\/li>\n<\/ul>\n<hr data-start=\"1851\" data-end=\"1854\" \/>\n<h3 data-start=\"1856\" data-end=\"1957\">\ud83c\udfaf <strong data-start=\"1863\" data-end=\"1957\">Aj\u00e1nljuk mindenkinek, aki nem szeret kompromisszumot k\u00f6tni a f\u00e9nyer\u0151 vagy tart\u00f3ss\u00e1g ter\u00e9n!<\/strong><\/h3>\n<p data-start=\"1959\" data-end=\"2191\">\u2705 T\u00f6k\u00e9letes v\u00e1laszt\u00e1s <strong data-start=\"1981\" data-end=\"2035\">szerel\u0151knek, t\u00far\u00e1z\u00f3knak, biztons\u00e1gi szakembereknek<\/strong>, vagy ak\u00e1r otthoni v\u00e9szvil\u00e1g\u00edt\u00e1snak.<br data-start=\"2072\" data-end=\"2075\" \/>\ud83d\udea8 A <strong data-start=\"2080\" data-end=\"2099\">villog\u00f3 \u00fczemm\u00f3d<\/strong> v\u00e9szjelz\u00e9sre is kiv\u00e1l\u00f3 megold\u00e1s \u2013 legyen sz\u00f3 elakadt j\u00e1rm\u0171r\u0151l vagy \u00e9jjeli bajba jut\u00e1sr\u00f3l.<\/p>\n<hr data-start=\"2193\" data-end=\"2196\" \/>\n<p data-start=\"2198\" data-end=\"2326\">\ud83d\udc49 <strong data-start=\"2201\" data-end=\"2326\">Ne hagyja, hogy a s\u00f6t\u00e9ts\u00e9g ir\u00e1ny\u00edtson! Tegye kos\u00e1rba most a NEBO Newton\u2122 1000 zsebl\u00e1mp\u00e1t, \u00e9s legyen mindig k\u00e9zn\u00e9l a f\u00e9ny!<\/strong><\/p>\n","protected":false},"excerpt":{"rendered":"<p>\ud83d\udd26 NEBO Newton\u2122 1000 \u2013 Kompakt er\u0151 a markodban F\u00e9nyer\u0151, amire mindig sz\u00e1m\u00edthatsz \u2013 b\u00e1rmilyen k\u00f6r\u00fclm\u00e9nyek k\u00f6z\u00f6tt. A NEBO Newton\u2122 1000 egy kompakt \u00e9s massz\u00edv k\u00e9zi zsebl\u00e1mpa, amely leny\u0171g\u00f6z\u0151, 1000 lumenes f\u00e9nyerej\u00e9vel \u00e9s 3x-os zoom funkci\u00f3j\u00e1val megb\u00edzhat\u00f3 t\u00e1rsad lesz ak\u00e1r t\u00far\u00e1zol, ak\u00e1r v\u00e9szhelyzetre k\u00e9sz\u00fclsz. Az ellen\u00e1ll\u00f3 alum\u00ednium h\u00e1z, az IP67 v\u00edz- \u00e9s por\u00e1ll\u00f3s\u00e1g, valamint a [&hellip;]<\/p>\n","protected":false},"featured_media":7855,"comment_status":"open","ping_status":"closed","template":"","meta":{"_et_pb_use_builder":"","_et_pb_old_content":"","_et_gb_content_width":"","om_disable_all_campaigns":false},"product_brand":[],"product_cat":[21,473,1039,472],"product_tag":[1862,1861],"class_list":{"0":"post-7849","1":"product","2":"type-product","3":"status-publish","4":"has-post-thumbnail","6":"product_cat-uj","7":"product_cat-keresolampa","8":"product_cat-kezi-lampa","9":"product_cat-lampa","10":"product_tag-1000-lm","11":"product_tag-nebo-neb-flt-0016-g-newton-1000-zseblampa","13":"first","14":"instock","15":"taxable","16":"shipping-taxable","17":"purchasable","18":"product-type-simple"},"_links":{"self":[{"href":"https:\/\/www.vadaszboltcsorna.hu\/index.php\/wp-json\/wp\/v2\/product\/7849","targetHints":{"allow":["GET"]}}],"collection":[{"href":"https:\/\/www.vadaszboltcsorna.hu\/index.php\/wp-json\/wp\/v2\/product"}],"about":[{"href":"https:\/\/www.vadaszboltcsorna.hu\/index.php\/wp-json\/wp\/v2\/types\/product"}],"replies":[{"embeddable":true,"href":"https:\/\/www.vadaszboltcsorna.hu\/index.php\/wp-json\/wp\/v2\/comments?post=7849"}],"wp:featuredmedia":[{"embeddable":true,"href":"https:\/\/www.vadaszboltcsorna.hu\/index.php\/wp-json\/wp\/v2\/media\/7855"}],"wp:attachment":[{"href":"https:\/\/www.vadaszboltcsorna.hu\/index.php\/wp-json\/wp\/v2\/media?parent=7849"}],"wp:term":[{"taxonomy":"product_brand","embeddable":true,"href":"https:\/\/www.vadaszboltcsorna.hu\/index.php\/wp-json\/wp\/v2\/product_brand?post=7849"},{"taxonomy":"product_cat","embeddable":true,"href":"https:\/\/www.vadaszboltcsorna.hu\/index.php\/wp-json\/wp\/v2\/product_cat?post=7849"},{"taxonomy":"product_tag","embeddable":true,"href":"https:\/\/www.vadaszboltcsorna.hu\/index.php\/wp-json\/wp\/v2\/product_tag?post=7849"}],"curies":[{"name":"wp","href":"https:\/\/api.w.org\/{rel}","templated":true}]}}