{"id":7840,"date":"2025-06-30T10:04:46","date_gmt":"2025-06-30T10:04:46","guid":{"rendered":"https:\/\/www.vadaszboltcsorna.hu\/?post_type=product&#038;p=7840"},"modified":"2025-07-01T23:55:48","modified_gmt":"2025-07-01T23:55:48","slug":"baikal-izs-58-12-70-soretes-fegyver","status":"publish","type":"product","link":"https:\/\/www.vadaszboltcsorna.hu\/index.php\/termek\/baikal-izs-58-12-70-soretes-fegyver\/","title":{"rendered":"Baikal-Izs-58 12\/70 s\u00f6r\u00e9tes fegyver"},"content":{"rendered":"<h3 style=\"text-align: center;\"><strong>Baikal-Izs-58 12\/70 s\u00f6r\u00e9tes fegyver<\/strong><\/h3>\n<p>&nbsp;<\/p>\n<p>Haszn\u00e1lt s\u00f6r\u00e9tes fegyver<\/p>\n<p>M\u0171szaki : 2029<\/p>\n<p>Kaliber: 12\/70<\/p>\n<p>\u26a0\u00a0<strong data-start=\"1302\" data-end=\"1324\">Fontos tudnival\u00f3k:<\/strong><br data-start=\"1324\" data-end=\"1327\" \/>\u2714\u00a0<strong data-start=\"1329\" data-end=\"1422\">Fegyver \u00e9s l\u0151szer v\u00e1s\u00e1rl\u00e1sa kiz\u00e1r\u00f3lag szem\u00e9lyesen, fegyvertart\u00e1si enged\u00e9llyel lehets\u00e9ges!<\/strong><br data-start=\"1422\" data-end=\"1425\" \/>\u2714\u00a0<strong data-start=\"1427\" data-end=\"1503\" data-is-only-node=\"\">A webshopban megrendelt fegyvereket \u00e9s l\u0151szereket nem sz\u00e1ll\u00edtjuk h\u00e1zhoz!<\/strong><br data-start=\"1503\" data-end=\"1506\" \/>\u2714\u00a0<strong data-start=\"1508\" data-end=\"1556\">Az \u00e1rak t\u00e1j\u00e9koztat\u00f3 jelleg\u0171ek, v\u00e1ltozhatnak!<\/strong><\/p>\n","protected":false},"excerpt":{"rendered":"<p>Baikal-Izs-58 12\/70 s\u00f6r\u00e9tes fegyver &nbsp; Haszn\u00e1lt s\u00f6r\u00e9tes fegyver M\u0171szaki : 2029 Kaliber: 12\/70 \u26a0\u00a0Fontos tudnival\u00f3k:\u2714\u00a0Fegyver \u00e9s l\u0151szer v\u00e1s\u00e1rl\u00e1sa kiz\u00e1r\u00f3lag szem\u00e9lyesen, fegyvertart\u00e1si enged\u00e9llyel lehets\u00e9ges!\u2714\u00a0A webshopban megrendelt fegyvereket \u00e9s l\u0151szereket nem sz\u00e1ll\u00edtjuk h\u00e1zhoz!\u2714\u00a0Az \u00e1rak t\u00e1j\u00e9koztat\u00f3 jelleg\u0171ek, v\u00e1ltozhatnak!<\/p>\n","protected":false},"featured_media":7844,"comment_status":"open","ping_status":"closed","template":"","meta":{"_et_pb_use_builder":"","_et_pb_old_content":"","_et_gb_content_width":"","om_disable_all_campaigns":false},"product_brand":[],"product_cat":[22,16,1827,18],"product_tag":[1860],"class_list":{"0":"post-7840","1":"product","2":"type-product","3":"status-publish","4":"has-post-thumbnail","6":"product_cat-hasznalt","7":"product_cat-fegyver","8":"product_cat-hasznalt-golyos-fegyver","9":"product_cat-soretes-fegyver","10":"product_tag-baikal-izs-58-12-70-soretes-fegyver","12":"first","13":"instock","14":"sale","15":"taxable","16":"shipping-taxable","17":"purchasable","18":"product-type-simple"},"_links":{"self":[{"href":"https:\/\/www.vadaszboltcsorna.hu\/index.php\/wp-json\/wp\/v2\/product\/7840","targetHints":{"allow":["GET"]}}],"collection":[{"href":"https:\/\/www.vadaszboltcsorna.hu\/index.php\/wp-json\/wp\/v2\/product"}],"about":[{"href":"https:\/\/www.vadaszboltcsorna.hu\/index.php\/wp-json\/wp\/v2\/types\/product"}],"replies":[{"embeddable":true,"href":"https:\/\/www.vadaszboltcsorna.hu\/index.php\/wp-json\/wp\/v2\/comments?post=7840"}],"wp:featuredmedia":[{"embeddable":true,"href":"https:\/\/www.vadaszboltcsorna.hu\/index.php\/wp-json\/wp\/v2\/media\/7844"}],"wp:attachment":[{"href":"https:\/\/www.vadaszboltcsorna.hu\/index.php\/wp-json\/wp\/v2\/media?parent=7840"}],"wp:term":[{"taxonomy":"product_brand","embeddable":true,"href":"https:\/\/www.vadaszboltcsorna.hu\/index.php\/wp-json\/wp\/v2\/product_brand?post=7840"},{"taxonomy":"product_cat","embeddable":true,"href":"https:\/\/www.vadaszboltcsorna.hu\/index.php\/wp-json\/wp\/v2\/product_cat?post=7840"},{"taxonomy":"product_tag","embeddable":true,"href":"https:\/\/www.vadaszboltcsorna.hu\/index.php\/wp-json\/wp\/v2\/product_tag?post=7840"}],"curies":[{"name":"wp","href":"https:\/\/api.w.org\/{rel}","templated":true}]}}