{"id":7830,"date":"2025-06-30T09:19:54","date_gmt":"2025-06-30T09:19:54","guid":{"rendered":"https:\/\/www.vadaszboltcsorna.hu\/?post_type=product&#038;p=7830"},"modified":"2025-07-01T23:58:56","modified_gmt":"2025-07-01T23:58:56","slug":"merkel-shul-soretes-fegyver-12-70","status":"publish","type":"product","link":"https:\/\/www.vadaszboltcsorna.hu\/index.php\/termek\/merkel-shul-soretes-fegyver-12-70\/","title":{"rendered":"Merkel Shul s\u00f6r\u00e9tes fegyver 12\/70"},"content":{"rendered":"<h3 style=\"text-align: center;\"><strong>Merkel Shul s\u00f6r\u00e9tes fegyver 12\/70<\/strong><\/h3>\n<p>&nbsp;<\/p>\n<h6>Haszn\u00e1lt de\u00a0 sz\u00e9p \u00e1llapotban l\u00e9v\u0151 s\u00f6r\u00e9tes vad\u00e1szfegyver, gy\u00f6ny\u00f6r\u0171 m\u00e9lyv\u00e9sett d\u00edsz\u00edt\u00e9ssel.<\/h6>\n<h6>Kalibere: 12\/70<\/h6>\n<h6>M\u0171szaki vizsg\u00e1ja: 2035-ig.<\/h6>\n<h6>\u26a0\u00a0<strong data-start=\"1302\" data-end=\"1324\">Fontos tudnival\u00f3k:<\/strong><br data-start=\"1324\" data-end=\"1327\" \/>\u2714\u00a0<strong data-start=\"1329\" data-end=\"1422\">Fegyver \u00e9s l\u0151szer v\u00e1s\u00e1rl\u00e1sa kiz\u00e1r\u00f3lag szem\u00e9lyesen, fegyvertart\u00e1si enged\u00e9llyel lehets\u00e9ges!<\/strong><br data-start=\"1422\" data-end=\"1425\" \/>\u2714\u00a0<strong data-start=\"1427\" data-end=\"1503\" data-is-only-node=\"\">A webshopban megrendelt fegyvereket \u00e9s l\u0151szereket nem sz\u00e1ll\u00edtjuk h\u00e1zhoz!<\/strong><br data-start=\"1503\" data-end=\"1506\" \/>\u2714\u00a0<strong data-start=\"1508\" data-end=\"1556\">Az \u00e1rak t\u00e1j\u00e9koztat\u00f3 jelleg\u0171ek, v\u00e1ltozhatnak!<\/strong><\/h6>\n<p>&nbsp;<\/p>\n","protected":false},"excerpt":{"rendered":"<p>Merkel Shul s\u00f6r\u00e9tes fegyver 12\/70 &nbsp; Haszn\u00e1lt de\u00a0 sz\u00e9p \u00e1llapotban l\u00e9v\u0151 s\u00f6r\u00e9tes vad\u00e1szfegyver, gy\u00f6ny\u00f6r\u0171 m\u00e9lyv\u00e9sett d\u00edsz\u00edt\u00e9ssel. Kalibere: 12\/70 M\u0171szaki vizsg\u00e1ja: 2035-ig. \u26a0\u00a0Fontos tudnival\u00f3k:\u2714\u00a0Fegyver \u00e9s l\u0151szer v\u00e1s\u00e1rl\u00e1sa kiz\u00e1r\u00f3lag szem\u00e9lyesen, fegyvertart\u00e1si enged\u00e9llyel lehets\u00e9ges!\u2714\u00a0A webshopban megrendelt fegyvereket \u00e9s l\u0151szereket nem sz\u00e1ll\u00edtjuk h\u00e1zhoz!\u2714\u00a0Az \u00e1rak t\u00e1j\u00e9koztat\u00f3 jelleg\u0171ek, v\u00e1ltozhatnak! &nbsp;<\/p>\n","protected":false},"featured_media":7834,"comment_status":"open","ping_status":"closed","template":"","meta":{"_et_pb_use_builder":"","_et_pb_old_content":"","_et_gb_content_width":"","om_disable_all_campaigns":false},"product_brand":[],"product_cat":[22,16,1827,18],"product_tag":[1858],"class_list":{"0":"post-7830","1":"product","2":"type-product","3":"status-publish","4":"has-post-thumbnail","6":"product_cat-hasznalt","7":"product_cat-fegyver","8":"product_cat-hasznalt-golyos-fegyver","9":"product_cat-soretes-fegyver","10":"product_tag-merkel-shul-soretes-fegyver-12-70","12":"first","13":"instock","14":"sale","15":"taxable","16":"shipping-taxable","17":"purchasable","18":"product-type-simple"},"_links":{"self":[{"href":"https:\/\/www.vadaszboltcsorna.hu\/index.php\/wp-json\/wp\/v2\/product\/7830","targetHints":{"allow":["GET"]}}],"collection":[{"href":"https:\/\/www.vadaszboltcsorna.hu\/index.php\/wp-json\/wp\/v2\/product"}],"about":[{"href":"https:\/\/www.vadaszboltcsorna.hu\/index.php\/wp-json\/wp\/v2\/types\/product"}],"replies":[{"embeddable":true,"href":"https:\/\/www.vadaszboltcsorna.hu\/index.php\/wp-json\/wp\/v2\/comments?post=7830"}],"wp:featuredmedia":[{"embeddable":true,"href":"https:\/\/www.vadaszboltcsorna.hu\/index.php\/wp-json\/wp\/v2\/media\/7834"}],"wp:attachment":[{"href":"https:\/\/www.vadaszboltcsorna.hu\/index.php\/wp-json\/wp\/v2\/media?parent=7830"}],"wp:term":[{"taxonomy":"product_brand","embeddable":true,"href":"https:\/\/www.vadaszboltcsorna.hu\/index.php\/wp-json\/wp\/v2\/product_brand?post=7830"},{"taxonomy":"product_cat","embeddable":true,"href":"https:\/\/www.vadaszboltcsorna.hu\/index.php\/wp-json\/wp\/v2\/product_cat?post=7830"},{"taxonomy":"product_tag","embeddable":true,"href":"https:\/\/www.vadaszboltcsorna.hu\/index.php\/wp-json\/wp\/v2\/product_tag?post=7830"}],"curies":[{"name":"wp","href":"https:\/\/api.w.org\/{rel}","templated":true}]}}