{"id":7819,"date":"2025-06-30T08:36:20","date_gmt":"2025-06-30T08:36:20","guid":{"rendered":"https:\/\/www.vadaszboltcsorna.hu\/?post_type=product&#038;p=7819"},"modified":"2025-06-30T08:36:20","modified_gmt":"2025-06-30T08:36:20","slug":"lampart-k-16-65-soretes-fegyver","status":"publish","type":"product","link":"https:\/\/www.vadaszboltcsorna.hu\/index.php\/termek\/lampart-k-16-65-soretes-fegyver\/","title":{"rendered":"Lampart K 16\/65 s\u00f6r\u00e9tes fegyver"},"content":{"rendered":"<h3 style=\"text-align: center;\"><strong>Lampart K 16\/65 s\u00f6r\u00e9tes fegyver<\/strong><\/h3>\n<p>&nbsp;<\/p>\n<h6>Haszn\u00e1lt s\u00f6r\u00e9tes fegyver<\/h6>\n<h6>Lap\u00e1t cs\u00f6v\u0171<\/h6>\n<h6>Kaliber: 16\/65<\/h6>\n<h6>M\u0171szaki vizsga : 2033-ig<\/h6>\n<h6>\u26a0\u00a0<strong data-start=\"1302\" data-end=\"1324\">Fontos tudnival\u00f3k:<\/strong><br data-start=\"1324\" data-end=\"1327\" \/>\u2714\u00a0<strong data-start=\"1329\" data-end=\"1422\">Fegyver \u00e9s l\u0151szer v\u00e1s\u00e1rl\u00e1sa kiz\u00e1r\u00f3lag szem\u00e9lyesen, fegyvertart\u00e1si enged\u00e9llyel lehets\u00e9ges!<\/strong><br data-start=\"1422\" data-end=\"1425\" \/>\u2714\u00a0<strong data-start=\"1427\" data-end=\"1503\" data-is-only-node=\"\">A webshopban megrendelt fegyvereket \u00e9s l\u0151szereket nem sz\u00e1ll\u00edtjuk h\u00e1zhoz!<\/strong><br data-start=\"1503\" data-end=\"1506\" \/>\u2714\u00a0<strong data-start=\"1508\" data-end=\"1556\">Az \u00e1rak t\u00e1j\u00e9koztat\u00f3 jelleg\u0171ek, v\u00e1ltozhatnak!<\/strong><\/h6>\n","protected":false},"excerpt":{"rendered":"<p>Lampart K 16\/65 s\u00f6r\u00e9tes fegyver &nbsp; Haszn\u00e1lt s\u00f6r\u00e9tes fegyver Lap\u00e1t cs\u00f6v\u0171 Kaliber: 16\/65 M\u0171szaki vizsga : 2033-ig \u26a0\u00a0Fontos tudnival\u00f3k:\u2714\u00a0Fegyver \u00e9s l\u0151szer v\u00e1s\u00e1rl\u00e1sa kiz\u00e1r\u00f3lag szem\u00e9lyesen, fegyvertart\u00e1si enged\u00e9llyel lehets\u00e9ges!\u2714\u00a0A webshopban megrendelt fegyvereket \u00e9s l\u0151szereket nem sz\u00e1ll\u00edtjuk h\u00e1zhoz!\u2714\u00a0Az \u00e1rak t\u00e1j\u00e9koztat\u00f3 jelleg\u0171ek, v\u00e1ltozhatnak!<\/p>\n","protected":false},"featured_media":7821,"comment_status":"open","ping_status":"closed","template":"","meta":{"_et_pb_use_builder":"","_et_pb_old_content":"","_et_gb_content_width":"","om_disable_all_campaigns":false},"product_brand":[],"product_cat":[22,1827],"product_tag":[1856],"class_list":{"0":"post-7819","1":"product","2":"type-product","3":"status-publish","4":"has-post-thumbnail","6":"product_cat-hasznalt","7":"product_cat-hasznalt-golyos-fegyver","8":"product_tag-lampart-k-16-65-soretes-fegyver","10":"first","11":"instock","12":"taxable","13":"shipping-taxable","14":"purchasable","15":"product-type-simple"},"_links":{"self":[{"href":"https:\/\/www.vadaszboltcsorna.hu\/index.php\/wp-json\/wp\/v2\/product\/7819","targetHints":{"allow":["GET"]}}],"collection":[{"href":"https:\/\/www.vadaszboltcsorna.hu\/index.php\/wp-json\/wp\/v2\/product"}],"about":[{"href":"https:\/\/www.vadaszboltcsorna.hu\/index.php\/wp-json\/wp\/v2\/types\/product"}],"replies":[{"embeddable":true,"href":"https:\/\/www.vadaszboltcsorna.hu\/index.php\/wp-json\/wp\/v2\/comments?post=7819"}],"wp:featuredmedia":[{"embeddable":true,"href":"https:\/\/www.vadaszboltcsorna.hu\/index.php\/wp-json\/wp\/v2\/media\/7821"}],"wp:attachment":[{"href":"https:\/\/www.vadaszboltcsorna.hu\/index.php\/wp-json\/wp\/v2\/media?parent=7819"}],"wp:term":[{"taxonomy":"product_brand","embeddable":true,"href":"https:\/\/www.vadaszboltcsorna.hu\/index.php\/wp-json\/wp\/v2\/product_brand?post=7819"},{"taxonomy":"product_cat","embeddable":true,"href":"https:\/\/www.vadaszboltcsorna.hu\/index.php\/wp-json\/wp\/v2\/product_cat?post=7819"},{"taxonomy":"product_tag","embeddable":true,"href":"https:\/\/www.vadaszboltcsorna.hu\/index.php\/wp-json\/wp\/v2\/product_tag?post=7819"}],"curies":[{"name":"wp","href":"https:\/\/api.w.org\/{rel}","templated":true}]}}