{"id":778,"date":"2021-05-05T08:31:14","date_gmt":"2021-05-05T08:31:14","guid":{"rendered":"http:\/\/www.vadaszboltcsorna.hu\/?post_type=product&#038;p=778"},"modified":"2025-06-23T07:24:22","modified_gmt":"2025-06-23T07:24:22","slug":"sako-superhammerhead","status":"publish","type":"product","link":"https:\/\/www.vadaszboltcsorna.hu\/index.php\/termek\/sako-superhammerhead\/","title":{"rendered":"Sako Super Hammerhead goloy\u00f3s l\u0151szer (\u00e1lt.inform\u00e1ci\u00f3k)"},"content":{"rendered":"<h2 style=\"text-align: center;\"><strong>Sako Super Hammerhead goly\u00f3s l\u0151szer<\/strong><\/h2>\n<p>&nbsp;<\/p>\n<h4 style=\"text-align: center;\">A neh\u00e9z k\u00f6penyes, er\u0151s \u00e9s nem sz\u00e9tes\u0151 l\u00f6ved\u00e9k ellen\u0151rz\u00f6tt expanzi\u00f3t biztos\u00edt. A k\u00f6t\u00f6tt mag\u00a0 magas l\u00f6ved\u00e9kt\u00f6meg megtart\u00e1st biztos\u00edt, ami hat\u00e9kony behatol\u00e1st eredm\u00e9nyez. Cs\u00f3nakfark\u00fa a magas ballisztikai egy\u00fctthat\u00f3hoz, amely laposabb r\u00f6pp\u00e1ly\u00e1t ad.<\/h4>\n<h4 style=\"text-align: center;\">El\u0151sz\u00f6r a Sako ballisztikai laborat\u00f3rium\u00e1ban fejlesztett\u00e9k ki \u00e9s tesztelt\u00e9k, amelyet sz\u00e9lesk\u00f6r\u0171 val\u00f3di nagyvad vad\u00e1szati tesztek k\u00f6vettek. A l\u00f6ved\u00e9k nagyvadak vad\u00e1szat\u00e1hoz lett kifejlesztve kis- \u00e9s k\u00f6zepes t\u00e1vols\u00e1gra.<\/h4>\n<p>&nbsp;<\/p>\n<p><iframe loading=\"lazy\" title=\"Sako Super Hammerhead\" width=\"1080\" height=\"608\" src=\"https:\/\/www.youtube.com\/embed\/H7vm5FxyJcg?feature=oembed\"  allow=\"accelerometer; autoplay; clipboard-write; encrypted-media; gyroscope; picture-in-picture; web-share\" referrerpolicy=\"strict-origin-when-cross-origin\" allowfullscreen><\/iframe><\/p>\n<h4>Kaliberek:<\/h4>\n<h4>308 Win.<\/h4>\n<h4>7,62 x 53R<\/h4>\n<h4>30-06 Spring<\/h4>\n<h4>300 WSM<\/h4>\n<h4>300 Win.Mag.<\/h4>\n<p>&nbsp;<\/p>\n<p>&nbsp;<\/p>\n<h4 style=\"text-align: center;\"><em>A le\u00edr\u00e1sban szerepl\u0151 adatok t\u00e1j\u00e9koztat\u00f3 jelleg\u0171ek, t\u00edpusonk\u00e9nt v\u00e1ltozhat!<\/em><br \/>\n<em>Kaliberekr\u0151l\u00a0 aktu\u00e1lis \u00e1rakr\u00f3l \u00e9s egy\u00e9b inform\u00e1ci\u00f3kr\u00f3l k\u00e9rj\u00fck \u00e9rdekl\u0151dj\u00f6n!<\/em><\/h4>\n<h4 style=\"text-align: center;\"><em><strong>A fegyvert\u00f6rv\u00e9ny \u00e9rtelm\u00e9ben, fegyvert, l\u0151szert kiz\u00e1r\u00f3lag szem\u00e9lyesen,az \u00fczletben fegyvertart\u00e1si enged\u00e9ly birtok\u00e1ban lehet v\u00e1s\u00e1rolni!<\/strong><\/em><br \/>\n<em><strong>A webshopban megrendelt fegyverek \u00e9s l\u0151szerek NEM ker\u00fclnek kisz\u00e1ll\u00edt\u00e1sra!\u00a0 Tov\u00e1bbi inform\u00e1ci\u00f3\u00e9rt l\u00e1togasson el boltunkba!<\/strong><\/em><\/h4>\n<h4 style=\"text-align: center;\"><em>Az \u00e1rak t\u00e1j\u00e9koztat\u00f3 jelleg\u0171ek nem min\u0151s\u00fcl hivatalos aj\u00e1nlat t\u00e9telnek!<\/em><br \/>\n<em>Az \u00e1rv\u00e1ltoz\u00e1s jog\u00e1t fenntartjuk!<\/em><\/h4>\n<h4 style=\"text-align: center;\"><\/h4>\n<h4><\/h4>\n","protected":false},"excerpt":{"rendered":"<h2>Sako super hammerhead<\/h2>\n<p>https:\/\/www.youtube.com\/watch?v=lloL1e2IVRY<\/p>\n","protected":false},"featured_media":7205,"comment_status":"open","ping_status":"closed","template":"","meta":{"_et_pb_use_builder":"","_et_pb_old_content":"","_et_gb_content_width":"","om_disable_all_campaigns":false},"product_brand":[],"product_cat":[21,224,202,266,237,265,199,200,201,24,260],"product_tag":[205,267,70,221],"class_list":{"0":"post-778","1":"product","2":"type-product","3":"status-publish","4":"has-post-thumbnail","6":"product_cat-uj","7":"product_cat-224","8":"product_cat-30-06","9":"product_cat-300-win-mag","10":"product_cat-300-wsm","11":"product_cat-62-x-53r","12":"product_cat-golyos-loszerek","13":"product_cat-kaliber","14":"product_cat-marka-golyos-loszerek","15":"product_cat-marka","16":"product_cat-sako","17":"product_tag-golyos-loszer","18":"product_tag-sako-super-hammerhead","19":"product_tag-vadaszat","20":"product_tag-vadaszloszer","22":"first","23":"instock","24":"taxable","25":"shipping-taxable","26":"product-type-simple"},"_links":{"self":[{"href":"https:\/\/www.vadaszboltcsorna.hu\/index.php\/wp-json\/wp\/v2\/product\/778","targetHints":{"allow":["GET"]}}],"collection":[{"href":"https:\/\/www.vadaszboltcsorna.hu\/index.php\/wp-json\/wp\/v2\/product"}],"about":[{"href":"https:\/\/www.vadaszboltcsorna.hu\/index.php\/wp-json\/wp\/v2\/types\/product"}],"replies":[{"embeddable":true,"href":"https:\/\/www.vadaszboltcsorna.hu\/index.php\/wp-json\/wp\/v2\/comments?post=778"}],"wp:featuredmedia":[{"embeddable":true,"href":"https:\/\/www.vadaszboltcsorna.hu\/index.php\/wp-json\/wp\/v2\/media\/7205"}],"wp:attachment":[{"href":"https:\/\/www.vadaszboltcsorna.hu\/index.php\/wp-json\/wp\/v2\/media?parent=778"}],"wp:term":[{"taxonomy":"product_brand","embeddable":true,"href":"https:\/\/www.vadaszboltcsorna.hu\/index.php\/wp-json\/wp\/v2\/product_brand?post=778"},{"taxonomy":"product_cat","embeddable":true,"href":"https:\/\/www.vadaszboltcsorna.hu\/index.php\/wp-json\/wp\/v2\/product_cat?post=778"},{"taxonomy":"product_tag","embeddable":true,"href":"https:\/\/www.vadaszboltcsorna.hu\/index.php\/wp-json\/wp\/v2\/product_tag?post=778"}],"curies":[{"name":"wp","href":"https:\/\/api.w.org\/{rel}","templated":true}]}}