{"id":7779,"date":"2025-06-24T10:23:21","date_gmt":"2025-06-24T10:23:21","guid":{"rendered":"https:\/\/www.vadaszboltcsorna.hu\/?post_type=product&#038;p=7779"},"modified":"2025-06-29T06:07:58","modified_gmt":"2025-06-29T06:07:58","slug":"farmsystem-rider-an2000-2-j-villanypasztor-keszulek","status":"publish","type":"product","link":"https:\/\/www.vadaszboltcsorna.hu\/index.php\/termek\/farmsystem-rider-an2000-2-j-villanypasztor-keszulek\/","title":{"rendered":"FARMSYSTEM RIDER AN2000, 2 J, villanyp\u00e1sztor k\u00e9sz\u00fcl\u00e9k"},"content":{"rendered":"<h3 class=\"page-head-title product-page-head-title\" style=\"text-align: center;\"><strong><span class=\"product-page-product-name\">FARMSYSTEM RIDER AN2000, 2 J, villanyp\u00e1sztor k\u00e9sz\u00fcl\u00e9k<\/span><\/strong><\/h3>\n<p>&nbsp;<\/p>\n<div id=\"productdescriptionnoparameters-wrapper\" class=\"module-productdescriptionnoparameters-wrapper\">\n<div id=\"productdescriptionnoparameters\" class=\"module home-position product-position productdescriptionnoparameters\">\n<div class=\"module-body\">\n<p>Villanyp\u00e1sztor kisgazdas\u00e1gi \u00e9s nagykerti haszn\u00e1latra Ez a k\u00e9sz\u00fcl\u00e9k kifejezetten kisgazdas\u00e1gok \u00e9s nagyobb kertek ig\u00e9nyeire k\u00e9sz\u00fclt. Kiv\u00e1l\u00f3an alkalmas nagytest\u0171, hossz\u00fa sz\u0151r\u0171 kuty\u00e1k biztons\u00e1gos keretek k\u00f6z\u00f6tt tart\u00e1s\u00e1ra. Hat\u00e9konyan t\u00e1vol tartja az idegen kuty\u00e1kat, valamint a kisebb ragadoz\u00f3kat \u2013 p\u00e9ld\u00e1ul g\u00f6r\u00e9nyt vagy nyestet. Baromfiudvarok, mad\u00e1rh\u00e1zak v\u00e9delm\u00e9re szint\u00e9n megb\u00edzhat\u00f3 megold\u00e1st ny\u00fajt.<\/p>\n<p>2 J, villanyp\u00e1sztor k\u00e9sz\u00fcl\u00e9k<\/p>\n<p>&nbsp;<\/p>\n<\/div>\n<\/div>\n<\/div>\n<div id=\"productparams-wrapper\" class=\"module-productparams-wrapper\">\n<div id=\"productparams\" class=\"module home-position product-position productparams\">\n<div class=\"module-head\">\n<h3 class=\"module-head-title\">Param\u00e9terek<\/h3>\n<\/div>\n<div class=\"module-body\">\n<table class=\"parameter-table table m-0\">\n<tbody>\n<tr>\n<td>Max 2 Joule<\/td>\n<td><\/td>\n<\/tr>\n<tr>\n<td>Duo k\u00e9sz\u00fcl\u00e9k<\/td>\n<td><\/td>\n<\/tr>\n<\/tbody>\n<\/table>\n<\/div>\n<h6><strong>Az \u00c1rv\u00e1ltoz\u00e1s jog\u00e1t fenntartjuk!<\/strong><\/h6>\n<\/div>\n<\/div>\n","protected":false},"excerpt":{"rendered":"<p>FARMSYSTEM RIDER AN2000, 2 J, villanyp\u00e1sztor k\u00e9sz\u00fcl\u00e9k &nbsp; Villanyp\u00e1sztor kisgazdas\u00e1gi \u00e9s nagykerti haszn\u00e1latra Ez a k\u00e9sz\u00fcl\u00e9k kifejezetten kisgazdas\u00e1gok \u00e9s nagyobb kertek ig\u00e9nyeire k\u00e9sz\u00fclt. Kiv\u00e1l\u00f3an alkalmas nagytest\u0171, hossz\u00fa sz\u0151r\u0171 kuty\u00e1k biztons\u00e1gos keretek k\u00f6z\u00f6tt tart\u00e1s\u00e1ra. Hat\u00e9konyan t\u00e1vol tartja az idegen kuty\u00e1kat, valamint a kisebb ragadoz\u00f3kat \u2013 p\u00e9ld\u00e1ul g\u00f6r\u00e9nyt vagy nyestet. Baromfiudvarok, mad\u00e1rh\u00e1zak v\u00e9delm\u00e9re szint\u00e9n megb\u00edzhat\u00f3 megold\u00e1st ny\u00fajt. [&hellip;]<\/p>\n","protected":false},"featured_media":7780,"comment_status":"open","ping_status":"closed","template":"","meta":{"_et_pb_use_builder":"","_et_pb_old_content":"","_et_gb_content_width":"","om_disable_all_campaigns":false},"product_brand":[],"product_cat":[21,122,121],"product_tag":[1842,1850,123],"class_list":{"0":"post-7779","1":"product","2":"type-product","3":"status-publish","4":"has-post-thumbnail","6":"product_cat-uj","7":"product_cat-keszulek","8":"product_cat-villanypasztor","9":"product_tag-2-j","10":"product_tag-farmsystem-rider-an2000","11":"product_tag-villanypasztor-keszulek","13":"first","14":"instock","15":"taxable","16":"shipping-taxable","17":"purchasable","18":"product-type-simple"},"_links":{"self":[{"href":"https:\/\/www.vadaszboltcsorna.hu\/index.php\/wp-json\/wp\/v2\/product\/7779","targetHints":{"allow":["GET"]}}],"collection":[{"href":"https:\/\/www.vadaszboltcsorna.hu\/index.php\/wp-json\/wp\/v2\/product"}],"about":[{"href":"https:\/\/www.vadaszboltcsorna.hu\/index.php\/wp-json\/wp\/v2\/types\/product"}],"replies":[{"embeddable":true,"href":"https:\/\/www.vadaszboltcsorna.hu\/index.php\/wp-json\/wp\/v2\/comments?post=7779"}],"wp:featuredmedia":[{"embeddable":true,"href":"https:\/\/www.vadaszboltcsorna.hu\/index.php\/wp-json\/wp\/v2\/media\/7780"}],"wp:attachment":[{"href":"https:\/\/www.vadaszboltcsorna.hu\/index.php\/wp-json\/wp\/v2\/media?parent=7779"}],"wp:term":[{"taxonomy":"product_brand","embeddable":true,"href":"https:\/\/www.vadaszboltcsorna.hu\/index.php\/wp-json\/wp\/v2\/product_brand?post=7779"},{"taxonomy":"product_cat","embeddable":true,"href":"https:\/\/www.vadaszboltcsorna.hu\/index.php\/wp-json\/wp\/v2\/product_cat?post=7779"},{"taxonomy":"product_tag","embeddable":true,"href":"https:\/\/www.vadaszboltcsorna.hu\/index.php\/wp-json\/wp\/v2\/product_tag?post=7779"}],"curies":[{"name":"wp","href":"https:\/\/api.w.org\/{rel}","templated":true}]}}