{"id":7776,"date":"2025-06-24T10:19:28","date_gmt":"2025-06-24T10:19:28","guid":{"rendered":"https:\/\/www.vadaszboltcsorna.hu\/?post_type=product&#038;p=7776"},"modified":"2025-06-29T06:07:36","modified_gmt":"2025-06-29T06:07:36","slug":"farmsystem-garden-n1000-1-j-villanypasztor-keszulek","status":"publish","type":"product","link":"https:\/\/www.vadaszboltcsorna.hu\/index.php\/termek\/farmsystem-garden-n1000-1-j-villanypasztor-keszulek\/","title":{"rendered":"FARMSYSTEM GARDEN N1000, 1 J, villanyp\u00e1sztor k\u00e9sz\u00fcl\u00e9k"},"content":{"rendered":"<h3 class=\"page-head-title product-page-head-title\" style=\"text-align: center;\"><strong><span class=\"product-page-product-name\">FARMSYSTEM GARDEN N1000, 1 J, villanyp\u00e1sztor k\u00e9sz\u00fcl\u00e9k<\/span><\/strong><\/h3>\n<p>&nbsp;<\/p>\n<div id=\"productdescriptionnoparameters-wrapper\" class=\"module-productdescriptionnoparameters-wrapper\">\n<div id=\"productdescriptionnoparameters\" class=\"module home-position product-position productdescriptionnoparameters\">\n<div class=\"module-body\">\n<p>H\u00e1l\u00f3zati villanyp\u00e1sztor h\u00e1z k\u00f6r\u00fcli haszn\u00e1latra Ez a bel\u00e9p\u0151 szint\u0171 k\u00e9sz\u00fcl\u00e9k kifejezetten h\u00e1ztart\u00e1si \u00e9s kerti k\u00f6rnyezetbe k\u00e9sz\u00fclt. Megb\u00edzhat\u00f3an v\u00e9di a vir\u00e1g\u00e1gy\u00e1sokat, kerti tavakat, \u00e9s er\u0151s\u00edti a megl\u00e9v\u0151 ker\u00edt\u00e9s visszatart\u00f3 hat\u00e1s\u00e1t. Alkalmas sz\u00f6k\u00e9sre hajlamos kuty\u00e1k kertben tart\u00e1s\u00e1ra, kis\u00e1llatok \u2013 p\u00e9ld\u00e1ul ny\u00fal vagy macska \u2013 mozg\u00e1s\u00e1nak szab\u00e1lyoz\u00e1s\u00e1ra, valamint vadmadarak t\u00e1voltart\u00e1s\u00e1ra. A cs\u00f6kkentett kimeneti fesz\u00fclts\u00e9g k\u00edm\u00e9letes m\u0171k\u00f6d\u00e9st biztos\u00edt. A k\u00e9sz\u00fcl\u00e9k 230 V-os h\u00e1l\u00f3zatr\u00f3l \u00fczemeltethet\u0151, szabv\u00e1nyos dugvill\u00e1val szerelve. 1 J, villanyp\u00e1sztor k\u00e9sz\u00fcl\u00e9k<\/p>\n<\/div>\n<\/div>\n<\/div>\n<div id=\"productparams-wrapper\" class=\"module-productparams-wrapper\">\n<div id=\"productparams\" class=\"module home-position product-position productparams\">\n<div class=\"module-head\">\n<h3 class=\"module-head-title\">Param\u00e9terek<\/h3>\n<\/div>\n<div class=\"module-body\">\n<table class=\"parameter-table table m-0\">\n<tbody>\n<tr>\n<td>Max 1 Joule<\/td>\n<td><\/td>\n<\/tr>\n<tr>\n<td>A k\u00e9sz\u00fcl\u00e9k 230 V-os h\u00e1l\u00f3zatr\u00f3l \u00fczemeltethet\u0151, szabv\u00e1nyos dugvill\u00e1val szerelve.<\/td>\n<td><\/td>\n<\/tr>\n<\/tbody>\n<\/table>\n<\/div>\n<h6><strong>Az \u00e1rv\u00e1ltoz\u00e1s jog\u00e1t fenntartjuk!<\/strong><\/h6>\n<\/div>\n<\/div>\n<p>&nbsp;<\/p>\n<p>&nbsp;<\/p>\n","protected":false},"excerpt":{"rendered":"<p>FARMSYSTEM GARDEN N1000, 1 J, villanyp\u00e1sztor k\u00e9sz\u00fcl\u00e9k &nbsp; H\u00e1l\u00f3zati villanyp\u00e1sztor h\u00e1z k\u00f6r\u00fcli haszn\u00e1latra Ez a bel\u00e9p\u0151 szint\u0171 k\u00e9sz\u00fcl\u00e9k kifejezetten h\u00e1ztart\u00e1si \u00e9s kerti k\u00f6rnyezetbe k\u00e9sz\u00fclt. Megb\u00edzhat\u00f3an v\u00e9di a vir\u00e1g\u00e1gy\u00e1sokat, kerti tavakat, \u00e9s er\u0151s\u00edti a megl\u00e9v\u0151 ker\u00edt\u00e9s visszatart\u00f3 hat\u00e1s\u00e1t. Alkalmas sz\u00f6k\u00e9sre hajlamos kuty\u00e1k kertben tart\u00e1s\u00e1ra, kis\u00e1llatok \u2013 p\u00e9ld\u00e1ul ny\u00fal vagy macska \u2013 mozg\u00e1s\u00e1nak szab\u00e1lyoz\u00e1s\u00e1ra, valamint vadmadarak t\u00e1voltart\u00e1s\u00e1ra. [&hellip;]<\/p>\n","protected":false},"featured_media":7778,"comment_status":"open","ping_status":"closed","template":"","meta":{"_et_pb_use_builder":"","_et_pb_old_content":"","_et_gb_content_width":"","om_disable_all_campaigns":false},"product_brand":[],"product_cat":[21,122,121],"product_tag":[1849,1848,123],"class_list":{"0":"post-7776","1":"product","2":"type-product","3":"status-publish","4":"has-post-thumbnail","6":"product_cat-uj","7":"product_cat-keszulek","8":"product_cat-villanypasztor","9":"product_tag-1-j","10":"product_tag-farmsystem-garden-n1000","11":"product_tag-villanypasztor-keszulek","13":"first","14":"instock","15":"taxable","16":"shipping-taxable","17":"purchasable","18":"product-type-simple"},"_links":{"self":[{"href":"https:\/\/www.vadaszboltcsorna.hu\/index.php\/wp-json\/wp\/v2\/product\/7776","targetHints":{"allow":["GET"]}}],"collection":[{"href":"https:\/\/www.vadaszboltcsorna.hu\/index.php\/wp-json\/wp\/v2\/product"}],"about":[{"href":"https:\/\/www.vadaszboltcsorna.hu\/index.php\/wp-json\/wp\/v2\/types\/product"}],"replies":[{"embeddable":true,"href":"https:\/\/www.vadaszboltcsorna.hu\/index.php\/wp-json\/wp\/v2\/comments?post=7776"}],"wp:featuredmedia":[{"embeddable":true,"href":"https:\/\/www.vadaszboltcsorna.hu\/index.php\/wp-json\/wp\/v2\/media\/7778"}],"wp:attachment":[{"href":"https:\/\/www.vadaszboltcsorna.hu\/index.php\/wp-json\/wp\/v2\/media?parent=7776"}],"wp:term":[{"taxonomy":"product_brand","embeddable":true,"href":"https:\/\/www.vadaszboltcsorna.hu\/index.php\/wp-json\/wp\/v2\/product_brand?post=7776"},{"taxonomy":"product_cat","embeddable":true,"href":"https:\/\/www.vadaszboltcsorna.hu\/index.php\/wp-json\/wp\/v2\/product_cat?post=7776"},{"taxonomy":"product_tag","embeddable":true,"href":"https:\/\/www.vadaszboltcsorna.hu\/index.php\/wp-json\/wp\/v2\/product_tag?post=7776"}],"curies":[{"name":"wp","href":"https:\/\/api.w.org\/{rel}","templated":true}]}}