{"id":7773,"date":"2025-06-24T10:09:05","date_gmt":"2025-06-24T10:09:05","guid":{"rendered":"https:\/\/www.vadaszboltcsorna.hu\/?post_type=product&#038;p=7773"},"modified":"2025-06-26T15:30:56","modified_gmt":"2025-06-26T15:30:56","slug":"farmsystem-farmer-an4200-42-j-villanypasztor-keszulek","status":"publish","type":"product","link":"https:\/\/www.vadaszboltcsorna.hu\/index.php\/termek\/farmsystem-farmer-an4200-42-j-villanypasztor-keszulek\/","title":{"rendered":"FARMSYSTEM FARMER AN4200, 4,2 J, villanyp\u00e1sztor k\u00e9sz\u00fcl\u00e9k"},"content":{"rendered":"<h3 class=\"page-head-title product-page-head-title\" style=\"text-align: center;\"><strong><span class=\"product-page-product-name\">FARMSYSTEM FARMER AN4200, 4,2 J, villanyp\u00e1sztor k\u00e9sz\u00fcl\u00e9k<\/span><\/strong><\/h3>\n<p>&nbsp;<\/p>\n<div id=\"productdescriptionnoparameters-wrapper\" class=\"module-productdescriptionnoparameters-wrapper\">\n<div id=\"productdescriptionnoparameters\" class=\"module home-position product-position productdescriptionnoparameters\">\n<div class=\"module-body\">\n<p>Sokoldal\u00fa villanyp\u00e1sztor kis \u00e9s k\u00f6zepes m\u00e9ret\u0171 kar\u00e1mokhoz Kifejezetten haszon\u00e1llattart\u00f3k sz\u00e1m\u00e1ra fejlesztett k\u00e9sz\u00fcl\u00e9k, amely kiv\u00e1l\u00f3an alkalmazhat\u00f3 lovak, baromfik, szarvasmarh\u00e1k, juhok, kecsk\u00e9k \u00e9s sert\u00e9sek elker\u00edt\u00e9s\u00e9re. Kisebb ter\u00fcleteken alkalmas lehet vadon \u00e9l\u0151 \u00e1llatok \u2013 p\u00e9ld\u00e1ul \u0151z, r\u00f3ka vagy vaddiszn\u00f3 \u2013 t\u00e1voltart\u00e1s\u00e1ra is. Megb\u00edzhat\u00f3, er\u0151teljes eszk\u00f6z azoknak, akik hat\u00e9kony, m\u00e9gis kiegyens\u00falyozott teljes\u00edtm\u00e9nyt keresnek. 4,2 J-os, villanyp\u00e1sztor k\u00e9sz\u00fcl\u00e9k<\/p>\n<\/div>\n<\/div>\n<\/div>\n<div id=\"productparams-wrapper\" class=\"module-productparams-wrapper\">\n<div id=\"productparams\" class=\"module home-position product-position productparams\">\n<div class=\"module-head\">\n<h3 class=\"module-head-title\">Param\u00e9terek<\/h3>\n<\/div>\n<div class=\"module-body\">\n<table class=\"parameter-table table m-0\">\n<tbody>\n<tr>\n<td>4,2 J, villanyp\u00e1sztor k\u00e9sz\u00fcl\u00e9k<\/td>\n<td><\/td>\n<\/tr>\n<tr>\n<td>Duo k\u00e9sz\u00fcl\u00e9k<\/td>\n<td><\/td>\n<\/tr>\n<\/tbody>\n<\/table>\n<\/div>\n<p><strong>Az \u00e1rv\u00e1ltoz\u00e1s jog\u00e1t fenntartjuk!<\/strong><\/p>\n<\/div>\n<\/div>\n","protected":false},"excerpt":{"rendered":"<p>FARMSYSTEM FARMER AN4200, 4,2 J, villanyp\u00e1sztor k\u00e9sz\u00fcl\u00e9k &nbsp; Sokoldal\u00fa villanyp\u00e1sztor kis \u00e9s k\u00f6zepes m\u00e9ret\u0171 kar\u00e1mokhoz Kifejezetten haszon\u00e1llattart\u00f3k sz\u00e1m\u00e1ra fejlesztett k\u00e9sz\u00fcl\u00e9k, amely kiv\u00e1l\u00f3an alkalmazhat\u00f3 lovak, baromfik, szarvasmarh\u00e1k, juhok, kecsk\u00e9k \u00e9s sert\u00e9sek elker\u00edt\u00e9s\u00e9re. Kisebb ter\u00fcleteken alkalmas lehet vadon \u00e9l\u0151 \u00e1llatok \u2013 p\u00e9ld\u00e1ul \u0151z, r\u00f3ka vagy vaddiszn\u00f3 \u2013 t\u00e1voltart\u00e1s\u00e1ra is. Megb\u00edzhat\u00f3, er\u0151teljes eszk\u00f6z azoknak, akik hat\u00e9kony, m\u00e9gis kiegyens\u00falyozott [&hellip;]<\/p>\n","protected":false},"featured_media":7774,"comment_status":"open","ping_status":"closed","template":"","meta":{"_et_pb_use_builder":"","_et_pb_old_content":"","_et_gb_content_width":"","om_disable_all_campaigns":false},"product_brand":[],"product_cat":[21,122,121],"product_tag":[1842,1841,1847,123],"class_list":{"0":"post-7773","1":"product","2":"type-product","3":"status-publish","4":"has-post-thumbnail","6":"product_cat-uj","7":"product_cat-keszulek","8":"product_cat-villanypasztor","9":"product_tag-2-j","10":"product_tag-1841","11":"product_tag-farmsystem-farmer-an4200","12":"product_tag-villanypasztor-keszulek","14":"first","15":"instock","16":"taxable","17":"shipping-taxable","18":"purchasable","19":"product-type-simple"},"_links":{"self":[{"href":"https:\/\/www.vadaszboltcsorna.hu\/index.php\/wp-json\/wp\/v2\/product\/7773","targetHints":{"allow":["GET"]}}],"collection":[{"href":"https:\/\/www.vadaszboltcsorna.hu\/index.php\/wp-json\/wp\/v2\/product"}],"about":[{"href":"https:\/\/www.vadaszboltcsorna.hu\/index.php\/wp-json\/wp\/v2\/types\/product"}],"replies":[{"embeddable":true,"href":"https:\/\/www.vadaszboltcsorna.hu\/index.php\/wp-json\/wp\/v2\/comments?post=7773"}],"wp:featuredmedia":[{"embeddable":true,"href":"https:\/\/www.vadaszboltcsorna.hu\/index.php\/wp-json\/wp\/v2\/media\/7774"}],"wp:attachment":[{"href":"https:\/\/www.vadaszboltcsorna.hu\/index.php\/wp-json\/wp\/v2\/media?parent=7773"}],"wp:term":[{"taxonomy":"product_brand","embeddable":true,"href":"https:\/\/www.vadaszboltcsorna.hu\/index.php\/wp-json\/wp\/v2\/product_brand?post=7773"},{"taxonomy":"product_cat","embeddable":true,"href":"https:\/\/www.vadaszboltcsorna.hu\/index.php\/wp-json\/wp\/v2\/product_cat?post=7773"},{"taxonomy":"product_tag","embeddable":true,"href":"https:\/\/www.vadaszboltcsorna.hu\/index.php\/wp-json\/wp\/v2\/product_tag?post=7773"}],"curies":[{"name":"wp","href":"https:\/\/api.w.org\/{rel}","templated":true}]}}