{"id":7771,"date":"2025-06-24T10:04:28","date_gmt":"2025-06-24T10:04:28","guid":{"rendered":"https:\/\/www.vadaszboltcsorna.hu\/?post_type=product&#038;p=7771"},"modified":"2025-06-26T01:51:38","modified_gmt":"2025-06-26T01:51:38","slug":"farmsystem-rider-n1700-17-j-villanypasztor-keszulek","status":"publish","type":"product","link":"https:\/\/www.vadaszboltcsorna.hu\/index.php\/termek\/farmsystem-rider-n1700-17-j-villanypasztor-keszulek\/","title":{"rendered":"FARMSYSTEM RIDER N1700, 1,7 J, villanyp\u00e1sztor k\u00e9sz\u00fcl\u00e9k"},"content":{"rendered":"<h3 class=\"page-head-title product-page-head-title\" style=\"text-align: center;\"><span class=\"product-page-product-name\">FARMSYSTEM RIDER N1700, 1,7 J, villanyp\u00e1sztor k\u00e9sz\u00fcl\u00e9k<\/span><\/h3>\n<p>&nbsp;<\/p>\n<div id=\"productdescriptionnoparameters-wrapper\" class=\"module-productdescriptionnoparameters-wrapper\">\n<div id=\"productdescriptionnoparameters\" class=\"module home-position product-position productdescriptionnoparameters\">\n<div class=\"module-body\">\n<p><strong>Villanyp\u00e1sztor kisgazdas\u00e1gokba \u00e9s nagym\u00e9ret\u0171 kertekbe<\/strong>. Ez a h\u00e1l\u00f3zati k\u00e9sz\u00fcl\u00e9k kifejezetten kisgazdas\u00e1gi \u00e9s h\u00e1z k\u00f6r\u00fcli haszn\u00e1latra k\u00e9sz\u00fclt. Megb\u00edzhat\u00f3an alkalmas nagytest\u0171, hossz\u00fa sz\u0151r\u0171 kuty\u00e1k kord\u00e1ban tart\u00e1s\u00e1ra, valamint idegen kuty\u00e1k \u00e9s kisebb ragadoz\u00f3k \u2013 p\u00e9ld\u00e1ul g\u00f6r\u00e9ny vagy nyest \u2013 t\u00e1voltart\u00e1s\u00e1ra. Hat\u00e9kony v\u00e9delmet biztos\u00edt baromfiudvarok, mad\u00e1rh\u00e1zak k\u00f6r\u00fcl is. A k\u00e9sz\u00fcl\u00e9k 230 V-os h\u00e1l\u00f3zatr\u00f3l m\u0171k\u00f6dtethet\u0151, szabv\u00e1nyos dugvill\u00e1val szerelve.\u00a01,7 J, villanyp\u00e1sztor k\u00e9sz\u00fcl\u00e9k<\/p>\n<\/div>\n<\/div>\n<\/div>\n<div id=\"productparams-wrapper\" class=\"module-productparams-wrapper\">\n<div id=\"productparams\" class=\"module home-position product-position productparams\">\n<div class=\"module-head\">\n<h3 class=\"module-head-title\">Param\u00e9terek<\/h3>\n<\/div>\n<div class=\"module-body\">\n<table class=\"parameter-table table m-0\">\n<tbody>\n<tr>\n<td>Max 1,7 Joule<\/td>\n<td><\/td>\n<\/tr>\n<tr>\n<td>A k\u00e9sz\u00fcl\u00e9k 230 V-os h\u00e1l\u00f3zatr\u00f3l m\u0171k\u00f6dtethet\u0151, szabv\u00e1nyos dugvill\u00e1val szerelve.<\/td>\n<\/tr>\n<\/tbody>\n<\/table>\n<\/div>\n<\/div>\n<\/div>\n<p>&nbsp;<\/p>\n<p><strong>Az \u00e1rv\u00e1ltoz\u00e1s jog\u00e1t fenntartjuk!<\/strong><\/p>\n","protected":false},"excerpt":{"rendered":"<p>FARMSYSTEM RIDER N1700, 1,7 J, villanyp\u00e1sztor k\u00e9sz\u00fcl\u00e9k &nbsp; Villanyp\u00e1sztor kisgazdas\u00e1gokba \u00e9s nagym\u00e9ret\u0171 kertekbe. Ez a h\u00e1l\u00f3zati k\u00e9sz\u00fcl\u00e9k kifejezetten kisgazdas\u00e1gi \u00e9s h\u00e1z k\u00f6r\u00fcli haszn\u00e1latra k\u00e9sz\u00fclt. Megb\u00edzhat\u00f3an alkalmas nagytest\u0171, hossz\u00fa sz\u0151r\u0171 kuty\u00e1k kord\u00e1ban tart\u00e1s\u00e1ra, valamint idegen kuty\u00e1k \u00e9s kisebb ragadoz\u00f3k \u2013 p\u00e9ld\u00e1ul g\u00f6r\u00e9ny vagy nyest \u2013 t\u00e1voltart\u00e1s\u00e1ra. Hat\u00e9kony v\u00e9delmet biztos\u00edt baromfiudvarok, mad\u00e1rh\u00e1zak k\u00f6r\u00fcl is. A k\u00e9sz\u00fcl\u00e9k 230 [&hellip;]<\/p>\n","protected":false},"featured_media":7772,"comment_status":"open","ping_status":"closed","template":"","meta":{"_et_pb_use_builder":"","_et_pb_old_content":"","_et_gb_content_width":"","om_disable_all_campaigns":false},"product_brand":[],"product_cat":[21,122,121],"product_tag":[1846,1844,1845,123],"class_list":{"0":"post-7771","1":"product","2":"type-product","3":"status-publish","4":"has-post-thumbnail","6":"product_cat-uj","7":"product_cat-keszulek","8":"product_cat-villanypasztor","9":"product_tag-1846","10":"product_tag-7-j","11":"product_tag-farmsystem-rider-n1700","12":"product_tag-villanypasztor-keszulek","14":"first","15":"instock","16":"taxable","17":"shipping-taxable","18":"purchasable","19":"product-type-simple"},"_links":{"self":[{"href":"https:\/\/www.vadaszboltcsorna.hu\/index.php\/wp-json\/wp\/v2\/product\/7771","targetHints":{"allow":["GET"]}}],"collection":[{"href":"https:\/\/www.vadaszboltcsorna.hu\/index.php\/wp-json\/wp\/v2\/product"}],"about":[{"href":"https:\/\/www.vadaszboltcsorna.hu\/index.php\/wp-json\/wp\/v2\/types\/product"}],"replies":[{"embeddable":true,"href":"https:\/\/www.vadaszboltcsorna.hu\/index.php\/wp-json\/wp\/v2\/comments?post=7771"}],"wp:featuredmedia":[{"embeddable":true,"href":"https:\/\/www.vadaszboltcsorna.hu\/index.php\/wp-json\/wp\/v2\/media\/7772"}],"wp:attachment":[{"href":"https:\/\/www.vadaszboltcsorna.hu\/index.php\/wp-json\/wp\/v2\/media?parent=7771"}],"wp:term":[{"taxonomy":"product_brand","embeddable":true,"href":"https:\/\/www.vadaszboltcsorna.hu\/index.php\/wp-json\/wp\/v2\/product_brand?post=7771"},{"taxonomy":"product_cat","embeddable":true,"href":"https:\/\/www.vadaszboltcsorna.hu\/index.php\/wp-json\/wp\/v2\/product_cat?post=7771"},{"taxonomy":"product_tag","embeddable":true,"href":"https:\/\/www.vadaszboltcsorna.hu\/index.php\/wp-json\/wp\/v2\/product_tag?post=7771"}],"curies":[{"name":"wp","href":"https:\/\/api.w.org\/{rel}","templated":true}]}}